{"id":2292,"date":"2026-03-27T10:53:22","date_gmt":"2026-03-27T10:53:22","guid":{"rendered":"https:\/\/ultimatebuggiesandquadsdubai.com\/plan-du-site\/"},"modified":"2026-03-27T10:57:48","modified_gmt":"2026-03-27T10:57:48","slug":"plan-du-site","status":"publish","type":"page","link":"https:\/\/ultimatebuggiesandquadsdubai.com\/fr\/plan-du-site\/","title":{"rendered":"Plan du site"},"content":{"rendered":"\t\t<div data-elementor-type=\"wp-page\" data-elementor-id=\"2292\" class=\"elementor elementor-2292 elementor-2285\" data-elementor-post-type=\"page\">\n\t\t\t\t\t\t<section class=\"elementor-section elementor-top-section elementor-element elementor-element-64e91e09 elementor-section-height-min-height elementor-section-boxed elementor-section-height-default elementor-section-items-middle\" data-id=\"64e91e09\" data-element_type=\"section\" data-e-type=\"section\" data-settings=\"{&quot;background_background&quot;:&quot;classic&quot;}\">\n\t\t\t\t\t\t\t<div class=\"elementor-background-overlay\"><\/div>\n\t\t\t\t\t\t\t<div class=\"elementor-container elementor-column-gap-no\">\n\t\t\t\t\t<div class=\"elementor-column elementor-col-100 elementor-top-column elementor-element elementor-element-5336c041\" data-id=\"5336c041\" data-element_type=\"column\" data-e-type=\"column\">\n\t\t\t<div class=\"elementor-widget-wrap elementor-element-populated\">\n\t\t\t\t\t\t<div class=\"elementor-element elementor-element-10777d19 elementor-invisible elementor-widget elementor-widget-heading\" data-id=\"10777d19\" data-element_type=\"widget\" data-e-type=\"widget\" data-settings=\"{&quot;_animation&quot;:&quot;slideInDown&quot;}\" data-widget_type=\"heading.default\">\n\t\t\t\t<div class=\"elementor-widget-container\">\n\t\t\t\t\t<h1 class=\"elementor-heading-title elementor-size-xxl\">Plan du site<\/h1>\t\t\t\t<\/div>\n\t\t\t\t<\/div>\n\t\t\t\t\t<\/div>\n\t\t<\/div>\n\t\t\t\t\t<\/div>\n\t\t<\/section>\n\t\t\t\t<section class=\"elementor-section elementor-top-section elementor-element elementor-element-5356057c elementor-section-boxed elementor-section-height-default elementor-section-height-default\" data-id=\"5356057c\" data-element_type=\"section\" data-e-type=\"section\">\n\t\t\t\t\t\t<div class=\"elementor-container elementor-column-gap-default\">\n\t\t\t\t\t<div class=\"elementor-column elementor-col-100 elementor-top-column elementor-element elementor-element-17d55566\" data-id=\"17d55566\" data-element_type=\"column\" data-e-type=\"column\">\n\t\t\t<div class=\"elementor-widget-wrap elementor-element-populated\">\n\t\t\t\t\t\t<div class=\"elementor-element elementor-element-e236f7a elementor-widget elementor-widget-sitemap\" data-id=\"e236f7a\" data-element_type=\"widget\" data-e-type=\"widget\" data-widget_type=\"sitemap.default\">\n\t\t\t\t<div class=\"elementor-widget-container\">\n\t\t\t\t\t<div class=\"elementor-sitemap-wrap\"><div class=\"elementor-sitemap-section\"><h2 class=\"elementor-sitemap-title elementor-sitemap-page-title\">Pages<\/h2><ul class=\"elementor-sitemap-list elementor-sitemap-page-list\"><li class=\"elementor-sitemap-item elementor-sitemap-item-page page_item page-item-2039\"><a href=\"https:\/\/ultimatebuggiesandquadsdubai.com\/fr\/a-propos-de-nous\/\">\u00c0 propos de nous<\/a><\/li><li class=\"elementor-sitemap-item elementor-sitemap-item-page page_item page-item-2114\"><a href=\"https:\/\/ultimatebuggiesandquadsdubai.com\/fr\/buggy-can-am-2-heures-a-dubai\/\">Buggy Can-Am 2 heures \u00e0 Duba\u00ef<\/a><\/li><li class=\"elementor-sitemap-item elementor-sitemap-item-page page_item page-item-2170\"><a href=\"https:\/\/ultimatebuggiesandquadsdubai.com\/fr\/buggy-can-am-4-places-a-dubai\/\">Buggy Can-Am 4 places \u00e0 Duba\u00ef<\/a><\/li><li class=\"elementor-sitemap-item elementor-sitemap-item-page page_item page-item-2028\"><a href=\"https:\/\/ultimatebuggiesandquadsdubai.com\/fr\/buggy-can-am-4-places-a-dubai-2-heures\/\">Buggy Can-Am 4 places \u00e0 Duba\u00ef (2 heures)<\/a><\/li><li class=\"elementor-sitemap-item elementor-sitemap-item-page page_item page-item-1901\"><a href=\"https:\/\/ultimatebuggiesandquadsdubai.com\/fr\/buggy-des-dunes-a-dubai\/\">Buggy des dunes \u00e0 Duba\u00ef<\/a><\/li><li class=\"elementor-sitemap-item elementor-sitemap-item-page page_item page-item-1985\"><a href=\"https:\/\/ultimatebuggiesandquadsdubai.com\/fr\/buggy-polaris-2-heures-a-dubai\/\">Buggy Polaris 2 heures \u00e0 Duba\u00ef<\/a><\/li><li class=\"elementor-sitemap-item elementor-sitemap-item-page page_item page-item-1990\"><a href=\"https:\/\/ultimatebuggiesandquadsdubai.com\/fr\/buggy-polaris-2-places-dubai\/\">Buggy Polaris 2 places Duba\u00ef<\/a><\/li><li class=\"elementor-sitemap-item elementor-sitemap-item-page page_item page-item-1948\"><a href=\"https:\/\/ultimatebuggiesandquadsdubai.com\/fr\/buggy-polaris-4-places-2-heures-a-dubai\/\">Buggy Polaris 4 places \u2013 2 heures \u00e0 Duba\u00ef<\/a><\/li><li class=\"elementor-sitemap-item elementor-sitemap-item-page page_item page-item-2150\"><a href=\"https:\/\/ultimatebuggiesandquadsdubai.com\/fr\/buggy-polaris-4-places-dubai\/\">Buggy Polaris 4 places Duba\u00ef<\/a><\/li><li class=\"elementor-sitemap-item elementor-sitemap-item-page page_item page-item-2100\"><a href=\"https:\/\/ultimatebuggiesandquadsdubai.com\/fr\/can-am-2-places-1-heure\/\">Can-Am 2 places &#8211; 1 heure<\/a><\/li><li class=\"elementor-sitemap-item elementor-sitemap-item-page page_item page-item-1750\"><a href=\"https:\/\/ultimatebuggiesandquadsdubai.com\/fr\/combo-quad-et-buggy-can-am-a-dubai\/\">Combo quad et buggy Can-Am \u00e0 Duba\u00ef<\/a><\/li><li class=\"elementor-sitemap-item elementor-sitemap-item-page page_item page-item-1726\"><a href=\"https:\/\/ultimatebuggiesandquadsdubai.com\/fr\/combo-quad-et-buggy-polaris-a-dubai\/\">Combo quad et buggy Polaris \u00e0 Duba\u00ef<\/a><\/li><li class=\"elementor-sitemap-item elementor-sitemap-item-page page_item page-item-2201\"><a href=\"https:\/\/ultimatebuggiesandquadsdubai.com\/fr\/conditions-dutilisation\/\">Conditions d&rsquo;utilisation<\/a><\/li><li class=\"elementor-sitemap-item elementor-sitemap-item-page page_item page-item-2041\"><a href=\"https:\/\/ultimatebuggiesandquadsdubai.com\/fr\/contacte-nous\/\">Contacte-nous<\/a><\/li><li class=\"elementor-sitemap-item elementor-sitemap-item-page page_item page-item-2015\"><a href=\"https:\/\/ultimatebuggiesandquadsdubai.com\/fr\/faq\/\">FAQ<\/a><\/li><li class=\"elementor-sitemap-item elementor-sitemap-item-page page_item page-item-2057\"><a href=\"https:\/\/ultimatebuggiesandquadsdubai.com\/fr\/\">FR<\/a><\/li><li class=\"elementor-sitemap-item elementor-sitemap-item-page page_item page-item-1837\"><a href=\"https:\/\/ultimatebuggiesandquadsdubai.com\/fr\/galerie-de-buggys-et-quads-dans-le-desert-de-dubai\/\">Galerie de buggys et quads dans le d\u00e9sert de Duba\u00ef<\/a><\/li><li class=\"elementor-sitemap-item elementor-sitemap-item-page page_item page-item-2292\"><a href=\"https:\/\/ultimatebuggiesandquadsdubai.com\/fr\/plan-du-site\/\">Plan du site<\/a><\/li><li class=\"elementor-sitemap-item elementor-sitemap-item-page page_item page-item-2183\"><a href=\"https:\/\/ultimatebuggiesandquadsdubai.com\/fr\/politique-dannulation\/\">Politique d&rsquo;annulation<\/a><\/li><li class=\"elementor-sitemap-item elementor-sitemap-item-page page_item page-item-2217\"><a href=\"https:\/\/ultimatebuggiesandquadsdubai.com\/fr\/politique-de-confidentialite\/\">Politique de Confidentialit\u00e9<\/a><\/li><li class=\"elementor-sitemap-item elementor-sitemap-item-page page_item page-item-2197\"><a href=\"https:\/\/ultimatebuggiesandquadsdubai.com\/fr\/politique-des-cookies\/\">Politique des cookies<\/a><\/li><li class=\"elementor-sitemap-item elementor-sitemap-item-page page_item page-item-1856\"><a href=\"https:\/\/ultimatebuggiesandquadsdubai.com\/fr\/quad-a-dubai\/\">Quad \u00e0 Duba\u00ef<\/a><\/li><li class=\"elementor-sitemap-item elementor-sitemap-item-page page_item page-item-1950\"><a href=\"https:\/\/ultimatebuggiesandquadsdubai.com\/fr\/reserve-tes-tours-en-buggy-et-quad-a-dubai\/\">R\u00e9serve tes tours en buggy et quad \u00e0 Duba\u00ef<\/a><\/li><li class=\"elementor-sitemap-item elementor-sitemap-item-page page_item page-item-1786\"><a href=\"https:\/\/ultimatebuggiesandquadsdubai.com\/fr\/safari-en-buggy-et-quad-a-dubai\/\">Safari en buggy et quad \u00e0 Duba\u00ef<\/a><\/li><li class=\"elementor-sitemap-item elementor-sitemap-item-page page_item page-item-2085\"><a href=\"https:\/\/ultimatebuggiesandquadsdubai.com\/fr\/safari-quad-d1-heure-dans-le-desert-a-dubai\/\">Safari quad d\u20191 heure dans le d\u00e9sert \u00e0 Duba\u00ef<\/a><\/li><li class=\"elementor-sitemap-item elementor-sitemap-item-page page_item page-item-2179\"><a href=\"https:\/\/ultimatebuggiesandquadsdubai.com\/fr\/safari-quad-de-2-heures-dans-le-desert-de-dubai\/\">Safari quad de 2 heures dans le d\u00e9sert de Duba\u00ef<\/a><\/li><\/ul><\/div><\/div>\t\t\t\t<\/div>\n\t\t\t\t<\/div>\n\t\t\t\t\t<\/div>\n\t\t<\/div>\n\t\t\t\t\t<\/div>\n\t\t<\/section>\n\t\t\t\t<\/div>\n\t\t","protected":false},"excerpt":{"rendered":"<p>Plan du site<\/p>\n","protected":false},"author":2,"featured_media":0,"parent":0,"menu_order":0,"comment_status":"closed","ping_status":"closed","template":"","meta":{"footnotes":""},"class_list":["post-2292","page","type-page","status-publish","hentry"],"yoast_head":"<!-- This site is optimized with the Yoast SEO plugin v27.3 - https:\/\/yoast.com\/product\/yoast-seo-wordpress\/ -->\n<title>Plan du site | Ultimate Buggies and Quads Dubai<\/title>\n<meta name=\"description\" content=\"Explore tous les circuits en buggy, les exp\u00e9riences de quad \u00e0 Duba\u00ef et les pages du site avec le plan du site d\u2019Ultimate Buggies and Quads Dubai.\" \/>\n<meta name=\"robots\" content=\"noindex, nofollow\" \/>\n<meta property=\"og:locale\" content=\"fr_FR\" \/>\n<meta property=\"og:type\" content=\"article\" \/>\n<meta property=\"og:title\" content=\"Plan du site | Ultimate Buggies and Quads Dubai\" \/>\n<meta property=\"og:description\" content=\"Explore tous les circuits en buggy, les exp\u00e9riences de quad \u00e0 Duba\u00ef et les pages du site avec le plan du site d\u2019Ultimate Buggies and Quads Dubai.\" \/>\n<meta property=\"og:url\" content=\"https:\/\/ultimatebuggiesandquadsdubai.com\/fr\/plan-du-site\/\" \/>\n<meta property=\"og:site_name\" content=\"Ultimate Buggies and Quads Dubai\" \/>\n<meta property=\"article:modified_time\" content=\"2026-03-27T10:57:48+00:00\" \/>\n<meta name=\"twitter:card\" content=\"summary_large_image\" \/>\n<script type=\"application\/ld+json\" class=\"yoast-schema-graph\">{\"@context\":\"https:\\\/\\\/schema.org\",\"@graph\":[{\"@type\":\"WebPage\",\"@id\":\"https:\\\/\\\/ultimatebuggiesandquadsdubai.com\\\/fr\\\/plan-du-site\\\/\",\"url\":\"https:\\\/\\\/ultimatebuggiesandquadsdubai.com\\\/fr\\\/plan-du-site\\\/\",\"name\":\"Plan du site | Ultimate Buggies and Quads Dubai\",\"isPartOf\":{\"@id\":\"https:\\\/\\\/ultimatebuggiesandquadsdubai.com\\\/fr\\\/#website\"},\"datePublished\":\"2026-03-27T10:53:22+00:00\",\"dateModified\":\"2026-03-27T10:57:48+00:00\",\"description\":\"Explore tous les circuits en buggy, les exp\u00e9riences de quad \u00e0 Duba\u00ef et les pages du site avec le plan du site d\u2019Ultimate Buggies and Quads Dubai.\",\"breadcrumb\":{\"@id\":\"https:\\\/\\\/ultimatebuggiesandquadsdubai.com\\\/fr\\\/plan-du-site\\\/#breadcrumb\"},\"inLanguage\":\"fr-FR\",\"potentialAction\":[{\"@type\":\"ReadAction\",\"target\":[\"https:\\\/\\\/ultimatebuggiesandquadsdubai.com\\\/fr\\\/plan-du-site\\\/\"]}]},{\"@type\":\"BreadcrumbList\",\"@id\":\"https:\\\/\\\/ultimatebuggiesandquadsdubai.com\\\/fr\\\/plan-du-site\\\/#breadcrumb\",\"itemListElement\":[{\"@type\":\"ListItem\",\"position\":1,\"name\":\"Home\",\"item\":\"https:\\\/\\\/ultimatebuggiesandquadsdubai.com\\\/fr\\\/\"},{\"@type\":\"ListItem\",\"position\":2,\"name\":\"Plan du site\"}]},{\"@type\":\"WebSite\",\"@id\":\"https:\\\/\\\/ultimatebuggiesandquadsdubai.com\\\/fr\\\/#website\",\"url\":\"https:\\\/\\\/ultimatebuggiesandquadsdubai.com\\\/fr\\\/\",\"name\":\"Ultimate Buggies and Quads Dubai\",\"description\":\"\",\"publisher\":{\"@id\":\"https:\\\/\\\/ultimatebuggiesandquadsdubai.com\\\/fr\\\/#organization\"},\"potentialAction\":[{\"@type\":\"SearchAction\",\"target\":{\"@type\":\"EntryPoint\",\"urlTemplate\":\"https:\\\/\\\/ultimatebuggiesandquadsdubai.com\\\/fr\\\/?s={search_term_string}\"},\"query-input\":{\"@type\":\"PropertyValueSpecification\",\"valueRequired\":true,\"valueName\":\"search_term_string\"}}],\"inLanguage\":\"fr-FR\"},{\"@type\":\"Organization\",\"@id\":\"https:\\\/\\\/ultimatebuggiesandquadsdubai.com\\\/fr\\\/#organization\",\"name\":\"Ultimate Buggies and Quads Dubai\",\"url\":\"https:\\\/\\\/ultimatebuggiesandquadsdubai.com\\\/fr\\\/\",\"logo\":{\"@type\":\"ImageObject\",\"inLanguage\":\"fr-FR\",\"@id\":\"https:\\\/\\\/ultimatebuggiesandquadsdubai.com\\\/fr\\\/#\\\/schema\\\/logo\\\/image\\\/\",\"url\":\"https:\\\/\\\/ultimatebuggiesandquadsdubai.com\\\/wp-content\\\/uploads\\\/2025\\\/02\\\/logo-final-white-dubai.png\",\"contentUrl\":\"https:\\\/\\\/ultimatebuggiesandquadsdubai.com\\\/wp-content\\\/uploads\\\/2025\\\/02\\\/logo-final-white-dubai.png\",\"width\":745,\"height\":366,\"caption\":\"Ultimate Buggies and Quads Dubai\"},\"image\":{\"@id\":\"https:\\\/\\\/ultimatebuggiesandquadsdubai.com\\\/fr\\\/#\\\/schema\\\/logo\\\/image\\\/\"}}]}<\/script>\n<!-- \/ Yoast SEO plugin. -->","yoast_head_json":{"title":"Plan du site | Ultimate Buggies and Quads Dubai","description":"Explore tous les circuits en buggy, les exp\u00e9riences de quad \u00e0 Duba\u00ef et les pages du site avec le plan du site d\u2019Ultimate Buggies and Quads Dubai.","robots":{"index":"noindex","follow":"nofollow"},"og_locale":"fr_FR","og_type":"article","og_title":"Plan du site | Ultimate Buggies and Quads Dubai","og_description":"Explore tous les circuits en buggy, les exp\u00e9riences de quad \u00e0 Duba\u00ef et les pages du site avec le plan du site d\u2019Ultimate Buggies and Quads Dubai.","og_url":"https:\/\/ultimatebuggiesandquadsdubai.com\/fr\/plan-du-site\/","og_site_name":"Ultimate Buggies and Quads Dubai","article_modified_time":"2026-03-27T10:57:48+00:00","twitter_card":"summary_large_image","schema":{"@context":"https:\/\/schema.org","@graph":[{"@type":"WebPage","@id":"https:\/\/ultimatebuggiesandquadsdubai.com\/fr\/plan-du-site\/","url":"https:\/\/ultimatebuggiesandquadsdubai.com\/fr\/plan-du-site\/","name":"Plan du site | Ultimate Buggies and Quads Dubai","isPartOf":{"@id":"https:\/\/ultimatebuggiesandquadsdubai.com\/fr\/#website"},"datePublished":"2026-03-27T10:53:22+00:00","dateModified":"2026-03-27T10:57:48+00:00","description":"Explore tous les circuits en buggy, les exp\u00e9riences de quad \u00e0 Duba\u00ef et les pages du site avec le plan du site d\u2019Ultimate Buggies and Quads Dubai.","breadcrumb":{"@id":"https:\/\/ultimatebuggiesandquadsdubai.com\/fr\/plan-du-site\/#breadcrumb"},"inLanguage":"fr-FR","potentialAction":[{"@type":"ReadAction","target":["https:\/\/ultimatebuggiesandquadsdubai.com\/fr\/plan-du-site\/"]}]},{"@type":"BreadcrumbList","@id":"https:\/\/ultimatebuggiesandquadsdubai.com\/fr\/plan-du-site\/#breadcrumb","itemListElement":[{"@type":"ListItem","position":1,"name":"Home","item":"https:\/\/ultimatebuggiesandquadsdubai.com\/fr\/"},{"@type":"ListItem","position":2,"name":"Plan du site"}]},{"@type":"WebSite","@id":"https:\/\/ultimatebuggiesandquadsdubai.com\/fr\/#website","url":"https:\/\/ultimatebuggiesandquadsdubai.com\/fr\/","name":"Ultimate Buggies and Quads Dubai","description":"","publisher":{"@id":"https:\/\/ultimatebuggiesandquadsdubai.com\/fr\/#organization"},"potentialAction":[{"@type":"SearchAction","target":{"@type":"EntryPoint","urlTemplate":"https:\/\/ultimatebuggiesandquadsdubai.com\/fr\/?s={search_term_string}"},"query-input":{"@type":"PropertyValueSpecification","valueRequired":true,"valueName":"search_term_string"}}],"inLanguage":"fr-FR"},{"@type":"Organization","@id":"https:\/\/ultimatebuggiesandquadsdubai.com\/fr\/#organization","name":"Ultimate Buggies and Quads Dubai","url":"https:\/\/ultimatebuggiesandquadsdubai.com\/fr\/","logo":{"@type":"ImageObject","inLanguage":"fr-FR","@id":"https:\/\/ultimatebuggiesandquadsdubai.com\/fr\/#\/schema\/logo\/image\/","url":"https:\/\/ultimatebuggiesandquadsdubai.com\/wp-content\/uploads\/2025\/02\/logo-final-white-dubai.png","contentUrl":"https:\/\/ultimatebuggiesandquadsdubai.com\/wp-content\/uploads\/2025\/02\/logo-final-white-dubai.png","width":745,"height":366,"caption":"Ultimate Buggies and Quads Dubai"},"image":{"@id":"https:\/\/ultimatebuggiesandquadsdubai.com\/fr\/#\/schema\/logo\/image\/"}}]}},"_links":{"self":[{"href":"https:\/\/ultimatebuggiesandquadsdubai.com\/fr\/wp-json\/wp\/v2\/pages\/2292","targetHints":{"allow":["GET"]}}],"collection":[{"href":"https:\/\/ultimatebuggiesandquadsdubai.com\/fr\/wp-json\/wp\/v2\/pages"}],"about":[{"href":"https:\/\/ultimatebuggiesandquadsdubai.com\/fr\/wp-json\/wp\/v2\/types\/page"}],"author":[{"embeddable":true,"href":"https:\/\/ultimatebuggiesandquadsdubai.com\/fr\/wp-json\/wp\/v2\/users\/2"}],"replies":[{"embeddable":true,"href":"https:\/\/ultimatebuggiesandquadsdubai.com\/fr\/wp-json\/wp\/v2\/comments?post=2292"}],"version-history":[{"count":3,"href":"https:\/\/ultimatebuggiesandquadsdubai.com\/fr\/wp-json\/wp\/v2\/pages\/2292\/revisions"}],"predecessor-version":[{"id":2296,"href":"https:\/\/ultimatebuggiesandquadsdubai.com\/fr\/wp-json\/wp\/v2\/pages\/2292\/revisions\/2296"}],"wp:attachment":[{"href":"https:\/\/ultimatebuggiesandquadsdubai.com\/fr\/wp-json\/wp\/v2\/media?parent=2292"}],"curies":[{"name":"wp","href":"https:\/\/api.w.org\/{rel}","templated":true}]}}