{"id":2197,"date":"2025-04-25T11:30:27","date_gmt":"2025-04-25T11:30:27","guid":{"rendered":"https:\/\/ultimatebuggiesandquadsdubai.com\/politique-des-cookies\/"},"modified":"2026-02-27T13:39:45","modified_gmt":"2026-02-27T13:39:45","slug":"politique-des-cookies","status":"publish","type":"page","link":"https:\/\/ultimatebuggiesandquadsdubai.com\/fr\/politique-des-cookies\/","title":{"rendered":"Politique des cookies"},"content":{"rendered":"\t\t<div data-elementor-type=\"wp-page\" data-elementor-id=\"2197\" class=\"elementor elementor-2197 elementor-371\" data-elementor-post-type=\"page\">\n\t\t\t\t\t\t<section class=\"elementor-section elementor-top-section elementor-element elementor-element-64e91e09 elementor-section-height-min-height elementor-section-boxed elementor-section-height-default elementor-section-items-middle\" data-id=\"64e91e09\" data-element_type=\"section\" data-e-type=\"section\" data-settings=\"{&quot;background_background&quot;:&quot;classic&quot;}\">\n\t\t\t\t\t\t\t<div class=\"elementor-background-overlay\"><\/div>\n\t\t\t\t\t\t\t<div class=\"elementor-container elementor-column-gap-no\">\n\t\t\t\t\t<div class=\"elementor-column elementor-col-100 elementor-top-column elementor-element elementor-element-5336c041\" data-id=\"5336c041\" data-element_type=\"column\" data-e-type=\"column\">\n\t\t\t<div class=\"elementor-widget-wrap elementor-element-populated\">\n\t\t\t\t\t\t<div class=\"elementor-element elementor-element-10777d19 elementor-invisible elementor-widget elementor-widget-heading\" data-id=\"10777d19\" data-element_type=\"widget\" data-e-type=\"widget\" data-settings=\"{&quot;_animation&quot;:&quot;slideInDown&quot;}\" data-widget_type=\"heading.default\">\n\t\t\t\t<div class=\"elementor-widget-container\">\n\t\t\t\t\t<h1 class=\"elementor-heading-title elementor-size-xxl\">Politique des cookies<\/h1>\t\t\t\t<\/div>\n\t\t\t\t<\/div>\n\t\t\t\t\t<\/div>\n\t\t<\/div>\n\t\t\t\t\t<\/div>\n\t\t<\/section>\n\t\t\t\t<section class=\"elementor-section elementor-top-section elementor-element elementor-element-5356057c elementor-section-boxed elementor-section-height-default elementor-section-height-default\" data-id=\"5356057c\" data-element_type=\"section\" data-e-type=\"section\">\n\t\t\t\t\t\t<div class=\"elementor-container elementor-column-gap-default\">\n\t\t\t\t\t<div class=\"elementor-column elementor-col-100 elementor-top-column elementor-element elementor-element-17d55566\" data-id=\"17d55566\" data-element_type=\"column\" data-e-type=\"column\">\n\t\t\t<div class=\"elementor-widget-wrap elementor-element-populated\">\n\t\t\t\t\t\t<div class=\"elementor-element elementor-element-53329ad7 elementor-widget elementor-widget-text-editor\" data-id=\"53329ad7\" data-element_type=\"widget\" data-e-type=\"widget\" data-widget_type=\"text-editor.default\">\n\t\t\t\t<div class=\"elementor-widget-container\">\n\t\t\t\t\t\t\t\t\t<p class=\"has-text-align-center\">\u00ab Administrateur \u00bb d\u00e9signe Global Digital Solutions.<\/p><p class=\"has-text-align-center\">Le site web de l&rsquo;Administrateur utilise des cookies pour te distinguer des autres utilisateurs du site. Cela permet de t&rsquo;offrir une bonne exp\u00e9rience lorsque tu navigues sur le site et permet \u00e9galement d&rsquo;am\u00e9liorer le site. En continuant \u00e0 naviguer sur le site, tu acceptes l&rsquo;utilisation de cookies.  <\/p><p class=\"has-text-align-center\">Un cookie est un petit fichier de lettres et de chiffres qui est stock\u00e9 sur ton navigateur ou le disque dur de ton ordinateur si tu l&rsquo;acceptes. Les cookies contiennent des informations qui sont transf\u00e9r\u00e9es sur le disque dur de ton ordinateur. <\/p><p class=\"has-text-align-center\">Le site web de l&rsquo;Administrateur utilise les cookies suivants : (a) Cookies strictement n\u00e9cessaires \u2013 Il s&rsquo;agit de cookies requis pour le fonctionnement du site. Ils incluent, par exemple, les cookies qui te permettent de te connecter aux zones s\u00e9curis\u00e9es du site. (b) Cookies analytiques\/de performance \u2013 Ils permettent de reconna\u00eetre et de compter le nombre de visiteurs et de voir comment les visiteurs se d\u00e9placent sur le site lorsqu&rsquo;ils l&rsquo;utilisent. Cela facilite l&rsquo;am\u00e9lioration du fonctionnement du site, par exemple, en s&rsquo;assurant que les utilisateurs trouvent facilement ce qu&rsquo;ils recherchent. (c) Cookies de fonctionnalit\u00e9 \u2013 Ils sont utilis\u00e9s pour te reconna\u00eetre lorsque tu reviens sur le site. Cela permet de personnaliser le contenu pour toi, de t&rsquo;accueillir par ton nom et de m\u00e9moriser tes pr\u00e9f\u00e9rences. (d) Cookies de ciblage \u2013 Ces cookies enregistrent ta visite sur le site, les pages que tu as visit\u00e9es et les liens que tu as suivis. Cela facilite la personnalisation du site et de la publicit\u00e9 affich\u00e9e pour qu&rsquo;ils correspondent mieux \u00e0 tes int\u00e9r\u00eats. Ces informations peuvent \u00eatre partag\u00e9es avec des tiers \u00e0 cette fin.         <\/p><p class=\"has-text-align-center\">Note que des tiers (incluant, par exemple, les r\u00e9seaux publicitaires et les fournisseurs de services externes comme les services d&rsquo;analyse du trafic web) peuvent \u00e9galement utiliser des cookies, sur lesquels l&rsquo;Administrateur n&rsquo;a aucun contr\u00f4le. Ces cookies sont susceptibles d&rsquo;\u00eatre des cookies analytiques\/de performance ou des cookies de ciblage. <\/p><p class=\"has-text-align-center\">Tu peux bloquer les cookies en activant le param\u00e8tre sur ton navigateur qui te permet de refuser la configuration de tous les cookies ou de certains cookies. Cependant, si tu utilises les param\u00e8tres de ton navigateur pour bloquer tous les cookies (y compris les cookies essentiels), tu risques de ne pas pouvoir acc\u00e9der \u00e0 tout ou partie du site web de l&rsquo;Administrateur. <\/p><p> <\/p>\t\t\t\t\t\t\t\t<\/div>\n\t\t\t\t<\/div>\n\t\t\t\t\t<\/div>\n\t\t<\/div>\n\t\t\t\t\t<\/div>\n\t\t<\/section>\n\t\t\t\t<\/div>\n\t\t","protected":false},"excerpt":{"rendered":"<p>Politique des cookies \u00ab Administrateur \u00bb d\u00e9signe Global Digital Solutions. Le site web de l&rsquo;Administrateur utilise des cookies pour te distinguer des autres utilisateurs du site. Cela permet de t&rsquo;offrir une bonne exp\u00e9rience lorsque tu navigues sur le site et permet \u00e9galement d&rsquo;am\u00e9liorer le site. En continuant \u00e0 naviguer sur le site, tu acceptes l&rsquo;utilisation [&hellip;]<\/p>\n","protected":false},"author":2,"featured_media":0,"parent":0,"menu_order":0,"comment_status":"closed","ping_status":"closed","template":"","meta":{"footnotes":""},"class_list":["post-2197","page","type-page","status-publish","hentry"],"yoast_head":"<!-- This site is optimized with the Yoast SEO plugin v27.4 - https:\/\/yoast.com\/product\/yoast-seo-wordpress\/ -->\n<title>Politique des cookies - Ultimate Buggies and Quads Dubai<\/title>\n<meta name=\"robots\" content=\"index, follow, max-snippet:-1, max-image-preview:large, max-video-preview:-1\" \/>\n<link rel=\"canonical\" href=\"https:\/\/ultimatebuggiesandquadsdubai.com\/fr\/politique-des-cookies\/\" \/>\n<meta property=\"og:locale\" content=\"fr_FR\" \/>\n<meta property=\"og:type\" content=\"article\" \/>\n<meta property=\"og:title\" content=\"Politique des cookies - Ultimate Buggies and Quads Dubai\" \/>\n<meta property=\"og:description\" content=\"Politique des cookies \u00ab Administrateur \u00bb d\u00e9signe Global Digital Solutions. Le site web de l&rsquo;Administrateur utilise des cookies pour te distinguer des autres utilisateurs du site. Cela permet de t&rsquo;offrir une bonne exp\u00e9rience lorsque tu navigues sur le site et permet \u00e9galement d&rsquo;am\u00e9liorer le site. En continuant \u00e0 naviguer sur le site, tu acceptes l&rsquo;utilisation [&hellip;]\" \/>\n<meta property=\"og:url\" content=\"https:\/\/ultimatebuggiesandquadsdubai.com\/fr\/politique-des-cookies\/\" \/>\n<meta property=\"og:site_name\" content=\"Ultimate Buggies and Quads Dubai\" \/>\n<meta property=\"article:modified_time\" content=\"2026-02-27T13:39:45+00:00\" \/>\n<meta name=\"twitter:card\" content=\"summary_large_image\" \/>\n<meta name=\"twitter:label1\" content=\"Dur\u00e9e de lecture estim\u00e9e\" \/>\n\t<meta name=\"twitter:data1\" content=\"2 minutes\" \/>\n<script type=\"application\/ld+json\" class=\"yoast-schema-graph\">{\"@context\":\"https:\\\/\\\/schema.org\",\"@graph\":[{\"@type\":\"WebPage\",\"@id\":\"https:\\\/\\\/ultimatebuggiesandquadsdubai.com\\\/fr\\\/politique-des-cookies\\\/\",\"url\":\"https:\\\/\\\/ultimatebuggiesandquadsdubai.com\\\/fr\\\/politique-des-cookies\\\/\",\"name\":\"Politique des cookies - Ultimate Buggies and Quads Dubai\",\"isPartOf\":{\"@id\":\"https:\\\/\\\/ultimatebuggiesandquadsdubai.com\\\/fr\\\/#website\"},\"datePublished\":\"2025-04-25T11:30:27+00:00\",\"dateModified\":\"2026-02-27T13:39:45+00:00\",\"breadcrumb\":{\"@id\":\"https:\\\/\\\/ultimatebuggiesandquadsdubai.com\\\/fr\\\/politique-des-cookies\\\/#breadcrumb\"},\"inLanguage\":\"fr-FR\",\"potentialAction\":[{\"@type\":\"ReadAction\",\"target\":[\"https:\\\/\\\/ultimatebuggiesandquadsdubai.com\\\/fr\\\/politique-des-cookies\\\/\"]}]},{\"@type\":\"BreadcrumbList\",\"@id\":\"https:\\\/\\\/ultimatebuggiesandquadsdubai.com\\\/fr\\\/politique-des-cookies\\\/#breadcrumb\",\"itemListElement\":[{\"@type\":\"ListItem\",\"position\":1,\"name\":\"Home\",\"item\":\"https:\\\/\\\/ultimatebuggiesandquadsdubai.com\\\/fr\\\/\"},{\"@type\":\"ListItem\",\"position\":2,\"name\":\"Politique des cookies\"}]},{\"@type\":\"WebSite\",\"@id\":\"https:\\\/\\\/ultimatebuggiesandquadsdubai.com\\\/fr\\\/#website\",\"url\":\"https:\\\/\\\/ultimatebuggiesandquadsdubai.com\\\/fr\\\/\",\"name\":\"Ultimate Buggies and Quads Dubai\",\"description\":\"\",\"publisher\":{\"@id\":\"https:\\\/\\\/ultimatebuggiesandquadsdubai.com\\\/fr\\\/#organization\"},\"potentialAction\":[{\"@type\":\"SearchAction\",\"target\":{\"@type\":\"EntryPoint\",\"urlTemplate\":\"https:\\\/\\\/ultimatebuggiesandquadsdubai.com\\\/fr\\\/?s={search_term_string}\"},\"query-input\":{\"@type\":\"PropertyValueSpecification\",\"valueRequired\":true,\"valueName\":\"search_term_string\"}}],\"inLanguage\":\"fr-FR\"},{\"@type\":\"Organization\",\"@id\":\"https:\\\/\\\/ultimatebuggiesandquadsdubai.com\\\/fr\\\/#organization\",\"name\":\"Ultimate Buggies and Quads Dubai\",\"url\":\"https:\\\/\\\/ultimatebuggiesandquadsdubai.com\\\/fr\\\/\",\"logo\":{\"@type\":\"ImageObject\",\"inLanguage\":\"fr-FR\",\"@id\":\"https:\\\/\\\/ultimatebuggiesandquadsdubai.com\\\/fr\\\/#\\\/schema\\\/logo\\\/image\\\/\",\"url\":\"https:\\\/\\\/ultimatebuggiesandquadsdubai.com\\\/wp-content\\\/uploads\\\/2025\\\/02\\\/logo-final-white-dubai.png\",\"contentUrl\":\"https:\\\/\\\/ultimatebuggiesandquadsdubai.com\\\/wp-content\\\/uploads\\\/2025\\\/02\\\/logo-final-white-dubai.png\",\"width\":745,\"height\":366,\"caption\":\"Ultimate Buggies and Quads Dubai\"},\"image\":{\"@id\":\"https:\\\/\\\/ultimatebuggiesandquadsdubai.com\\\/fr\\\/#\\\/schema\\\/logo\\\/image\\\/\"}}]}<\/script>\n<!-- \/ Yoast SEO plugin. -->","yoast_head_json":{"title":"Politique des cookies - Ultimate Buggies and Quads Dubai","robots":{"index":"index","follow":"follow","max-snippet":"max-snippet:-1","max-image-preview":"max-image-preview:large","max-video-preview":"max-video-preview:-1"},"canonical":"https:\/\/ultimatebuggiesandquadsdubai.com\/fr\/politique-des-cookies\/","og_locale":"fr_FR","og_type":"article","og_title":"Politique des cookies - Ultimate Buggies and Quads Dubai","og_description":"Politique des cookies \u00ab Administrateur \u00bb d\u00e9signe Global Digital Solutions. Le site web de l&rsquo;Administrateur utilise des cookies pour te distinguer des autres utilisateurs du site. Cela permet de t&rsquo;offrir une bonne exp\u00e9rience lorsque tu navigues sur le site et permet \u00e9galement d&rsquo;am\u00e9liorer le site. En continuant \u00e0 naviguer sur le site, tu acceptes l&rsquo;utilisation [&hellip;]","og_url":"https:\/\/ultimatebuggiesandquadsdubai.com\/fr\/politique-des-cookies\/","og_site_name":"Ultimate Buggies and Quads Dubai","article_modified_time":"2026-02-27T13:39:45+00:00","twitter_card":"summary_large_image","twitter_misc":{"Dur\u00e9e de lecture estim\u00e9e":"2 minutes"},"schema":{"@context":"https:\/\/schema.org","@graph":[{"@type":"WebPage","@id":"https:\/\/ultimatebuggiesandquadsdubai.com\/fr\/politique-des-cookies\/","url":"https:\/\/ultimatebuggiesandquadsdubai.com\/fr\/politique-des-cookies\/","name":"Politique des cookies - Ultimate Buggies and Quads Dubai","isPartOf":{"@id":"https:\/\/ultimatebuggiesandquadsdubai.com\/fr\/#website"},"datePublished":"2025-04-25T11:30:27+00:00","dateModified":"2026-02-27T13:39:45+00:00","breadcrumb":{"@id":"https:\/\/ultimatebuggiesandquadsdubai.com\/fr\/politique-des-cookies\/#breadcrumb"},"inLanguage":"fr-FR","potentialAction":[{"@type":"ReadAction","target":["https:\/\/ultimatebuggiesandquadsdubai.com\/fr\/politique-des-cookies\/"]}]},{"@type":"BreadcrumbList","@id":"https:\/\/ultimatebuggiesandquadsdubai.com\/fr\/politique-des-cookies\/#breadcrumb","itemListElement":[{"@type":"ListItem","position":1,"name":"Home","item":"https:\/\/ultimatebuggiesandquadsdubai.com\/fr\/"},{"@type":"ListItem","position":2,"name":"Politique des cookies"}]},{"@type":"WebSite","@id":"https:\/\/ultimatebuggiesandquadsdubai.com\/fr\/#website","url":"https:\/\/ultimatebuggiesandquadsdubai.com\/fr\/","name":"Ultimate Buggies and Quads Dubai","description":"","publisher":{"@id":"https:\/\/ultimatebuggiesandquadsdubai.com\/fr\/#organization"},"potentialAction":[{"@type":"SearchAction","target":{"@type":"EntryPoint","urlTemplate":"https:\/\/ultimatebuggiesandquadsdubai.com\/fr\/?s={search_term_string}"},"query-input":{"@type":"PropertyValueSpecification","valueRequired":true,"valueName":"search_term_string"}}],"inLanguage":"fr-FR"},{"@type":"Organization","@id":"https:\/\/ultimatebuggiesandquadsdubai.com\/fr\/#organization","name":"Ultimate Buggies and Quads Dubai","url":"https:\/\/ultimatebuggiesandquadsdubai.com\/fr\/","logo":{"@type":"ImageObject","inLanguage":"fr-FR","@id":"https:\/\/ultimatebuggiesandquadsdubai.com\/fr\/#\/schema\/logo\/image\/","url":"https:\/\/ultimatebuggiesandquadsdubai.com\/wp-content\/uploads\/2025\/02\/logo-final-white-dubai.png","contentUrl":"https:\/\/ultimatebuggiesandquadsdubai.com\/wp-content\/uploads\/2025\/02\/logo-final-white-dubai.png","width":745,"height":366,"caption":"Ultimate Buggies and Quads Dubai"},"image":{"@id":"https:\/\/ultimatebuggiesandquadsdubai.com\/fr\/#\/schema\/logo\/image\/"}}]}},"_links":{"self":[{"href":"https:\/\/ultimatebuggiesandquadsdubai.com\/fr\/wp-json\/wp\/v2\/pages\/2197","targetHints":{"allow":["GET"]}}],"collection":[{"href":"https:\/\/ultimatebuggiesandquadsdubai.com\/fr\/wp-json\/wp\/v2\/pages"}],"about":[{"href":"https:\/\/ultimatebuggiesandquadsdubai.com\/fr\/wp-json\/wp\/v2\/types\/page"}],"author":[{"embeddable":true,"href":"https:\/\/ultimatebuggiesandquadsdubai.com\/fr\/wp-json\/wp\/v2\/users\/2"}],"replies":[{"embeddable":true,"href":"https:\/\/ultimatebuggiesandquadsdubai.com\/fr\/wp-json\/wp\/v2\/comments?post=2197"}],"version-history":[{"count":1,"href":"https:\/\/ultimatebuggiesandquadsdubai.com\/fr\/wp-json\/wp\/v2\/pages\/2197\/revisions"}],"predecessor-version":[{"id":2198,"href":"https:\/\/ultimatebuggiesandquadsdubai.com\/fr\/wp-json\/wp\/v2\/pages\/2197\/revisions\/2198"}],"wp:attachment":[{"href":"https:\/\/ultimatebuggiesandquadsdubai.com\/fr\/wp-json\/wp\/v2\/media?parent=2197"}],"curies":[{"name":"wp","href":"https:\/\/api.w.org\/{rel}","templated":true}]}}