{"id":2041,"date":"2025-04-15T10:40:22","date_gmt":"2025-04-15T10:40:22","guid":{"rendered":"https:\/\/ultimatebuggiesandquadsdubai.com\/contacte-nous\/"},"modified":"2026-02-27T12:49:37","modified_gmt":"2026-02-27T12:49:37","slug":"contacte-nous","status":"publish","type":"page","link":"https:\/\/ultimatebuggiesandquadsdubai.com\/fr\/contacte-nous\/","title":{"rendered":"Contacte-nous"},"content":{"rendered":"\t\t<div data-elementor-type=\"wp-page\" data-elementor-id=\"2041\" class=\"elementor elementor-2041 elementor-200\" data-elementor-post-type=\"page\">\n\t\t\t\t\t\t<section class=\"elementor-section elementor-top-section elementor-element elementor-element-620c02b8 elementor-section-height-min-height elementor-section-boxed elementor-section-height-default elementor-section-items-middle\" data-id=\"620c02b8\" data-element_type=\"section\" data-e-type=\"section\" data-settings=\"{&quot;background_background&quot;:&quot;classic&quot;}\">\n\t\t\t\t\t\t\t<div class=\"elementor-background-overlay\"><\/div>\n\t\t\t\t\t\t\t<div class=\"elementor-container elementor-column-gap-no\">\n\t\t\t\t\t<div class=\"elementor-column elementor-col-100 elementor-top-column elementor-element elementor-element-55b78614\" data-id=\"55b78614\" data-element_type=\"column\" data-e-type=\"column\">\n\t\t\t<div class=\"elementor-widget-wrap elementor-element-populated\">\n\t\t\t\t\t\t<div class=\"elementor-element elementor-element-57f4029f elementor-invisible elementor-widget elementor-widget-heading\" data-id=\"57f4029f\" data-element_type=\"widget\" data-e-type=\"widget\" data-settings=\"{&quot;_animation&quot;:&quot;slideInDown&quot;}\" data-widget_type=\"heading.default\">\n\t\t\t\t<div class=\"elementor-widget-container\">\n\t\t\t\t\t<h1 class=\"elementor-heading-title elementor-size-xxl\">Contacter Ultimate Buggies &amp; Quads Dubai<\/h1>\t\t\t\t<\/div>\n\t\t\t\t<\/div>\n\t\t\t\t\t<\/div>\n\t\t<\/div>\n\t\t\t\t\t<\/div>\n\t\t<\/section>\n\t\t\t\t<section class=\"elementor-section elementor-top-section elementor-element elementor-element-46c53006 elementor-section-content-middle elementor-section-boxed elementor-section-height-default elementor-section-height-default\" data-id=\"46c53006\" data-element_type=\"section\" data-e-type=\"section\">\n\t\t\t\t\t\t<div class=\"elementor-container elementor-column-gap-no\">\n\t\t\t\t\t<div class=\"elementor-column elementor-col-50 elementor-top-column elementor-element elementor-element-45c8ac05\" data-id=\"45c8ac05\" data-element_type=\"column\" data-e-type=\"column\" data-settings=\"{&quot;background_background&quot;:&quot;classic&quot;}\">\n\t\t\t<div class=\"elementor-widget-wrap elementor-element-populated\">\n\t\t\t\t\t\t<div class=\"elementor-element elementor-element-ce9a13b elementor-widget elementor-widget-heading\" data-id=\"ce9a13b\" data-element_type=\"widget\" data-e-type=\"widget\" data-widget_type=\"heading.default\">\n\t\t\t\t<div class=\"elementor-widget-container\">\n\t\t\t\t\t<h2 class=\"elementor-heading-title elementor-size-xxl\">La meilleure fa\u00e7on de nous contacter<\/h2>\t\t\t\t<\/div>\n\t\t\t\t<\/div>\n\t\t\t\t<div class=\"elementor-element elementor-element-5d7a462 elementor-widget elementor-widget-text-editor\" data-id=\"5d7a462\" data-element_type=\"widget\" data-e-type=\"widget\" data-widget_type=\"text-editor.default\">\n\t\t\t\t<div class=\"elementor-widget-container\">\n\t\t\t\t\t\t\t\t\t<p>Pour une r\u00e9ponse plus rapide, contacte-nous directement :<\/p>\t\t\t\t\t\t\t\t<\/div>\n\t\t\t\t<\/div>\n\t\t\t\t<div class=\"elementor-element elementor-element-5262b6f2 elementor-widget elementor-widget-google_maps\" data-id=\"5262b6f2\" data-element_type=\"widget\" data-e-type=\"widget\" data-widget_type=\"google_maps.default\">\n\t\t\t\t<div class=\"elementor-widget-container\">\n\t\t\t\t\t\t\t<div class=\"elementor-custom-embed\">\n\t\t\t<iframe loading=\"lazy\"\n\t\t\t\t\tsrc=\"https:\/\/maps.google.com\/maps?q=1603%20Tiffany%20Tower%20%2C%20JLT%2C%20Dubai%20UAE&#038;t=m&#038;z=15&#038;output=embed&#038;iwloc=near\"\n\t\t\t\t\ttitle=\"1603 Tiffany Tower , JLT, Dubai UAE\"\n\t\t\t\t\taria-label=\"1603 Tiffany Tower , JLT, Dubai UAE\"\n\t\t\t><\/iframe>\n\t\t<\/div>\n\t\t\t\t\t\t<\/div>\n\t\t\t\t<\/div>\n\t\t\t\t<div class=\"elementor-element elementor-element-db8cda4 elementor-position-inline-start elementor-view-default elementor-mobile-position-block-start elementor-widget elementor-widget-icon-box\" data-id=\"db8cda4\" data-element_type=\"widget\" data-e-type=\"widget\" data-widget_type=\"icon-box.default\">\n\t\t\t\t<div class=\"elementor-widget-container\">\n\t\t\t\t\t\t\t<div class=\"elementor-icon-box-wrapper\">\n\n\t\t\t\t\t\t<div class=\"elementor-icon-box-icon\">\n\t\t\t\t<span  class=\"elementor-icon\">\n\t\t\t\t<svg aria-hidden=\"true\" class=\"e-font-icon-svg e-fas-map-marker-alt\" viewBox=\"0 0 384 512\" xmlns=\"http:\/\/www.w3.org\/2000\/svg\"><path d=\"M172.268 501.67C26.97 291.031 0 269.413 0 192 0 85.961 85.961 0 192 0s192 85.961 192 192c0 77.413-26.97 99.031-172.268 309.67-9.535 13.774-29.93 13.773-39.464 0zM192 272c44.183 0 80-35.817 80-80s-35.817-80-80-80-80 35.817-80 80 35.817 80 80 80z\"><\/path><\/svg>\t\t\t\t<\/span>\n\t\t\t<\/div>\n\t\t\t\n\t\t\t\t\t\t<div class=\"elementor-icon-box-content\">\n\n\t\t\t\t\t\t\t\t\t<h3 class=\"elementor-icon-box-title\">\n\t\t\t\t\t\t<span  >\n\t\t\t\t\t\t\t1603 Tiffany Tower, JLT, Duba\u00ef \u00c9AU\t\t\t\t\t\t<\/span>\n\t\t\t\t\t<\/h3>\n\t\t\t\t\n\t\t\t\t\n\t\t\t<\/div>\n\t\t\t\n\t\t<\/div>\n\t\t\t\t\t\t<\/div>\n\t\t\t\t<\/div>\n\t\t\t\t<div class=\"elementor-element elementor-element-98594df elementor-position-inline-start elementor-view-default elementor-mobile-position-block-start elementor-widget elementor-widget-icon-box\" data-id=\"98594df\" data-element_type=\"widget\" data-e-type=\"widget\" data-widget_type=\"icon-box.default\">\n\t\t\t\t<div class=\"elementor-widget-container\">\n\t\t\t\t\t\t\t<div class=\"elementor-icon-box-wrapper\">\n\n\t\t\t\t\t\t<div class=\"elementor-icon-box-icon\">\n\t\t\t\t<a href=\"tel:00971507444325%20\" class=\"elementor-icon\" tabindex=\"-1\" aria-label=\"+971 507644325  \">\n\t\t\t\t<svg aria-hidden=\"true\" class=\"e-font-icon-svg e-fas-mobile-alt\" viewBox=\"0 0 320 512\" xmlns=\"http:\/\/www.w3.org\/2000\/svg\"><path d=\"M272 0H48C21.5 0 0 21.5 0 48v416c0 26.5 21.5 48 48 48h224c26.5 0 48-21.5 48-48V48c0-26.5-21.5-48-48-48zM160 480c-17.7 0-32-14.3-32-32s14.3-32 32-32 32 14.3 32 32-14.3 32-32 32zm112-108c0 6.6-5.4 12-12 12H60c-6.6 0-12-5.4-12-12V60c0-6.6 5.4-12 12-12h200c6.6 0 12 5.4 12 12v312z\"><\/path><\/svg>\t\t\t\t<\/a>\n\t\t\t<\/div>\n\t\t\t\n\t\t\t\t\t\t<div class=\"elementor-icon-box-content\">\n\n\t\t\t\t\t\t\t\t\t<h3 class=\"elementor-icon-box-title\">\n\t\t\t\t\t\t<a href=\"tel:00971507444325%20\" >\n\t\t\t\t\t\t\t+971 507644325  \t\t\t\t\t\t<\/a>\n\t\t\t\t\t<\/h3>\n\t\t\t\t\n\t\t\t\t\n\t\t\t<\/div>\n\t\t\t\n\t\t<\/div>\n\t\t\t\t\t\t<\/div>\n\t\t\t\t<\/div>\n\t\t\t\t<div class=\"elementor-element elementor-element-bf16b48 elementor-position-inline-start elementor-view-default elementor-mobile-position-block-start elementor-widget elementor-widget-icon-box\" data-id=\"bf16b48\" data-element_type=\"widget\" data-e-type=\"widget\" data-widget_type=\"icon-box.default\">\n\t\t\t\t<div class=\"elementor-widget-container\">\n\t\t\t\t\t\t\t<div class=\"elementor-icon-box-wrapper\">\n\n\t\t\t\t\t\t<div class=\"elementor-icon-box-icon\">\n\t\t\t\t<a href=\"mailto:info@funinthesundubai.com\" class=\"elementor-icon\" tabindex=\"-1\" aria-label=\"info@funinthesundubai.com\">\n\t\t\t\t<svg aria-hidden=\"true\" class=\"e-font-icon-svg e-far-envelope\" viewBox=\"0 0 512 512\" xmlns=\"http:\/\/www.w3.org\/2000\/svg\"><path d=\"M464 64H48C21.49 64 0 85.49 0 112v288c0 26.51 21.49 48 48 48h416c26.51 0 48-21.49 48-48V112c0-26.51-21.49-48-48-48zm0 48v40.805c-22.422 18.259-58.168 46.651-134.587 106.49-16.841 13.247-50.201 45.072-73.413 44.701-23.208.375-56.579-31.459-73.413-44.701C106.18 199.465 70.425 171.067 48 152.805V112h416zM48 400V214.398c22.914 18.251 55.409 43.862 104.938 82.646 21.857 17.205 60.134 55.186 103.062 54.955 42.717.231 80.509-37.199 103.053-54.947 49.528-38.783 82.032-64.401 104.947-82.653V400H48z\"><\/path><\/svg>\t\t\t\t<\/a>\n\t\t\t<\/div>\n\t\t\t\n\t\t\t\t\t\t<div class=\"elementor-icon-box-content\">\n\n\t\t\t\t\t\t\t\t\t<h3 class=\"elementor-icon-box-title\">\n\t\t\t\t\t\t<a href=\"mailto:info@funinthesundubai.com\" >\n\t\t\t\t\t\t\tinfo@funinthesundubai.com\t\t\t\t\t\t<\/a>\n\t\t\t\t\t<\/h3>\n\t\t\t\t\n\t\t\t\t\n\t\t\t<\/div>\n\t\t\t\n\t\t<\/div>\n\t\t\t\t\t\t<\/div>\n\t\t\t\t<\/div>\n\t\t\t\t<div class=\"elementor-element elementor-element-660a3ca elementor-position-inline-start elementor-view-default elementor-mobile-position-block-start elementor-widget elementor-widget-icon-box\" data-id=\"660a3ca\" data-element_type=\"widget\" data-e-type=\"widget\" data-widget_type=\"icon-box.default\">\n\t\t\t\t<div class=\"elementor-widget-container\">\n\t\t\t\t\t\t\t<div class=\"elementor-icon-box-wrapper\">\n\n\t\t\t\t\t\t<div class=\"elementor-icon-box-icon\">\n\t\t\t\t<a href=\"tel:0034677973996\" class=\"elementor-icon\" tabindex=\"-1\" aria-label=\"Du lundi au dimanche, de 9h \u00e0 21h\">\n\t\t\t\t<svg aria-hidden=\"true\" class=\"e-font-icon-svg e-far-clock\" viewBox=\"0 0 512 512\" xmlns=\"http:\/\/www.w3.org\/2000\/svg\"><path d=\"M256 8C119 8 8 119 8 256s111 248 248 248 248-111 248-248S393 8 256 8zm0 448c-110.5 0-200-89.5-200-200S145.5 56 256 56s200 89.5 200 200-89.5 200-200 200zm61.8-104.4l-84.9-61.7c-3.1-2.3-4.9-5.9-4.9-9.7V116c0-6.6 5.4-12 12-12h32c6.6 0 12 5.4 12 12v141.7l66.8 48.6c5.4 3.9 6.5 11.4 2.6 16.8L334.6 349c-3.9 5.3-11.4 6.5-16.8 2.6z\"><\/path><\/svg>\t\t\t\t<\/a>\n\t\t\t<\/div>\n\t\t\t\n\t\t\t\t\t\t<div class=\"elementor-icon-box-content\">\n\n\t\t\t\t\t\t\t\t\t<h3 class=\"elementor-icon-box-title\">\n\t\t\t\t\t\t<a href=\"tel:0034677973996\" >\n\t\t\t\t\t\t\tDu lundi au dimanche, de 9h \u00e0 21h\t\t\t\t\t\t<\/a>\n\t\t\t\t\t<\/h3>\n\t\t\t\t\n\t\t\t\t\n\t\t\t<\/div>\n\t\t\t\n\t\t<\/div>\n\t\t\t\t\t\t<\/div>\n\t\t\t\t<\/div>\n\t\t\t\t<div class=\"elementor-element elementor-element-4e1a98b elementor-widget elementor-widget-text-editor\" data-id=\"4e1a98b\" data-element_type=\"widget\" data-e-type=\"widget\" data-widget_type=\"text-editor.default\">\n\t\t\t\t<div class=\"elementor-widget-container\">\n\t\t\t\t\t\t\t\t\t<p>Notre \u00e9quipe r\u00e9pond rapidement et se fera un plaisir de t\u2019aider pour tes r\u00e9servations, les d\u00e9tails des tours et tes demandes sp\u00e9ciales.<\/p>\t\t\t\t\t\t\t\t<\/div>\n\t\t\t\t<\/div>\n\t\t\t\t\t<\/div>\n\t\t<\/div>\n\t\t\t\t<div class=\"elementor-column elementor-col-50 elementor-top-column elementor-element elementor-element-1571e74\" data-id=\"1571e74\" data-element_type=\"column\" data-e-type=\"column\">\n\t\t\t<div class=\"elementor-widget-wrap elementor-element-populated\">\n\t\t\t\t\t\t<div class=\"elementor-element elementor-element-18026eb4 elementor-widget elementor-widget-text-editor\" data-id=\"18026eb4\" data-element_type=\"widget\" data-e-type=\"widget\" data-widget_type=\"text-editor.default\">\n\t\t\t\t<div class=\"elementor-widget-container\">\n\t\t\t\t\t\t\t\t\t<p>Tu as une question ou tu es pr\u00eat \u00e0 r\u00e9server ton aventure dans le d\u00e9sert ? Prends contact avec notre \u00e9quipe pour obtenir des <a href=\"https:\/\/ultimatebuggiesandquadsdubai.com\/fr\/faq\/\">r\u00e9ponses rapides<\/a>, v\u00e9rifier les disponibilit\u00e9s et b\u00e9n\u00e9ficier d\u2019une assistance \u00e0 la r\u00e9servation. <\/p><p>Nous sommes l\u00e0 pour t\u2019aider \u00e0 planifier l\u2019exp\u00e9rience parfaite en <a href=\"https:\/\/ultimatebuggiesandquadsdubai.com\/fr\/buggy-des-dunes-a-dubai\/\">buggy<\/a> ou en <a href=\"https:\/\/ultimatebuggiesandquadsdubai.com\/fr\/quad-a-dubai\/\">quad<\/a> \u00e0 Duba\u00ef.<\/p>\t\t\t\t\t\t\t\t<\/div>\n\t\t\t\t<\/div>\n\t\t\t\t<div class=\"elementor-element elementor-element-cb62743 elementor-widget elementor-widget-heading\" data-id=\"cb62743\" data-element_type=\"widget\" data-e-type=\"widget\" data-widget_type=\"heading.default\">\n\t\t\t\t<div class=\"elementor-widget-container\">\n\t\t\t\t\t<h2 class=\"elementor-heading-title elementor-size-xl\">Emplacement<\/h2>\t\t\t\t<\/div>\n\t\t\t\t<\/div>\n\t\t\t\t<div class=\"elementor-element elementor-element-a754ee8 elementor-widget elementor-widget-text-editor\" data-id=\"a754ee8\" data-element_type=\"widget\" data-e-type=\"widget\" data-widget_type=\"text-editor.default\">\n\t\t\t\t<div class=\"elementor-widget-container\">\n\t\t\t\t\t\t\t\t\t<p data-start=\"1578\" data-end=\"1638\">Nous op\u00e9rons dans les embl\u00e9matiques dunes rouges de Duba\u00ef (zone du d\u00e9sert de Lahbab).<\/p><p data-start=\"1640\" data-end=\"1695\">Les d\u00e9tails exacts du point de rendez-vous sont fournis apr\u00e8s la r\u00e9servation.<\/p>\t\t\t\t\t\t\t\t<\/div>\n\t\t\t\t<\/div>\n\t\t\t\t<div class=\"elementor-element elementor-element-b4fcc64 elementor-widget elementor-widget-heading\" data-id=\"b4fcc64\" data-element_type=\"widget\" data-e-type=\"widget\" data-widget_type=\"heading.default\">\n\t\t\t\t<div class=\"elementor-widget-container\">\n\t\t\t\t\t<h2 class=\"elementor-heading-title elementor-size-xl\">Pourquoi nous contacter<\/h2>\t\t\t\t<\/div>\n\t\t\t\t<\/div>\n\t\t\t\t<div class=\"elementor-element elementor-element-fb70e42 elementor-widget elementor-widget-text-editor\" data-id=\"fb70e42\" data-element_type=\"widget\" data-e-type=\"widget\" data-widget_type=\"text-editor.default\">\n\t\t\t\t<div class=\"elementor-widget-container\">\n\t\t\t\t\t\t\t\t\t<ul><li>R\u00e9ponses rapides et amicales<\/li><li>Conseils d\u2019experts pour tes tours dans le d\u00e9sert<\/li><li>Assistance flexible pour les r\u00e9servations<\/li><li>Op\u00e9rateur d\u2019aventure de confiance \u00e0 Duba\u00ef<\/li><\/ul>\t\t\t\t\t\t\t\t<\/div>\n\t\t\t\t<\/div>\n\t\t\t\t<div class=\"elementor-element elementor-element-ae0b203 elementor-widget elementor-widget-heading\" data-id=\"ae0b203\" data-element_type=\"widget\" data-e-type=\"widget\" data-widget_type=\"heading.default\">\n\t\t\t\t<div class=\"elementor-widget-container\">\n\t\t\t\t\t<h2 class=\"elementor-heading-title elementor-size-xl\">Pr\u00eat \u00e0 parcourir les dunes ?<\/h2>\t\t\t\t<\/div>\n\t\t\t\t<\/div>\n\t\t\t\t<div class=\"elementor-element elementor-element-2a968a3 elementor-widget__width-auto elementor-mobile-align-center elementor-widget elementor-widget-button\" data-id=\"2a968a3\" data-element_type=\"widget\" data-e-type=\"widget\" data-widget_type=\"button.default\">\n\t\t\t\t<div class=\"elementor-widget-container\">\n\t\t\t\t\t\t\t\t\t<div class=\"elementor-button-wrapper\">\n\t\t\t\t\t<a class=\"elementor-button elementor-button-link elementor-size-sm elementor-animation-grow\" href=\"https:\/\/ultimatebuggiesandquadsdubai.com\/fr\/reserve-tes-tours-en-buggy-et-quad-a-dubai\/\">\n\t\t\t\t\t\t<span class=\"elementor-button-content-wrapper\">\n\t\t\t\t\t\t\t\t\t<span class=\"elementor-button-text\">R\u00e9serve ton aventure dans le d\u00e9sert d\u00e8s aujourd\u2019hui<\/span>\n\t\t\t\t\t<\/span>\n\t\t\t\t\t<\/a>\n\t\t\t\t<\/div>\n\t\t\t\t\t\t\t\t<\/div>\n\t\t\t\t<\/div>\n\t\t\t\t\t<\/div>\n\t\t<\/div>\n\t\t\t\t\t<\/div>\n\t\t<\/section>\n\t\t\t\t<\/div>\n\t\t","protected":false},"excerpt":{"rendered":"<p>Contacter Ultimate Buggies &amp; Quads Dubai La meilleure fa\u00e7on de nous contacter Pour une r\u00e9ponse plus rapide, contacte-nous directement : 1603 Tiffany Tower, JLT, Duba\u00ef \u00c9AU +971 507644325 info@funinthesundubai.com Du lundi au dimanche, de 9h \u00e0 21h Notre \u00e9quipe r\u00e9pond rapidement et se fera un plaisir de t\u2019aider pour tes r\u00e9servations, les d\u00e9tails des tours [&hellip;]<\/p>\n","protected":false},"author":2,"featured_media":0,"parent":0,"menu_order":0,"comment_status":"closed","ping_status":"closed","template":"","meta":{"footnotes":""},"class_list":["post-2041","page","type-page","status-publish","hentry"],"yoast_head":"<!-- This site is optimized with the Yoast SEO plugin v27.4 - https:\/\/yoast.com\/product\/yoast-seo-wordpress\/ -->\n<title>Contacte-nous | Tours en buggy et quad \u00e0 Duba\u00ef<\/title>\n<meta name=\"description\" content=\"Contacte Ultimate Buggies &amp; Quads Dubai pour r\u00e9server tes tours en buggy ou en quad. R\u00e9ponses rapides, assistance d\u2019experts et planification facile de ton aventure dans le d\u00e9sert.\" \/>\n<meta name=\"robots\" content=\"index, follow, max-snippet:-1, max-image-preview:large, max-video-preview:-1\" \/>\n<link rel=\"canonical\" href=\"https:\/\/ultimatebuggiesandquadsdubai.com\/fr\/contacte-nous\/\" \/>\n<meta property=\"og:locale\" content=\"fr_FR\" \/>\n<meta property=\"og:type\" content=\"article\" \/>\n<meta property=\"og:title\" content=\"Contacte-nous | Tours en buggy et quad \u00e0 Duba\u00ef\" \/>\n<meta property=\"og:description\" content=\"Contacte Ultimate Buggies &amp; Quads Dubai pour r\u00e9server tes tours en buggy ou en quad. R\u00e9ponses rapides, assistance d\u2019experts et planification facile de ton aventure dans le d\u00e9sert.\" \/>\n<meta property=\"og:url\" content=\"https:\/\/ultimatebuggiesandquadsdubai.com\/fr\/contacte-nous\/\" \/>\n<meta property=\"og:site_name\" content=\"Ultimate Buggies and Quads Dubai\" \/>\n<meta property=\"article:modified_time\" content=\"2026-02-27T12:49:37+00:00\" \/>\n<meta name=\"twitter:card\" content=\"summary_large_image\" \/>\n<meta name=\"twitter:label1\" content=\"Dur\u00e9e de lecture estim\u00e9e\" \/>\n\t<meta name=\"twitter:data1\" content=\"1 minute\" \/>\n<script type=\"application\/ld+json\" class=\"yoast-schema-graph\">{\"@context\":\"https:\\\/\\\/schema.org\",\"@graph\":[{\"@type\":\"WebPage\",\"@id\":\"https:\\\/\\\/ultimatebuggiesandquadsdubai.com\\\/fr\\\/contacte-nous\\\/\",\"url\":\"https:\\\/\\\/ultimatebuggiesandquadsdubai.com\\\/fr\\\/contacte-nous\\\/\",\"name\":\"Contacte-nous | Tours en buggy et quad \u00e0 Duba\u00ef\",\"isPartOf\":{\"@id\":\"https:\\\/\\\/ultimatebuggiesandquadsdubai.com\\\/fr\\\/#website\"},\"datePublished\":\"2025-04-15T10:40:22+00:00\",\"dateModified\":\"2026-02-27T12:49:37+00:00\",\"description\":\"Contacte Ultimate Buggies & Quads Dubai pour r\u00e9server tes tours en buggy ou en quad. R\u00e9ponses rapides, assistance d\u2019experts et planification facile de ton aventure dans le d\u00e9sert.\",\"breadcrumb\":{\"@id\":\"https:\\\/\\\/ultimatebuggiesandquadsdubai.com\\\/fr\\\/contacte-nous\\\/#breadcrumb\"},\"inLanguage\":\"fr-FR\",\"potentialAction\":[{\"@type\":\"ReadAction\",\"target\":[\"https:\\\/\\\/ultimatebuggiesandquadsdubai.com\\\/fr\\\/contacte-nous\\\/\"]}]},{\"@type\":\"BreadcrumbList\",\"@id\":\"https:\\\/\\\/ultimatebuggiesandquadsdubai.com\\\/fr\\\/contacte-nous\\\/#breadcrumb\",\"itemListElement\":[{\"@type\":\"ListItem\",\"position\":1,\"name\":\"Home\",\"item\":\"https:\\\/\\\/ultimatebuggiesandquadsdubai.com\\\/fr\\\/\"},{\"@type\":\"ListItem\",\"position\":2,\"name\":\"Contacte-nous\"}]},{\"@type\":\"WebSite\",\"@id\":\"https:\\\/\\\/ultimatebuggiesandquadsdubai.com\\\/fr\\\/#website\",\"url\":\"https:\\\/\\\/ultimatebuggiesandquadsdubai.com\\\/fr\\\/\",\"name\":\"Ultimate Buggies and Quads Dubai\",\"description\":\"\",\"publisher\":{\"@id\":\"https:\\\/\\\/ultimatebuggiesandquadsdubai.com\\\/fr\\\/#organization\"},\"potentialAction\":[{\"@type\":\"SearchAction\",\"target\":{\"@type\":\"EntryPoint\",\"urlTemplate\":\"https:\\\/\\\/ultimatebuggiesandquadsdubai.com\\\/fr\\\/?s={search_term_string}\"},\"query-input\":{\"@type\":\"PropertyValueSpecification\",\"valueRequired\":true,\"valueName\":\"search_term_string\"}}],\"inLanguage\":\"fr-FR\"},{\"@type\":\"Organization\",\"@id\":\"https:\\\/\\\/ultimatebuggiesandquadsdubai.com\\\/fr\\\/#organization\",\"name\":\"Ultimate Buggies and Quads Dubai\",\"url\":\"https:\\\/\\\/ultimatebuggiesandquadsdubai.com\\\/fr\\\/\",\"logo\":{\"@type\":\"ImageObject\",\"inLanguage\":\"fr-FR\",\"@id\":\"https:\\\/\\\/ultimatebuggiesandquadsdubai.com\\\/fr\\\/#\\\/schema\\\/logo\\\/image\\\/\",\"url\":\"https:\\\/\\\/ultimatebuggiesandquadsdubai.com\\\/wp-content\\\/uploads\\\/2025\\\/02\\\/logo-final-white-dubai.png\",\"contentUrl\":\"https:\\\/\\\/ultimatebuggiesandquadsdubai.com\\\/wp-content\\\/uploads\\\/2025\\\/02\\\/logo-final-white-dubai.png\",\"width\":745,\"height\":366,\"caption\":\"Ultimate Buggies and Quads Dubai\"},\"image\":{\"@id\":\"https:\\\/\\\/ultimatebuggiesandquadsdubai.com\\\/fr\\\/#\\\/schema\\\/logo\\\/image\\\/\"}}]}<\/script>\n<!-- \/ Yoast SEO plugin. -->","yoast_head_json":{"title":"Contacte-nous | Tours en buggy et quad \u00e0 Duba\u00ef","description":"Contacte Ultimate Buggies & Quads Dubai pour r\u00e9server tes tours en buggy ou en quad. R\u00e9ponses rapides, assistance d\u2019experts et planification facile de ton aventure dans le d\u00e9sert.","robots":{"index":"index","follow":"follow","max-snippet":"max-snippet:-1","max-image-preview":"max-image-preview:large","max-video-preview":"max-video-preview:-1"},"canonical":"https:\/\/ultimatebuggiesandquadsdubai.com\/fr\/contacte-nous\/","og_locale":"fr_FR","og_type":"article","og_title":"Contacte-nous | Tours en buggy et quad \u00e0 Duba\u00ef","og_description":"Contacte Ultimate Buggies & Quads Dubai pour r\u00e9server tes tours en buggy ou en quad. R\u00e9ponses rapides, assistance d\u2019experts et planification facile de ton aventure dans le d\u00e9sert.","og_url":"https:\/\/ultimatebuggiesandquadsdubai.com\/fr\/contacte-nous\/","og_site_name":"Ultimate Buggies and Quads Dubai","article_modified_time":"2026-02-27T12:49:37+00:00","twitter_card":"summary_large_image","twitter_misc":{"Dur\u00e9e de lecture estim\u00e9e":"1 minute"},"schema":{"@context":"https:\/\/schema.org","@graph":[{"@type":"WebPage","@id":"https:\/\/ultimatebuggiesandquadsdubai.com\/fr\/contacte-nous\/","url":"https:\/\/ultimatebuggiesandquadsdubai.com\/fr\/contacte-nous\/","name":"Contacte-nous | Tours en buggy et quad \u00e0 Duba\u00ef","isPartOf":{"@id":"https:\/\/ultimatebuggiesandquadsdubai.com\/fr\/#website"},"datePublished":"2025-04-15T10:40:22+00:00","dateModified":"2026-02-27T12:49:37+00:00","description":"Contacte Ultimate Buggies & Quads Dubai pour r\u00e9server tes tours en buggy ou en quad. R\u00e9ponses rapides, assistance d\u2019experts et planification facile de ton aventure dans le d\u00e9sert.","breadcrumb":{"@id":"https:\/\/ultimatebuggiesandquadsdubai.com\/fr\/contacte-nous\/#breadcrumb"},"inLanguage":"fr-FR","potentialAction":[{"@type":"ReadAction","target":["https:\/\/ultimatebuggiesandquadsdubai.com\/fr\/contacte-nous\/"]}]},{"@type":"BreadcrumbList","@id":"https:\/\/ultimatebuggiesandquadsdubai.com\/fr\/contacte-nous\/#breadcrumb","itemListElement":[{"@type":"ListItem","position":1,"name":"Home","item":"https:\/\/ultimatebuggiesandquadsdubai.com\/fr\/"},{"@type":"ListItem","position":2,"name":"Contacte-nous"}]},{"@type":"WebSite","@id":"https:\/\/ultimatebuggiesandquadsdubai.com\/fr\/#website","url":"https:\/\/ultimatebuggiesandquadsdubai.com\/fr\/","name":"Ultimate Buggies and Quads Dubai","description":"","publisher":{"@id":"https:\/\/ultimatebuggiesandquadsdubai.com\/fr\/#organization"},"potentialAction":[{"@type":"SearchAction","target":{"@type":"EntryPoint","urlTemplate":"https:\/\/ultimatebuggiesandquadsdubai.com\/fr\/?s={search_term_string}"},"query-input":{"@type":"PropertyValueSpecification","valueRequired":true,"valueName":"search_term_string"}}],"inLanguage":"fr-FR"},{"@type":"Organization","@id":"https:\/\/ultimatebuggiesandquadsdubai.com\/fr\/#organization","name":"Ultimate Buggies and Quads Dubai","url":"https:\/\/ultimatebuggiesandquadsdubai.com\/fr\/","logo":{"@type":"ImageObject","inLanguage":"fr-FR","@id":"https:\/\/ultimatebuggiesandquadsdubai.com\/fr\/#\/schema\/logo\/image\/","url":"https:\/\/ultimatebuggiesandquadsdubai.com\/wp-content\/uploads\/2025\/02\/logo-final-white-dubai.png","contentUrl":"https:\/\/ultimatebuggiesandquadsdubai.com\/wp-content\/uploads\/2025\/02\/logo-final-white-dubai.png","width":745,"height":366,"caption":"Ultimate Buggies and Quads Dubai"},"image":{"@id":"https:\/\/ultimatebuggiesandquadsdubai.com\/fr\/#\/schema\/logo\/image\/"}}]}},"_links":{"self":[{"href":"https:\/\/ultimatebuggiesandquadsdubai.com\/fr\/wp-json\/wp\/v2\/pages\/2041","targetHints":{"allow":["GET"]}}],"collection":[{"href":"https:\/\/ultimatebuggiesandquadsdubai.com\/fr\/wp-json\/wp\/v2\/pages"}],"about":[{"href":"https:\/\/ultimatebuggiesandquadsdubai.com\/fr\/wp-json\/wp\/v2\/types\/page"}],"author":[{"embeddable":true,"href":"https:\/\/ultimatebuggiesandquadsdubai.com\/fr\/wp-json\/wp\/v2\/users\/2"}],"replies":[{"embeddable":true,"href":"https:\/\/ultimatebuggiesandquadsdubai.com\/fr\/wp-json\/wp\/v2\/comments?post=2041"}],"version-history":[{"count":1,"href":"https:\/\/ultimatebuggiesandquadsdubai.com\/fr\/wp-json\/wp\/v2\/pages\/2041\/revisions"}],"predecessor-version":[{"id":2042,"href":"https:\/\/ultimatebuggiesandquadsdubai.com\/fr\/wp-json\/wp\/v2\/pages\/2041\/revisions\/2042"}],"wp:attachment":[{"href":"https:\/\/ultimatebuggiesandquadsdubai.com\/fr\/wp-json\/wp\/v2\/media?parent=2041"}],"curies":[{"name":"wp","href":"https:\/\/api.w.org\/{rel}","templated":true}]}}