{"id":2039,"date":"2025-04-15T09:21:26","date_gmt":"2025-04-15T09:21:26","guid":{"rendered":"https:\/\/ultimatebuggiesandquadsdubai.com\/a-propos-de-nous\/"},"modified":"2026-02-27T12:49:37","modified_gmt":"2026-02-27T12:49:37","slug":"a-propos-de-nous","status":"publish","type":"page","link":"https:\/\/ultimatebuggiesandquadsdubai.com\/fr\/a-propos-de-nous\/","title":{"rendered":"\u00c0 propos de nous"},"content":{"rendered":"\t\t<div data-elementor-type=\"wp-page\" data-elementor-id=\"2039\" class=\"elementor elementor-2039 elementor-100\" data-elementor-post-type=\"page\">\n\t\t\t\t\t\t<section class=\"elementor-section elementor-top-section elementor-element elementor-element-64e91e09 elementor-section-height-min-height elementor-section-boxed elementor-section-height-default elementor-section-items-middle\" data-id=\"64e91e09\" data-element_type=\"section\" data-e-type=\"section\" data-settings=\"{&quot;background_background&quot;:&quot;classic&quot;}\">\n\t\t\t\t\t\t\t<div class=\"elementor-background-overlay\"><\/div>\n\t\t\t\t\t\t\t<div class=\"elementor-container elementor-column-gap-no\">\n\t\t\t\t\t<div class=\"elementor-column elementor-col-100 elementor-top-column elementor-element elementor-element-5336c041\" data-id=\"5336c041\" data-element_type=\"column\" data-e-type=\"column\">\n\t\t\t<div class=\"elementor-widget-wrap elementor-element-populated\">\n\t\t\t\t\t\t<div class=\"elementor-element elementor-element-10777d19 elementor-invisible elementor-widget elementor-widget-heading\" data-id=\"10777d19\" data-element_type=\"widget\" data-e-type=\"widget\" data-settings=\"{&quot;_animation&quot;:&quot;slideInDown&quot;}\" data-widget_type=\"heading.default\">\n\t\t\t\t<div class=\"elementor-widget-container\">\n\t\t\t\t\t<h1 class=\"elementor-heading-title elementor-size-xxl\">\u00c0 propos d'Ultimate Buggies &amp; Quads Dubai<\/h1>\t\t\t\t<\/div>\n\t\t\t\t<\/div>\n\t\t\t\t\t<\/div>\n\t\t<\/div>\n\t\t\t\t\t<\/div>\n\t\t<\/section>\n\t\t<div class=\"elementor-element elementor-element-5e233c4 e-flex e-con-boxed e-con e-parent\" data-id=\"5e233c4\" data-element_type=\"container\" data-e-type=\"container\">\n\t\t\t\t\t<div class=\"e-con-inner\">\n\t\t\t\t<div class=\"elementor-element elementor-element-c79bf8b elementor-widget elementor-widget-text-editor\" data-id=\"c79bf8b\" data-element_type=\"widget\" data-e-type=\"widget\" data-widget_type=\"text-editor.default\">\n\t\t\t\t<div class=\"elementor-widget-container\">\n\t\t\t\t\t\t\t\t\t<p data-start=\"884\" data-end=\"1038\">Ultimate Buggies &amp; Quads Dubai est une entreprise d&rsquo;aventures dans le d\u00e9sert de confiance sp\u00e9cialis\u00e9e dans les excursions premium en <a href=\"https:\/\/ultimatebuggiesandquadsdubai.com\/fr\/buggy-des-dunes-a-dubai\/\">buggy<\/a> et <a href=\"https:\/\/ultimatebuggiesandquadsdubai.com\/fr\/quad-a-dubai\/\">quad<\/a> dans les dunes rouges embl\u00e9matiques de Duba\u00ef.<\/p><p data-start=\"1040\" data-end=\"1184\">Notre mission est simple : offrir des exp\u00e9riences hors-piste s\u00fbres, palpitantes et inoubliables dans l&rsquo;un des paysages d\u00e9sertiques les plus spectaculaires au monde.<\/p><p>Avec plus de 20 ans d&rsquo;exp\u00e9rience dans la gestion d&rsquo;entreprises de loisirs prosp\u00e8res au Royaume-Uni et en Espagne, c&rsquo;\u00e9tait une transition naturelle de proposer un service luxueux et opulent \u00e0 Duba\u00ef.<\/p>\t\t\t\t\t\t\t\t<\/div>\n\t\t\t\t<\/div>\n\t\t\t\t\t<\/div>\n\t\t\t\t<\/div>\n\t\t<div class=\"elementor-element elementor-element-0cc8a7a elementor-hidden-mobile e-flex e-con-boxed e-con e-parent\" data-id=\"0cc8a7a\" data-element_type=\"container\" data-e-type=\"container\">\n\t\t\t\t\t<div class=\"e-con-inner\">\n\t\t<div class=\"elementor-element elementor-element-36a6c96 e-con-full e-flex e-con e-child\" data-id=\"36a6c96\" data-element_type=\"container\" data-e-type=\"container\">\n\t\t\t\t<div class=\"elementor-element elementor-element-37c7871 elementor-widget elementor-widget-heading\" data-id=\"37c7871\" data-element_type=\"widget\" data-e-type=\"widget\" data-widget_type=\"heading.default\">\n\t\t\t\t<div class=\"elementor-widget-container\">\n\t\t\t\t\t<h2 class=\"elementor-heading-title elementor-size-default\">Ce que nous faisons<\/h2>\t\t\t\t<\/div>\n\t\t\t\t<\/div>\n\t\t\t\t<div class=\"elementor-element elementor-element-ae3db48 elementor-widget elementor-widget-text-editor\" data-id=\"ae3db48\" data-element_type=\"widget\" data-e-type=\"widget\" data-widget_type=\"text-editor.default\">\n\t\t\t\t<div class=\"elementor-widget-container\">\n\t\t\t\t\t\t\t\t\t<p data-start=\"1210\" data-end=\"1427\">Nous proposons des excursions guid\u00e9es en buggy et quad con\u00e7ues pour tous les niveaux d&rsquo;exp\u00e9rience. Des d\u00e9butants aux amateurs de sensations fortes, nos excursions combinent v\u00e9hicules puissants, accompagnement expert et paysages d\u00e9sertiques \u00e0 couper le souffle. <\/p><p data-start=\"1429\" data-end=\"1523\">Chaque exp\u00e9rience est soigneusement planifi\u00e9e pour garantir un plaisir maximal sans compromettre la s\u00e9curit\u00e9.<\/p>\t\t\t\t\t\t\t\t<\/div>\n\t\t\t\t<\/div>\n\t\t\t\t<\/div>\n\t\t<div class=\"elementor-element elementor-element-364bcc9 e-con-full e-flex e-con e-child\" data-id=\"364bcc9\" data-element_type=\"container\" data-e-type=\"container\">\n\t\t\t\t<div class=\"elementor-element elementor-element-6ec4286 elementor-widget elementor-widget-heading\" data-id=\"6ec4286\" data-element_type=\"widget\" data-e-type=\"widget\" data-widget_type=\"heading.default\">\n\t\t\t\t<div class=\"elementor-widget-container\">\n\t\t\t\t\t<h2 class=\"elementor-heading-title elementor-size-default\">Pourquoi nous choisir<\/h2>\t\t\t\t<\/div>\n\t\t\t\t<\/div>\n\t\t\t\t<div class=\"elementor-element elementor-element-06aff12 elementor-widget elementor-widget-text-editor\" data-id=\"06aff12\" data-element_type=\"widget\" data-e-type=\"widget\" data-widget_type=\"text-editor.default\">\n\t\t\t\t<div class=\"elementor-widget-container\">\n\t\t\t\t\t\t\t\t\t<ul><li>Buggys et quads haute performance<\/li><li>Guides du d\u00e9sert professionnels et exp\u00e9riment\u00e9s<\/li><li>Parcours dans les dunes rouges (zone de Lahbab)<\/li><li>Petits groupes et excursions priv\u00e9es disponibles<\/li><li>Approche ax\u00e9e sur la s\u00e9curit\u00e9 avec \u00e9quipement complet inclus<\/li><\/ul>\t\t\t\t\t\t\t\t<\/div>\n\t\t\t\t<\/div>\n\t\t\t\t<\/div>\n\t\t<div class=\"elementor-element elementor-element-3b4f358 e-con-full e-flex e-con e-child\" data-id=\"3b4f358\" data-element_type=\"container\" data-e-type=\"container\">\n\t\t\t\t<div class=\"elementor-element elementor-element-83456b7 elementor-widget elementor-widget-heading\" data-id=\"83456b7\" data-element_type=\"widget\" data-e-type=\"widget\" data-widget_type=\"heading.default\">\n\t\t\t\t<div class=\"elementor-widget-container\">\n\t\t\t\t\t<h2 class=\"elementor-heading-title elementor-size-default\">Notre exp\u00e9rience<\/h2>\t\t\t\t<\/div>\n\t\t\t\t<\/div>\n\t\t\t\t<div class=\"elementor-element elementor-element-8e6a177 elementor-widget elementor-widget-text-editor\" data-id=\"8e6a177\" data-element_type=\"widget\" data-e-type=\"widget\" data-widget_type=\"text-editor.default\">\n\t\t\t\t<div class=\"elementor-widget-container\">\n\t\t\t\t\t\t\t\t\t<p>Notre \u00e9quipe poss\u00e8de des ann\u00e9es d&rsquo;exp\u00e9rience dans l&rsquo;organisation d&rsquo;excursions dans le d\u00e9sert \u00e0 Duba\u00ef. Nous connaissons les dunes, le terrain et comment cr\u00e9er l&rsquo;\u00e9quilibre parfait entre excitation et s\u00e9curit\u00e9. <\/p><p>Quand tu <a href=\"https:\/\/ultimatebuggiesandquadsdubai.com\/contact-us\/\">roules avec nous<\/a>, tu es entre de bonnes mains.<\/p>\t\t\t\t\t\t\t\t<\/div>\n\t\t\t\t<\/div>\n\t\t\t\t<\/div>\n\t\t\t\t\t<\/div>\n\t\t\t\t<\/div>\n\t\t<div class=\"elementor-element elementor-element-9421fbd e-flex e-con-boxed e-con e-parent\" data-id=\"9421fbd\" data-element_type=\"container\" data-e-type=\"container\">\n\t\t\t\t\t<div class=\"e-con-inner\">\n\t\t\t\t<div class=\"elementor-element elementor-element-d252fdb elementor-widget elementor-widget-heading\" data-id=\"d252fdb\" data-element_type=\"widget\" data-e-type=\"widget\" data-widget_type=\"heading.default\">\n\t\t\t\t<div class=\"elementor-widget-container\">\n\t\t\t\t\t<h2 class=\"elementor-heading-title elementor-size-default\">Exp\u00e9riences de nos clients<\/h2>\t\t\t\t<\/div>\n\t\t\t\t<\/div>\n\t\t\t\t<div class=\"elementor-element elementor-element-2b6aff7 elementor-testimonial--skin-default elementor-testimonial--layout-image_inline elementor-testimonial--align-center elementor-arrows-yes elementor-widget elementor-widget-testimonial-carousel\" data-id=\"2b6aff7\" data-element_type=\"widget\" data-e-type=\"widget\" data-settings=\"{&quot;slides_per_view&quot;:&quot;3&quot;,&quot;show_arrows&quot;:&quot;yes&quot;,&quot;speed&quot;:500,&quot;autoplay&quot;:&quot;yes&quot;,&quot;autoplay_speed&quot;:5000,&quot;loop&quot;:&quot;yes&quot;,&quot;pause_on_hover&quot;:&quot;yes&quot;,&quot;pause_on_interaction&quot;:&quot;yes&quot;,&quot;space_between&quot;:{&quot;unit&quot;:&quot;px&quot;,&quot;size&quot;:10,&quot;sizes&quot;:[]},&quot;space_between_tablet&quot;:{&quot;unit&quot;:&quot;px&quot;,&quot;size&quot;:10,&quot;sizes&quot;:[]},&quot;space_between_mobile&quot;:{&quot;unit&quot;:&quot;px&quot;,&quot;size&quot;:10,&quot;sizes&quot;:[]}}\" data-widget_type=\"testimonial-carousel.default\">\n\t\t\t\t<div class=\"elementor-widget-container\">\n\t\t\t\t\t\t\t\t\t<div class=\"elementor-swiper\">\n\t\t\t\t\t<div class=\"elementor-main-swiper swiper\" role=\"region\" aria-roledescription=\"carousel\" aria-label=\"Slides\">\n\t\t\t\t<div class=\"swiper-wrapper\">\n\t\t\t\t\t\t\t\t\t\t\t<div class=\"swiper-slide\" role=\"group\" aria-roledescription=\"slide\">\n\t\t\t\t\t\t\t\t\t<div class=\"elementor-testimonial\">\n\t\t\t\t\t\t\t<div class=\"elementor-testimonial__content\">\n\t\t\t\t\t<div class=\"elementor-testimonial__text\">\n\t\t\t\t\t\t<p>\u00ab Nous avons r\u00e9serv\u00e9 une excursion en Can-Am 2 places et c'\u00e9tait g\u00e9nial. Le personnel \u00e9tait professionnel, les casques et l'\u00e9quipement \u00e9taient parfaits, et le parcours \u00e9tait pittoresque avec beaucoup de sable ouvert pour s'amuser. Exp\u00e9rience vraiment fluide et bien organis\u00e9e. \u00bb<\/p>\n\t\t\t\t\t<\/div>\n\t\t\t\t\t\t\t\t\t<\/div>\n\t\t\t\t\t\t<div class=\"elementor-testimonial__footer\">\n\t\t\t\t\t\t\t\t<cite class=\"elementor-testimonial__cite\"><span class=\"elementor-testimonial__name\">Olivia H<\/span><span class=\"elementor-testimonial__title\">Londres<\/span><\/cite>\t\t\t<\/div>\n\t\t<\/div>\n\t\t\t\t\t\t\t\t<\/div>\n\t\t\t\t\t\t\t\t\t\t\t<div class=\"swiper-slide\" role=\"group\" aria-roledescription=\"slide\">\n\t\t\t\t\t\t\t\t\t<div class=\"elementor-testimonial\">\n\t\t\t\t\t\t\t<div class=\"elementor-testimonial__content\">\n\t\t\t\t\t<div class=\"elementor-testimonial__text\">\n\t\t\t\t\t\t<p>\u00ab Super exp\u00e9rience de quad \u00e0 Duba\u00ef ! Le briefing \u00e9tait clair, les guides \u00e9taient exp\u00e9riment\u00e9s, et tout \u00e9tait ax\u00e9 sur la s\u00e9curit\u00e9 et le plaisir. Mon partenaire et moi avons pass\u00e9 un moment fantastique \u2014 vraiment bien organis\u00e9. \u00bb<\/p>\n\t\t\t\t\t<\/div>\n\t\t\t\t\t\t\t\t\t<\/div>\n\t\t\t\t\t\t<div class=\"elementor-testimonial__footer\">\n\t\t\t\t\t\t\t\t<cite class=\"elementor-testimonial__cite\"><span class=\"elementor-testimonial__name\">Luca B<\/span><span class=\"elementor-testimonial__title\">Milan<\/span><\/cite>\t\t\t<\/div>\n\t\t<\/div>\n\t\t\t\t\t\t\t\t<\/div>\n\t\t\t\t\t\t\t\t\t\t\t<div class=\"swiper-slide\" role=\"group\" aria-roledescription=\"slide\">\n\t\t\t\t\t\t\t\t\t<div class=\"elementor-testimonial\">\n\t\t\t\t\t\t\t<div class=\"elementor-testimonial__content\">\n\t\t\t\t\t<div class=\"elementor-testimonial__text\">\n\t\t\t\t\t\t<p>\u00ab J'ai fait le safari en quad avec ma famille et nous avons tous ador\u00e9. Le personnel \u00e9tait sympathique, les v\u00e9hicules \u00e9taient en excellent \u00e9tat, et toute la balade \u00e9tait excitante sans \u00eatre dangereuse. Je le referais. \u00bb<\/p>\n\t\t\t\t\t<\/div>\n\t\t\t\t\t\t\t\t\t<\/div>\n\t\t\t\t\t\t<div class=\"elementor-testimonial__footer\">\n\t\t\t\t\t\t\t\t<cite class=\"elementor-testimonial__cite\"><span class=\"elementor-testimonial__name\">Ayesha K<\/span><span class=\"elementor-testimonial__title\">Duba\u00ef<\/span><\/cite>\t\t\t<\/div>\n\t\t<\/div>\n\t\t\t\t\t\t\t\t<\/div>\n\t\t\t\t\t\t\t\t\t\t\t<div class=\"swiper-slide\" role=\"group\" aria-roledescription=\"slide\">\n\t\t\t\t\t\t\t\t\t<div class=\"elementor-testimonial\">\n\t\t\t\t\t\t\t<div class=\"elementor-testimonial__content\">\n\t\t\t\t\t<div class=\"elementor-testimonial__text\">\n\t\t\t\t\t\t<p>\u00ab La balade en buggy 4\u00d74 a d\u00e9pass\u00e9 nos attentes. Excellent \u00e9quilibre entre adr\u00e9naline et vues panoramiques sur le d\u00e9sert. Quelque chose de diff\u00e9rent \u00e0 faire \u00e0 Duba\u00ef et vraiment \u00e7a vaut le coup. Instructions claires et bon accompagnement de l'\u00e9quipe. \u00bb<\/p>\n\t\t\t\t\t<\/div>\n\t\t\t\t\t\t\t\t\t<\/div>\n\t\t\t\t\t\t<div class=\"elementor-testimonial__footer\">\n\t\t\t\t\t\t\t\t<cite class=\"elementor-testimonial__cite\"><span class=\"elementor-testimonial__name\">Tyler S<\/span><span class=\"elementor-testimonial__title\">Toronto<\/span><\/cite>\t\t\t<\/div>\n\t\t<\/div>\n\t\t\t\t\t\t\t\t<\/div>\n\t\t\t\t\t\t\t\t\t\t\t<div class=\"swiper-slide\" role=\"group\" aria-roledescription=\"slide\">\n\t\t\t\t\t\t\t\t\t<div class=\"elementor-testimonial\">\n\t\t\t\t\t\t\t<div class=\"elementor-testimonial__content\">\n\t\t\t\t\t<div class=\"elementor-testimonial__text\">\n\t\t\t\t\t\t<p>\u00ab Nous avons r\u00e9serv\u00e9 une excursion priv\u00e9e en quad et c'\u00e9tait fantastique \u2014 rythme personnalis\u00e9, super soutien de l'\u00e9quipe, et dunes de sable incroyables. Parfait pour les amateurs d'aventure et super facile \u00e0 r\u00e9server et organiser. \u00bb<\/p>\n\t\t\t\t\t<\/div>\n\t\t\t\t\t\t\t\t\t<\/div>\n\t\t\t\t\t\t<div class=\"elementor-testimonial__footer\">\n\t\t\t\t\t\t\t\t<cite class=\"elementor-testimonial__cite\"><span class=\"elementor-testimonial__name\">Emma &amp; James P<\/span><span class=\"elementor-testimonial__title\">Sydney<\/span><\/cite>\t\t\t<\/div>\n\t\t<\/div>\n\t\t\t\t\t\t\t\t<\/div>\n\t\t\t\t\t\t\t\t\t<\/div>\n\t\t\t\t\t\t\t\t\t\t\t\t\t\t\t<div class=\"elementor-swiper-button elementor-swiper-button-prev\" role=\"button\" tabindex=\"0\" aria-label=\"Previous\">\n\t\t\t\t\t\t\t<svg aria-hidden=\"true\" class=\"e-font-icon-svg e-eicon-chevron-left\" viewBox=\"0 0 1000 1000\" xmlns=\"http:\/\/www.w3.org\/2000\/svg\"><path d=\"M646 125C629 125 613 133 604 142L308 442C296 454 292 471 292 487 292 504 296 521 308 533L604 854C617 867 629 875 646 875 663 875 679 871 692 858 704 846 713 829 713 812 713 796 708 779 692 767L438 487 692 225C700 217 708 204 708 187 708 171 704 154 692 142 675 129 663 125 646 125Z\"><\/path><\/svg>\t\t\t\t\t\t<\/div>\n\t\t\t\t\t\t<div class=\"elementor-swiper-button elementor-swiper-button-next\" role=\"button\" tabindex=\"0\" aria-label=\"Next\">\n\t\t\t\t\t\t\t<svg aria-hidden=\"true\" class=\"e-font-icon-svg e-eicon-chevron-right\" viewBox=\"0 0 1000 1000\" xmlns=\"http:\/\/www.w3.org\/2000\/svg\"><path d=\"M696 533C708 521 713 504 713 487 713 471 708 454 696 446L400 146C388 133 375 125 354 125 338 125 325 129 313 142 300 154 292 171 292 187 292 204 296 221 308 233L563 492 304 771C292 783 288 800 288 817 288 833 296 850 308 863 321 871 338 875 354 875 371 875 388 867 400 854L696 533Z\"><\/path><\/svg>\t\t\t\t\t\t<\/div>\n\t\t\t\t\t\t\t\t\t\t\t\t\t\t\t\t\t<\/div>\n\t\t\t\t<\/div>\n\t\t\t\t\t\t\t\t<\/div>\n\t\t\t\t<\/div>\n\t\t\t\t\t<\/div>\n\t\t\t\t<\/div>\n\t\t<div class=\"elementor-element elementor-element-ce1726f e-flex e-con-boxed e-con e-parent\" data-id=\"ce1726f\" data-element_type=\"container\" data-e-type=\"container\">\n\t\t\t\t\t<div class=\"e-con-inner\">\n\t\t\t\t<div class=\"elementor-element elementor-element-8fcaddf elementor-widget elementor-widget-text-editor\" data-id=\"8fcaddf\" data-element_type=\"widget\" data-e-type=\"widget\" data-widget_type=\"text-editor.default\">\n\t\t\t\t<div class=\"elementor-widget-container\">\n\t\t\t\t\t\t\t\t\t<p data-start=\"2056\" data-end=\"2109\">Pr\u00eat \u00e0 d\u00e9couvrir le d\u00e9sert de Duba\u00ef comme jamais auparavant ?<\/p><p data-start=\"2111\" data-end=\"2154\"><strong data-start=\"2111\" data-end=\"2154\">R\u00e9serve ton excursion en buggy ou quad d\u00e8s aujourd&rsquo;hui<\/strong><\/p>\t\t\t\t\t\t\t\t<\/div>\n\t\t\t\t<\/div>\n\t\t\t\t<div class=\"elementor-element elementor-element-0b13a0a elementor-mobile-align-center elementor-align-center elementor-widget elementor-widget-button\" data-id=\"0b13a0a\" data-element_type=\"widget\" data-e-type=\"widget\" data-widget_type=\"button.default\">\n\t\t\t\t<div class=\"elementor-widget-container\">\n\t\t\t\t\t\t\t\t\t<div class=\"elementor-button-wrapper\">\n\t\t\t\t\t<a class=\"elementor-button elementor-button-link elementor-size-sm elementor-animation-grow\" href=\"https:\/\/ultimatebuggiesandquadsdubai.com\/fr\/reserve-tes-tours-en-buggy-et-quad-a-dubai\/\">\n\t\t\t\t\t\t<span class=\"elementor-button-content-wrapper\">\n\t\t\t\t\t\t\t\t\t<span class=\"elementor-button-text\">R\u00e9serve ton aventure dans le d\u00e9sert<\/span>\n\t\t\t\t\t<\/span>\n\t\t\t\t\t<\/a>\n\t\t\t\t<\/div>\n\t\t\t\t\t\t\t\t<\/div>\n\t\t\t\t<\/div>\n\t\t\t\t\t<\/div>\n\t\t\t\t<\/div>\n\t\t\t\t<\/div>\n\t\t","protected":false},"excerpt":{"rendered":"<p>\u00c0 propos d&rsquo;Ultimate Buggies &amp; Quads Dubai Ultimate Buggies &amp; Quads Dubai est une entreprise d&rsquo;aventures dans le d\u00e9sert de confiance sp\u00e9cialis\u00e9e dans les excursions premium en buggy et quad dans les dunes rouges embl\u00e9matiques de Duba\u00ef. Notre mission est simple : offrir des exp\u00e9riences hors-piste s\u00fbres, palpitantes et inoubliables dans l&rsquo;un des paysages d\u00e9sertiques [&hellip;]<\/p>\n","protected":false},"author":2,"featured_media":0,"parent":0,"menu_order":0,"comment_status":"closed","ping_status":"closed","template":"","meta":{"footnotes":""},"class_list":["post-2039","page","type-page","status-publish","hentry"],"yoast_head":"<!-- This site is optimized with the Yoast SEO plugin v27.4 - https:\/\/yoast.com\/product\/yoast-seo-wordpress\/ -->\n<title>\u00c0 propos de nous | Ultimate Buggies &amp; Quads Dubai<\/title>\n<meta name=\"description\" content=\"D\u00e9couvre Ultimate Buggies &amp; Quads Dubai, une entreprise d&#039;aventures dans le d\u00e9sert de confiance proposant des excursions premium en buggy et quad dans les dunes rouges de Duba\u00ef.\" \/>\n<meta name=\"robots\" content=\"index, follow, max-snippet:-1, max-image-preview:large, max-video-preview:-1\" \/>\n<link rel=\"canonical\" href=\"https:\/\/ultimatebuggiesandquadsdubai.com\/fr\/a-propos-de-nous\/\" \/>\n<meta property=\"og:locale\" content=\"fr_FR\" \/>\n<meta property=\"og:type\" content=\"article\" \/>\n<meta property=\"og:title\" content=\"\u00c0 propos de nous | Ultimate Buggies &amp; Quads Dubai\" \/>\n<meta property=\"og:description\" content=\"D\u00e9couvre Ultimate Buggies &amp; Quads Dubai, une entreprise d&#039;aventures dans le d\u00e9sert de confiance proposant des excursions premium en buggy et quad dans les dunes rouges de Duba\u00ef.\" \/>\n<meta property=\"og:url\" content=\"https:\/\/ultimatebuggiesandquadsdubai.com\/fr\/a-propos-de-nous\/\" \/>\n<meta property=\"og:site_name\" content=\"Ultimate Buggies and Quads Dubai\" \/>\n<meta property=\"article:modified_time\" content=\"2026-02-27T12:49:37+00:00\" \/>\n<meta name=\"twitter:card\" content=\"summary_large_image\" \/>\n<meta name=\"twitter:label1\" content=\"Dur\u00e9e de lecture estim\u00e9e\" \/>\n\t<meta name=\"twitter:data1\" content=\"2 minutes\" \/>\n<script type=\"application\/ld+json\" class=\"yoast-schema-graph\">{\"@context\":\"https:\\\/\\\/schema.org\",\"@graph\":[{\"@type\":\"WebPage\",\"@id\":\"https:\\\/\\\/ultimatebuggiesandquadsdubai.com\\\/fr\\\/a-propos-de-nous\\\/\",\"url\":\"https:\\\/\\\/ultimatebuggiesandquadsdubai.com\\\/fr\\\/a-propos-de-nous\\\/\",\"name\":\"\u00c0 propos de nous | Ultimate Buggies & Quads Dubai\",\"isPartOf\":{\"@id\":\"https:\\\/\\\/ultimatebuggiesandquadsdubai.com\\\/fr\\\/#website\"},\"datePublished\":\"2025-04-15T09:21:26+00:00\",\"dateModified\":\"2026-02-27T12:49:37+00:00\",\"description\":\"D\u00e9couvre Ultimate Buggies & Quads Dubai, une entreprise d'aventures dans le d\u00e9sert de confiance proposant des excursions premium en buggy et quad dans les dunes rouges de Duba\u00ef.\",\"breadcrumb\":{\"@id\":\"https:\\\/\\\/ultimatebuggiesandquadsdubai.com\\\/fr\\\/a-propos-de-nous\\\/#breadcrumb\"},\"inLanguage\":\"fr-FR\",\"potentialAction\":[{\"@type\":\"ReadAction\",\"target\":[\"https:\\\/\\\/ultimatebuggiesandquadsdubai.com\\\/fr\\\/a-propos-de-nous\\\/\"]}]},{\"@type\":\"BreadcrumbList\",\"@id\":\"https:\\\/\\\/ultimatebuggiesandquadsdubai.com\\\/fr\\\/a-propos-de-nous\\\/#breadcrumb\",\"itemListElement\":[{\"@type\":\"ListItem\",\"position\":1,\"name\":\"Home\",\"item\":\"https:\\\/\\\/ultimatebuggiesandquadsdubai.com\\\/fr\\\/\"},{\"@type\":\"ListItem\",\"position\":2,\"name\":\"\u00c0 propos de nous\"}]},{\"@type\":\"WebSite\",\"@id\":\"https:\\\/\\\/ultimatebuggiesandquadsdubai.com\\\/fr\\\/#website\",\"url\":\"https:\\\/\\\/ultimatebuggiesandquadsdubai.com\\\/fr\\\/\",\"name\":\"Ultimate Buggies and Quads Dubai\",\"description\":\"\",\"publisher\":{\"@id\":\"https:\\\/\\\/ultimatebuggiesandquadsdubai.com\\\/fr\\\/#organization\"},\"potentialAction\":[{\"@type\":\"SearchAction\",\"target\":{\"@type\":\"EntryPoint\",\"urlTemplate\":\"https:\\\/\\\/ultimatebuggiesandquadsdubai.com\\\/fr\\\/?s={search_term_string}\"},\"query-input\":{\"@type\":\"PropertyValueSpecification\",\"valueRequired\":true,\"valueName\":\"search_term_string\"}}],\"inLanguage\":\"fr-FR\"},{\"@type\":\"Organization\",\"@id\":\"https:\\\/\\\/ultimatebuggiesandquadsdubai.com\\\/fr\\\/#organization\",\"name\":\"Ultimate Buggies and Quads Dubai\",\"url\":\"https:\\\/\\\/ultimatebuggiesandquadsdubai.com\\\/fr\\\/\",\"logo\":{\"@type\":\"ImageObject\",\"inLanguage\":\"fr-FR\",\"@id\":\"https:\\\/\\\/ultimatebuggiesandquadsdubai.com\\\/fr\\\/#\\\/schema\\\/logo\\\/image\\\/\",\"url\":\"https:\\\/\\\/ultimatebuggiesandquadsdubai.com\\\/wp-content\\\/uploads\\\/2025\\\/02\\\/logo-final-white-dubai.png\",\"contentUrl\":\"https:\\\/\\\/ultimatebuggiesandquadsdubai.com\\\/wp-content\\\/uploads\\\/2025\\\/02\\\/logo-final-white-dubai.png\",\"width\":745,\"height\":366,\"caption\":\"Ultimate Buggies and Quads Dubai\"},\"image\":{\"@id\":\"https:\\\/\\\/ultimatebuggiesandquadsdubai.com\\\/fr\\\/#\\\/schema\\\/logo\\\/image\\\/\"}}]}<\/script>\n<!-- \/ Yoast SEO plugin. -->","yoast_head_json":{"title":"\u00c0 propos de nous | Ultimate Buggies & Quads Dubai","description":"D\u00e9couvre Ultimate Buggies & Quads Dubai, une entreprise d'aventures dans le d\u00e9sert de confiance proposant des excursions premium en buggy et quad dans les dunes rouges de Duba\u00ef.","robots":{"index":"index","follow":"follow","max-snippet":"max-snippet:-1","max-image-preview":"max-image-preview:large","max-video-preview":"max-video-preview:-1"},"canonical":"https:\/\/ultimatebuggiesandquadsdubai.com\/fr\/a-propos-de-nous\/","og_locale":"fr_FR","og_type":"article","og_title":"\u00c0 propos de nous | Ultimate Buggies & Quads Dubai","og_description":"D\u00e9couvre Ultimate Buggies & Quads Dubai, une entreprise d'aventures dans le d\u00e9sert de confiance proposant des excursions premium en buggy et quad dans les dunes rouges de Duba\u00ef.","og_url":"https:\/\/ultimatebuggiesandquadsdubai.com\/fr\/a-propos-de-nous\/","og_site_name":"Ultimate Buggies and Quads Dubai","article_modified_time":"2026-02-27T12:49:37+00:00","twitter_card":"summary_large_image","twitter_misc":{"Dur\u00e9e de lecture estim\u00e9e":"2 minutes"},"schema":{"@context":"https:\/\/schema.org","@graph":[{"@type":"WebPage","@id":"https:\/\/ultimatebuggiesandquadsdubai.com\/fr\/a-propos-de-nous\/","url":"https:\/\/ultimatebuggiesandquadsdubai.com\/fr\/a-propos-de-nous\/","name":"\u00c0 propos de nous | Ultimate Buggies & Quads Dubai","isPartOf":{"@id":"https:\/\/ultimatebuggiesandquadsdubai.com\/fr\/#website"},"datePublished":"2025-04-15T09:21:26+00:00","dateModified":"2026-02-27T12:49:37+00:00","description":"D\u00e9couvre Ultimate Buggies & Quads Dubai, une entreprise d'aventures dans le d\u00e9sert de confiance proposant des excursions premium en buggy et quad dans les dunes rouges de Duba\u00ef.","breadcrumb":{"@id":"https:\/\/ultimatebuggiesandquadsdubai.com\/fr\/a-propos-de-nous\/#breadcrumb"},"inLanguage":"fr-FR","potentialAction":[{"@type":"ReadAction","target":["https:\/\/ultimatebuggiesandquadsdubai.com\/fr\/a-propos-de-nous\/"]}]},{"@type":"BreadcrumbList","@id":"https:\/\/ultimatebuggiesandquadsdubai.com\/fr\/a-propos-de-nous\/#breadcrumb","itemListElement":[{"@type":"ListItem","position":1,"name":"Home","item":"https:\/\/ultimatebuggiesandquadsdubai.com\/fr\/"},{"@type":"ListItem","position":2,"name":"\u00c0 propos de nous"}]},{"@type":"WebSite","@id":"https:\/\/ultimatebuggiesandquadsdubai.com\/fr\/#website","url":"https:\/\/ultimatebuggiesandquadsdubai.com\/fr\/","name":"Ultimate Buggies and Quads Dubai","description":"","publisher":{"@id":"https:\/\/ultimatebuggiesandquadsdubai.com\/fr\/#organization"},"potentialAction":[{"@type":"SearchAction","target":{"@type":"EntryPoint","urlTemplate":"https:\/\/ultimatebuggiesandquadsdubai.com\/fr\/?s={search_term_string}"},"query-input":{"@type":"PropertyValueSpecification","valueRequired":true,"valueName":"search_term_string"}}],"inLanguage":"fr-FR"},{"@type":"Organization","@id":"https:\/\/ultimatebuggiesandquadsdubai.com\/fr\/#organization","name":"Ultimate Buggies and Quads Dubai","url":"https:\/\/ultimatebuggiesandquadsdubai.com\/fr\/","logo":{"@type":"ImageObject","inLanguage":"fr-FR","@id":"https:\/\/ultimatebuggiesandquadsdubai.com\/fr\/#\/schema\/logo\/image\/","url":"https:\/\/ultimatebuggiesandquadsdubai.com\/wp-content\/uploads\/2025\/02\/logo-final-white-dubai.png","contentUrl":"https:\/\/ultimatebuggiesandquadsdubai.com\/wp-content\/uploads\/2025\/02\/logo-final-white-dubai.png","width":745,"height":366,"caption":"Ultimate Buggies and Quads Dubai"},"image":{"@id":"https:\/\/ultimatebuggiesandquadsdubai.com\/fr\/#\/schema\/logo\/image\/"}}]}},"_links":{"self":[{"href":"https:\/\/ultimatebuggiesandquadsdubai.com\/fr\/wp-json\/wp\/v2\/pages\/2039","targetHints":{"allow":["GET"]}}],"collection":[{"href":"https:\/\/ultimatebuggiesandquadsdubai.com\/fr\/wp-json\/wp\/v2\/pages"}],"about":[{"href":"https:\/\/ultimatebuggiesandquadsdubai.com\/fr\/wp-json\/wp\/v2\/types\/page"}],"author":[{"embeddable":true,"href":"https:\/\/ultimatebuggiesandquadsdubai.com\/fr\/wp-json\/wp\/v2\/users\/2"}],"replies":[{"embeddable":true,"href":"https:\/\/ultimatebuggiesandquadsdubai.com\/fr\/wp-json\/wp\/v2\/comments?post=2039"}],"version-history":[{"count":1,"href":"https:\/\/ultimatebuggiesandquadsdubai.com\/fr\/wp-json\/wp\/v2\/pages\/2039\/revisions"}],"predecessor-version":[{"id":2040,"href":"https:\/\/ultimatebuggiesandquadsdubai.com\/fr\/wp-json\/wp\/v2\/pages\/2039\/revisions\/2040"}],"wp:attachment":[{"href":"https:\/\/ultimatebuggiesandquadsdubai.com\/fr\/wp-json\/wp\/v2\/media?parent=2039"}],"curies":[{"name":"wp","href":"https:\/\/api.w.org\/{rel}","templated":true}]}}