{"id":1990,"date":"2025-11-19T10:55:58","date_gmt":"2025-11-19T10:55:58","guid":{"rendered":"https:\/\/ultimatebuggiesandquadsdubai.com\/buggy-polaris-2-places-dubai\/"},"modified":"2026-02-27T12:47:34","modified_gmt":"2026-02-27T12:47:34","slug":"buggy-polaris-2-places-dubai","status":"publish","type":"page","link":"https:\/\/ultimatebuggiesandquadsdubai.com\/fr\/buggy-polaris-2-places-dubai\/","title":{"rendered":"Buggy Polaris 2 places Duba\u00ef"},"content":{"rendered":"\t\t<div data-elementor-type=\"wp-page\" data-elementor-id=\"1990\" class=\"elementor elementor-1990 elementor-536\" data-elementor-post-type=\"page\">\n\t\t\t\t\t\t<section class=\"elementor-section elementor-top-section elementor-element elementor-element-6490b89c elementor-section-height-min-height elementor-section-boxed elementor-section-height-default elementor-section-items-middle\" data-id=\"6490b89c\" data-element_type=\"section\" data-e-type=\"section\" data-settings=\"{&quot;background_background&quot;:&quot;classic&quot;}\">\n\t\t\t\t\t\t\t<div class=\"elementor-background-overlay\"><\/div>\n\t\t\t\t\t\t\t<div class=\"elementor-container elementor-column-gap-no\">\n\t\t\t\t\t<div class=\"elementor-column elementor-col-100 elementor-top-column elementor-element elementor-element-1f39d2de\" data-id=\"1f39d2de\" data-element_type=\"column\" data-e-type=\"column\">\n\t\t\t<div class=\"elementor-widget-wrap elementor-element-populated\">\n\t\t\t\t\t\t<div class=\"elementor-element elementor-element-979a8e5 elementor-invisible elementor-widget elementor-widget-heading\" data-id=\"979a8e5\" data-element_type=\"widget\" data-e-type=\"widget\" data-settings=\"{&quot;_animation&quot;:&quot;slideInDown&quot;}\" data-widget_type=\"heading.default\">\n\t\t\t\t<div class=\"elementor-widget-container\">\n\t\t\t\t\t<h1 class=\"elementor-heading-title elementor-size-xl\">Tour en buggy Polaris 2 places d'1 heure \u2013 Aventure dans le d\u00e9sert de Duba\u00ef<\/h1>\t\t\t\t<\/div>\n\t\t\t\t<\/div>\n\t\t\t\t\t<\/div>\n\t\t<\/div>\n\t\t\t\t\t<\/div>\n\t\t<\/section>\n\t\t\t\t<section class=\"elementor-section elementor-top-section elementor-element elementor-element-90da9e3 elementor-section-boxed elementor-section-height-default elementor-section-height-default\" data-id=\"90da9e3\" data-element_type=\"section\" data-e-type=\"section\">\n\t\t\t\t\t\t<div class=\"elementor-container elementor-column-gap-no\">\n\t\t\t\t\t<div class=\"elementor-column elementor-col-50 elementor-top-column elementor-element elementor-element-146c540\" data-id=\"146c540\" data-element_type=\"column\" data-e-type=\"column\">\n\t\t\t<div class=\"elementor-widget-wrap elementor-element-populated\">\n\t\t\t\t\t\t<div class=\"elementor-element elementor-element-bf7e19e elementor-widget elementor-widget-text-editor\" data-id=\"bf7e19e\" data-element_type=\"widget\" data-e-type=\"widget\" data-widget_type=\"text-editor.default\">\n\t\t\t\t<div class=\"elementor-widget-container\">\n\t\t\t\t\t\t\t\t\t<p class=\"p1\">Affronte les embl\u00e9matiques dunes rouges de Duba\u00ef au volant d&rsquo;un <strong data-start=\"979\" data-end=\"1005\">buggy Polaris 2 places<\/strong>. Cette <a href=\"https:\/\/ultimatebuggiesandquadsdubai.com\/fr\/quad-a-dubai\/\">exp\u00e9rience guid\u00e9e d&rsquo;1 heure dans le d\u00e9sert<\/a> allie conduite haute performance et paysages \u00e9poustouflants \u2014 parfait pour les couples, les amis et les amateurs d&rsquo;aventure. <\/p>\t\t\t\t\t\t\t\t<\/div>\n\t\t\t\t<\/div>\n\t\t\t\t<div class=\"elementor-element elementor-element-a7d3111 elementor-widget elementor-widget-shortcode\" data-id=\"a7d3111\" data-element_type=\"widget\" data-e-type=\"widget\" data-widget_type=\"shortcode.default\">\n\t\t\t\t<div class=\"elementor-widget-container\">\n\t\t\t\t\t\t\t<div class=\"elementor-shortcode\">\n          <div class=\"turitop_bswp_button_box_wrap\">\n\n                  <div class=\"load-turitop loading-turitop turitop_booking_system_box_button\"  data-service=\"P24\"  data-embed=\"box\" data-buttoncolor=\"green\" ><\/div>\n\n          <\/div>\n\n          <\/div>\n\t\t\t\t\t\t<\/div>\n\t\t\t\t<\/div>\n\t\t\t\t\t<\/div>\n\t\t<\/div>\n\t\t\t\t<div class=\"elementor-column elementor-col-50 elementor-top-column elementor-element elementor-element-ba57066\" data-id=\"ba57066\" data-element_type=\"column\" data-e-type=\"column\">\n\t\t\t<div class=\"elementor-widget-wrap elementor-element-populated\">\n\t\t\t\t\t\t<div class=\"elementor-element elementor-element-3d6ee70 elementor-arrows-position-inside elementor-widget elementor-widget-image-carousel\" data-id=\"3d6ee70\" data-element_type=\"widget\" data-e-type=\"widget\" data-settings=\"{&quot;slides_to_show&quot;:&quot;1&quot;,&quot;navigation&quot;:&quot;arrows&quot;,&quot;autoplay&quot;:&quot;yes&quot;,&quot;pause_on_hover&quot;:&quot;yes&quot;,&quot;pause_on_interaction&quot;:&quot;yes&quot;,&quot;autoplay_speed&quot;:5000,&quot;infinite&quot;:&quot;yes&quot;,&quot;effect&quot;:&quot;slide&quot;,&quot;speed&quot;:500}\" data-widget_type=\"image-carousel.default\">\n\t\t\t\t<div class=\"elementor-widget-container\">\n\t\t\t\t\t\t\t<div class=\"elementor-image-carousel-wrapper swiper\" role=\"region\" aria-roledescription=\"carousel\" aria-label=\"Image Carousel\" dir=\"ltr\">\n\t\t\t<div class=\"elementor-image-carousel swiper-wrapper\" aria-live=\"off\">\n\t\t\t\t\t\t\t\t<div class=\"swiper-slide\" role=\"group\" aria-roledescription=\"slide\" aria-label=\"1 sur 4\"><figure class=\"swiper-slide-inner\"><img decoding=\"async\" class=\"swiper-slide-image\" src=\"https:\/\/ultimatebuggiesandquadsdubai.com\/wp-content\/uploads\/2025\/04\/DSC02579-opt-1024x682.jpg\" alt=\"Conduite de buggy Polaris monoplace dans les dunes de sable de Duba\u00ef\" \/><\/figure><\/div><div class=\"swiper-slide\" role=\"group\" aria-roledescription=\"slide\" aria-label=\"2 sur 4\"><figure class=\"swiper-slide-inner\"><img decoding=\"async\" class=\"swiper-slide-image\" src=\"https:\/\/ultimatebuggiesandquadsdubai.com\/wp-content\/uploads\/2025\/04\/DSC02580-opt-1024x682.jpg\" alt=\"Buggy Polaris 2 places gar\u00e9 dans les dunes de sable de Duba\u00ef\" \/><\/figure><\/div><div class=\"swiper-slide\" role=\"group\" aria-roledescription=\"slide\" aria-label=\"3 sur 4\"><figure class=\"swiper-slide-inner\"><img decoding=\"async\" class=\"swiper-slide-image\" src=\"https:\/\/ultimatebuggiesandquadsdubai.com\/wp-content\/uploads\/2025\/04\/DSC02581-opt-1024x682.jpg\" alt=\"Buggy Polaris dans les sables rouges de Duba\u00ef\" \/><\/figure><\/div><div class=\"swiper-slide\" role=\"group\" aria-roledescription=\"slide\" aria-label=\"4 sur 4\"><figure class=\"swiper-slide-inner\"><img decoding=\"async\" class=\"swiper-slide-image\" src=\"https:\/\/ultimatebuggiesandquadsdubai.com\/wp-content\/uploads\/2025\/04\/DSC02582-opt-1024x682.jpg\" alt=\"tour guid\u00e9 en buggy Polaris 2 places\" \/><\/figure><\/div>\t\t\t<\/div>\n\t\t\t\t\t\t\t\t\t\t\t\t<div class=\"elementor-swiper-button elementor-swiper-button-prev\" role=\"button\" tabindex=\"0\">\n\t\t\t\t\t\t<svg aria-hidden=\"true\" class=\"e-font-icon-svg e-eicon-chevron-left\" viewBox=\"0 0 1000 1000\" xmlns=\"http:\/\/www.w3.org\/2000\/svg\"><path d=\"M646 125C629 125 613 133 604 142L308 442C296 454 292 471 292 487 292 504 296 521 308 533L604 854C617 867 629 875 646 875 663 875 679 871 692 858 704 846 713 829 713 812 713 796 708 779 692 767L438 487 692 225C700 217 708 204 708 187 708 171 704 154 692 142 675 129 663 125 646 125Z\"><\/path><\/svg>\t\t\t\t\t<\/div>\n\t\t\t\t\t<div class=\"elementor-swiper-button elementor-swiper-button-next\" role=\"button\" tabindex=\"0\">\n\t\t\t\t\t\t<svg aria-hidden=\"true\" class=\"e-font-icon-svg e-eicon-chevron-right\" viewBox=\"0 0 1000 1000\" xmlns=\"http:\/\/www.w3.org\/2000\/svg\"><path d=\"M696 533C708 521 713 504 713 487 713 471 708 454 696 446L400 146C388 133 375 125 354 125 338 125 325 129 313 142 300 154 292 171 292 187 292 204 296 221 308 233L563 492 304 771C292 783 288 800 288 817 288 833 296 850 308 863 321 871 338 875 354 875 371 875 388 867 400 854L696 533Z\"><\/path><\/svg>\t\t\t\t\t<\/div>\n\t\t\t\t\n\t\t\t\t\t\t\t\t\t<\/div>\n\t\t\t\t\t\t<\/div>\n\t\t\t\t<\/div>\n\t\t\t\t<div class=\"elementor-element elementor-element-0a05d79 elementor-widget elementor-widget-heading\" data-id=\"0a05d79\" data-element_type=\"widget\" data-e-type=\"widget\" data-widget_type=\"heading.default\">\n\t\t\t\t<div class=\"elementor-widget-container\">\n\t\t\t\t\t<h2 class=\"elementor-heading-title elementor-size-xl\">\u00c0 propos du buggy Polaris 2 places<\/h2>\t\t\t\t<\/div>\n\t\t\t\t<\/div>\n\t\t\t\t<div class=\"elementor-element elementor-element-3c1aa1b elementor-widget elementor-widget-text-editor\" data-id=\"3c1aa1b\" data-element_type=\"widget\" data-e-type=\"widget\" data-widget_type=\"text-editor.default\">\n\t\t\t\t<div class=\"elementor-widget-container\">\n\t\t\t\t\t\t\t\t\t<p data-start=\"1199\" data-end=\"1396\">Nos buggys Polaris 2 places sont con\u00e7us pour le plaisir, la puissance et le contr\u00f4le. Confortables et robustes, ces machines sont id\u00e9ales pour partager le frisson avec un partenaire ou un ami \u00e0 travers les dunes de Lahbab. <\/p><p data-start=\"1398\" data-end=\"1591\">Dot\u00e9 d&rsquo;une maniabilit\u00e9 r\u00e9active et d&rsquo;un design moderne, ce buggy donne vie \u00e0 la conduite dans le d\u00e9sert.<\/p>\t\t\t\t\t\t\t\t<\/div>\n\t\t\t\t<\/div>\n\t\t\t\t<div class=\"elementor-element elementor-element-e54dc4c elementor-widget elementor-widget-heading\" data-id=\"e54dc4c\" data-element_type=\"widget\" data-e-type=\"widget\" data-widget_type=\"heading.default\">\n\t\t\t\t<div class=\"elementor-widget-container\">\n\t\t\t\t\t<h2 class=\"elementor-heading-title elementor-size-xl\">Pr\u00eat pour l'aventure de ta vie ?<\/h2>\t\t\t\t<\/div>\n\t\t\t\t<\/div>\n\t\t\t\t<div class=\"elementor-element elementor-element-7c49a66 elementor-widget elementor-widget-text-editor\" data-id=\"7c49a66\" data-element_type=\"widget\" data-e-type=\"widget\" data-widget_type=\"text-editor.default\">\n\t\t\t\t<div class=\"elementor-widget-container\">\n\t\t\t\t\t\t\t\t\t<p><a href=\"https:\/\/ultimatebuggiesandquadsdubai.com\/fr\/reserve-tes-tours-en-buggy-et-quad-a-dubai\/\"><strong>R\u00e9serve ton tour en buggy Polaris 2 places d&rsquo;1 heure d\u00e8s aujourd&rsquo;hui<\/strong><\/a><\/p>\t\t\t\t\t\t\t\t<\/div>\n\t\t\t\t<\/div>\n\t\t\t\t\t<\/div>\n\t\t<\/div>\n\t\t\t\t\t<\/div>\n\t\t<\/section>\n\t\t<div class=\"elementor-element elementor-element-f7ce06e e-flex e-con-boxed e-con e-parent\" data-id=\"f7ce06e\" data-element_type=\"container\" data-e-type=\"container\">\n\t\t\t\t\t<div class=\"e-con-inner\">\n\t\t<div class=\"elementor-element elementor-element-063901e e-con-full e-flex e-con e-child\" data-id=\"063901e\" data-element_type=\"container\" data-e-type=\"container\">\n\t\t\t\t<div class=\"elementor-element elementor-element-a2f6aab elementor-widget elementor-widget-heading\" data-id=\"a2f6aab\" data-element_type=\"widget\" data-e-type=\"widget\" data-widget_type=\"heading.default\">\n\t\t\t\t<div class=\"elementor-widget-container\">\n\t\t\t\t\t<h2 class=\"elementor-heading-title elementor-size-default\">\u00c0 quoi s'attendre<\/h2>\t\t\t\t<\/div>\n\t\t\t\t<\/div>\n\t\t\t\t<div class=\"elementor-element elementor-element-b3230e3 elementor-widget elementor-widget-text-editor\" data-id=\"b3230e3\" data-element_type=\"widget\" data-e-type=\"widget\" data-widget_type=\"text-editor.default\">\n\t\t\t\t<div class=\"elementor-widget-container\">\n\t\t\t\t\t\t\t\t\t<ul><li>Briefing de bienvenue et consignes de s\u00e9curit\u00e9<\/li><li>Tour guid\u00e9 d&rsquo;1 heure en <a href=\"https:\/\/ultimatebuggiesandquadsdubai.com\/fr\/safari-en-buggy-et-quad-a-dubai\/\">buggy<\/a> Polaris<\/li><li>Routes d\u00e9sertiques chaudes avec des points de vue panoramiques<\/li><li>Prise en charge &amp; retour \u00e0 l&rsquo;h\u00f4tel gratuits<\/li><li><a href=\"\/\">Arr\u00eats photo pr\u00e9vus pour des souvenirs<\/a><\/li><\/ul><p>Que tu recherches une pouss\u00e9e d&rsquo;adr\u00e9naline ou une exp\u00e9rience partag\u00e9e amusante, ce <a href=\"https:\/\/ultimatebuggiesandquadsdubai.com\/fr\/buggy-des-dunes-a-dubai\/\">tour en buggy<\/a> Polaris offre les deux.<\/p>\t\t\t\t\t\t\t\t<\/div>\n\t\t\t\t<\/div>\n\t\t\t\t<\/div>\n\t\t<div class=\"elementor-element elementor-element-f22ef00 e-con-full e-flex e-con e-child\" data-id=\"f22ef00\" data-element_type=\"container\" data-e-type=\"container\">\n\t\t\t\t<div class=\"elementor-element elementor-element-6358034 elementor-widget elementor-widget-heading\" data-id=\"6358034\" data-element_type=\"widget\" data-e-type=\"widget\" data-widget_type=\"heading.default\">\n\t\t\t\t<div class=\"elementor-widget-container\">\n\t\t\t\t\t<h2 class=\"elementor-heading-title elementor-size-default\">\u00c0 qui s\u2019adresse ce tour<\/h2>\t\t\t\t<\/div>\n\t\t\t\t<\/div>\n\t\t\t\t<div class=\"elementor-element elementor-element-700e97b elementor-widget elementor-widget-text-editor\" data-id=\"700e97b\" data-element_type=\"widget\" data-e-type=\"widget\" data-widget_type=\"text-editor.default\">\n\t\t\t\t<div class=\"elementor-widget-container\">\n\t\t\t\t\t\t\t\t\t<p>Parfait pour :<\/p><ul><li>Pilotes de buggy d\u00e9butants<\/li><li>Les amateurs d\u2019aventure<\/li><li>Les couples et les amis<\/li><li>Petits groupes \u00e0 la recherche de sensations fortes partag\u00e9es<\/li><\/ul><p><a href=\"https:\/\/ultimatebuggiesandquadsdubai.com\/faqs\/\">Aucune exp\u00e9rience pr\u00e9alable requise<\/a> \u2014 juste un sens de l&rsquo;aventure.<\/p>\t\t\t\t\t\t\t\t<\/div>\n\t\t\t\t<\/div>\n\t\t\t\t<\/div>\n\t\t<div class=\"elementor-element elementor-element-6fae5b3 e-con-full e-flex e-con e-child\" data-id=\"6fae5b3\" data-element_type=\"container\" data-e-type=\"container\">\n\t\t\t\t<div class=\"elementor-element elementor-element-23a2c46 elementor-widget elementor-widget-heading\" data-id=\"23a2c46\" data-element_type=\"widget\" data-e-type=\"widget\" data-widget_type=\"heading.default\">\n\t\t\t\t<div class=\"elementor-widget-container\">\n\t\t\t\t\t<h2 class=\"elementor-heading-title elementor-size-default\">Commodit\u00e9 &amp; Confort<\/h2>\t\t\t\t<\/div>\n\t\t\t\t<\/div>\n\t\t\t\t<div class=\"elementor-element elementor-element-cfc6d7c elementor-widget elementor-widget-text-editor\" data-id=\"cfc6d7c\" data-element_type=\"widget\" data-e-type=\"widget\" data-widget_type=\"text-editor.default\">\n\t\t\t\t<div class=\"elementor-widget-container\">\n\t\t\t\t\t\t\t\t\t<p>Ce tour comprend :<\/p><ul><li>Prise en charge et retour gratuits<\/li><li>Guides professionnels du d\u00e9sert<\/li><li>Briefing de s\u00e9curit\u00e9 et \u00e9quipement<\/li><li>Cr\u00e9neaux flexibles le matin et l&rsquo;apr\u00e8s-midi<\/li><li><a href=\"\/\">Buggys Polaris bien entretenus<\/a><\/li><\/ul><p>Nous rendons l&rsquo;exp\u00e9rience facile, s\u00fbre et inoubliable.<\/p>\t\t\t\t\t\t\t\t<\/div>\n\t\t\t\t<\/div>\n\t\t\t\t<\/div>\n\t\t\t\t\t<\/div>\n\t\t\t\t<\/div>\n\t\t\t\t<\/div>\n\t\t","protected":false},"excerpt":{"rendered":"<p>Tour en buggy Polaris 2 places d&rsquo;1 heure \u2013 Aventure dans le d\u00e9sert de Duba\u00ef Affronte les embl\u00e9matiques dunes rouges de Duba\u00ef au volant d&rsquo;un buggy Polaris 2 places. Cette exp\u00e9rience guid\u00e9e d&rsquo;1 heure dans le d\u00e9sert allie conduite haute performance et paysages \u00e9poustouflants \u2014 parfait pour les couples, les amis et les amateurs d&rsquo;aventure. [&hellip;]<\/p>\n","protected":false},"author":2,"featured_media":0,"parent":0,"menu_order":0,"comment_status":"closed","ping_status":"closed","template":"","meta":{"footnotes":""},"class_list":["post-1990","page","type-page","status-publish","hentry"],"yoast_head":"<!-- This site is optimized with the Yoast SEO plugin v27.4 - https:\/\/yoast.com\/product\/yoast-seo-wordpress\/ -->\n<title>Buggy Polaris 2 places Duba\u00ef | 1 heure d&#039;aventure dans le d\u00e9sert<\/title>\n<meta name=\"description\" content=\"Conduis un puissant buggy Polaris 2 places \u00e0 travers les dunes rouges de Duba\u00ef. Tour guid\u00e9 dans le d\u00e9sert avec prise en charge, \u00e9quipement de s\u00e9curit\u00e9 &amp; guides experts. R\u00e9serve ton tour en buggy Polaris maintenant.\" \/>\n<meta name=\"robots\" content=\"index, follow, max-snippet:-1, max-image-preview:large, max-video-preview:-1\" \/>\n<link rel=\"canonical\" href=\"https:\/\/ultimatebuggiesandquadsdubai.com\/fr\/buggy-polaris-2-places-dubai\/\" \/>\n<meta property=\"og:locale\" content=\"fr_FR\" \/>\n<meta property=\"og:type\" content=\"article\" \/>\n<meta property=\"og:title\" content=\"Buggy Polaris 2 places Duba\u00ef | 1 heure d&#039;aventure dans le d\u00e9sert\" \/>\n<meta property=\"og:description\" content=\"Conduis un puissant buggy Polaris 2 places \u00e0 travers les dunes rouges de Duba\u00ef. Tour guid\u00e9 dans le d\u00e9sert avec prise en charge, \u00e9quipement de s\u00e9curit\u00e9 &amp; guides experts. R\u00e9serve ton tour en buggy Polaris maintenant.\" \/>\n<meta property=\"og:url\" content=\"https:\/\/ultimatebuggiesandquadsdubai.com\/fr\/buggy-polaris-2-places-dubai\/\" \/>\n<meta property=\"og:site_name\" content=\"Ultimate Buggies and Quads Dubai\" \/>\n<meta property=\"article:modified_time\" content=\"2026-02-27T12:47:34+00:00\" \/>\n<meta property=\"og:image\" content=\"https:\/\/ultimatebuggiesandquadsdubai.com\/wp-content\/uploads\/2025\/04\/DSC02579-opt-1024x682.jpg\" \/>\n<meta name=\"twitter:card\" content=\"summary_large_image\" \/>\n<meta name=\"twitter:label1\" content=\"Dur\u00e9e de lecture estim\u00e9e\" \/>\n\t<meta name=\"twitter:data1\" content=\"1 minute\" \/>\n<script type=\"application\/ld+json\" class=\"yoast-schema-graph\">{\"@context\":\"https:\\\/\\\/schema.org\",\"@graph\":[{\"@type\":\"WebPage\",\"@id\":\"https:\\\/\\\/ultimatebuggiesandquadsdubai.com\\\/fr\\\/buggy-polaris-2-places-dubai\\\/\",\"url\":\"https:\\\/\\\/ultimatebuggiesandquadsdubai.com\\\/fr\\\/buggy-polaris-2-places-dubai\\\/\",\"name\":\"Buggy Polaris 2 places Duba\u00ef | 1 heure d'aventure dans le d\u00e9sert\",\"isPartOf\":{\"@id\":\"https:\\\/\\\/ultimatebuggiesandquadsdubai.com\\\/fr\\\/#website\"},\"primaryImageOfPage\":{\"@id\":\"https:\\\/\\\/ultimatebuggiesandquadsdubai.com\\\/fr\\\/buggy-polaris-2-places-dubai\\\/#primaryimage\"},\"image\":{\"@id\":\"https:\\\/\\\/ultimatebuggiesandquadsdubai.com\\\/fr\\\/buggy-polaris-2-places-dubai\\\/#primaryimage\"},\"thumbnailUrl\":\"https:\\\/\\\/ultimatebuggiesandquadsdubai.com\\\/wp-content\\\/uploads\\\/2025\\\/04\\\/DSC02579-opt-1024x682.jpg\",\"datePublished\":\"2025-11-19T10:55:58+00:00\",\"dateModified\":\"2026-02-27T12:47:34+00:00\",\"description\":\"Conduis un puissant buggy Polaris 2 places \u00e0 travers les dunes rouges de Duba\u00ef. Tour guid\u00e9 dans le d\u00e9sert avec prise en charge, \u00e9quipement de s\u00e9curit\u00e9 & guides experts. R\u00e9serve ton tour en buggy Polaris maintenant.\",\"breadcrumb\":{\"@id\":\"https:\\\/\\\/ultimatebuggiesandquadsdubai.com\\\/fr\\\/buggy-polaris-2-places-dubai\\\/#breadcrumb\"},\"inLanguage\":\"fr-FR\",\"potentialAction\":[{\"@type\":\"ReadAction\",\"target\":[\"https:\\\/\\\/ultimatebuggiesandquadsdubai.com\\\/fr\\\/buggy-polaris-2-places-dubai\\\/\"]}]},{\"@type\":\"ImageObject\",\"inLanguage\":\"fr-FR\",\"@id\":\"https:\\\/\\\/ultimatebuggiesandquadsdubai.com\\\/fr\\\/buggy-polaris-2-places-dubai\\\/#primaryimage\",\"url\":\"https:\\\/\\\/ultimatebuggiesandquadsdubai.com\\\/wp-content\\\/uploads\\\/2025\\\/04\\\/DSC02579-opt-1024x682.jpg\",\"contentUrl\":\"https:\\\/\\\/ultimatebuggiesandquadsdubai.com\\\/wp-content\\\/uploads\\\/2025\\\/04\\\/DSC02579-opt-1024x682.jpg\"},{\"@type\":\"BreadcrumbList\",\"@id\":\"https:\\\/\\\/ultimatebuggiesandquadsdubai.com\\\/fr\\\/buggy-polaris-2-places-dubai\\\/#breadcrumb\",\"itemListElement\":[{\"@type\":\"ListItem\",\"position\":1,\"name\":\"Home\",\"item\":\"https:\\\/\\\/ultimatebuggiesandquadsdubai.com\\\/fr\\\/\"},{\"@type\":\"ListItem\",\"position\":2,\"name\":\"Buggy Polaris 2 places Duba\u00ef\"}]},{\"@type\":\"WebSite\",\"@id\":\"https:\\\/\\\/ultimatebuggiesandquadsdubai.com\\\/fr\\\/#website\",\"url\":\"https:\\\/\\\/ultimatebuggiesandquadsdubai.com\\\/fr\\\/\",\"name\":\"Ultimate Buggies and Quads Dubai\",\"description\":\"\",\"publisher\":{\"@id\":\"https:\\\/\\\/ultimatebuggiesandquadsdubai.com\\\/fr\\\/#organization\"},\"potentialAction\":[{\"@type\":\"SearchAction\",\"target\":{\"@type\":\"EntryPoint\",\"urlTemplate\":\"https:\\\/\\\/ultimatebuggiesandquadsdubai.com\\\/fr\\\/?s={search_term_string}\"},\"query-input\":{\"@type\":\"PropertyValueSpecification\",\"valueRequired\":true,\"valueName\":\"search_term_string\"}}],\"inLanguage\":\"fr-FR\"},{\"@type\":\"Organization\",\"@id\":\"https:\\\/\\\/ultimatebuggiesandquadsdubai.com\\\/fr\\\/#organization\",\"name\":\"Ultimate Buggies and Quads Dubai\",\"url\":\"https:\\\/\\\/ultimatebuggiesandquadsdubai.com\\\/fr\\\/\",\"logo\":{\"@type\":\"ImageObject\",\"inLanguage\":\"fr-FR\",\"@id\":\"https:\\\/\\\/ultimatebuggiesandquadsdubai.com\\\/fr\\\/#\\\/schema\\\/logo\\\/image\\\/\",\"url\":\"https:\\\/\\\/ultimatebuggiesandquadsdubai.com\\\/wp-content\\\/uploads\\\/2025\\\/02\\\/logo-final-white-dubai.png\",\"contentUrl\":\"https:\\\/\\\/ultimatebuggiesandquadsdubai.com\\\/wp-content\\\/uploads\\\/2025\\\/02\\\/logo-final-white-dubai.png\",\"width\":745,\"height\":366,\"caption\":\"Ultimate Buggies and Quads Dubai\"},\"image\":{\"@id\":\"https:\\\/\\\/ultimatebuggiesandquadsdubai.com\\\/fr\\\/#\\\/schema\\\/logo\\\/image\\\/\"}}]}<\/script>\n<!-- \/ Yoast SEO plugin. -->","yoast_head_json":{"title":"Buggy Polaris 2 places Duba\u00ef | 1 heure d'aventure dans le d\u00e9sert","description":"Conduis un puissant buggy Polaris 2 places \u00e0 travers les dunes rouges de Duba\u00ef. Tour guid\u00e9 dans le d\u00e9sert avec prise en charge, \u00e9quipement de s\u00e9curit\u00e9 & guides experts. R\u00e9serve ton tour en buggy Polaris maintenant.","robots":{"index":"index","follow":"follow","max-snippet":"max-snippet:-1","max-image-preview":"max-image-preview:large","max-video-preview":"max-video-preview:-1"},"canonical":"https:\/\/ultimatebuggiesandquadsdubai.com\/fr\/buggy-polaris-2-places-dubai\/","og_locale":"fr_FR","og_type":"article","og_title":"Buggy Polaris 2 places Duba\u00ef | 1 heure d'aventure dans le d\u00e9sert","og_description":"Conduis un puissant buggy Polaris 2 places \u00e0 travers les dunes rouges de Duba\u00ef. Tour guid\u00e9 dans le d\u00e9sert avec prise en charge, \u00e9quipement de s\u00e9curit\u00e9 & guides experts. R\u00e9serve ton tour en buggy Polaris maintenant.","og_url":"https:\/\/ultimatebuggiesandquadsdubai.com\/fr\/buggy-polaris-2-places-dubai\/","og_site_name":"Ultimate Buggies and Quads Dubai","article_modified_time":"2026-02-27T12:47:34+00:00","og_image":[{"url":"https:\/\/ultimatebuggiesandquadsdubai.com\/wp-content\/uploads\/2025\/04\/DSC02579-opt-1024x682.jpg","type":"","width":"","height":""}],"twitter_card":"summary_large_image","twitter_misc":{"Dur\u00e9e de lecture estim\u00e9e":"1 minute"},"schema":{"@context":"https:\/\/schema.org","@graph":[{"@type":"WebPage","@id":"https:\/\/ultimatebuggiesandquadsdubai.com\/fr\/buggy-polaris-2-places-dubai\/","url":"https:\/\/ultimatebuggiesandquadsdubai.com\/fr\/buggy-polaris-2-places-dubai\/","name":"Buggy Polaris 2 places Duba\u00ef | 1 heure d'aventure dans le d\u00e9sert","isPartOf":{"@id":"https:\/\/ultimatebuggiesandquadsdubai.com\/fr\/#website"},"primaryImageOfPage":{"@id":"https:\/\/ultimatebuggiesandquadsdubai.com\/fr\/buggy-polaris-2-places-dubai\/#primaryimage"},"image":{"@id":"https:\/\/ultimatebuggiesandquadsdubai.com\/fr\/buggy-polaris-2-places-dubai\/#primaryimage"},"thumbnailUrl":"https:\/\/ultimatebuggiesandquadsdubai.com\/wp-content\/uploads\/2025\/04\/DSC02579-opt-1024x682.jpg","datePublished":"2025-11-19T10:55:58+00:00","dateModified":"2026-02-27T12:47:34+00:00","description":"Conduis un puissant buggy Polaris 2 places \u00e0 travers les dunes rouges de Duba\u00ef. Tour guid\u00e9 dans le d\u00e9sert avec prise en charge, \u00e9quipement de s\u00e9curit\u00e9 & guides experts. R\u00e9serve ton tour en buggy Polaris maintenant.","breadcrumb":{"@id":"https:\/\/ultimatebuggiesandquadsdubai.com\/fr\/buggy-polaris-2-places-dubai\/#breadcrumb"},"inLanguage":"fr-FR","potentialAction":[{"@type":"ReadAction","target":["https:\/\/ultimatebuggiesandquadsdubai.com\/fr\/buggy-polaris-2-places-dubai\/"]}]},{"@type":"ImageObject","inLanguage":"fr-FR","@id":"https:\/\/ultimatebuggiesandquadsdubai.com\/fr\/buggy-polaris-2-places-dubai\/#primaryimage","url":"https:\/\/ultimatebuggiesandquadsdubai.com\/wp-content\/uploads\/2025\/04\/DSC02579-opt-1024x682.jpg","contentUrl":"https:\/\/ultimatebuggiesandquadsdubai.com\/wp-content\/uploads\/2025\/04\/DSC02579-opt-1024x682.jpg"},{"@type":"BreadcrumbList","@id":"https:\/\/ultimatebuggiesandquadsdubai.com\/fr\/buggy-polaris-2-places-dubai\/#breadcrumb","itemListElement":[{"@type":"ListItem","position":1,"name":"Home","item":"https:\/\/ultimatebuggiesandquadsdubai.com\/fr\/"},{"@type":"ListItem","position":2,"name":"Buggy Polaris 2 places Duba\u00ef"}]},{"@type":"WebSite","@id":"https:\/\/ultimatebuggiesandquadsdubai.com\/fr\/#website","url":"https:\/\/ultimatebuggiesandquadsdubai.com\/fr\/","name":"Ultimate Buggies and Quads Dubai","description":"","publisher":{"@id":"https:\/\/ultimatebuggiesandquadsdubai.com\/fr\/#organization"},"potentialAction":[{"@type":"SearchAction","target":{"@type":"EntryPoint","urlTemplate":"https:\/\/ultimatebuggiesandquadsdubai.com\/fr\/?s={search_term_string}"},"query-input":{"@type":"PropertyValueSpecification","valueRequired":true,"valueName":"search_term_string"}}],"inLanguage":"fr-FR"},{"@type":"Organization","@id":"https:\/\/ultimatebuggiesandquadsdubai.com\/fr\/#organization","name":"Ultimate Buggies and Quads Dubai","url":"https:\/\/ultimatebuggiesandquadsdubai.com\/fr\/","logo":{"@type":"ImageObject","inLanguage":"fr-FR","@id":"https:\/\/ultimatebuggiesandquadsdubai.com\/fr\/#\/schema\/logo\/image\/","url":"https:\/\/ultimatebuggiesandquadsdubai.com\/wp-content\/uploads\/2025\/02\/logo-final-white-dubai.png","contentUrl":"https:\/\/ultimatebuggiesandquadsdubai.com\/wp-content\/uploads\/2025\/02\/logo-final-white-dubai.png","width":745,"height":366,"caption":"Ultimate Buggies and Quads Dubai"},"image":{"@id":"https:\/\/ultimatebuggiesandquadsdubai.com\/fr\/#\/schema\/logo\/image\/"}}]}},"_links":{"self":[{"href":"https:\/\/ultimatebuggiesandquadsdubai.com\/fr\/wp-json\/wp\/v2\/pages\/1990","targetHints":{"allow":["GET"]}}],"collection":[{"href":"https:\/\/ultimatebuggiesandquadsdubai.com\/fr\/wp-json\/wp\/v2\/pages"}],"about":[{"href":"https:\/\/ultimatebuggiesandquadsdubai.com\/fr\/wp-json\/wp\/v2\/types\/page"}],"author":[{"embeddable":true,"href":"https:\/\/ultimatebuggiesandquadsdubai.com\/fr\/wp-json\/wp\/v2\/users\/2"}],"replies":[{"embeddable":true,"href":"https:\/\/ultimatebuggiesandquadsdubai.com\/fr\/wp-json\/wp\/v2\/comments?post=1990"}],"version-history":[{"count":1,"href":"https:\/\/ultimatebuggiesandquadsdubai.com\/fr\/wp-json\/wp\/v2\/pages\/1990\/revisions"}],"predecessor-version":[{"id":1991,"href":"https:\/\/ultimatebuggiesandquadsdubai.com\/fr\/wp-json\/wp\/v2\/pages\/1990\/revisions\/1991"}],"wp:attachment":[{"href":"https:\/\/ultimatebuggiesandquadsdubai.com\/fr\/wp-json\/wp\/v2\/media?parent=1990"}],"curies":[{"name":"wp","href":"https:\/\/api.w.org\/{rel}","templated":true}]}}