{"id":2199,"date":"2025-04-25T11:30:42","date_gmt":"2025-04-25T11:30:42","guid":{"rendered":"https:\/\/ultimatebuggiesandquadsdubai.com\/condiciones-de-uso\/"},"modified":"2026-02-27T13:56:36","modified_gmt":"2026-02-27T13:56:36","slug":"condiciones-de-uso","status":"publish","type":"page","link":"https:\/\/ultimatebuggiesandquadsdubai.com\/es\/condiciones-de-uso\/","title":{"rendered":"Condiciones de uso"},"content":{"rendered":"\t\t<div data-elementor-type=\"wp-page\" data-elementor-id=\"2199\" class=\"elementor elementor-2199 elementor-373\" data-elementor-post-type=\"page\">\n\t\t\t\t\t\t<section class=\"elementor-section elementor-top-section elementor-element elementor-element-64e91e09 elementor-section-height-min-height elementor-section-boxed elementor-section-height-default elementor-section-items-middle\" data-id=\"64e91e09\" data-element_type=\"section\" data-e-type=\"section\" data-settings=\"{&quot;background_background&quot;:&quot;classic&quot;}\">\n\t\t\t\t\t\t\t<div class=\"elementor-background-overlay\"><\/div>\n\t\t\t\t\t\t\t<div class=\"elementor-container elementor-column-gap-no\">\n\t\t\t\t\t<div class=\"elementor-column elementor-col-100 elementor-top-column elementor-element elementor-element-5336c041\" data-id=\"5336c041\" data-element_type=\"column\" data-e-type=\"column\">\n\t\t\t<div class=\"elementor-widget-wrap elementor-element-populated\">\n\t\t\t\t\t\t<div class=\"elementor-element elementor-element-10777d19 elementor-invisible elementor-widget elementor-widget-heading\" data-id=\"10777d19\" data-element_type=\"widget\" data-e-type=\"widget\" data-settings=\"{&quot;_animation&quot;:&quot;slideInDown&quot;}\" data-widget_type=\"heading.default\">\n\t\t\t\t<div class=\"elementor-widget-container\">\n\t\t\t\t\t<h1 class=\"elementor-heading-title elementor-size-xxl\">Condiciones de uso<\/h1>\t\t\t\t<\/div>\n\t\t\t\t<\/div>\n\t\t\t\t\t<\/div>\n\t\t<\/div>\n\t\t\t\t\t<\/div>\n\t\t<\/section>\n\t\t\t\t<section class=\"elementor-section elementor-top-section elementor-element elementor-element-5356057c elementor-section-boxed elementor-section-height-default elementor-section-height-default\" data-id=\"5356057c\" data-element_type=\"section\" data-e-type=\"section\">\n\t\t\t\t\t\t<div class=\"elementor-container elementor-column-gap-default\">\n\t\t\t\t\t<div class=\"elementor-column elementor-col-100 elementor-top-column elementor-element elementor-element-17d55566\" data-id=\"17d55566\" data-element_type=\"column\" data-e-type=\"column\">\n\t\t\t<div class=\"elementor-widget-wrap elementor-element-populated\">\n\t\t\t\t\t\t<div class=\"elementor-element elementor-element-53329ad7 elementor-widget elementor-widget-text-editor\" data-id=\"53329ad7\" data-element_type=\"widget\" data-e-type=\"widget\" data-widget_type=\"text-editor.default\">\n\t\t\t\t<div class=\"elementor-widget-container\">\n\t\t\t\t\t\t\t\t\t<p>\u201cAdministrador\u201d significa Global Digital Solutions.<\/p><ul class=\"wp-block-list\"><li>\u201cT\u00fa\u201d significa el usuario de este sitio web (\u201cel Servicio\u201d). \u201cTu\u201d se interpretar\u00e1 en consecuencia. <\/li><li>Estas condiciones de uso, seg\u00fan las modifiquemos, actuando a nuestra entera discreci\u00f3n, de vez en cuando (\u201cCondiciones\u201d), establecen la base exclusiva sobre la que puedes usar el Servicio. Al usar el Servicio, se considerar\u00e1 que has aceptado las Condiciones y que aceptas quedar vinculado por ellas. Si no est\u00e1s de acuerdo con las Condiciones, no tienes derecho ni ninguna otra facultad para usar el Servicio y debes dejar de hacerlo de inmediato.  <\/li><li>Si tienes menos de 16 a\u00f1os, no tienes derecho ni ninguna otra facultad para usar el Servicio y debes dejar de hacerlo de inmediato.<\/li><li>No cobramos por el uso del Servicio. No obstante, debes tener en cuenta que tu operador de red puede cobrarte por el uso de sus sistemas y\/o red al acceder al Servicio. <\/li><li>Usas el Servicio \u00edntegramente bajo tu propia responsabilidad y, en la m\u00e1xima medida permitida por la ley, ni nosotros ni ning\u00fan miembro del Grupo Global Digital Solutions ofrecemos garant\u00eda ni ning\u00fan otro tipo de aseguramiento (expreso o impl\u00edcito) al respecto. Sin perjuicio de la generalidad de lo anterior y en la m\u00e1xima medida permitida por la ley, ni nosotros ni ning\u00fan miembro del Grupo Global Digital Solutions ofrecemos garant\u00eda ni ning\u00fan otro tipo de aseguramiento respecto de: (i) la exactitud o integridad de la informaci\u00f3n incluida en el Servicio; (ii) la disponibilidad del Servicio (en su totalidad o en parte); o (iii) la no infracci\u00f3n, la seguridad, la idoneidad para un fin determinado, la calidad satisfactoria o la compatibilidad.    <\/li><li>El operador de cualquier tienda desde la que hayas descargado\/el Servicio haya sido descargado (\u201cOperador\u201d) no es responsable del Servicio ni de su contenido ni de la prestaci\u00f3n de servicios de mantenimiento o soporte relacionados con \u00e9l. Sin perjuicio de esa generalidad, el Operador no es responsable de: (i) reclamaciones derivadas en relaci\u00f3n con el Servicio (directa o indirectamente); o (ii) investigar, defender o resolver cualquier reclamaci\u00f3n de terceros de que sus derechos de propiedad intelectual han sido infringidos por el Servicio o por tu uso del mismo.   <\/li><li>El Operador y cada miembro del grupo de empresas del que forme parte en cada momento son terceros beneficiarios de las Condiciones, y aceptas que el Operador tendr\u00e1 derecho (y se considerar\u00e1 que ha aceptado dicho derecho) a hacer valer las Condiciones frente a ti en calidad de tercero beneficiario.<\/li><li>No somos agente ni representante de ning\u00fan negocio u otro tercero cuyos datos figuren en el Servicio. Ni nosotros ni ning\u00fan miembro del Grupo Global Digital Solutions ofrecemos garant\u00eda ni ning\u00fan otro tipo de aseguramiento respecto de la informaci\u00f3n, productos y\/o servicios incluidos en el Servicio. Es tu responsabilidad asegurarte de todos los aspectos relativos a esos negocios, terceros, informaci\u00f3n, productos y servicios.  <\/li><li>Ni nosotros ni ning\u00fan miembro del Grupo Global Digital Solutions respaldamos, aprobamos, recomendamos ni nos asociamos con ning\u00fan negocio, persona, servicio, producto o cosa concreta incluida en el Servicio. Cuando el Servicio incluya logotipos, nombres de dominio, marcas comerciales y marcas de servicio de terceros, cada uno de ellos seguir\u00e1 siendo propiedad del tercero correspondiente. <\/li><li>Podemos, a nuestra entera discreci\u00f3n, restringir, deshabilitar, suspender o finalizar tu acceso a la totalidad o parte del Servicio, tu suscripci\u00f3n y\/o tu cuenta en cualquier momento, y ello sin incurrir en responsabilidad alguna frente a ti o a un tercero.<\/li><li>Te comprometes a no revelar a nadie ninguna contrase\u00f1a u otros datos de inicio de sesi\u00f3n asociados al Servicio y aceptas que, si lo haces, ser\u00e1 bajo tu propia responsabilidad. En caso de que tus datos de inicio de sesi\u00f3n y contrase\u00f1a hayan sido, puedan haber sido o puedan ser utilizados sin tu permiso, deber\u00e1s informarnos de inmediato por correo electr\u00f3nico. <\/li><li>Nuestra Pol\u00edtica de privacidad explica c\u00f3mo tratamos la informaci\u00f3n sobre ti. Al usar el Servicio, aceptas nuestra Pol\u00edtica de privacidad (seg\u00fan la modifiquemos, actuando a nuestra entera discreci\u00f3n, de vez en cuando). <\/li><li>Al usar el Servicio, aceptas nuestra Pol\u00edtica de cookies (seg\u00fan la modifiquemos, actuando a nuestra entera discreci\u00f3n, de vez en cuando).<\/li><li>El Servicio te ofrece la posibilidad de obtener informaci\u00f3n. Consentimos tu uso del Servicio con ese fin, siempre que no lo uses: (i) para crear, modificar o variar de cualquier otro modo una base de datos de informaci\u00f3n similar o comparable (ya sea para tus propios fines o para los de un tercero); (ii) para cualquier fin ilegal o il\u00edcito; (iii) para amenazar, acosar, oprimir, abusar, causar da\u00f1o, ofender o discriminar a un tercero; (iv) para vulnerar la privacidad de un tercero; (v) de un modo que, a nuestra entera discreci\u00f3n, determinemos que es inapropiado; (vi) de un modo que, a nuestra entera discreci\u00f3n, determinemos que impone o puede imponer una carga material sobre sistemas, procesos y\/o infraestructura; o (vi) de un modo que, a nuestra entera discreci\u00f3n, determinemos que causa o es probable que cause una interrupci\u00f3n o interferencia con el Servicio. El Servicio es para tu uso personal y no comercial. No puedes modificar, copiar, distribuir, transmitir, mostrar, ejecutar, reproducir, publicar, copiar, conceder licencias, crear obras derivadas ni transferir con fines comerciales la totalidad o parte del Servicio.          <\/li><li>Los eventos fuera de nuestro control pueden afectar negativamente al Servicio de vez en cuando. Est\u00e1 sujeto a las limitaciones de la tecnolog\u00eda que lo sustenta y puede verse afectado negativamente por la cobertura y el rendimiento de la red. Tambi\u00e9n puede verse afectado negativamente por otros factores operativos, como las capacidades de tu dispositivo m\u00f3vil. Ni nosotros ni ning\u00fan miembro del Grupo Global Digital Solutions asumiremos responsabilidad alguna, por ning\u00fan concepto, por cualquier fallo, retraso o error en relaci\u00f3n con el Servicio y\/o su transmisi\u00f3n, y en ning\u00fan caso tendr\u00e1s derecho a un reembolso (total o parcial) de cualquier importe que nos hayas pagado respecto de un periodo durante el cual lo anterior subsista.   <\/li><li>Las ubicaciones en el mapa y los servicios de indicaciones son meramente ilustrativos y no ofrecemos garant\u00eda ni ning\u00fan otro tipo de aseguramiento respecto de su integridad o exactitud. Eres responsable de verificar la exactitud e integridad de los datos de ubicaci\u00f3n del mapa relativos a cada entrada incluida en el Servicio y de todos los servicios de indicaciones (si los hubiera) relacionados con la misma. No tenemos ninguna responsabilidad frente a ti respecto de tu uso de las ubicaciones del mapa y\/o de los servicios de indicaciones incluidos en el Servicio.  <\/li><li>El Servicio contiene funciones que dependen de proveedores externos y, al aceptar lo presente, reconoces que: (i) ni nosotros ni ning\u00fan miembro del Grupo Global Digital Solutions1 tenemos participaci\u00f3n ni control sobre esos proveedores externos y\/o sus servicios y\/o productos; (ii) uno o m\u00e1s de esos proveedores externos pueden modificar, variar o finalizar sus servicios y\/o productos en cualquier momento, con el consiguiente impacto en el Servicio; y (iii) es posible que no podamos ofrecerte un aspecto concreto del Servicio si no cumples los criterios del tercero correspondiente. El Servicio puede permitirte usar herramientas y\/o ayudas de terceros, y reconoces y aceptas que tu uso de las mismas est\u00e1 sujeto a las condiciones de uso del tercero correspondiente y que ni nosotros ni ning\u00fan miembro del Grupo Global Digital Solutions ser\u00e1n responsables, de ning\u00fan modo ni por ning\u00fan concepto, en relaci\u00f3n con tu uso y\/o la disponibilidad o no disponibilidad de las mismas.    <\/li><li>Se considerar\u00e1 que nos has dado a nosotros y a cada miembro del Grupo Global Digital Solutions tu consentimiento para usar cualquier material (si lo hubiera) que nos facilites de vez en cuando, y de la forma y en el medio que nosotros o dicho miembro del Grupo Global Digital Solutions (seg\u00fan corresponda), a nuestra\/su entera discreci\u00f3n, determinemos, y reconoces que: (i) ni nosotros ni ning\u00fan miembro del Grupo Global Digital Solutions estaremos obligados a usar todo o parte de dicho material; (ii) nosotros y\/o dicho miembro del Grupo Global Digital Solutions (seg\u00fan corresponda) tendremos, a nuestra\/su entera discreci\u00f3n, derecho a variar y modificar dicho material; (iii) nosotros y\/o dicho miembro del Grupo Global Digital Solutions (seg\u00fan corresponda) tendremos, a nuestra\/su entera discreci\u00f3n, derecho a suspender o finalizar la publicaci\u00f3n de dicho material o a negarnos a incluirlo en el Servicio; (iv) nosotros y\/o dicho miembro del Grupo Global Digital Solutions (seg\u00fan corresponda) tendremos, a nuestra\/su entera discreci\u00f3n, derecho a publicar tu nombre, direcci\u00f3n y otra informaci\u00f3n personal en el Servicio en relaci\u00f3n con dicho material; y (v) ni nosotros ni ning\u00fan miembro del Grupo Global Digital Solutions tenemos obligaci\u00f3n alguna de revisar o verificar dicho material, y su contenido es y seguir\u00e1 siendo, en todo momento, enteramente tu responsabilidad.     <\/li><li>Al proporcionarnos cualquier material para su publicaci\u00f3n en el Servicio, tu titularidad y libertad para usarlo no se ver\u00e1n afectadas, y declaras y garantizas ante nosotros y, por separado, ante cada miembro del Grupo Global Digital Solutions que el material: (i) no infringe los derechos de ning\u00fan tercero; (ii) es de tu propiedad o, de otro modo, tienes derecho a usarlo y a que se incluya en el Servicio; (iii) no infringe los derechos de autor u otros derechos de propiedad intelectual de un tercero; (iv) no es il\u00edcito, ilegal, enga\u00f1oso, falso, difamatorio, amenazante, ofensivo, intimidatorio, discriminatorio, opresivo, abusivo o inapropiado; (v) no vulnera la privacidad u otros derechos de un tercero; (vi) no contiene virus inform\u00e1ticos ni otras caracter\u00edsticas que interfieran o puedan interferir con el Servicio; y (vii) no contiene ninguna forma de spam ni ninguna otra caracter\u00edstica destinada a funcionar de forma similar al spam.       <\/li><li>Declaras y garantizas ante nosotros y, por separado, ante cada miembro del Grupo Global Digital Solutions que NO realizar\u00e1s operaciones ni prestar\u00e1s servicios o productos a ninguno de los pa\u00edses sancionados por la OFAC (Office of Foreign Assets Control), de conformidad con la legislaci\u00f3n de los EAU.<\/li><li>Sin perjuicio de cualquier otra disposici\u00f3n de las Condiciones y en la m\u00e1xima medida permitida por la ley, queda expresamente excluida la responsabilidad de nosotros, de cada miembro del Grupo Global Digital Solutions, de nuestros\/sus empleados, agentes, directivos y empresas asociadas (colectivamente, \u201clas Partes Relevantes\u201d, y \u201cParte Relevante\u201d significa cualquiera de ellas) frente a ti en relaci\u00f3n con el Servicio (directa o indirectamente) respecto de uno o m\u00e1s de los siguientes conceptos: (i) da\u00f1os consecuenciales, indirectos, especiales o ejemplares; (ii) p\u00e9rdidas indirectas; (iii) p\u00e9rdida de oportunidad; (iv) da\u00f1o a la reputaci\u00f3n o al fondo de comercio; (v) p\u00e9rdida de datos; (vi) p\u00e9rdida de ingresos o beneficios; y (vii) p\u00e9rdidas de terceros.       <\/li><li>Nada de lo contenido en estas Condiciones pretende excluir o limitar la responsabilidad de una Parte Relevante por tergiversaci\u00f3n fraudulenta o por muerte o lesiones personales derivadas de su negligencia.<\/li><li>Nosotros y, cuando el Administrador sea alguien distinto de Global Digital Solutions, Global Digital Solutions (actuando por unanimidad y por escrito) podremos, a nuestra entera discreci\u00f3n y sin necesidad de aviso, modificar las Condiciones en cualquier momento. Si contin\u00faas usando el Servicio a partir de entonces, se considerar\u00e1 que has aceptado las Condiciones modificadas. <\/li><li>El Servicio utiliza software y contenido que contiene informaci\u00f3n propietaria y confidencial protegida por las leyes aplicables de propiedad intelectual y otras leyes. Aceptas no modificar, alquilar, arrendar, prestar, vender, distribuir ni crear obras derivadas basadas en el Servicio, el software o el contenido disponible en el Servicio, ya sea total o parcialmente. <\/li><li>Si tienes motivos para creer que alguna parte del Servicio infringe los derechos de terceros, notif\u00edcanoslo por correo electr\u00f3nico. Nuestra pol\u00edtica es investigar cualquier alegaci\u00f3n de infracci\u00f3n que se ponga en nuestro conocimiento. Nos reservamos el derecho, a nuestra entera discreci\u00f3n, de suspender y\/o finalizar de inmediato el acceso a la totalidad o parte del Servicio de cualquier usuario del que se alegue que ha publicado materiales infractores o que ha enlazado a materiales infractores, y de eliminar o deshabilitar de inmediato el contenido presuntamente infractor.  <\/li><li>Al aceptar estas Condiciones, te comprometes a indemnizar a cada Parte Relevante, a requerimiento, respecto de todos los costes, reclamaciones, responsabilidades y gastos (si los hubiera) en que incurra en relaci\u00f3n con (directa o indirectamente) un incumplimiento de las mismas por tu parte.<\/li><li>Cualquier referencia a un grupo de empresas se refiere a una empresa, cualquiera de sus filiales o entidades dependientes, cualquier sociedad holding o matriz de dicha empresa y cualquier otra filial o entidad dependiente de esa sociedad holding o matriz (incluyendo, para evitar dudas, una sociedad holding, matriz, filial y\/o entidad dependiente constituida en una jurisdicci\u00f3n fuera de los EAU, con la denominaci\u00f3n que reciba en dicha jurisdicci\u00f3n).<\/li><li>\u201cNosotros\u201d significa el Administrador y \u201cnos\u201d, \u201cnuestro\u201d y \u201cnuestra\u201d se interpretar\u00e1n en consecuencia.<\/li><li>\u201cGlobal Digital Solutions Group\u201d significa Global Digital Solutions. (\u201cfuninthesundubai.com\u201d) y cada miembro del grupo de empresas del que forme parte en cada momento, y \u201cmiembro del Grupo Global Digital Solutions\u201d se interpretar\u00e1 en consecuencia. <\/li><li>El singular incluye el plural y viceversa.<\/li><li>Las Condiciones y cualquier reclamaci\u00f3n en virtud de las mismas (ya sea contractual o de otro tipo) se rigen por las leyes de los EAU.<\/li><\/ul>\t\t\t\t\t\t\t\t<\/div>\n\t\t\t\t<\/div>\n\t\t\t\t\t<\/div>\n\t\t<\/div>\n\t\t\t\t\t<\/div>\n\t\t<\/section>\n\t\t\t\t<\/div>\n\t\t","protected":false},"excerpt":{"rendered":"<p>Condiciones de uso \u201cAdministrador\u201d significa Global Digital Solutions. \u201cT\u00fa\u201d significa el usuario de este sitio web (\u201cel Servicio\u201d). \u201cTu\u201d se interpretar\u00e1 en consecuencia. Estas condiciones de uso, seg\u00fan las modifiquemos, actuando a nuestra entera discreci\u00f3n, de vez en cuando (\u201cCondiciones\u201d), establecen la base exclusiva sobre la que puedes usar el Servicio. Al usar el Servicio, [&hellip;]<\/p>\n","protected":false},"author":2,"featured_media":0,"parent":0,"menu_order":0,"comment_status":"closed","ping_status":"closed","template":"","meta":{"footnotes":""},"class_list":["post-2199","page","type-page","status-publish","hentry"],"yoast_head":"<!-- This site is optimized with the Yoast SEO plugin v27.4 - https:\/\/yoast.com\/product\/yoast-seo-wordpress\/ -->\n<title>Condiciones de uso - Ultimate Buggies and Quads Dubai<\/title>\n<meta name=\"robots\" content=\"index, follow, max-snippet:-1, max-image-preview:large, max-video-preview:-1\" \/>\n<link rel=\"canonical\" href=\"https:\/\/ultimatebuggiesandquadsdubai.com\/es\/condiciones-de-uso\/\" \/>\n<meta property=\"og:locale\" content=\"es_ES\" \/>\n<meta property=\"og:type\" content=\"article\" \/>\n<meta property=\"og:title\" content=\"Condiciones de uso - Ultimate Buggies and Quads Dubai\" \/>\n<meta property=\"og:description\" content=\"Condiciones de uso \u201cAdministrador\u201d significa Global Digital Solutions. \u201cT\u00fa\u201d significa el usuario de este sitio web (\u201cel Servicio\u201d). \u201cTu\u201d se interpretar\u00e1 en consecuencia. Estas condiciones de uso, seg\u00fan las modifiquemos, actuando a nuestra entera discreci\u00f3n, de vez en cuando (\u201cCondiciones\u201d), establecen la base exclusiva sobre la que puedes usar el Servicio. Al usar el Servicio, [&hellip;]\" \/>\n<meta property=\"og:url\" content=\"https:\/\/ultimatebuggiesandquadsdubai.com\/es\/condiciones-de-uso\/\" \/>\n<meta property=\"og:site_name\" content=\"Ultimate Buggies and Quads Dubai\" \/>\n<meta property=\"article:modified_time\" content=\"2026-02-27T13:56:36+00:00\" \/>\n<meta name=\"twitter:card\" content=\"summary_large_image\" \/>\n<meta name=\"twitter:label1\" content=\"Tiempo de lectura\" \/>\n\t<meta name=\"twitter:data1\" content=\"11 minutos\" \/>\n<script type=\"application\/ld+json\" class=\"yoast-schema-graph\">{\"@context\":\"https:\\\/\\\/schema.org\",\"@graph\":[{\"@type\":\"WebPage\",\"@id\":\"https:\\\/\\\/ultimatebuggiesandquadsdubai.com\\\/es\\\/condiciones-de-uso\\\/\",\"url\":\"https:\\\/\\\/ultimatebuggiesandquadsdubai.com\\\/es\\\/condiciones-de-uso\\\/\",\"name\":\"Condiciones de uso - Ultimate Buggies and Quads Dubai\",\"isPartOf\":{\"@id\":\"https:\\\/\\\/ultimatebuggiesandquadsdubai.com\\\/es\\\/#website\"},\"datePublished\":\"2025-04-25T11:30:42+00:00\",\"dateModified\":\"2026-02-27T13:56:36+00:00\",\"breadcrumb\":{\"@id\":\"https:\\\/\\\/ultimatebuggiesandquadsdubai.com\\\/es\\\/condiciones-de-uso\\\/#breadcrumb\"},\"inLanguage\":\"es\",\"potentialAction\":[{\"@type\":\"ReadAction\",\"target\":[\"https:\\\/\\\/ultimatebuggiesandquadsdubai.com\\\/es\\\/condiciones-de-uso\\\/\"]}]},{\"@type\":\"BreadcrumbList\",\"@id\":\"https:\\\/\\\/ultimatebuggiesandquadsdubai.com\\\/es\\\/condiciones-de-uso\\\/#breadcrumb\",\"itemListElement\":[{\"@type\":\"ListItem\",\"position\":1,\"name\":\"Home\",\"item\":\"https:\\\/\\\/ultimatebuggiesandquadsdubai.com\\\/es\\\/\"},{\"@type\":\"ListItem\",\"position\":2,\"name\":\"Condiciones de uso\"}]},{\"@type\":\"WebSite\",\"@id\":\"https:\\\/\\\/ultimatebuggiesandquadsdubai.com\\\/es\\\/#website\",\"url\":\"https:\\\/\\\/ultimatebuggiesandquadsdubai.com\\\/es\\\/\",\"name\":\"Ultimate Buggies and Quads Dubai\",\"description\":\"\",\"publisher\":{\"@id\":\"https:\\\/\\\/ultimatebuggiesandquadsdubai.com\\\/es\\\/#organization\"},\"potentialAction\":[{\"@type\":\"SearchAction\",\"target\":{\"@type\":\"EntryPoint\",\"urlTemplate\":\"https:\\\/\\\/ultimatebuggiesandquadsdubai.com\\\/es\\\/?s={search_term_string}\"},\"query-input\":{\"@type\":\"PropertyValueSpecification\",\"valueRequired\":true,\"valueName\":\"search_term_string\"}}],\"inLanguage\":\"es\"},{\"@type\":\"Organization\",\"@id\":\"https:\\\/\\\/ultimatebuggiesandquadsdubai.com\\\/es\\\/#organization\",\"name\":\"Ultimate Buggies and Quads Dubai\",\"url\":\"https:\\\/\\\/ultimatebuggiesandquadsdubai.com\\\/es\\\/\",\"logo\":{\"@type\":\"ImageObject\",\"inLanguage\":\"es\",\"@id\":\"https:\\\/\\\/ultimatebuggiesandquadsdubai.com\\\/es\\\/#\\\/schema\\\/logo\\\/image\\\/\",\"url\":\"https:\\\/\\\/ultimatebuggiesandquadsdubai.com\\\/wp-content\\\/uploads\\\/2025\\\/02\\\/logo-final-white-dubai.png\",\"contentUrl\":\"https:\\\/\\\/ultimatebuggiesandquadsdubai.com\\\/wp-content\\\/uploads\\\/2025\\\/02\\\/logo-final-white-dubai.png\",\"width\":745,\"height\":366,\"caption\":\"Ultimate Buggies and Quads Dubai\"},\"image\":{\"@id\":\"https:\\\/\\\/ultimatebuggiesandquadsdubai.com\\\/es\\\/#\\\/schema\\\/logo\\\/image\\\/\"}}]}<\/script>\n<!-- \/ Yoast SEO plugin. -->","yoast_head_json":{"title":"Condiciones de uso - Ultimate Buggies and Quads Dubai","robots":{"index":"index","follow":"follow","max-snippet":"max-snippet:-1","max-image-preview":"max-image-preview:large","max-video-preview":"max-video-preview:-1"},"canonical":"https:\/\/ultimatebuggiesandquadsdubai.com\/es\/condiciones-de-uso\/","og_locale":"es_ES","og_type":"article","og_title":"Condiciones de uso - Ultimate Buggies and Quads Dubai","og_description":"Condiciones de uso \u201cAdministrador\u201d significa Global Digital Solutions. \u201cT\u00fa\u201d significa el usuario de este sitio web (\u201cel Servicio\u201d). \u201cTu\u201d se interpretar\u00e1 en consecuencia. Estas condiciones de uso, seg\u00fan las modifiquemos, actuando a nuestra entera discreci\u00f3n, de vez en cuando (\u201cCondiciones\u201d), establecen la base exclusiva sobre la que puedes usar el Servicio. Al usar el Servicio, [&hellip;]","og_url":"https:\/\/ultimatebuggiesandquadsdubai.com\/es\/condiciones-de-uso\/","og_site_name":"Ultimate Buggies and Quads Dubai","article_modified_time":"2026-02-27T13:56:36+00:00","twitter_card":"summary_large_image","twitter_misc":{"Tiempo de lectura":"11 minutos"},"schema":{"@context":"https:\/\/schema.org","@graph":[{"@type":"WebPage","@id":"https:\/\/ultimatebuggiesandquadsdubai.com\/es\/condiciones-de-uso\/","url":"https:\/\/ultimatebuggiesandquadsdubai.com\/es\/condiciones-de-uso\/","name":"Condiciones de uso - Ultimate Buggies and Quads Dubai","isPartOf":{"@id":"https:\/\/ultimatebuggiesandquadsdubai.com\/es\/#website"},"datePublished":"2025-04-25T11:30:42+00:00","dateModified":"2026-02-27T13:56:36+00:00","breadcrumb":{"@id":"https:\/\/ultimatebuggiesandquadsdubai.com\/es\/condiciones-de-uso\/#breadcrumb"},"inLanguage":"es","potentialAction":[{"@type":"ReadAction","target":["https:\/\/ultimatebuggiesandquadsdubai.com\/es\/condiciones-de-uso\/"]}]},{"@type":"BreadcrumbList","@id":"https:\/\/ultimatebuggiesandquadsdubai.com\/es\/condiciones-de-uso\/#breadcrumb","itemListElement":[{"@type":"ListItem","position":1,"name":"Home","item":"https:\/\/ultimatebuggiesandquadsdubai.com\/es\/"},{"@type":"ListItem","position":2,"name":"Condiciones de uso"}]},{"@type":"WebSite","@id":"https:\/\/ultimatebuggiesandquadsdubai.com\/es\/#website","url":"https:\/\/ultimatebuggiesandquadsdubai.com\/es\/","name":"Ultimate Buggies and Quads Dubai","description":"","publisher":{"@id":"https:\/\/ultimatebuggiesandquadsdubai.com\/es\/#organization"},"potentialAction":[{"@type":"SearchAction","target":{"@type":"EntryPoint","urlTemplate":"https:\/\/ultimatebuggiesandquadsdubai.com\/es\/?s={search_term_string}"},"query-input":{"@type":"PropertyValueSpecification","valueRequired":true,"valueName":"search_term_string"}}],"inLanguage":"es"},{"@type":"Organization","@id":"https:\/\/ultimatebuggiesandquadsdubai.com\/es\/#organization","name":"Ultimate Buggies and Quads Dubai","url":"https:\/\/ultimatebuggiesandquadsdubai.com\/es\/","logo":{"@type":"ImageObject","inLanguage":"es","@id":"https:\/\/ultimatebuggiesandquadsdubai.com\/es\/#\/schema\/logo\/image\/","url":"https:\/\/ultimatebuggiesandquadsdubai.com\/wp-content\/uploads\/2025\/02\/logo-final-white-dubai.png","contentUrl":"https:\/\/ultimatebuggiesandquadsdubai.com\/wp-content\/uploads\/2025\/02\/logo-final-white-dubai.png","width":745,"height":366,"caption":"Ultimate Buggies and Quads Dubai"},"image":{"@id":"https:\/\/ultimatebuggiesandquadsdubai.com\/es\/#\/schema\/logo\/image\/"}}]}},"_links":{"self":[{"href":"https:\/\/ultimatebuggiesandquadsdubai.com\/es\/wp-json\/wp\/v2\/pages\/2199","targetHints":{"allow":["GET"]}}],"collection":[{"href":"https:\/\/ultimatebuggiesandquadsdubai.com\/es\/wp-json\/wp\/v2\/pages"}],"about":[{"href":"https:\/\/ultimatebuggiesandquadsdubai.com\/es\/wp-json\/wp\/v2\/types\/page"}],"author":[{"embeddable":true,"href":"https:\/\/ultimatebuggiesandquadsdubai.com\/es\/wp-json\/wp\/v2\/users\/2"}],"replies":[{"embeddable":true,"href":"https:\/\/ultimatebuggiesandquadsdubai.com\/es\/wp-json\/wp\/v2\/comments?post=2199"}],"version-history":[{"count":1,"href":"https:\/\/ultimatebuggiesandquadsdubai.com\/es\/wp-json\/wp\/v2\/pages\/2199\/revisions"}],"predecessor-version":[{"id":2200,"href":"https:\/\/ultimatebuggiesandquadsdubai.com\/es\/wp-json\/wp\/v2\/pages\/2199\/revisions\/2200"}],"wp:attachment":[{"href":"https:\/\/ultimatebuggiesandquadsdubai.com\/es\/wp-json\/wp\/v2\/media?parent=2199"}],"curies":[{"name":"wp","href":"https:\/\/api.w.org\/{rel}","templated":true}]}}