{"id":1650,"date":"2025-04-25T11:30:02","date_gmt":"2025-04-25T11:30:02","guid":{"rendered":"https:\/\/ultimatebuggiesandquadsdubai.com\/politica-de-cancelacion\/"},"modified":"2026-02-20T13:27:47","modified_gmt":"2026-02-20T13:27:47","slug":"politica-de-cancelacion","status":"publish","type":"page","link":"https:\/\/ultimatebuggiesandquadsdubai.com\/es\/politica-de-cancelacion\/","title":{"rendered":"Pol\u00edtica de Cancelaci\u00f3n"},"content":{"rendered":"\t\t<div data-elementor-type=\"wp-page\" data-elementor-id=\"1650\" class=\"elementor elementor-1650 elementor-367\" data-elementor-post-type=\"page\">\n\t\t\t\t\t\t<section class=\"elementor-section elementor-top-section elementor-element elementor-element-64e91e09 elementor-section-height-min-height elementor-section-boxed elementor-section-height-default elementor-section-items-middle\" data-id=\"64e91e09\" data-element_type=\"section\" data-e-type=\"section\" data-settings=\"{&quot;background_background&quot;:&quot;classic&quot;}\">\n\t\t\t\t\t\t\t<div class=\"elementor-background-overlay\"><\/div>\n\t\t\t\t\t\t\t<div class=\"elementor-container elementor-column-gap-no\">\n\t\t\t\t\t<div class=\"elementor-column elementor-col-100 elementor-top-column elementor-element elementor-element-5336c041\" data-id=\"5336c041\" data-element_type=\"column\" data-e-type=\"column\">\n\t\t\t<div class=\"elementor-widget-wrap elementor-element-populated\">\n\t\t\t\t\t\t<div class=\"elementor-element elementor-element-10777d19 elementor-invisible elementor-widget elementor-widget-heading\" data-id=\"10777d19\" data-element_type=\"widget\" data-e-type=\"widget\" data-settings=\"{&quot;_animation&quot;:&quot;slideInDown&quot;}\" data-widget_type=\"heading.default\">\n\t\t\t\t<div class=\"elementor-widget-container\">\n\t\t\t\t\t<h1 class=\"elementor-heading-title elementor-size-xxl\">Pol\u00edtica de Cancelaci\u00f3n<\/h1>\t\t\t\t<\/div>\n\t\t\t\t<\/div>\n\t\t\t\t\t<\/div>\n\t\t<\/div>\n\t\t\t\t\t<\/div>\n\t\t<\/section>\n\t\t\t\t<section class=\"elementor-section elementor-top-section elementor-element elementor-element-5356057c elementor-section-boxed elementor-section-height-default elementor-section-height-default\" data-id=\"5356057c\" data-element_type=\"section\" data-e-type=\"section\">\n\t\t\t\t\t\t<div class=\"elementor-container elementor-column-gap-default\">\n\t\t\t\t\t<div class=\"elementor-column elementor-col-100 elementor-top-column elementor-element elementor-element-17d55566\" data-id=\"17d55566\" data-element_type=\"column\" data-e-type=\"column\">\n\t\t\t<div class=\"elementor-widget-wrap elementor-element-populated\">\n\t\t\t\t\t\t<div class=\"elementor-element elementor-element-12dcb22 elementor-widget elementor-widget-heading\" data-id=\"12dcb22\" data-element_type=\"widget\" data-e-type=\"widget\" data-widget_type=\"heading.default\">\n\t\t\t\t<div class=\"elementor-widget-container\">\n\t\t\t\t\t<h2 class=\"elementor-heading-title elementor-size-default\">Cambios y cancelaciones por parte del proveedor<\/h2>\t\t\t\t<\/div>\n\t\t\t\t<\/div>\n\t\t\t\t<div class=\"elementor-element elementor-element-7f35e53 elementor-widget elementor-widget-text-editor\" data-id=\"7f35e53\" data-element_type=\"widget\" data-e-type=\"widget\" data-widget_type=\"text-editor.default\">\n\t\t\t\t<div class=\"elementor-widget-container\">\n\t\t\t\t\t\t\t\t\t<p>En raras ocasiones puede ser necesario que un proveedor modifique determinados servicios o entradas, o que los cancele. Nos reservamos el derecho de modificar o cancelar servicios o entradas (o hacerlo en nombre de un proveedor\/socio) en cualquier momento. Nuestras obligaciones con respecto a cambios y cancelaciones var\u00edan seg\u00fan el tipo de reserva que hayas realizado:<br>Dado que tu contrato para el suministro de actividades\/experiencias es con el proveedor\/socio, no tendremos responsabilidad alguna en relaci\u00f3n con cambios o cancelaciones de dichos servicios, salvo informarte lo antes posible sobre cualquier cambio o cancelaci\u00f3n que pueda afectarte y que nos haya sido notificado por el proveedor\/socio correspondiente. Tambi\u00e9n actuaremos como intermediarios entre t\u00fa y el proveedor\/socio respecto a cualquier alternativa que puedan ofrecer.<br>Lo anterior establece el alcance m\u00e1ximo de nuestra responsabilidad en relaci\u00f3n con cambios y cancelaciones, y lamentamos no poder asumir ning\u00fan gasto o p\u00e9rdida que puedas sufrir como resultado de cualquier cambio o cancelaci\u00f3n. Las opciones anteriores no estar\u00e1n disponibles si realizamos un cambio menor o cancelamos como resultado de tu falta de pago completo dentro del plazo establecido, o cuando el cambio o la cancelaci\u00f3n se derive de modificaciones solicitadas por ti sobre una reserva confirmada.<br>En circunstancias muy excepcionales, una vez iniciados tus servicios, nosotros o el\/los proveedor(es) podremos vernos obligados por causa de Fuerza Mayor a modificar o cancelar parte o la totalidad de los mismos. En tal caso, lamentamos que ni nosotros ni el\/los proveedor(es) podamos ofrecer reembolsos, compensaciones ni asumir p\u00e9rdidas o gastos que puedan derivarse de dicha situaci\u00f3n. Intentaremos ayudarte a asegurar arreglos alternativos, pero deber\u00e1s asumir cualquier coste adicional asociado o derivado de dichas alternativas.      <\/p>\t\t\t\t\t\t\t\t<\/div>\n\t\t\t\t<\/div>\n\t\t\t\t<div class=\"elementor-element elementor-element-55e0ade elementor-widget elementor-widget-heading\" data-id=\"55e0ade\" data-element_type=\"widget\" data-e-type=\"widget\" data-widget_type=\"heading.default\">\n\t\t\t\t<div class=\"elementor-widget-container\">\n\t\t\t\t\t<h2 class=\"elementor-heading-title elementor-size-default\">Fuerza Mayor<\/h2>\t\t\t\t<\/div>\n\t\t\t\t<\/div>\n\t\t\t\t<div class=\"elementor-element elementor-element-847e4ce elementor-widget elementor-widget-text-editor\" data-id=\"847e4ce\" data-element_type=\"widget\" data-e-type=\"widget\" data-widget_type=\"text-editor.default\">\n\t\t\t\t<div class=\"elementor-widget-container\">\n\t\t\t\t\t\t\t\t\t<p>Salvo que se indique expresamente lo contrario en las condiciones de reserva, no seremos responsables ni pagaremos compensaci\u00f3n si nuestras obligaciones contractuales contigo se ven afectadas por cualquier evento que nosotros o el\/los proveedor(es)\/socio(s) correspondiente(s) no hayan podido prever o evitar, incluso actuando con la debida diligencia.<br>Estos eventos pueden incluir, entre otros: guerra, amenaza de guerra, disturbios civiles, actividad terrorista o la amenaza de dicha actividad, disturbios, actos de cualquier gobierno o autoridad nacional o local, conflictos laborales, desastres naturales o nucleares, incendios, desastres qu\u00edmicos o biol\u00f3gicos y condiciones meteorol\u00f3gicas adversas, as\u00ed como cualquier evento similar fuera de nuestro control o del proveedor correspondiente.<br>En caso de que actividades mar\u00edtimas o a\u00e9reas sean canceladas debido a condiciones meteorol\u00f3gicas adversas, se ofrecer\u00e1 una fecha y hora alternativa.  <\/p>\t\t\t\t\t\t\t\t<\/div>\n\t\t\t\t<\/div>\n\t\t\t\t<div class=\"elementor-element elementor-element-a01ecc6 elementor-widget elementor-widget-heading\" data-id=\"a01ecc6\" data-element_type=\"widget\" data-e-type=\"widget\" data-widget_type=\"heading.default\">\n\t\t\t\t<div class=\"elementor-widget-container\">\n\t\t\t\t\t<h2 class=\"elementor-heading-title elementor-size-default\">Tu comportamiento<\/h2>\t\t\t\t<\/div>\n\t\t\t\t<\/div>\n\t\t\t\t<div class=\"elementor-element elementor-element-ae757fb elementor-widget elementor-widget-text-editor\" data-id=\"ae757fb\" data-element_type=\"widget\" data-e-type=\"widget\" data-widget_type=\"text-editor.default\">\n\t\t\t\t<div class=\"elementor-widget-container\">\n\t\t\t\t\t\t\t\t\t<p>Si, a juicio de cualquier persona con autoridad, tu comportamiento causa o es probable que cause angustia, peligro, da\u00f1o o molestias a terceros o a la propiedad, o que provoque retrasos o desv\u00edos en el transporte, el proveedor se reserva el derecho de finalizar inmediatamente tus servicios.<br>En caso de dicha finalizaci\u00f3n, nuestras responsabilidades hacia ti cesar\u00e1n y deber\u00e1s abandonar la actividad\/experiencia de inmediato. No tendremos ninguna obligaci\u00f3n adicional contigo ni asumiremos gastos, costes o p\u00e9rdidas resultantes.<br>Asimismo, es posible que debas pagar directamente al proveedor por cualquier p\u00e9rdida o da\u00f1o causado por tus acciones antes de abandonar el servicio. Si no lo haces, ser\u00e1s responsable de cualquier reclamaci\u00f3n o coste que posteriormente se nos impute como consecuencia.    <\/p>\t\t\t\t\t\t\t\t<\/div>\n\t\t\t\t<\/div>\n\t\t\t\t<div class=\"elementor-element elementor-element-53833a8 elementor-widget elementor-widget-heading\" data-id=\"53833a8\" data-element_type=\"widget\" data-e-type=\"widget\" data-widget_type=\"heading.default\">\n\t\t\t\t<div class=\"elementor-widget-container\">\n\t\t\t\t\t<h2 class=\"elementor-heading-title elementor-size-default\">Seguro<\/h2>\t\t\t\t<\/div>\n\t\t\t\t<\/div>\n\t\t\t\t<div class=\"elementor-element elementor-element-eec2101 elementor-widget elementor-widget-text-editor\" data-id=\"eec2101\" data-element_type=\"widget\" data-e-type=\"widget\" data-widget_type=\"text-editor.default\">\n\t\t\t\t<div class=\"elementor-widget-container\">\n\t\t\t\t\t\t\t\t\t<p>Es condici\u00f3n obligatoria que dispongas de un seguro de viaje adecuado para tus servicios. Dicho seguro debe cubrir, como m\u00ednimo, p\u00e9rdidas derivadas de cancelaci\u00f3n, problemas m\u00e9dicos y repatriaci\u00f3n en caso de accidente o enfermedad.<br>Si decides viajar sin una cobertura de seguro adecuada, no seremos responsables de ninguna p\u00e9rdida que pueda surgir y que hubiera estado cubierta por un seguro.<br>  <\/p>\t\t\t\t\t\t\t\t<\/div>\n\t\t\t\t<\/div>\n\t\t\t\t<div class=\"elementor-element elementor-element-fae9af1 elementor-widget elementor-widget-heading\" data-id=\"fae9af1\" data-element_type=\"widget\" data-e-type=\"widget\" data-widget_type=\"heading.default\">\n\t\t\t\t<div class=\"elementor-widget-container\">\n\t\t\t\t\t<h2 class=\"elementor-heading-title elementor-size-default\">Pol\u00edtica de Cancelaci\u00f3n: Plazos y Cantidades<\/h2>\t\t\t\t<\/div>\n\t\t\t\t<\/div>\n\t\t\t\t<div class=\"elementor-element elementor-element-922816b elementor-widget elementor-widget-text-editor\" data-id=\"922816b\" data-element_type=\"widget\" data-e-type=\"widget\" data-widget_type=\"text-editor.default\">\n\t\t\t\t<div class=\"elementor-widget-container\">\n\t\t\t\t\t\t\t\t\t<p>Cancelaci\u00f3n con m\u00e1s de un mes de antelaci\u00f3n: reembolso completo.<br>Cancelaci\u00f3n dentro del mes previo: 50 % de reembolso.<br>Cancelaci\u00f3n con 14 d\u00edas o menos de antelaci\u00f3n: sin reembolso.<\/p>\t\t\t\t\t\t\t\t<\/div>\n\t\t\t\t<\/div>\n\t\t\t\t\t<\/div>\n\t\t<\/div>\n\t\t\t\t\t<\/div>\n\t\t<\/section>\n\t\t\t\t<\/div>\n\t\t","protected":false},"excerpt":{"rendered":"<p>Pol\u00edtica de Cancelaci\u00f3n Cambios y cancelaciones por parte del proveedor En raras ocasiones puede ser necesario que un proveedor modifique determinados servicios o entradas, o que los cancele. Nos reservamos el derecho de modificar o cancelar servicios o entradas (o hacerlo en nombre de un proveedor\/socio) en cualquier momento. Nuestras obligaciones con respecto a cambios [&hellip;]<\/p>\n","protected":false},"author":2,"featured_media":0,"parent":0,"menu_order":0,"comment_status":"closed","ping_status":"closed","template":"","meta":{"footnotes":""},"class_list":["post-1650","page","type-page","status-publish","hentry"],"yoast_head":"<!-- This site is optimized with the Yoast SEO plugin v27.4 - https:\/\/yoast.com\/product\/yoast-seo-wordpress\/ -->\n<title>Pol\u00edtica de Cancelaci\u00f3n - Ultimate Buggies and Quads Dubai<\/title>\n<meta name=\"robots\" content=\"index, follow, max-snippet:-1, max-image-preview:large, max-video-preview:-1\" \/>\n<link rel=\"canonical\" href=\"https:\/\/ultimatebuggiesandquadsdubai.com\/es\/politica-de-cancelacion\/\" \/>\n<meta property=\"og:locale\" content=\"es_ES\" \/>\n<meta property=\"og:type\" content=\"article\" \/>\n<meta property=\"og:title\" content=\"Pol\u00edtica de Cancelaci\u00f3n - Ultimate Buggies and Quads Dubai\" \/>\n<meta property=\"og:description\" content=\"Pol\u00edtica de Cancelaci\u00f3n Cambios y cancelaciones por parte del proveedor En raras ocasiones puede ser necesario que un proveedor modifique determinados servicios o entradas, o que los cancele. Nos reservamos el derecho de modificar o cancelar servicios o entradas (o hacerlo en nombre de un proveedor\/socio) en cualquier momento. Nuestras obligaciones con respecto a cambios [&hellip;]\" \/>\n<meta property=\"og:url\" content=\"https:\/\/ultimatebuggiesandquadsdubai.com\/es\/politica-de-cancelacion\/\" \/>\n<meta property=\"og:site_name\" content=\"Ultimate Buggies and Quads Dubai\" \/>\n<meta property=\"article:modified_time\" content=\"2026-02-20T13:27:47+00:00\" \/>\n<meta name=\"twitter:card\" content=\"summary_large_image\" \/>\n<meta name=\"twitter:label1\" content=\"Tiempo de lectura\" \/>\n\t<meta name=\"twitter:data1\" content=\"3 minutos\" \/>\n<script type=\"application\/ld+json\" class=\"yoast-schema-graph\">{\"@context\":\"https:\\\/\\\/schema.org\",\"@graph\":[{\"@type\":\"WebPage\",\"@id\":\"https:\\\/\\\/ultimatebuggiesandquadsdubai.com\\\/es\\\/politica-de-cancelacion\\\/\",\"url\":\"https:\\\/\\\/ultimatebuggiesandquadsdubai.com\\\/es\\\/politica-de-cancelacion\\\/\",\"name\":\"Pol\u00edtica de Cancelaci\u00f3n - Ultimate Buggies and Quads Dubai\",\"isPartOf\":{\"@id\":\"https:\\\/\\\/ultimatebuggiesandquadsdubai.com\\\/es\\\/#website\"},\"datePublished\":\"2025-04-25T11:30:02+00:00\",\"dateModified\":\"2026-02-20T13:27:47+00:00\",\"breadcrumb\":{\"@id\":\"https:\\\/\\\/ultimatebuggiesandquadsdubai.com\\\/es\\\/politica-de-cancelacion\\\/#breadcrumb\"},\"inLanguage\":\"es\",\"potentialAction\":[{\"@type\":\"ReadAction\",\"target\":[\"https:\\\/\\\/ultimatebuggiesandquadsdubai.com\\\/es\\\/politica-de-cancelacion\\\/\"]}]},{\"@type\":\"BreadcrumbList\",\"@id\":\"https:\\\/\\\/ultimatebuggiesandquadsdubai.com\\\/es\\\/politica-de-cancelacion\\\/#breadcrumb\",\"itemListElement\":[{\"@type\":\"ListItem\",\"position\":1,\"name\":\"Home\",\"item\":\"https:\\\/\\\/ultimatebuggiesandquadsdubai.com\\\/es\\\/\"},{\"@type\":\"ListItem\",\"position\":2,\"name\":\"Pol\u00edtica de Cancelaci\u00f3n\"}]},{\"@type\":\"WebSite\",\"@id\":\"https:\\\/\\\/ultimatebuggiesandquadsdubai.com\\\/es\\\/#website\",\"url\":\"https:\\\/\\\/ultimatebuggiesandquadsdubai.com\\\/es\\\/\",\"name\":\"Ultimate Buggies and Quads Dubai\",\"description\":\"\",\"publisher\":{\"@id\":\"https:\\\/\\\/ultimatebuggiesandquadsdubai.com\\\/es\\\/#organization\"},\"potentialAction\":[{\"@type\":\"SearchAction\",\"target\":{\"@type\":\"EntryPoint\",\"urlTemplate\":\"https:\\\/\\\/ultimatebuggiesandquadsdubai.com\\\/es\\\/?s={search_term_string}\"},\"query-input\":{\"@type\":\"PropertyValueSpecification\",\"valueRequired\":true,\"valueName\":\"search_term_string\"}}],\"inLanguage\":\"es\"},{\"@type\":\"Organization\",\"@id\":\"https:\\\/\\\/ultimatebuggiesandquadsdubai.com\\\/es\\\/#organization\",\"name\":\"Ultimate Buggies and Quads Dubai\",\"url\":\"https:\\\/\\\/ultimatebuggiesandquadsdubai.com\\\/es\\\/\",\"logo\":{\"@type\":\"ImageObject\",\"inLanguage\":\"es\",\"@id\":\"https:\\\/\\\/ultimatebuggiesandquadsdubai.com\\\/es\\\/#\\\/schema\\\/logo\\\/image\\\/\",\"url\":\"https:\\\/\\\/ultimatebuggiesandquadsdubai.com\\\/wp-content\\\/uploads\\\/2025\\\/02\\\/logo-final-white-dubai.png\",\"contentUrl\":\"https:\\\/\\\/ultimatebuggiesandquadsdubai.com\\\/wp-content\\\/uploads\\\/2025\\\/02\\\/logo-final-white-dubai.png\",\"width\":745,\"height\":366,\"caption\":\"Ultimate Buggies and Quads Dubai\"},\"image\":{\"@id\":\"https:\\\/\\\/ultimatebuggiesandquadsdubai.com\\\/es\\\/#\\\/schema\\\/logo\\\/image\\\/\"}}]}<\/script>\n<!-- \/ Yoast SEO plugin. -->","yoast_head_json":{"title":"Pol\u00edtica de Cancelaci\u00f3n - Ultimate Buggies and Quads Dubai","robots":{"index":"index","follow":"follow","max-snippet":"max-snippet:-1","max-image-preview":"max-image-preview:large","max-video-preview":"max-video-preview:-1"},"canonical":"https:\/\/ultimatebuggiesandquadsdubai.com\/es\/politica-de-cancelacion\/","og_locale":"es_ES","og_type":"article","og_title":"Pol\u00edtica de Cancelaci\u00f3n - Ultimate Buggies and Quads Dubai","og_description":"Pol\u00edtica de Cancelaci\u00f3n Cambios y cancelaciones por parte del proveedor En raras ocasiones puede ser necesario que un proveedor modifique determinados servicios o entradas, o que los cancele. Nos reservamos el derecho de modificar o cancelar servicios o entradas (o hacerlo en nombre de un proveedor\/socio) en cualquier momento. Nuestras obligaciones con respecto a cambios [&hellip;]","og_url":"https:\/\/ultimatebuggiesandquadsdubai.com\/es\/politica-de-cancelacion\/","og_site_name":"Ultimate Buggies and Quads Dubai","article_modified_time":"2026-02-20T13:27:47+00:00","twitter_card":"summary_large_image","twitter_misc":{"Tiempo de lectura":"3 minutos"},"schema":{"@context":"https:\/\/schema.org","@graph":[{"@type":"WebPage","@id":"https:\/\/ultimatebuggiesandquadsdubai.com\/es\/politica-de-cancelacion\/","url":"https:\/\/ultimatebuggiesandquadsdubai.com\/es\/politica-de-cancelacion\/","name":"Pol\u00edtica de Cancelaci\u00f3n - Ultimate Buggies and Quads Dubai","isPartOf":{"@id":"https:\/\/ultimatebuggiesandquadsdubai.com\/es\/#website"},"datePublished":"2025-04-25T11:30:02+00:00","dateModified":"2026-02-20T13:27:47+00:00","breadcrumb":{"@id":"https:\/\/ultimatebuggiesandquadsdubai.com\/es\/politica-de-cancelacion\/#breadcrumb"},"inLanguage":"es","potentialAction":[{"@type":"ReadAction","target":["https:\/\/ultimatebuggiesandquadsdubai.com\/es\/politica-de-cancelacion\/"]}]},{"@type":"BreadcrumbList","@id":"https:\/\/ultimatebuggiesandquadsdubai.com\/es\/politica-de-cancelacion\/#breadcrumb","itemListElement":[{"@type":"ListItem","position":1,"name":"Home","item":"https:\/\/ultimatebuggiesandquadsdubai.com\/es\/"},{"@type":"ListItem","position":2,"name":"Pol\u00edtica de Cancelaci\u00f3n"}]},{"@type":"WebSite","@id":"https:\/\/ultimatebuggiesandquadsdubai.com\/es\/#website","url":"https:\/\/ultimatebuggiesandquadsdubai.com\/es\/","name":"Ultimate Buggies and Quads Dubai","description":"","publisher":{"@id":"https:\/\/ultimatebuggiesandquadsdubai.com\/es\/#organization"},"potentialAction":[{"@type":"SearchAction","target":{"@type":"EntryPoint","urlTemplate":"https:\/\/ultimatebuggiesandquadsdubai.com\/es\/?s={search_term_string}"},"query-input":{"@type":"PropertyValueSpecification","valueRequired":true,"valueName":"search_term_string"}}],"inLanguage":"es"},{"@type":"Organization","@id":"https:\/\/ultimatebuggiesandquadsdubai.com\/es\/#organization","name":"Ultimate Buggies and Quads Dubai","url":"https:\/\/ultimatebuggiesandquadsdubai.com\/es\/","logo":{"@type":"ImageObject","inLanguage":"es","@id":"https:\/\/ultimatebuggiesandquadsdubai.com\/es\/#\/schema\/logo\/image\/","url":"https:\/\/ultimatebuggiesandquadsdubai.com\/wp-content\/uploads\/2025\/02\/logo-final-white-dubai.png","contentUrl":"https:\/\/ultimatebuggiesandquadsdubai.com\/wp-content\/uploads\/2025\/02\/logo-final-white-dubai.png","width":745,"height":366,"caption":"Ultimate Buggies and Quads Dubai"},"image":{"@id":"https:\/\/ultimatebuggiesandquadsdubai.com\/es\/#\/schema\/logo\/image\/"}}]}},"_links":{"self":[{"href":"https:\/\/ultimatebuggiesandquadsdubai.com\/es\/wp-json\/wp\/v2\/pages\/1650","targetHints":{"allow":["GET"]}}],"collection":[{"href":"https:\/\/ultimatebuggiesandquadsdubai.com\/es\/wp-json\/wp\/v2\/pages"}],"about":[{"href":"https:\/\/ultimatebuggiesandquadsdubai.com\/es\/wp-json\/wp\/v2\/types\/page"}],"author":[{"embeddable":true,"href":"https:\/\/ultimatebuggiesandquadsdubai.com\/es\/wp-json\/wp\/v2\/users\/2"}],"replies":[{"embeddable":true,"href":"https:\/\/ultimatebuggiesandquadsdubai.com\/es\/wp-json\/wp\/v2\/comments?post=1650"}],"version-history":[{"count":1,"href":"https:\/\/ultimatebuggiesandquadsdubai.com\/es\/wp-json\/wp\/v2\/pages\/1650\/revisions"}],"predecessor-version":[{"id":1651,"href":"https:\/\/ultimatebuggiesandquadsdubai.com\/es\/wp-json\/wp\/v2\/pages\/1650\/revisions\/1651"}],"wp:attachment":[{"href":"https:\/\/ultimatebuggiesandquadsdubai.com\/es\/wp-json\/wp\/v2\/media?parent=1650"}],"curies":[{"name":"wp","href":"https:\/\/api.w.org\/{rel}","templated":true}]}}