{"id":1621,"date":"2025-04-15T11:13:45","date_gmt":"2025-04-15T11:13:45","guid":{"rendered":"https:\/\/ultimatebuggiesandquadsdubai.com\/safari-en-quad-1-hora-en-dubai\/"},"modified":"2026-03-27T12:25:09","modified_gmt":"2026-03-27T12:25:09","slug":"safari-en-quad-1-hora-en-dubai","status":"publish","type":"page","link":"https:\/\/ultimatebuggiesandquadsdubai.com\/es\/safari-en-quad-1-hora-en-dubai\/","title":{"rendered":"Safari en Quad 1 Hora en Dub\u00e1i"},"content":{"rendered":"\t\t<div data-elementor-type=\"wp-page\" data-elementor-id=\"1621\" class=\"elementor elementor-1621 elementor-248\" data-elementor-post-type=\"page\">\n\t\t\t\t\t\t<section class=\"elementor-section elementor-top-section elementor-element elementor-element-6490b89c elementor-section-height-min-height elementor-section-boxed elementor-section-height-default elementor-section-items-middle\" data-id=\"6490b89c\" data-element_type=\"section\" data-e-type=\"section\" data-settings=\"{&quot;background_background&quot;:&quot;classic&quot;}\">\n\t\t\t\t\t\t\t<div class=\"elementor-background-overlay\"><\/div>\n\t\t\t\t\t\t\t<div class=\"elementor-container elementor-column-gap-no\">\n\t\t\t\t\t<div class=\"elementor-column elementor-col-100 elementor-top-column elementor-element elementor-element-1f39d2de\" data-id=\"1f39d2de\" data-element_type=\"column\" data-e-type=\"column\">\n\t\t\t<div class=\"elementor-widget-wrap elementor-element-populated\">\n\t\t\t\t\t\t<div class=\"elementor-element elementor-element-5e061e2 elementor-widget__width-initial elementor-invisible elementor-widget elementor-widget-heading\" data-id=\"5e061e2\" data-element_type=\"widget\" data-e-type=\"widget\" data-settings=\"{&quot;_animation&quot;:&quot;slideInDown&quot;}\" data-widget_type=\"heading.default\">\n\t\t\t\t<div class=\"elementor-widget-container\">\n\t\t\t\t\t<h1 class=\"elementor-heading-title elementor-size-xl\">Safari en Quad de 1 Hora \u2013 Aventura en las Dunas Rojas de Dub\u00e1i<\/h1>\t\t\t\t<\/div>\n\t\t\t\t<\/div>\n\t\t\t\t\t<\/div>\n\t\t<\/div>\n\t\t\t\t\t<\/div>\n\t\t<\/section>\n\t\t\t\t<section class=\"elementor-section elementor-top-section elementor-element elementor-element-d9d69ce elementor-section-boxed elementor-section-height-default elementor-section-height-default\" data-id=\"d9d69ce\" data-element_type=\"section\" data-e-type=\"section\">\n\t\t\t\t\t\t<div class=\"elementor-container elementor-column-gap-no\">\n\t\t\t\t\t<div class=\"elementor-column elementor-col-50 elementor-top-column elementor-element elementor-element-2ca6d19\" data-id=\"2ca6d19\" data-element_type=\"column\" data-e-type=\"column\">\n\t\t\t<div class=\"elementor-widget-wrap elementor-element-populated\">\n\t\t\t\t\t\t<div class=\"elementor-element elementor-element-c2a221f elementor-widget elementor-widget-text-editor\" data-id=\"c2a221f\" data-element_type=\"widget\" data-e-type=\"widget\" data-widget_type=\"text-editor.default\">\n\t\t\t\t<div class=\"elementor-widget-container\">\n\t\t\t\t\t\t\t\t\t<p data-start=\"860\" data-end=\"1093\">Siente la adrenalina del desierto con nuestro <strong data-start=\"903\" data-end=\"941\"><a href=\"https:\/\/ultimatebuggiesandquadsdubai.com\/es\/safari-buggy-y-quad-dubai\/\">Safari en Quad de 1 hora en Dub\u00e1i<\/a><\/strong>. Conduce potentes quads por las ic\u00f3nicas dunas rojas de Lahbab en una experiencia guiada dise\u00f1ada tanto para aventureros como para quienes montan en quad por primera vez. <\/p><p data-start=\"1095\" data-end=\"1214\">Es una experiencia intensa, directa y perfecta si quieres vivir el desierto de verdad en poco tiempo.<\/p>\t\t\t\t\t\t\t\t<\/div>\n\t\t\t\t<\/div>\n\t\t\t\t<div class=\"elementor-element elementor-element-5cf4055 elementor-widget elementor-widget-shortcode\" data-id=\"5cf4055\" data-element_type=\"widget\" data-e-type=\"widget\" data-widget_type=\"shortcode.default\">\n\t\t\t\t<div class=\"elementor-widget-container\">\n\t\t\t\t\t\t\t<div class=\"elementor-shortcode\">\n          <div class=\"turitop_bswp_button_box_wrap\">\n\n                  <div class=\"load-turitop loading-turitop turitop_booking_system_box_button\"  data-service=\"P43\"  data-embed=\"box\" data-buttoncolor=\"green\" ><\/div>\n\n          <\/div>\n\n          <\/div>\n\t\t\t\t\t\t<\/div>\n\t\t\t\t<\/div>\n\t\t\t\t\t<\/div>\n\t\t<\/div>\n\t\t\t\t<div class=\"elementor-column elementor-col-50 elementor-top-column elementor-element elementor-element-93745c0\" data-id=\"93745c0\" data-element_type=\"column\" data-e-type=\"column\">\n\t\t\t<div class=\"elementor-widget-wrap elementor-element-populated\">\n\t\t\t\t\t\t<div class=\"elementor-element elementor-element-dd9859d elementor-arrows-position-inside elementor-widget elementor-widget-image-carousel\" data-id=\"dd9859d\" data-element_type=\"widget\" data-e-type=\"widget\" data-settings=\"{&quot;slides_to_show&quot;:&quot;1&quot;,&quot;navigation&quot;:&quot;arrows&quot;,&quot;autoplay&quot;:&quot;yes&quot;,&quot;pause_on_hover&quot;:&quot;yes&quot;,&quot;pause_on_interaction&quot;:&quot;yes&quot;,&quot;autoplay_speed&quot;:5000,&quot;infinite&quot;:&quot;yes&quot;,&quot;effect&quot;:&quot;slide&quot;,&quot;speed&quot;:500}\" data-widget_type=\"image-carousel.default\">\n\t\t\t\t<div class=\"elementor-widget-container\">\n\t\t\t\t\t\t\t<div class=\"elementor-image-carousel-wrapper swiper\" role=\"region\" aria-roledescription=\"carousel\" aria-label=\"Image Carousel\" dir=\"ltr\">\n\t\t\t<div class=\"elementor-image-carousel swiper-wrapper\" aria-live=\"off\">\n\t\t\t\t\t\t\t\t<div class=\"swiper-slide\" role=\"group\" aria-roledescription=\"slide\" aria-label=\"1 de 5\"><figure class=\"swiper-slide-inner\"><img decoding=\"async\" class=\"swiper-slide-image\" src=\"https:\/\/ultimatebuggiesandquadsdubai.com\/wp-content\/uploads\/2025\/04\/DSC02554-opt-1024x682.jpg\" alt=\"Aventura en quad con vista panor\u00e1mica del desierto de Dub\u00e1i\" \/><\/figure><\/div><div class=\"swiper-slide\" role=\"group\" aria-roledescription=\"slide\" aria-label=\"2 de 5\"><figure class=\"swiper-slide-inner\"><img decoding=\"async\" class=\"swiper-slide-image\" src=\"https:\/\/ultimatebuggiesandquadsdubai.com\/wp-content\/uploads\/2025\/04\/DSC02555-opt-1024x682.jpg\" alt=\"Ruta guiada de safari en quad por las dunas rojas de Lahbab\" \/><\/figure><\/div><div class=\"swiper-slide\" role=\"group\" aria-roledescription=\"slide\" aria-label=\"3 de 5\"><figure class=\"swiper-slide-inner\"><img decoding=\"async\" class=\"swiper-slide-image\" src=\"https:\/\/ultimatebuggiesandquadsdubai.com\/wp-content\/uploads\/2025\/04\/DSC02556-opt-1024x682.jpg\" alt=\"Conductor deteniendo el quad para una foto en el desierto de Dub\u00e1i\" \/><\/figure><\/div><div class=\"swiper-slide\" role=\"group\" aria-roledescription=\"slide\" aria-label=\"4 de 5\"><figure class=\"swiper-slide-inner\"><img decoding=\"async\" class=\"swiper-slide-image\" src=\"https:\/\/ultimatebuggiesandquadsdubai.com\/wp-content\/uploads\/2025\/04\/DSC02557-opt-1024x682.jpg\" alt=\"Sendero de quad a trav\u00e9s de amplias dunas rojas abiertas en Dub\u00e1i\" \/><\/figure><\/div><div class=\"swiper-slide\" role=\"group\" aria-roledescription=\"slide\" aria-label=\"5 de 5\"><figure class=\"swiper-slide-inner\"><img decoding=\"async\" class=\"swiper-slide-image\" src=\"https:\/\/ultimatebuggiesandquadsdubai.com\/wp-content\/uploads\/2025\/04\/DSC02558-opt-1024x682.jpg\" alt=\"Quads alineados antes del safari por el desierto en Dub\u00e1i\" \/><\/figure><\/div>\t\t\t<\/div>\n\t\t\t\t\t\t\t\t\t\t\t\t<div class=\"elementor-swiper-button elementor-swiper-button-prev\" role=\"button\" tabindex=\"0\">\n\t\t\t\t\t\t<svg aria-hidden=\"true\" class=\"e-font-icon-svg e-eicon-chevron-left\" viewBox=\"0 0 1000 1000\" xmlns=\"http:\/\/www.w3.org\/2000\/svg\"><path d=\"M646 125C629 125 613 133 604 142L308 442C296 454 292 471 292 487 292 504 296 521 308 533L604 854C617 867 629 875 646 875 663 875 679 871 692 858 704 846 713 829 713 812 713 796 708 779 692 767L438 487 692 225C700 217 708 204 708 187 708 171 704 154 692 142 675 129 663 125 646 125Z\"><\/path><\/svg>\t\t\t\t\t<\/div>\n\t\t\t\t\t<div class=\"elementor-swiper-button elementor-swiper-button-next\" role=\"button\" tabindex=\"0\">\n\t\t\t\t\t\t<svg aria-hidden=\"true\" class=\"e-font-icon-svg e-eicon-chevron-right\" viewBox=\"0 0 1000 1000\" xmlns=\"http:\/\/www.w3.org\/2000\/svg\"><path d=\"M696 533C708 521 713 504 713 487 713 471 708 454 696 446L400 146C388 133 375 125 354 125 338 125 325 129 313 142 300 154 292 171 292 187 292 204 296 221 308 233L563 492 304 771C292 783 288 800 288 817 288 833 296 850 308 863 321 871 338 875 354 875 371 875 388 867 400 854L696 533Z\"><\/path><\/svg>\t\t\t\t\t<\/div>\n\t\t\t\t\n\t\t\t\t\t\t\t\t\t<\/div>\n\t\t\t\t\t\t<\/div>\n\t\t\t\t<\/div>\n\t\t\t\t<div class=\"elementor-element elementor-element-47780c1 elementor-widget elementor-widget-heading\" data-id=\"47780c1\" data-element_type=\"widget\" data-e-type=\"widget\" data-widget_type=\"heading.default\">\n\t\t\t\t<div class=\"elementor-widget-container\">\n\t\t\t\t\t<h2 class=\"elementor-heading-title elementor-size-xl\">La Experiencia del Safari en Quad<\/h2>\t\t\t\t<\/div>\n\t\t\t\t<\/div>\n\t\t\t\t<div class=\"elementor-element elementor-element-8eee317 elementor-widget elementor-widget-text-editor\" data-id=\"8eee317\" data-element_type=\"widget\" data-e-type=\"widget\" data-widget_type=\"text-editor.default\">\n\t\t\t\t<div class=\"elementor-widget-container\">\n\t\t\t\t\t\t\t\t\t<p data-start=\"1256\" data-end=\"1471\">Todo comienza con un briefing completo de seguridad y la entrega del equipamiento. Una vez listo, te subir\u00e1s a tu quad y entrar\u00e1s directamente en las dunas. Seguir\u00e1s a gu\u00edas expertos por rutas seleccionadas que combinan emoci\u00f3n y control, con zonas abiertas para disfrutar del terreno y paradas en puntos panor\u00e1micos para fotos. <\/p><p data-start=\"1473\" data-end=\"1555\">El objetivo es simple: <strong data-start=\"1494\" data-end=\"1554\">m\u00e1s conducci\u00f3n, m\u00e1s acci\u00f3n y vistas inolvidables del desierto<\/strong>.<\/p>\t\t\t\t\t\t\t\t<\/div>\n\t\t\t\t<\/div>\n\t\t\t\t<div class=\"elementor-element elementor-element-5b4384c elementor-widget elementor-widget-heading\" data-id=\"5b4384c\" data-element_type=\"widget\" data-e-type=\"widget\" data-widget_type=\"heading.default\">\n\t\t\t\t<div class=\"elementor-widget-container\">\n\t\t\t\t\t<h2 class=\"elementor-heading-title elementor-size-xl\">\u00bfListo para conquistar las dunas?<\/h2>\t\t\t\t<\/div>\n\t\t\t\t<\/div>\n\t\t\t\t<div class=\"elementor-element elementor-element-8b3c636 elementor-widget elementor-widget-text-editor\" data-id=\"8b3c636\" data-element_type=\"widget\" data-e-type=\"widget\" data-widget_type=\"text-editor.default\">\n\t\t\t\t<div class=\"elementor-widget-container\">\n\t\t\t\t\t\t\t\t\t<p><a href=\"https:\/\/ultimatebuggiesandquadsdubai.com\/es\/reserva-tour-en-buggy-y-quad-en-dubai\/\"><strong>Reserva tu Safari en Quad de 1 Hora en Dub\u00e1i Hoy<\/strong><\/a><\/p>\t\t\t\t\t\t\t\t<\/div>\n\t\t\t\t<\/div>\n\t\t\t\t\t<\/div>\n\t\t<\/div>\n\t\t\t\t\t<\/div>\n\t\t<\/section>\n\t\t<div class=\"elementor-element elementor-element-fdf00fa e-flex e-con-boxed e-con e-parent\" data-id=\"fdf00fa\" data-element_type=\"container\" data-e-type=\"container\">\n\t\t\t\t\t<div class=\"e-con-inner\">\n\t\t<div class=\"elementor-element elementor-element-6514909 e-con-full e-flex e-con e-child\" data-id=\"6514909\" data-element_type=\"container\" data-e-type=\"container\">\n\t\t\t\t<div class=\"elementor-element elementor-element-8e7f765 elementor-widget elementor-widget-heading\" data-id=\"8e7f765\" data-element_type=\"widget\" data-e-type=\"widget\" data-widget_type=\"heading.default\">\n\t\t\t\t<div class=\"elementor-widget-container\">\n\t\t\t\t\t<h2 class=\"elementor-heading-title elementor-size-default\">Qu\u00e9 Incluye<\/h2>\t\t\t\t<\/div>\n\t\t\t\t<\/div>\n\t\t\t\t<div class=\"elementor-element elementor-element-7d96872 elementor-widget elementor-widget-text-editor\" data-id=\"7d96872\" data-element_type=\"widget\" data-e-type=\"widget\" data-widget_type=\"text-editor.default\">\n\t\t\t\t<div class=\"elementor-widget-container\">\n\t\t\t\t\t\t\t\t\t<ul><li>1 hora de safari guiado en quad<\/li><li>Briefing de seguridad antes de iniciar la ruta<\/li><li>Quads potentes y f\u00e1ciles de manejar<\/li><li><a href=\"https:\/\/ultimatebuggiesandquadsdubai.com\/es\/tour-buggy-dubai\/\">Ruta por las dunas rojas<\/a><\/li><li>Paradas para fotos con vistas del desierto<\/li><li>Recogida y regreso al hotel (si se selecciona)<\/li><\/ul>\t\t\t\t\t\t\t\t<\/div>\n\t\t\t\t<\/div>\n\t\t\t\t<\/div>\n\t\t<div class=\"elementor-element elementor-element-c05534c e-con-full e-flex e-con e-child\" data-id=\"c05534c\" data-element_type=\"container\" data-e-type=\"container\">\n\t\t\t\t<div class=\"elementor-element elementor-element-a77428c elementor-widget elementor-widget-heading\" data-id=\"a77428c\" data-element_type=\"widget\" data-e-type=\"widget\" data-widget_type=\"heading.default\">\n\t\t\t\t<div class=\"elementor-widget-container\">\n\t\t\t\t\t<h2 class=\"elementor-heading-title elementor-size-default\">\u00bfPara Qui\u00e9n Es Este Tour?<\/h2>\t\t\t\t<\/div>\n\t\t\t\t<\/div>\n\t\t\t\t<div class=\"elementor-element elementor-element-92d08db elementor-widget elementor-widget-text-editor\" data-id=\"92d08db\" data-element_type=\"widget\" data-e-type=\"widget\" data-widget_type=\"text-editor.default\">\n\t\t\t\t<div class=\"elementor-widget-container\">\n\t\t\t\t\t\t\t\t\t<p>Perfecto para:<\/p><ul><li>Personas que prueban el quad por primera vez<\/li><li>Amantes de la aventura<\/li><li>Parejas y amigos<\/li><li>Visitantes con poco tiempo que quieren una experiencia aut\u00e9ntica<\/li><\/ul><p><a href=\"https:\/\/ultimatebuggiesandquadsdubai.com\/es\/preguntas-frecuentes\/\">No se requiere experiencia previa<\/a> \u2014 nuestros gu\u00edas te explicar\u00e1n todo paso a paso.<\/p>\t\t\t\t\t\t\t\t<\/div>\n\t\t\t\t<\/div>\n\t\t\t\t<\/div>\n\t\t<div class=\"elementor-element elementor-element-4355d31 e-con-full e-flex e-con e-child\" data-id=\"4355d31\" data-element_type=\"container\" data-e-type=\"container\">\n\t\t\t\t<div class=\"elementor-element elementor-element-5a2caf3 elementor-widget elementor-widget-heading\" data-id=\"5a2caf3\" data-element_type=\"widget\" data-e-type=\"widget\" data-widget_type=\"heading.default\">\n\t\t\t\t<div class=\"elementor-widget-container\">\n\t\t\t\t\t<h2 class=\"elementor-heading-title elementor-size-default\">Por Qu\u00e9 Elegir Este Safari<\/h2>\t\t\t\t<\/div>\n\t\t\t\t<\/div>\n\t\t\t\t<div class=\"elementor-element elementor-element-8b7decc elementor-widget elementor-widget-text-editor\" data-id=\"8b7decc\" data-element_type=\"widget\" data-e-type=\"widget\" data-widget_type=\"text-editor.default\">\n\t\t\t\t<div class=\"elementor-widget-container\">\n\t\t\t\t\t\t\t\t\t<ul><li><a href=\"https:\/\/ultimatebuggiesandquadsdubai.com\/es\/safari-en-quad-2-horas-en-dubai\/\">Experiencia centrada en quad<\/a> (sin distracciones)<\/li><li>Conducci\u00f3n real por dunas rojas<\/li><li>Gu\u00edas profesionales durante toda la actividad<\/li><li>Quads de alto rendimiento<\/li><li>Horarios disponibles por la ma\u00f1ana y por la tarde<\/li><\/ul>\t\t\t\t\t\t\t\t<\/div>\n\t\t\t\t<\/div>\n\t\t\t\t<\/div>\n\t\t\t\t\t<\/div>\n\t\t\t\t<\/div>\n\t\t\t\t<\/div>\n\t\t","protected":false},"excerpt":{"rendered":"<p>Safari en Quad de 1 Hora \u2013 Aventura en las Dunas Rojas de Dub\u00e1i Siente la adrenalina del desierto con nuestro Safari en Quad de 1 hora en Dub\u00e1i. Conduce potentes quads por las ic\u00f3nicas dunas rojas de Lahbab en una experiencia guiada dise\u00f1ada tanto para aventureros como para quienes montan en quad por primera [&hellip;]<\/p>\n","protected":false},"author":2,"featured_media":0,"parent":0,"menu_order":0,"comment_status":"closed","ping_status":"closed","template":"","meta":{"footnotes":""},"class_list":["post-1621","page","type-page","status-publish","hentry"],"yoast_head":"<!-- This site is optimized with the Yoast SEO plugin v27.4 - https:\/\/yoast.com\/product\/yoast-seo-wordpress\/ -->\n<title>Safari en Quad 1 Hora en Dub\u00e1i | Aventura en las Dunas Rojas<\/title>\n<meta name=\"description\" content=\"Vive un safari en quad de 1 hora en las dunas rojas de Dub\u00e1i. Ruta guiada, equipamiento de seguridad incluido y opci\u00f3n de recogida. Reserva ahora.\" \/>\n<meta name=\"robots\" content=\"index, follow, max-snippet:-1, max-image-preview:large, max-video-preview:-1\" \/>\n<link rel=\"canonical\" href=\"https:\/\/ultimatebuggiesandquadsdubai.com\/es\/safari-en-quad-1-hora-en-dubai\/\" \/>\n<meta property=\"og:locale\" content=\"es_ES\" \/>\n<meta property=\"og:type\" content=\"article\" \/>\n<meta property=\"og:title\" content=\"Safari en Quad 1 Hora en Dub\u00e1i | Aventura en las Dunas Rojas\" \/>\n<meta property=\"og:description\" content=\"Vive un safari en quad de 1 hora en las dunas rojas de Dub\u00e1i. Ruta guiada, equipamiento de seguridad incluido y opci\u00f3n de recogida. Reserva ahora.\" \/>\n<meta property=\"og:url\" content=\"https:\/\/ultimatebuggiesandquadsdubai.com\/es\/safari-en-quad-1-hora-en-dubai\/\" \/>\n<meta property=\"og:site_name\" content=\"Ultimate Buggies and Quads Dubai\" \/>\n<meta property=\"article:modified_time\" content=\"2026-03-27T12:25:09+00:00\" \/>\n<meta property=\"og:image\" content=\"https:\/\/ultimatebuggiesandquadsdubai.com\/wp-content\/uploads\/2025\/04\/DSC02554-opt-1024x682.jpg\" \/>\n<meta name=\"twitter:card\" content=\"summary_large_image\" \/>\n<meta name=\"twitter:label1\" content=\"Tiempo de lectura\" \/>\n\t<meta name=\"twitter:data1\" content=\"1 minuto\" \/>\n<script type=\"application\/ld+json\" class=\"yoast-schema-graph\">{\"@context\":\"https:\\\/\\\/schema.org\",\"@graph\":[{\"@type\":\"WebPage\",\"@id\":\"https:\\\/\\\/ultimatebuggiesandquadsdubai.com\\\/es\\\/safari-en-quad-1-hora-en-dubai\\\/\",\"url\":\"https:\\\/\\\/ultimatebuggiesandquadsdubai.com\\\/es\\\/safari-en-quad-1-hora-en-dubai\\\/\",\"name\":\"Safari en Quad 1 Hora en Dub\u00e1i | Aventura en las Dunas Rojas\",\"isPartOf\":{\"@id\":\"https:\\\/\\\/ultimatebuggiesandquadsdubai.com\\\/es\\\/#website\"},\"primaryImageOfPage\":{\"@id\":\"https:\\\/\\\/ultimatebuggiesandquadsdubai.com\\\/es\\\/safari-en-quad-1-hora-en-dubai\\\/#primaryimage\"},\"image\":{\"@id\":\"https:\\\/\\\/ultimatebuggiesandquadsdubai.com\\\/es\\\/safari-en-quad-1-hora-en-dubai\\\/#primaryimage\"},\"thumbnailUrl\":\"https:\\\/\\\/ultimatebuggiesandquadsdubai.com\\\/wp-content\\\/uploads\\\/2025\\\/04\\\/DSC02554-opt-1024x682.jpg\",\"datePublished\":\"2025-04-15T11:13:45+00:00\",\"dateModified\":\"2026-03-27T12:25:09+00:00\",\"description\":\"Vive un safari en quad de 1 hora en las dunas rojas de Dub\u00e1i. Ruta guiada, equipamiento de seguridad incluido y opci\u00f3n de recogida. Reserva ahora.\",\"breadcrumb\":{\"@id\":\"https:\\\/\\\/ultimatebuggiesandquadsdubai.com\\\/es\\\/safari-en-quad-1-hora-en-dubai\\\/#breadcrumb\"},\"inLanguage\":\"es\",\"potentialAction\":[{\"@type\":\"ReadAction\",\"target\":[\"https:\\\/\\\/ultimatebuggiesandquadsdubai.com\\\/es\\\/safari-en-quad-1-hora-en-dubai\\\/\"]}]},{\"@type\":\"ImageObject\",\"inLanguage\":\"es\",\"@id\":\"https:\\\/\\\/ultimatebuggiesandquadsdubai.com\\\/es\\\/safari-en-quad-1-hora-en-dubai\\\/#primaryimage\",\"url\":\"https:\\\/\\\/ultimatebuggiesandquadsdubai.com\\\/wp-content\\\/uploads\\\/2025\\\/04\\\/DSC02554-opt-1024x682.jpg\",\"contentUrl\":\"https:\\\/\\\/ultimatebuggiesandquadsdubai.com\\\/wp-content\\\/uploads\\\/2025\\\/04\\\/DSC02554-opt-1024x682.jpg\"},{\"@type\":\"BreadcrumbList\",\"@id\":\"https:\\\/\\\/ultimatebuggiesandquadsdubai.com\\\/es\\\/safari-en-quad-1-hora-en-dubai\\\/#breadcrumb\",\"itemListElement\":[{\"@type\":\"ListItem\",\"position\":1,\"name\":\"Home\",\"item\":\"https:\\\/\\\/ultimatebuggiesandquadsdubai.com\\\/es\\\/\"},{\"@type\":\"ListItem\",\"position\":2,\"name\":\"Safari en Quad 1 Hora en Dub\u00e1i\"}]},{\"@type\":\"WebSite\",\"@id\":\"https:\\\/\\\/ultimatebuggiesandquadsdubai.com\\\/es\\\/#website\",\"url\":\"https:\\\/\\\/ultimatebuggiesandquadsdubai.com\\\/es\\\/\",\"name\":\"Ultimate Buggies and Quads Dubai\",\"description\":\"\",\"publisher\":{\"@id\":\"https:\\\/\\\/ultimatebuggiesandquadsdubai.com\\\/es\\\/#organization\"},\"potentialAction\":[{\"@type\":\"SearchAction\",\"target\":{\"@type\":\"EntryPoint\",\"urlTemplate\":\"https:\\\/\\\/ultimatebuggiesandquadsdubai.com\\\/es\\\/?s={search_term_string}\"},\"query-input\":{\"@type\":\"PropertyValueSpecification\",\"valueRequired\":true,\"valueName\":\"search_term_string\"}}],\"inLanguage\":\"es\"},{\"@type\":\"Organization\",\"@id\":\"https:\\\/\\\/ultimatebuggiesandquadsdubai.com\\\/es\\\/#organization\",\"name\":\"Ultimate Buggies and Quads Dubai\",\"url\":\"https:\\\/\\\/ultimatebuggiesandquadsdubai.com\\\/es\\\/\",\"logo\":{\"@type\":\"ImageObject\",\"inLanguage\":\"es\",\"@id\":\"https:\\\/\\\/ultimatebuggiesandquadsdubai.com\\\/es\\\/#\\\/schema\\\/logo\\\/image\\\/\",\"url\":\"https:\\\/\\\/ultimatebuggiesandquadsdubai.com\\\/wp-content\\\/uploads\\\/2025\\\/02\\\/logo-final-white-dubai.png\",\"contentUrl\":\"https:\\\/\\\/ultimatebuggiesandquadsdubai.com\\\/wp-content\\\/uploads\\\/2025\\\/02\\\/logo-final-white-dubai.png\",\"width\":745,\"height\":366,\"caption\":\"Ultimate Buggies and Quads Dubai\"},\"image\":{\"@id\":\"https:\\\/\\\/ultimatebuggiesandquadsdubai.com\\\/es\\\/#\\\/schema\\\/logo\\\/image\\\/\"}}]}<\/script>\n<!-- \/ Yoast SEO plugin. -->","yoast_head_json":{"title":"Safari en Quad 1 Hora en Dub\u00e1i | Aventura en las Dunas Rojas","description":"Vive un safari en quad de 1 hora en las dunas rojas de Dub\u00e1i. Ruta guiada, equipamiento de seguridad incluido y opci\u00f3n de recogida. Reserva ahora.","robots":{"index":"index","follow":"follow","max-snippet":"max-snippet:-1","max-image-preview":"max-image-preview:large","max-video-preview":"max-video-preview:-1"},"canonical":"https:\/\/ultimatebuggiesandquadsdubai.com\/es\/safari-en-quad-1-hora-en-dubai\/","og_locale":"es_ES","og_type":"article","og_title":"Safari en Quad 1 Hora en Dub\u00e1i | Aventura en las Dunas Rojas","og_description":"Vive un safari en quad de 1 hora en las dunas rojas de Dub\u00e1i. Ruta guiada, equipamiento de seguridad incluido y opci\u00f3n de recogida. Reserva ahora.","og_url":"https:\/\/ultimatebuggiesandquadsdubai.com\/es\/safari-en-quad-1-hora-en-dubai\/","og_site_name":"Ultimate Buggies and Quads Dubai","article_modified_time":"2026-03-27T12:25:09+00:00","og_image":[{"url":"https:\/\/ultimatebuggiesandquadsdubai.com\/wp-content\/uploads\/2025\/04\/DSC02554-opt-1024x682.jpg","type":"","width":"","height":""}],"twitter_card":"summary_large_image","twitter_misc":{"Tiempo de lectura":"1 minuto"},"schema":{"@context":"https:\/\/schema.org","@graph":[{"@type":"WebPage","@id":"https:\/\/ultimatebuggiesandquadsdubai.com\/es\/safari-en-quad-1-hora-en-dubai\/","url":"https:\/\/ultimatebuggiesandquadsdubai.com\/es\/safari-en-quad-1-hora-en-dubai\/","name":"Safari en Quad 1 Hora en Dub\u00e1i | Aventura en las Dunas Rojas","isPartOf":{"@id":"https:\/\/ultimatebuggiesandquadsdubai.com\/es\/#website"},"primaryImageOfPage":{"@id":"https:\/\/ultimatebuggiesandquadsdubai.com\/es\/safari-en-quad-1-hora-en-dubai\/#primaryimage"},"image":{"@id":"https:\/\/ultimatebuggiesandquadsdubai.com\/es\/safari-en-quad-1-hora-en-dubai\/#primaryimage"},"thumbnailUrl":"https:\/\/ultimatebuggiesandquadsdubai.com\/wp-content\/uploads\/2025\/04\/DSC02554-opt-1024x682.jpg","datePublished":"2025-04-15T11:13:45+00:00","dateModified":"2026-03-27T12:25:09+00:00","description":"Vive un safari en quad de 1 hora en las dunas rojas de Dub\u00e1i. Ruta guiada, equipamiento de seguridad incluido y opci\u00f3n de recogida. Reserva ahora.","breadcrumb":{"@id":"https:\/\/ultimatebuggiesandquadsdubai.com\/es\/safari-en-quad-1-hora-en-dubai\/#breadcrumb"},"inLanguage":"es","potentialAction":[{"@type":"ReadAction","target":["https:\/\/ultimatebuggiesandquadsdubai.com\/es\/safari-en-quad-1-hora-en-dubai\/"]}]},{"@type":"ImageObject","inLanguage":"es","@id":"https:\/\/ultimatebuggiesandquadsdubai.com\/es\/safari-en-quad-1-hora-en-dubai\/#primaryimage","url":"https:\/\/ultimatebuggiesandquadsdubai.com\/wp-content\/uploads\/2025\/04\/DSC02554-opt-1024x682.jpg","contentUrl":"https:\/\/ultimatebuggiesandquadsdubai.com\/wp-content\/uploads\/2025\/04\/DSC02554-opt-1024x682.jpg"},{"@type":"BreadcrumbList","@id":"https:\/\/ultimatebuggiesandquadsdubai.com\/es\/safari-en-quad-1-hora-en-dubai\/#breadcrumb","itemListElement":[{"@type":"ListItem","position":1,"name":"Home","item":"https:\/\/ultimatebuggiesandquadsdubai.com\/es\/"},{"@type":"ListItem","position":2,"name":"Safari en Quad 1 Hora en Dub\u00e1i"}]},{"@type":"WebSite","@id":"https:\/\/ultimatebuggiesandquadsdubai.com\/es\/#website","url":"https:\/\/ultimatebuggiesandquadsdubai.com\/es\/","name":"Ultimate Buggies and Quads Dubai","description":"","publisher":{"@id":"https:\/\/ultimatebuggiesandquadsdubai.com\/es\/#organization"},"potentialAction":[{"@type":"SearchAction","target":{"@type":"EntryPoint","urlTemplate":"https:\/\/ultimatebuggiesandquadsdubai.com\/es\/?s={search_term_string}"},"query-input":{"@type":"PropertyValueSpecification","valueRequired":true,"valueName":"search_term_string"}}],"inLanguage":"es"},{"@type":"Organization","@id":"https:\/\/ultimatebuggiesandquadsdubai.com\/es\/#organization","name":"Ultimate Buggies and Quads Dubai","url":"https:\/\/ultimatebuggiesandquadsdubai.com\/es\/","logo":{"@type":"ImageObject","inLanguage":"es","@id":"https:\/\/ultimatebuggiesandquadsdubai.com\/es\/#\/schema\/logo\/image\/","url":"https:\/\/ultimatebuggiesandquadsdubai.com\/wp-content\/uploads\/2025\/02\/logo-final-white-dubai.png","contentUrl":"https:\/\/ultimatebuggiesandquadsdubai.com\/wp-content\/uploads\/2025\/02\/logo-final-white-dubai.png","width":745,"height":366,"caption":"Ultimate Buggies and Quads Dubai"},"image":{"@id":"https:\/\/ultimatebuggiesandquadsdubai.com\/es\/#\/schema\/logo\/image\/"}}]}},"_links":{"self":[{"href":"https:\/\/ultimatebuggiesandquadsdubai.com\/es\/wp-json\/wp\/v2\/pages\/1621","targetHints":{"allow":["GET"]}}],"collection":[{"href":"https:\/\/ultimatebuggiesandquadsdubai.com\/es\/wp-json\/wp\/v2\/pages"}],"about":[{"href":"https:\/\/ultimatebuggiesandquadsdubai.com\/es\/wp-json\/wp\/v2\/types\/page"}],"author":[{"embeddable":true,"href":"https:\/\/ultimatebuggiesandquadsdubai.com\/es\/wp-json\/wp\/v2\/users\/2"}],"replies":[{"embeddable":true,"href":"https:\/\/ultimatebuggiesandquadsdubai.com\/es\/wp-json\/wp\/v2\/comments?post=1621"}],"version-history":[{"count":2,"href":"https:\/\/ultimatebuggiesandquadsdubai.com\/es\/wp-json\/wp\/v2\/pages\/1621\/revisions"}],"predecessor-version":[{"id":2310,"href":"https:\/\/ultimatebuggiesandquadsdubai.com\/es\/wp-json\/wp\/v2\/pages\/1621\/revisions\/2310"}],"wp:attachment":[{"href":"https:\/\/ultimatebuggiesandquadsdubai.com\/es\/wp-json\/wp\/v2\/media?parent=1621"}],"curies":[{"name":"wp","href":"https:\/\/api.w.org\/{rel}","templated":true}]}}