{"id":1604,"date":"2026-01-19T11:53:35","date_gmt":"2026-01-19T11:53:35","guid":{"rendered":"https:\/\/ultimatebuggiesandquadsdubai.com\/buggy-polaris-2-horas-dubai\/"},"modified":"2026-02-20T10:05:40","modified_gmt":"2026-02-20T10:05:40","slug":"buggy-polaris-2-horas-dubai","status":"publish","type":"page","link":"https:\/\/ultimatebuggiesandquadsdubai.com\/es\/buggy-polaris-2-horas-dubai\/","title":{"rendered":"Buggy Polaris 2 Horas Dubai"},"content":{"rendered":"\t\t<div data-elementor-type=\"wp-page\" data-elementor-id=\"1604\" class=\"elementor elementor-1604 elementor-693\" data-elementor-post-type=\"page\">\n\t\t\t\t\t\t<section class=\"elementor-section elementor-top-section elementor-element elementor-element-6490b89c elementor-section-height-min-height elementor-section-boxed elementor-section-height-default elementor-section-items-middle\" data-id=\"6490b89c\" data-element_type=\"section\" data-e-type=\"section\" data-settings=\"{&quot;background_background&quot;:&quot;classic&quot;}\">\n\t\t\t\t\t\t\t<div class=\"elementor-background-overlay\"><\/div>\n\t\t\t\t\t\t\t<div class=\"elementor-container elementor-column-gap-no\">\n\t\t\t\t\t<div class=\"elementor-column elementor-col-100 elementor-top-column elementor-element elementor-element-1f39d2de\" data-id=\"1f39d2de\" data-element_type=\"column\" data-e-type=\"column\">\n\t\t\t<div class=\"elementor-widget-wrap elementor-element-populated\">\n\t\t\t\t\t\t<div class=\"elementor-element elementor-element-979a8e5 elementor-invisible elementor-widget elementor-widget-heading\" data-id=\"979a8e5\" data-element_type=\"widget\" data-e-type=\"widget\" data-settings=\"{&quot;_animation&quot;:&quot;slideInDown&quot;}\" data-widget_type=\"heading.default\">\n\t\t\t\t<div class=\"elementor-widget-container\">\n\t\t\t\t\t<h1 class=\"elementor-heading-title elementor-size-xl\">Tour en Buggy Polaris 2 Plazas de 2 Horas \u2013 Aventura Extendida en el Desierto de Dub\u00e1i<\/h1>\t\t\t\t<\/div>\n\t\t\t\t<\/div>\n\t\t\t\t\t<\/div>\n\t\t<\/div>\n\t\t\t\t\t<\/div>\n\t\t<\/section>\n\t\t\t\t<section class=\"elementor-section elementor-top-section elementor-element elementor-element-b91fcdb elementor-section-boxed elementor-section-height-default elementor-section-height-default\" data-id=\"b91fcdb\" data-element_type=\"section\" data-e-type=\"section\">\n\t\t\t\t\t\t<div class=\"elementor-container elementor-column-gap-no\">\n\t\t\t\t\t<div class=\"elementor-column elementor-col-50 elementor-top-column elementor-element elementor-element-e0588d5\" data-id=\"e0588d5\" data-element_type=\"column\" data-e-type=\"column\">\n\t\t\t<div class=\"elementor-widget-wrap elementor-element-populated\">\n\t\t\t\t\t\t<div class=\"elementor-element elementor-element-ca46571 elementor-widget elementor-widget-text-editor\" data-id=\"ca46571\" data-element_type=\"widget\" data-e-type=\"widget\" data-widget_type=\"text-editor.default\">\n\t\t\t\t<div class=\"elementor-widget-container\">\n\t\t\t\t\t\t\t\t\t<p data-start=\"930\" data-end=\"1209\">Disfruta de una experiencia m\u00e1s intensa con nuestro<a href=\"https:\/\/ultimatebuggiesandquadsdubai.com\/dune-buggy-dubai\/\"> <strong data-start=\"975\" data-end=\"1013\">tour de 2 horas en buggy Polaris 2 plazas<\/strong> en Dub\u00e1i<\/a>. Esta aventura extendida te permite explorar m\u00e1s profundamente las ic\u00f3nicas <a href=\"https:\/\/ultimatebuggiesandquadsdubai.com\/quad-biking-dubai\/\">dunas rojas del desierto de Lahbab<\/a>, ofreci\u00e9ndote m\u00e1s tiempo al volante y m\u00e1s emoci\u00f3n en la arena.  <\/p><p data-start=\"1211\" data-end=\"1299\">Perfecto para quienes desean una experiencia m\u00e1s completa en el desierto.<\/p>\t\t\t\t\t\t\t\t<\/div>\n\t\t\t\t<\/div>\n\t\t\t\t<div class=\"elementor-element elementor-element-8713180 elementor-widget elementor-widget-shortcode\" data-id=\"8713180\" data-element_type=\"widget\" data-e-type=\"widget\" data-widget_type=\"shortcode.default\">\n\t\t\t\t<div class=\"elementor-widget-container\">\n\t\t\t\t\t\t\t<div class=\"elementor-shortcode\">\n          <div class=\"turitop_bswp_button_box_wrap\">\n\n                  <div class=\"load-turitop loading-turitop turitop_booking_system_box_button\"  data-service=\"P32\"  data-embed=\"box\" data-buttoncolor=\"green\" ><\/div>\n\n          <\/div>\n\n          <\/div>\n\t\t\t\t\t\t<\/div>\n\t\t\t\t<\/div>\n\t\t\t\t\t<\/div>\n\t\t<\/div>\n\t\t\t\t<div class=\"elementor-column elementor-col-50 elementor-top-column elementor-element elementor-element-42ed5c4\" data-id=\"42ed5c4\" data-element_type=\"column\" data-e-type=\"column\">\n\t\t\t<div class=\"elementor-widget-wrap elementor-element-populated\">\n\t\t\t\t\t\t<div class=\"elementor-element elementor-element-af730b6 elementor-arrows-position-inside elementor-widget elementor-widget-image-carousel\" data-id=\"af730b6\" data-element_type=\"widget\" data-e-type=\"widget\" data-settings=\"{&quot;slides_to_show&quot;:&quot;1&quot;,&quot;navigation&quot;:&quot;arrows&quot;,&quot;autoplay&quot;:&quot;yes&quot;,&quot;pause_on_hover&quot;:&quot;yes&quot;,&quot;pause_on_interaction&quot;:&quot;yes&quot;,&quot;autoplay_speed&quot;:5000,&quot;infinite&quot;:&quot;yes&quot;,&quot;effect&quot;:&quot;slide&quot;,&quot;speed&quot;:500}\" data-widget_type=\"image-carousel.default\">\n\t\t\t\t<div class=\"elementor-widget-container\">\n\t\t\t\t\t\t\t<div class=\"elementor-image-carousel-wrapper swiper\" role=\"region\" aria-roledescription=\"carousel\" aria-label=\"Image Carousel\" dir=\"ltr\">\n\t\t\t<div class=\"elementor-image-carousel swiper-wrapper\" aria-live=\"off\">\n\t\t\t\t\t\t\t\t<div class=\"swiper-slide\" role=\"group\" aria-roledescription=\"slide\" aria-label=\"1 de 4\"><figure class=\"swiper-slide-inner\"><img decoding=\"async\" class=\"swiper-slide-image\" src=\"https:\/\/ultimatebuggiesandquadsdubai.com\/wp-content\/uploads\/2025\/04\/DSC02579-opt-1024x682.jpg\" alt=\"Conductor individual en buggy Polaris conduciendo por las dunas de arena de Dub\u00e1i\" \/><\/figure><\/div><div class=\"swiper-slide\" role=\"group\" aria-roledescription=\"slide\" aria-label=\"2 de 4\"><figure class=\"swiper-slide-inner\"><img decoding=\"async\" class=\"swiper-slide-image\" src=\"https:\/\/ultimatebuggiesandquadsdubai.com\/wp-content\/uploads\/2025\/04\/DSC02580-opt-1024x682.jpg\" alt=\"Buggy Polaris de 2 plazas estacionado en las dunas de arena de Dub\u00e1i\" \/><\/figure><\/div><div class=\"swiper-slide\" role=\"group\" aria-roledescription=\"slide\" aria-label=\"3 de 4\"><figure class=\"swiper-slide-inner\"><img decoding=\"async\" class=\"swiper-slide-image\" src=\"https:\/\/ultimatebuggiesandquadsdubai.com\/wp-content\/uploads\/2025\/04\/DSC02581-opt-1024x682.jpg\" alt=\"Buggy Polaris en la arena roja de Dub\u00e1i\" \/><\/figure><\/div><div class=\"swiper-slide\" role=\"group\" aria-roledescription=\"slide\" aria-label=\"4 de 4\"><figure class=\"swiper-slide-inner\"><img decoding=\"async\" class=\"swiper-slide-image\" src=\"https:\/\/ultimatebuggiesandquadsdubai.com\/wp-content\/uploads\/2025\/04\/DSC02582-opt-1024x682.jpg\" alt=\"Tour guiado en buggy Polaris de 2 plazas por las dunas\" \/><\/figure><\/div>\t\t\t<\/div>\n\t\t\t\t\t\t\t\t\t\t\t\t<div class=\"elementor-swiper-button elementor-swiper-button-prev\" role=\"button\" tabindex=\"0\">\n\t\t\t\t\t\t<svg aria-hidden=\"true\" class=\"e-font-icon-svg e-eicon-chevron-left\" viewBox=\"0 0 1000 1000\" xmlns=\"http:\/\/www.w3.org\/2000\/svg\"><path d=\"M646 125C629 125 613 133 604 142L308 442C296 454 292 471 292 487 292 504 296 521 308 533L604 854C617 867 629 875 646 875 663 875 679 871 692 858 704 846 713 829 713 812 713 796 708 779 692 767L438 487 692 225C700 217 708 204 708 187 708 171 704 154 692 142 675 129 663 125 646 125Z\"><\/path><\/svg>\t\t\t\t\t<\/div>\n\t\t\t\t\t<div class=\"elementor-swiper-button elementor-swiper-button-next\" role=\"button\" tabindex=\"0\">\n\t\t\t\t\t\t<svg aria-hidden=\"true\" class=\"e-font-icon-svg e-eicon-chevron-right\" viewBox=\"0 0 1000 1000\" xmlns=\"http:\/\/www.w3.org\/2000\/svg\"><path d=\"M696 533C708 521 713 504 713 487 713 471 708 454 696 446L400 146C388 133 375 125 354 125 338 125 325 129 313 142 300 154 292 171 292 187 292 204 296 221 308 233L563 492 304 771C292 783 288 800 288 817 288 833 296 850 308 863 321 871 338 875 354 875 371 875 388 867 400 854L696 533Z\"><\/path><\/svg>\t\t\t\t\t<\/div>\n\t\t\t\t\n\t\t\t\t\t\t\t\t\t<\/div>\n\t\t\t\t\t\t<\/div>\n\t\t\t\t<\/div>\n\t\t\t\t<div class=\"elementor-element elementor-element-8b69ce2 elementor-widget elementor-widget-heading\" data-id=\"8b69ce2\" data-element_type=\"widget\" data-e-type=\"widget\" data-widget_type=\"heading.default\">\n\t\t\t\t<div class=\"elementor-widget-container\">\n\t\t\t\t\t<h2 class=\"elementor-heading-title elementor-size-xl\">Sobre el Buggy Polaris 2 Plazas<\/h2>\t\t\t\t<\/div>\n\t\t\t\t<\/div>\n\t\t\t\t<div class=\"elementor-element elementor-element-4f47a69 elementor-widget elementor-widget-text-editor\" data-id=\"4f47a69\" data-element_type=\"widget\" data-e-type=\"widget\" data-widget_type=\"text-editor.default\">\n\t\t\t\t<div class=\"elementor-widget-container\">\n\t\t\t\t\t\t\t\t\t<p data-start=\"1347\" data-end=\"1582\">Nuestros buggies Polaris 2 plazas est\u00e1n dise\u00f1ados para ofrecer estabilidad, potencia y control en terrenos arenosos. Con una suspensi\u00f3n reforzada y un motor de alto rendimiento, estos veh\u00edculos est\u00e1n preparados para afrontar dunas m\u00e1s altas y rutas m\u00e1s largas.  <\/p><p data-start=\"1584\" data-end=\"1741\">Comparte la experiencia con un acompa\u00f1ante mientras recorres el espectacular paisaje del desierto de Dub\u00e1i.<\/p>\t\t\t\t\t\t\t\t<\/div>\n\t\t\t\t<\/div>\n\t\t\t\t<div class=\"elementor-element elementor-element-d08b2c1 elementor-widget elementor-widget-heading\" data-id=\"d08b2c1\" data-element_type=\"widget\" data-e-type=\"widget\" data-widget_type=\"heading.default\">\n\t\t\t\t<div class=\"elementor-widget-container\">\n\t\t\t\t\t<h2 class=\"elementor-heading-title elementor-size-xl\">\u00bfListo para explorar m\u00e1s a fondo las dunas?<\/h2>\t\t\t\t<\/div>\n\t\t\t\t<\/div>\n\t\t\t\t<div class=\"elementor-element elementor-element-d2a4c0b elementor-widget elementor-widget-text-editor\" data-id=\"d2a4c0b\" data-element_type=\"widget\" data-e-type=\"widget\" data-widget_type=\"text-editor.default\">\n\t\t\t\t<div class=\"elementor-widget-container\">\n\t\t\t\t\t\t\t\t\t<p><a href=\"https:\/\/ultimatebuggiesandquadsdubai.com\/book-now\/\"><strong>Reserva tu Tour en Buggy Polaris 2 Plazas de 2 Horas en Dub\u00e1i Hoy<\/strong><\/a><\/p>\t\t\t\t\t\t\t\t<\/div>\n\t\t\t\t<\/div>\n\t\t\t\t\t<\/div>\n\t\t<\/div>\n\t\t\t\t\t<\/div>\n\t\t<\/section>\n\t\t<div class=\"elementor-element elementor-element-dfdb7d3 e-flex e-con-boxed e-con e-parent\" data-id=\"dfdb7d3\" data-element_type=\"container\" data-e-type=\"container\">\n\t\t\t\t\t<div class=\"e-con-inner\">\n\t\t<div class=\"elementor-element elementor-element-e69d59a e-con-full e-flex e-con e-child\" data-id=\"e69d59a\" data-element_type=\"container\" data-e-type=\"container\">\n\t\t\t\t<div class=\"elementor-element elementor-element-a06cd9e elementor-widget elementor-widget-heading\" data-id=\"a06cd9e\" data-element_type=\"widget\" data-e-type=\"widget\" data-widget_type=\"heading.default\">\n\t\t\t\t<div class=\"elementor-widget-container\">\n\t\t\t\t\t<h2 class=\"elementor-heading-title elementor-size-default\">\u00bfQu\u00e9 Puedes Esperar?<\/h2>\t\t\t\t<\/div>\n\t\t\t\t<\/div>\n\t\t\t\t<div class=\"elementor-element elementor-element-e6e237e elementor-widget elementor-widget-text-editor\" data-id=\"e6e237e\" data-element_type=\"widget\" data-e-type=\"widget\" data-widget_type=\"text-editor.default\">\n\t\t\t\t<div class=\"elementor-widget-container\">\n\t\t\t\t\t\t\t\t\t<ul><li>Briefing completo de seguridad antes de comenzar<\/li><li>2 horas de conducci\u00f3n guiada por el desierto<\/li><li>Rutas m\u00e1s extensas y variadas<\/li><li>Paradas estrat\u00e9gicas para fotos panor\u00e1micas<\/li><li>Recogida y regreso al hotel incluidos<\/li><\/ul><p>Esta experiencia te permite disfrutar del desierto sin prisas y vivir una aventura m\u00e1s inmersiva.<\/p>\t\t\t\t\t\t\t\t<\/div>\n\t\t\t\t<\/div>\n\t\t\t\t<\/div>\n\t\t<div class=\"elementor-element elementor-element-84ea457 e-con-full e-flex e-con e-child\" data-id=\"84ea457\" data-element_type=\"container\" data-e-type=\"container\">\n\t\t\t\t<div class=\"elementor-element elementor-element-a13de75 elementor-widget elementor-widget-heading\" data-id=\"a13de75\" data-element_type=\"widget\" data-e-type=\"widget\" data-widget_type=\"heading.default\">\n\t\t\t\t<div class=\"elementor-widget-container\">\n\t\t\t\t\t<h2 class=\"elementor-heading-title elementor-size-default\">\u00bfPara Qui\u00e9n Es Este Tour?<\/h2>\t\t\t\t<\/div>\n\t\t\t\t<\/div>\n\t\t\t\t<div class=\"elementor-element elementor-element-2512e4f elementor-widget elementor-widget-text-editor\" data-id=\"2512e4f\" data-element_type=\"widget\" data-e-type=\"widget\" data-widget_type=\"text-editor.default\">\n\t\t\t\t<div class=\"elementor-widget-container\">\n\t\t\t\t\t\t\t\t\t<p>Este tour es ideal para:<\/p><ul><li>Aventureros que buscan m\u00e1s tiempo en las dunas<\/li><li>Parejas y amigos<\/li><li>Amantes de la conducci\u00f3n off-road<\/li><li>Visitantes que desean una <a href=\"https:\/\/ultimatebuggiesandquadsdubai.com\/buggy-quad-safari-dubai\/\">experiencia premium en Dub\u00e1i<\/a><\/li><\/ul><p><a href=\"https:\/\/ultimatebuggiesandquadsdubai.com\/faqs\/\">No se requiere experiencia previa<\/a>.<\/p>\t\t\t\t\t\t\t\t<\/div>\n\t\t\t\t<\/div>\n\t\t\t\t<\/div>\n\t\t<div class=\"elementor-element elementor-element-729d290 e-con-full e-flex e-con e-child\" data-id=\"729d290\" data-element_type=\"container\" data-e-type=\"container\">\n\t\t\t\t<div class=\"elementor-element elementor-element-c6899fc elementor-widget elementor-widget-heading\" data-id=\"c6899fc\" data-element_type=\"widget\" data-e-type=\"widget\" data-widget_type=\"heading.default\">\n\t\t\t\t<div class=\"elementor-widget-container\">\n\t\t\t\t\t<h2 class=\"elementor-heading-title elementor-size-default\">Comodidad y Facilidad<\/h2>\t\t\t\t<\/div>\n\t\t\t\t<\/div>\n\t\t\t\t<div class=\"elementor-element elementor-element-9d2be10 elementor-widget elementor-widget-text-editor\" data-id=\"9d2be10\" data-element_type=\"widget\" data-e-type=\"widget\" data-widget_type=\"text-editor.default\">\n\t\t\t\t<div class=\"elementor-widget-container\">\n\t\t\t\t\t\t\t\t\t<p>Este tour incluye:<\/p><ul><li>Recogida y regreso al hotel<\/li><li>Gu\u00edas profesionales del desierto<\/li><li>Equipamiento completo de seguridad<\/li><li>Horarios flexibles<\/li><li>Buggies Polaris bien mantenidos<\/li><\/ul><p>Nos aseguramos de que tu experiencia sea segura, emocionante y sin complicaciones.<\/p>\t\t\t\t\t\t\t\t<\/div>\n\t\t\t\t<\/div>\n\t\t\t\t<\/div>\n\t\t\t\t\t<\/div>\n\t\t\t\t<\/div>\n\t\t\t\t<\/div>\n\t\t","protected":false},"excerpt":{"rendered":"<p>Tour en Buggy Polaris 2 Plazas de 2 Horas \u2013 Aventura Extendida en el Desierto de Dub\u00e1i Disfruta de una experiencia m\u00e1s intensa con nuestro tour de 2 horas en buggy Polaris 2 plazas en Dub\u00e1i. Esta aventura extendida te permite explorar m\u00e1s profundamente las ic\u00f3nicas dunas rojas del desierto de Lahbab, ofreci\u00e9ndote m\u00e1s tiempo [&hellip;]<\/p>\n","protected":false},"author":2,"featured_media":0,"parent":0,"menu_order":0,"comment_status":"closed","ping_status":"closed","template":"","meta":{"footnotes":""},"class_list":["post-1604","page","type-page","status-publish","hentry"],"yoast_head":"<!-- This site is optimized with the Yoast SEO plugin v27.4 - https:\/\/yoast.com\/product\/yoast-seo-wordpress\/ -->\n<title>Buggy Polaris 2 Plazas 2 Horas en Dub\u00e1i | Tour por las Dunas Rojas<\/title>\n<meta name=\"description\" content=\"Explora las dunas rojas con nuestro buggy Polaris 2 plazas de 2 horas en Dub\u00e1i. M\u00e1s tiempo, m\u00e1s adrenalina y experiencia guiada incluida. Reserva hoy.\" \/>\n<meta name=\"robots\" content=\"index, follow, max-snippet:-1, max-image-preview:large, max-video-preview:-1\" \/>\n<link rel=\"canonical\" href=\"https:\/\/ultimatebuggiesandquadsdubai.com\/es\/buggy-polaris-2-horas-dubai\/\" \/>\n<meta property=\"og:locale\" content=\"es_ES\" \/>\n<meta property=\"og:type\" content=\"article\" \/>\n<meta property=\"og:title\" content=\"Buggy Polaris 2 Plazas 2 Horas en Dub\u00e1i | Tour por las Dunas Rojas\" \/>\n<meta property=\"og:description\" content=\"Explora las dunas rojas con nuestro buggy Polaris 2 plazas de 2 horas en Dub\u00e1i. M\u00e1s tiempo, m\u00e1s adrenalina y experiencia guiada incluida. Reserva hoy.\" \/>\n<meta property=\"og:url\" content=\"https:\/\/ultimatebuggiesandquadsdubai.com\/es\/buggy-polaris-2-horas-dubai\/\" \/>\n<meta property=\"og:site_name\" content=\"Ultimate Buggies and Quads Dubai\" \/>\n<meta property=\"article:modified_time\" content=\"2026-02-20T10:05:40+00:00\" \/>\n<meta property=\"og:image\" content=\"https:\/\/ultimatebuggiesandquadsdubai.com\/wp-content\/uploads\/2025\/04\/DSC02579-opt-1024x682.jpg\" \/>\n<meta name=\"twitter:card\" content=\"summary_large_image\" \/>\n<meta name=\"twitter:label1\" content=\"Tiempo de lectura\" \/>\n\t<meta name=\"twitter:data1\" content=\"1 minuto\" \/>\n<script type=\"application\/ld+json\" class=\"yoast-schema-graph\">{\"@context\":\"https:\\\/\\\/schema.org\",\"@graph\":[{\"@type\":\"WebPage\",\"@id\":\"https:\\\/\\\/ultimatebuggiesandquadsdubai.com\\\/es\\\/buggy-polaris-2-horas-dubai\\\/\",\"url\":\"https:\\\/\\\/ultimatebuggiesandquadsdubai.com\\\/es\\\/buggy-polaris-2-horas-dubai\\\/\",\"name\":\"Buggy Polaris 2 Plazas 2 Horas en Dub\u00e1i | Tour por las Dunas Rojas\",\"isPartOf\":{\"@id\":\"https:\\\/\\\/ultimatebuggiesandquadsdubai.com\\\/es\\\/#website\"},\"primaryImageOfPage\":{\"@id\":\"https:\\\/\\\/ultimatebuggiesandquadsdubai.com\\\/es\\\/buggy-polaris-2-horas-dubai\\\/#primaryimage\"},\"image\":{\"@id\":\"https:\\\/\\\/ultimatebuggiesandquadsdubai.com\\\/es\\\/buggy-polaris-2-horas-dubai\\\/#primaryimage\"},\"thumbnailUrl\":\"https:\\\/\\\/ultimatebuggiesandquadsdubai.com\\\/wp-content\\\/uploads\\\/2025\\\/04\\\/DSC02579-opt-1024x682.jpg\",\"datePublished\":\"2026-01-19T11:53:35+00:00\",\"dateModified\":\"2026-02-20T10:05:40+00:00\",\"description\":\"Explora las dunas rojas con nuestro buggy Polaris 2 plazas de 2 horas en Dub\u00e1i. M\u00e1s tiempo, m\u00e1s adrenalina y experiencia guiada incluida. Reserva hoy.\",\"breadcrumb\":{\"@id\":\"https:\\\/\\\/ultimatebuggiesandquadsdubai.com\\\/es\\\/buggy-polaris-2-horas-dubai\\\/#breadcrumb\"},\"inLanguage\":\"es\",\"potentialAction\":[{\"@type\":\"ReadAction\",\"target\":[\"https:\\\/\\\/ultimatebuggiesandquadsdubai.com\\\/es\\\/buggy-polaris-2-horas-dubai\\\/\"]}]},{\"@type\":\"ImageObject\",\"inLanguage\":\"es\",\"@id\":\"https:\\\/\\\/ultimatebuggiesandquadsdubai.com\\\/es\\\/buggy-polaris-2-horas-dubai\\\/#primaryimage\",\"url\":\"https:\\\/\\\/ultimatebuggiesandquadsdubai.com\\\/wp-content\\\/uploads\\\/2025\\\/04\\\/DSC02579-opt-1024x682.jpg\",\"contentUrl\":\"https:\\\/\\\/ultimatebuggiesandquadsdubai.com\\\/wp-content\\\/uploads\\\/2025\\\/04\\\/DSC02579-opt-1024x682.jpg\"},{\"@type\":\"BreadcrumbList\",\"@id\":\"https:\\\/\\\/ultimatebuggiesandquadsdubai.com\\\/es\\\/buggy-polaris-2-horas-dubai\\\/#breadcrumb\",\"itemListElement\":[{\"@type\":\"ListItem\",\"position\":1,\"name\":\"Home\",\"item\":\"https:\\\/\\\/ultimatebuggiesandquadsdubai.com\\\/es\\\/\"},{\"@type\":\"ListItem\",\"position\":2,\"name\":\"Buggy Polaris 2 Horas Dubai\"}]},{\"@type\":\"WebSite\",\"@id\":\"https:\\\/\\\/ultimatebuggiesandquadsdubai.com\\\/es\\\/#website\",\"url\":\"https:\\\/\\\/ultimatebuggiesandquadsdubai.com\\\/es\\\/\",\"name\":\"Ultimate Buggies and Quads Dubai\",\"description\":\"\",\"publisher\":{\"@id\":\"https:\\\/\\\/ultimatebuggiesandquadsdubai.com\\\/es\\\/#organization\"},\"potentialAction\":[{\"@type\":\"SearchAction\",\"target\":{\"@type\":\"EntryPoint\",\"urlTemplate\":\"https:\\\/\\\/ultimatebuggiesandquadsdubai.com\\\/es\\\/?s={search_term_string}\"},\"query-input\":{\"@type\":\"PropertyValueSpecification\",\"valueRequired\":true,\"valueName\":\"search_term_string\"}}],\"inLanguage\":\"es\"},{\"@type\":\"Organization\",\"@id\":\"https:\\\/\\\/ultimatebuggiesandquadsdubai.com\\\/es\\\/#organization\",\"name\":\"Ultimate Buggies and Quads Dubai\",\"url\":\"https:\\\/\\\/ultimatebuggiesandquadsdubai.com\\\/es\\\/\",\"logo\":{\"@type\":\"ImageObject\",\"inLanguage\":\"es\",\"@id\":\"https:\\\/\\\/ultimatebuggiesandquadsdubai.com\\\/es\\\/#\\\/schema\\\/logo\\\/image\\\/\",\"url\":\"https:\\\/\\\/ultimatebuggiesandquadsdubai.com\\\/wp-content\\\/uploads\\\/2025\\\/02\\\/logo-final-white-dubai.png\",\"contentUrl\":\"https:\\\/\\\/ultimatebuggiesandquadsdubai.com\\\/wp-content\\\/uploads\\\/2025\\\/02\\\/logo-final-white-dubai.png\",\"width\":745,\"height\":366,\"caption\":\"Ultimate Buggies and Quads Dubai\"},\"image\":{\"@id\":\"https:\\\/\\\/ultimatebuggiesandquadsdubai.com\\\/es\\\/#\\\/schema\\\/logo\\\/image\\\/\"}}]}<\/script>\n<!-- \/ Yoast SEO plugin. -->","yoast_head_json":{"title":"Buggy Polaris 2 Plazas 2 Horas en Dub\u00e1i | Tour por las Dunas Rojas","description":"Explora las dunas rojas con nuestro buggy Polaris 2 plazas de 2 horas en Dub\u00e1i. M\u00e1s tiempo, m\u00e1s adrenalina y experiencia guiada incluida. Reserva hoy.","robots":{"index":"index","follow":"follow","max-snippet":"max-snippet:-1","max-image-preview":"max-image-preview:large","max-video-preview":"max-video-preview:-1"},"canonical":"https:\/\/ultimatebuggiesandquadsdubai.com\/es\/buggy-polaris-2-horas-dubai\/","og_locale":"es_ES","og_type":"article","og_title":"Buggy Polaris 2 Plazas 2 Horas en Dub\u00e1i | Tour por las Dunas Rojas","og_description":"Explora las dunas rojas con nuestro buggy Polaris 2 plazas de 2 horas en Dub\u00e1i. M\u00e1s tiempo, m\u00e1s adrenalina y experiencia guiada incluida. Reserva hoy.","og_url":"https:\/\/ultimatebuggiesandquadsdubai.com\/es\/buggy-polaris-2-horas-dubai\/","og_site_name":"Ultimate Buggies and Quads Dubai","article_modified_time":"2026-02-20T10:05:40+00:00","og_image":[{"url":"https:\/\/ultimatebuggiesandquadsdubai.com\/wp-content\/uploads\/2025\/04\/DSC02579-opt-1024x682.jpg","type":"","width":"","height":""}],"twitter_card":"summary_large_image","twitter_misc":{"Tiempo de lectura":"1 minuto"},"schema":{"@context":"https:\/\/schema.org","@graph":[{"@type":"WebPage","@id":"https:\/\/ultimatebuggiesandquadsdubai.com\/es\/buggy-polaris-2-horas-dubai\/","url":"https:\/\/ultimatebuggiesandquadsdubai.com\/es\/buggy-polaris-2-horas-dubai\/","name":"Buggy Polaris 2 Plazas 2 Horas en Dub\u00e1i | Tour por las Dunas Rojas","isPartOf":{"@id":"https:\/\/ultimatebuggiesandquadsdubai.com\/es\/#website"},"primaryImageOfPage":{"@id":"https:\/\/ultimatebuggiesandquadsdubai.com\/es\/buggy-polaris-2-horas-dubai\/#primaryimage"},"image":{"@id":"https:\/\/ultimatebuggiesandquadsdubai.com\/es\/buggy-polaris-2-horas-dubai\/#primaryimage"},"thumbnailUrl":"https:\/\/ultimatebuggiesandquadsdubai.com\/wp-content\/uploads\/2025\/04\/DSC02579-opt-1024x682.jpg","datePublished":"2026-01-19T11:53:35+00:00","dateModified":"2026-02-20T10:05:40+00:00","description":"Explora las dunas rojas con nuestro buggy Polaris 2 plazas de 2 horas en Dub\u00e1i. M\u00e1s tiempo, m\u00e1s adrenalina y experiencia guiada incluida. Reserva hoy.","breadcrumb":{"@id":"https:\/\/ultimatebuggiesandquadsdubai.com\/es\/buggy-polaris-2-horas-dubai\/#breadcrumb"},"inLanguage":"es","potentialAction":[{"@type":"ReadAction","target":["https:\/\/ultimatebuggiesandquadsdubai.com\/es\/buggy-polaris-2-horas-dubai\/"]}]},{"@type":"ImageObject","inLanguage":"es","@id":"https:\/\/ultimatebuggiesandquadsdubai.com\/es\/buggy-polaris-2-horas-dubai\/#primaryimage","url":"https:\/\/ultimatebuggiesandquadsdubai.com\/wp-content\/uploads\/2025\/04\/DSC02579-opt-1024x682.jpg","contentUrl":"https:\/\/ultimatebuggiesandquadsdubai.com\/wp-content\/uploads\/2025\/04\/DSC02579-opt-1024x682.jpg"},{"@type":"BreadcrumbList","@id":"https:\/\/ultimatebuggiesandquadsdubai.com\/es\/buggy-polaris-2-horas-dubai\/#breadcrumb","itemListElement":[{"@type":"ListItem","position":1,"name":"Home","item":"https:\/\/ultimatebuggiesandquadsdubai.com\/es\/"},{"@type":"ListItem","position":2,"name":"Buggy Polaris 2 Horas Dubai"}]},{"@type":"WebSite","@id":"https:\/\/ultimatebuggiesandquadsdubai.com\/es\/#website","url":"https:\/\/ultimatebuggiesandquadsdubai.com\/es\/","name":"Ultimate Buggies and Quads Dubai","description":"","publisher":{"@id":"https:\/\/ultimatebuggiesandquadsdubai.com\/es\/#organization"},"potentialAction":[{"@type":"SearchAction","target":{"@type":"EntryPoint","urlTemplate":"https:\/\/ultimatebuggiesandquadsdubai.com\/es\/?s={search_term_string}"},"query-input":{"@type":"PropertyValueSpecification","valueRequired":true,"valueName":"search_term_string"}}],"inLanguage":"es"},{"@type":"Organization","@id":"https:\/\/ultimatebuggiesandquadsdubai.com\/es\/#organization","name":"Ultimate Buggies and Quads Dubai","url":"https:\/\/ultimatebuggiesandquadsdubai.com\/es\/","logo":{"@type":"ImageObject","inLanguage":"es","@id":"https:\/\/ultimatebuggiesandquadsdubai.com\/es\/#\/schema\/logo\/image\/","url":"https:\/\/ultimatebuggiesandquadsdubai.com\/wp-content\/uploads\/2025\/02\/logo-final-white-dubai.png","contentUrl":"https:\/\/ultimatebuggiesandquadsdubai.com\/wp-content\/uploads\/2025\/02\/logo-final-white-dubai.png","width":745,"height":366,"caption":"Ultimate Buggies and Quads Dubai"},"image":{"@id":"https:\/\/ultimatebuggiesandquadsdubai.com\/es\/#\/schema\/logo\/image\/"}}]}},"_links":{"self":[{"href":"https:\/\/ultimatebuggiesandquadsdubai.com\/es\/wp-json\/wp\/v2\/pages\/1604","targetHints":{"allow":["GET"]}}],"collection":[{"href":"https:\/\/ultimatebuggiesandquadsdubai.com\/es\/wp-json\/wp\/v2\/pages"}],"about":[{"href":"https:\/\/ultimatebuggiesandquadsdubai.com\/es\/wp-json\/wp\/v2\/types\/page"}],"author":[{"embeddable":true,"href":"https:\/\/ultimatebuggiesandquadsdubai.com\/es\/wp-json\/wp\/v2\/users\/2"}],"replies":[{"embeddable":true,"href":"https:\/\/ultimatebuggiesandquadsdubai.com\/es\/wp-json\/wp\/v2\/comments?post=1604"}],"version-history":[{"count":1,"href":"https:\/\/ultimatebuggiesandquadsdubai.com\/es\/wp-json\/wp\/v2\/pages\/1604\/revisions"}],"predecessor-version":[{"id":1605,"href":"https:\/\/ultimatebuggiesandquadsdubai.com\/es\/wp-json\/wp\/v2\/pages\/1604\/revisions\/1605"}],"wp:attachment":[{"href":"https:\/\/ultimatebuggiesandquadsdubai.com\/es\/wp-json\/wp\/v2\/media?parent=1604"}],"curies":[{"name":"wp","href":"https:\/\/api.w.org\/{rel}","templated":true}]}}