{"id":1595,"date":"2026-01-19T11:55:24","date_gmt":"2026-01-19T11:55:24","guid":{"rendered":"https:\/\/ultimatebuggiesandquadsdubai.com\/2-horas-can-am-4-plazas\/"},"modified":"2026-03-24T11:54:50","modified_gmt":"2026-03-24T11:54:50","slug":"2-horas-can-am-4-plazas","status":"publish","type":"page","link":"https:\/\/ultimatebuggiesandquadsdubai.com\/es\/2-horas-can-am-4-plazas\/","title":{"rendered":"2 Horas Can-Am 4 Plazas"},"content":{"rendered":"\t\t<div data-elementor-type=\"wp-page\" data-elementor-id=\"1595\" class=\"elementor elementor-1595 elementor-694\" data-elementor-post-type=\"page\">\n\t\t\t\t\t\t<section class=\"elementor-section elementor-top-section elementor-element elementor-element-6490b89c elementor-section-height-min-height elementor-section-boxed elementor-section-height-default elementor-section-items-middle\" data-id=\"6490b89c\" data-element_type=\"section\" data-e-type=\"section\" data-settings=\"{&quot;background_background&quot;:&quot;classic&quot;}\">\n\t\t\t\t\t\t\t<div class=\"elementor-background-overlay\"><\/div>\n\t\t\t\t\t\t\t<div class=\"elementor-container elementor-column-gap-no\">\n\t\t\t\t\t<div class=\"elementor-column elementor-col-100 elementor-top-column elementor-element elementor-element-1f39d2de\" data-id=\"1f39d2de\" data-element_type=\"column\" data-e-type=\"column\">\n\t\t\t<div class=\"elementor-widget-wrap elementor-element-populated\">\n\t\t\t\t\t\t<div class=\"elementor-element elementor-element-0219b91 elementor-invisible elementor-widget elementor-widget-heading\" data-id=\"0219b91\" data-element_type=\"widget\" data-e-type=\"widget\" data-settings=\"{&quot;_animation&quot;:&quot;slideInDown&quot;}\" data-widget_type=\"heading.default\">\n\t\t\t\t<div class=\"elementor-widget-container\">\n\t\t\t\t\t<h1 class=\"elementor-heading-title elementor-size-xl\">Tour en Buggy Can-Am 4 Plazas \u2013 2 Horas en el Desierto de Dub\u00e1i<\/h1>\t\t\t\t<\/div>\n\t\t\t\t<\/div>\n\t\t\t\t\t<\/div>\n\t\t<\/div>\n\t\t\t\t\t<\/div>\n\t\t<\/section>\n\t\t\t\t<section class=\"elementor-section elementor-top-section elementor-element elementor-element-b77e6ee elementor-section-boxed elementor-section-height-default elementor-section-height-default\" data-id=\"b77e6ee\" data-element_type=\"section\" data-e-type=\"section\">\n\t\t\t\t\t\t<div class=\"elementor-container elementor-column-gap-no\">\n\t\t\t\t\t<div class=\"elementor-column elementor-col-50 elementor-top-column elementor-element elementor-element-84e27cf\" data-id=\"84e27cf\" data-element_type=\"column\" data-e-type=\"column\">\n\t\t\t<div class=\"elementor-widget-wrap elementor-element-populated\">\n\t\t\t\t\t\t<div class=\"elementor-element elementor-element-5ebde3e elementor-widget elementor-widget-text-editor\" data-id=\"5ebde3e\" data-element_type=\"widget\" data-e-type=\"widget\" data-widget_type=\"text-editor.default\">\n\t\t\t\t<div class=\"elementor-widget-container\">\n\t\t\t\t\t\t\t\t\t<p data-start=\"983\" data-end=\"1232\">La opci\u00f3n perfecta para grupos que quieren m\u00e1s acci\u00f3n. Nuestro <strong data-start=\"1018\" data-end=\"1055\">tour en buggy Can-Am 4 plazas de 2 horas<\/strong> permite explorar el desierto de Dub\u00e1i con mayor profundidad y disfrutar de m\u00e1s tiempo en las dunas. <\/p><p data-start=\"1234\" data-end=\"1317\">M\u00e1s arena. M\u00e1s emoci\u00f3n. M\u00e1s recuerdos.<\/p>\t\t\t\t\t\t\t\t<\/div>\n\t\t\t\t<\/div>\n\t\t\t\t<div class=\"elementor-element elementor-element-58fd23f elementor-widget elementor-widget-shortcode\" data-id=\"58fd23f\" data-element_type=\"widget\" data-e-type=\"widget\" data-widget_type=\"shortcode.default\">\n\t\t\t\t<div class=\"elementor-widget-container\">\n\t\t\t\t\t\t\t<div class=\"elementor-shortcode\">\n          <div class=\"turitop_bswp_button_box_wrap\">\n\n                  <div class=\"load-turitop loading-turitop turitop_booking_system_box_button\"  data-service=\"P36\"  data-embed=\"box\" data-buttoncolor=\"green\" ><\/div>\n\n          <\/div>\n\n          <\/div>\n\t\t\t\t\t\t<\/div>\n\t\t\t\t<\/div>\n\t\t\t\t\t<\/div>\n\t\t<\/div>\n\t\t\t\t<div class=\"elementor-column elementor-col-50 elementor-top-column elementor-element elementor-element-f88033f\" data-id=\"f88033f\" data-element_type=\"column\" data-e-type=\"column\">\n\t\t\t<div class=\"elementor-widget-wrap elementor-element-populated\">\n\t\t\t\t\t\t<div class=\"elementor-element elementor-element-a68f5a1 elementor-arrows-position-inside elementor-widget elementor-widget-image-carousel\" data-id=\"a68f5a1\" data-element_type=\"widget\" data-e-type=\"widget\" data-settings=\"{&quot;slides_to_show&quot;:&quot;1&quot;,&quot;navigation&quot;:&quot;arrows&quot;,&quot;autoplay&quot;:&quot;yes&quot;,&quot;pause_on_hover&quot;:&quot;yes&quot;,&quot;pause_on_interaction&quot;:&quot;yes&quot;,&quot;autoplay_speed&quot;:5000,&quot;infinite&quot;:&quot;yes&quot;,&quot;effect&quot;:&quot;slide&quot;,&quot;speed&quot;:500}\" data-widget_type=\"image-carousel.default\">\n\t\t\t\t<div class=\"elementor-widget-container\">\n\t\t\t\t\t\t\t<div class=\"elementor-image-carousel-wrapper swiper\" role=\"region\" aria-roledescription=\"carousel\" aria-label=\"Image Carousel\" dir=\"ltr\">\n\t\t\t<div class=\"elementor-image-carousel swiper-wrapper\" aria-live=\"off\">\n\t\t\t\t\t\t\t\t<div class=\"swiper-slide\" role=\"group\" aria-roledescription=\"slide\" aria-label=\"1 de 8\"><figure class=\"swiper-slide-inner\"><img decoding=\"async\" class=\"swiper-slide-image\" src=\"https:\/\/ultimatebuggiesandquadsdubai.com\/wp-content\/uploads\/2025\/04\/DSC02542-opt-1024x682.jpg\" alt=\"Experiencia grupal en buggy por las dunas en el desierto de Dub\u00e1i\" \/><\/figure><\/div><div class=\"swiper-slide\" role=\"group\" aria-roledescription=\"slide\" aria-label=\"2 de 8\"><figure class=\"swiper-slide-inner\"><img decoding=\"async\" class=\"swiper-slide-image\" src=\"https:\/\/ultimatebuggiesandquadsdubai.com\/wp-content\/uploads\/2025\/04\/DSC02543-opt-1024x682.jpg\" alt=\"Buggy alineado antes del safari por el desierto en Dub\u00e1i\" \/><\/figure><\/div><div class=\"swiper-slide\" role=\"group\" aria-roledescription=\"slide\" aria-label=\"3 de 8\"><figure class=\"swiper-slide-inner\"><img decoding=\"async\" class=\"swiper-slide-image\" src=\"https:\/\/ultimatebuggiesandquadsdubai.com\/wp-content\/uploads\/2025\/04\/DSC02544-opt-1024x682.jpg\" alt=\"Buggy Can-Am detenido sobre las suaves dunas de arena en Dub\u00e1i\" \/><\/figure><\/div><div class=\"swiper-slide\" role=\"group\" aria-roledescription=\"slide\" aria-label=\"4 de 8\"><figure class=\"swiper-slide-inner\"><img decoding=\"async\" class=\"swiper-slide-image\" src=\"https:\/\/ultimatebuggiesandquadsdubai.com\/wp-content\/uploads\/2025\/04\/DSC02545-opt-1024x682.jpg\" alt=\"Ruta guiada de safari en quad por las dunas rojas de Lahbab\" \/><\/figure><\/div><div class=\"swiper-slide\" role=\"group\" aria-roledescription=\"slide\" aria-label=\"5 de 8\"><figure class=\"swiper-slide-inner\"><img decoding=\"async\" class=\"swiper-slide-image\" src=\"https:\/\/ultimatebuggiesandquadsdubai.com\/wp-content\/uploads\/2025\/04\/DSC02546-opt-1024x682.jpg\" alt=\"Buggy Can-Am en las dunas de arena roja de Dub\u00e1i\" \/><\/figure><\/div><div class=\"swiper-slide\" role=\"group\" aria-roledescription=\"slide\" aria-label=\"6 de 8\"><figure class=\"swiper-slide-inner\"><img decoding=\"async\" class=\"swiper-slide-image\" src=\"https:\/\/ultimatebuggiesandquadsdubai.com\/wp-content\/uploads\/2025\/04\/DSC02547-opt-1024x682.jpg\" alt=\"Buggy Can-Am de 4 plazas en recorrido todoterreno por el desierto de Dub\u00e1i\" \/><\/figure><\/div><div class=\"swiper-slide\" role=\"group\" aria-roledescription=\"slide\" aria-label=\"7 de 8\"><figure class=\"swiper-slide-inner\"><img decoding=\"async\" class=\"swiper-slide-image\" src=\"https:\/\/ultimatebuggiesandquadsdubai.com\/wp-content\/uploads\/2025\/04\/DSC02548-opt-1024x682.jpg\" alt=\"Buggy Can-Am subiendo una duna de arena alta en el desierto de Dub\u00e1i\" \/><\/figure><\/div><div class=\"swiper-slide\" role=\"group\" aria-roledescription=\"slide\" aria-label=\"8 de 8\"><figure class=\"swiper-slide-inner\"><img decoding=\"async\" class=\"swiper-slide-image\" src=\"https:\/\/ultimatebuggiesandquadsdubai.com\/wp-content\/uploads\/2025\/04\/DSC02549-opt-1024x682.jpg\" alt=\"Ruta guiada de safari en quad por las dunas rojas de Lahbab\" \/><\/figure><\/div>\t\t\t<\/div>\n\t\t\t\t\t\t\t\t\t\t\t\t<div class=\"elementor-swiper-button elementor-swiper-button-prev\" role=\"button\" tabindex=\"0\">\n\t\t\t\t\t\t<svg aria-hidden=\"true\" class=\"e-font-icon-svg e-eicon-chevron-left\" viewBox=\"0 0 1000 1000\" xmlns=\"http:\/\/www.w3.org\/2000\/svg\"><path d=\"M646 125C629 125 613 133 604 142L308 442C296 454 292 471 292 487 292 504 296 521 308 533L604 854C617 867 629 875 646 875 663 875 679 871 692 858 704 846 713 829 713 812 713 796 708 779 692 767L438 487 692 225C700 217 708 204 708 187 708 171 704 154 692 142 675 129 663 125 646 125Z\"><\/path><\/svg>\t\t\t\t\t<\/div>\n\t\t\t\t\t<div class=\"elementor-swiper-button elementor-swiper-button-next\" role=\"button\" tabindex=\"0\">\n\t\t\t\t\t\t<svg aria-hidden=\"true\" class=\"e-font-icon-svg e-eicon-chevron-right\" viewBox=\"0 0 1000 1000\" xmlns=\"http:\/\/www.w3.org\/2000\/svg\"><path d=\"M696 533C708 521 713 504 713 487 713 471 708 454 696 446L400 146C388 133 375 125 354 125 338 125 325 129 313 142 300 154 292 171 292 187 292 204 296 221 308 233L563 492 304 771C292 783 288 800 288 817 288 833 296 850 308 863 321 871 338 875 354 875 371 875 388 867 400 854L696 533Z\"><\/path><\/svg>\t\t\t\t\t<\/div>\n\t\t\t\t\n\t\t\t\t\t\t\t\t\t<\/div>\n\t\t\t\t\t\t<\/div>\n\t\t\t\t<\/div>\n\t\t\t\t<div class=\"elementor-element elementor-element-ae55cca elementor-widget elementor-widget-heading\" data-id=\"ae55cca\" data-element_type=\"widget\" data-e-type=\"widget\" data-widget_type=\"heading.default\">\n\t\t\t\t<div class=\"elementor-widget-container\">\n\t\t\t\t\t<h2 class=\"elementor-heading-title elementor-size-xl\">El Buggy Can-Am 4 Plazas<\/h2>\t\t\t\t<\/div>\n\t\t\t\t<\/div>\n\t\t\t\t<div class=\"elementor-element elementor-element-391b2cf elementor-widget elementor-widget-text-editor\" data-id=\"391b2cf\" data-element_type=\"widget\" data-e-type=\"widget\" data-widget_type=\"text-editor.default\">\n\t\t\t\t<div class=\"elementor-widget-container\">\n\t\t\t\t\t\t\t\t\t<p data-start=\"1364\" data-end=\"1621\">Potente, estable y dise\u00f1ado para cuatro personas, el Can-Am 4 plazas ofrece <strong data-start=\"1399\" data-end=\"1432\">comodidad y rendimiento en cada tramo del recorrido<\/strong>. <\/p><p data-start=\"1623\" data-end=\"1851\">Ya sea que est\u00e9s afrontando colinas onduladas de arena o recorriendo rutas panor\u00e1micas, esta experiencia ofrece tanto emoci\u00f3n como recuerdos compartidos.<\/p>\t\t\t\t\t\t\t\t<\/div>\n\t\t\t\t<\/div>\n\t\t\t\t<div class=\"elementor-element elementor-element-e58fbfc elementor-widget elementor-widget-heading\" data-id=\"e58fbfc\" data-element_type=\"widget\" data-e-type=\"widget\" data-widget_type=\"heading.default\">\n\t\t\t\t<div class=\"elementor-widget-container\">\n\t\t\t\t\t<h2 class=\"elementor-heading-title elementor-size-xl\">\u00bfListos para recorrer las dunas juntos?<\/h2>\t\t\t\t<\/div>\n\t\t\t\t<\/div>\n\t\t\t\t<div class=\"elementor-element elementor-element-2d10b33 elementor-widget elementor-widget-text-editor\" data-id=\"2d10b33\" data-element_type=\"widget\" data-e-type=\"widget\" data-widget_type=\"text-editor.default\">\n\t\t\t\t<div class=\"elementor-widget-container\">\n\t\t\t\t\t\t\t\t\t<p><strong data-start=\"2961\" data-end=\"3014\">Reserva tu Buggy Can-Am 4 Plazas de 2 Horas en Dub\u00e1i<\/strong><\/p>\t\t\t\t\t\t\t\t<\/div>\n\t\t\t\t<\/div>\n\t\t\t\t\t<\/div>\n\t\t<\/div>\n\t\t\t\t\t<\/div>\n\t\t<\/section>\n\t\t<div class=\"elementor-element elementor-element-0f90ab6 e-flex e-con-boxed e-con e-parent\" data-id=\"0f90ab6\" data-element_type=\"container\" data-e-type=\"container\">\n\t\t\t\t\t<div class=\"e-con-inner\">\n\t\t<div class=\"elementor-element elementor-element-6ad453e e-con-full e-flex e-con e-child\" data-id=\"6ad453e\" data-element_type=\"container\" data-e-type=\"container\">\n\t\t\t\t<div class=\"elementor-element elementor-element-8e425d9 elementor-widget elementor-widget-heading\" data-id=\"8e425d9\" data-element_type=\"widget\" data-e-type=\"widget\" data-widget_type=\"heading.default\">\n\t\t\t\t<div class=\"elementor-widget-container\">\n\t\t\t\t\t<h2 class=\"elementor-heading-title elementor-size-default\">Qu\u00e9 Puedes Esperar<\/h2>\t\t\t\t<\/div>\n\t\t\t\t<\/div>\n\t\t\t\t<div class=\"elementor-element elementor-element-0fde493 elementor-widget elementor-widget-text-editor\" data-id=\"0fde493\" data-element_type=\"widget\" data-e-type=\"widget\" data-widget_type=\"text-editor.default\">\n\t\t\t\t<div class=\"elementor-widget-container\">\n\t\t\t\t\t\t\t\t\t<ul><li>Experiencia guiada y segura<\/li><li>2 horas completas de aventura<\/li><li>Rutas por las dunas rojas con miradores panor\u00e1micos<\/li><li>Recogida y regreso al hotel gratuitos<\/li><li>Paradas panor\u00e1micas<\/li><\/ul><p>Esta aventura ampliada est\u00e1 dise\u00f1ada para la diversi\u00f3n, la comodidad y recuerdos inolvidables en el desierto.<\/p>\t\t\t\t\t\t\t\t<\/div>\n\t\t\t\t<\/div>\n\t\t\t\t<\/div>\n\t\t<div class=\"elementor-element elementor-element-b809f68 e-con-full e-flex e-con e-child\" data-id=\"b809f68\" data-element_type=\"container\" data-e-type=\"container\">\n\t\t\t\t<div class=\"elementor-element elementor-element-8afad60 elementor-widget elementor-widget-heading\" data-id=\"8afad60\" data-element_type=\"widget\" data-e-type=\"widget\" data-widget_type=\"heading.default\">\n\t\t\t\t<div class=\"elementor-widget-container\">\n\t\t\t\t\t<h2 class=\"elementor-heading-title elementor-size-default\">Para Qui\u00e9n Es Este Tour<\/h2>\t\t\t\t<\/div>\n\t\t\t\t<\/div>\n\t\t\t\t<div class=\"elementor-element elementor-element-939c5aa elementor-widget elementor-widget-text-editor\" data-id=\"939c5aa\" data-element_type=\"widget\" data-e-type=\"widget\" data-widget_type=\"text-editor.default\">\n\t\t\t\t<div class=\"elementor-widget-container\">\n\t\t\t\t\t\t\t\t\t<p>Recomendado para:<\/p><ul><li>Familias aventureras<\/li><li>Grupos grandes<\/li><li>Visitantes que desean una experiencia m\u00e1s completa<\/li><li>Visitantes que desean tours por el desierto m\u00e1s largos.<\/li><\/ul><p>No se requiere experiencia previa \u2014 te apoyamos con una explicaci\u00f3n completa y gu\u00edas amables.<\/p>\t\t\t\t\t\t\t\t<\/div>\n\t\t\t\t<\/div>\n\t\t\t\t<\/div>\n\t\t<div class=\"elementor-element elementor-element-094d024 e-con-full e-flex e-con e-child\" data-id=\"094d024\" data-element_type=\"container\" data-e-type=\"container\">\n\t\t\t\t<div class=\"elementor-element elementor-element-0cf9c56 elementor-widget elementor-widget-heading\" data-id=\"0cf9c56\" data-element_type=\"widget\" data-e-type=\"widget\" data-widget_type=\"heading.default\">\n\t\t\t\t<div class=\"elementor-widget-container\">\n\t\t\t\t\t<h2 class=\"elementor-heading-title elementor-size-default\">Por Qu\u00e9 Elegir Esta Experiencia<\/h2>\t\t\t\t<\/div>\n\t\t\t\t<\/div>\n\t\t\t\t<div class=\"elementor-element elementor-element-bc71eb4 elementor-widget elementor-widget-text-editor\" data-id=\"bc71eb4\" data-element_type=\"widget\" data-e-type=\"widget\" data-widget_type=\"text-editor.default\">\n\t\t\t\t<div class=\"elementor-widget-container\">\n\t\t\t\t\t\t\t\t\t<p>Perfecto para:<\/p><ul><li>M\u00e1s tiempo en el desierto<\/li><li>Experiencia compartida<\/li><li>Veh\u00edculos premium<\/li><li>Seguridad garantizada<\/li><\/ul><p>No se requiere experiencia previa \u2014 te apoyamos con una explicaci\u00f3n completa y gu\u00edas amables.<\/p>\t\t\t\t\t\t\t\t<\/div>\n\t\t\t\t<\/div>\n\t\t\t\t<\/div>\n\t\t\t\t\t<\/div>\n\t\t\t\t<\/div>\n\t\t\t\t<\/div>\n\t\t","protected":false},"excerpt":{"rendered":"<p>Tour en Buggy Can-Am 4 Plazas \u2013 2 Horas en el Desierto de Dub\u00e1i La opci\u00f3n perfecta para grupos que quieren m\u00e1s acci\u00f3n. Nuestro tour en buggy Can-Am 4 plazas de 2 horas permite explorar el desierto de Dub\u00e1i con mayor profundidad y disfrutar de m\u00e1s tiempo en las dunas. M\u00e1s arena. M\u00e1s emoci\u00f3n. M\u00e1s [&hellip;]<\/p>\n","protected":false},"author":2,"featured_media":0,"parent":0,"menu_order":0,"comment_status":"closed","ping_status":"closed","template":"","meta":{"footnotes":""},"class_list":["post-1595","page","type-page","status-publish","hentry"],"yoast_head":"<!-- This site is optimized with the Yoast SEO plugin v27.4 - https:\/\/yoast.com\/product\/yoast-seo-wordpress\/ -->\n<title>Buggy Can-Am 4 Plazas 2 Horas en Dub\u00e1i | Aventura Extendida<\/title>\n<meta name=\"description\" content=\"Vive 2 horas en un buggy Can-Am 4 plazas por el desierto de Dub\u00e1i. M\u00e1s tiempo en las dunas rojas para familias y grupos.\" \/>\n<meta name=\"robots\" content=\"index, follow, max-snippet:-1, max-image-preview:large, max-video-preview:-1\" \/>\n<link rel=\"canonical\" href=\"https:\/\/ultimatebuggiesandquadsdubai.com\/es\/2-horas-can-am-4-plazas\/\" \/>\n<meta property=\"og:locale\" content=\"es_ES\" \/>\n<meta property=\"og:type\" content=\"article\" \/>\n<meta property=\"og:title\" content=\"Buggy Can-Am 4 Plazas 2 Horas en Dub\u00e1i | Aventura Extendida\" \/>\n<meta property=\"og:description\" content=\"Vive 2 horas en un buggy Can-Am 4 plazas por el desierto de Dub\u00e1i. M\u00e1s tiempo en las dunas rojas para familias y grupos.\" \/>\n<meta property=\"og:url\" content=\"https:\/\/ultimatebuggiesandquadsdubai.com\/es\/2-horas-can-am-4-plazas\/\" \/>\n<meta property=\"og:site_name\" content=\"Ultimate Buggies and Quads Dubai\" \/>\n<meta property=\"article:modified_time\" content=\"2026-03-24T11:54:50+00:00\" \/>\n<meta property=\"og:image\" content=\"https:\/\/ultimatebuggiesandquadsdubai.com\/wp-content\/uploads\/2025\/04\/DSC02542-opt-1024x682.jpg\" \/>\n<meta name=\"twitter:card\" content=\"summary_large_image\" \/>\n<meta name=\"twitter:label1\" content=\"Tiempo de lectura\" \/>\n\t<meta name=\"twitter:data1\" content=\"1 minuto\" \/>\n<script type=\"application\/ld+json\" class=\"yoast-schema-graph\">{\"@context\":\"https:\\\/\\\/schema.org\",\"@graph\":[{\"@type\":\"WebPage\",\"@id\":\"https:\\\/\\\/ultimatebuggiesandquadsdubai.com\\\/es\\\/2-horas-can-am-4-plazas\\\/\",\"url\":\"https:\\\/\\\/ultimatebuggiesandquadsdubai.com\\\/es\\\/2-horas-can-am-4-plazas\\\/\",\"name\":\"Buggy Can-Am 4 Plazas 2 Horas en Dub\u00e1i | Aventura Extendida\",\"isPartOf\":{\"@id\":\"https:\\\/\\\/ultimatebuggiesandquadsdubai.com\\\/es\\\/#website\"},\"primaryImageOfPage\":{\"@id\":\"https:\\\/\\\/ultimatebuggiesandquadsdubai.com\\\/es\\\/2-horas-can-am-4-plazas\\\/#primaryimage\"},\"image\":{\"@id\":\"https:\\\/\\\/ultimatebuggiesandquadsdubai.com\\\/es\\\/2-horas-can-am-4-plazas\\\/#primaryimage\"},\"thumbnailUrl\":\"https:\\\/\\\/ultimatebuggiesandquadsdubai.com\\\/wp-content\\\/uploads\\\/2025\\\/04\\\/DSC02542-opt-1024x682.jpg\",\"datePublished\":\"2026-01-19T11:55:24+00:00\",\"dateModified\":\"2026-03-24T11:54:50+00:00\",\"description\":\"Vive 2 horas en un buggy Can-Am 4 plazas por el desierto de Dub\u00e1i. M\u00e1s tiempo en las dunas rojas para familias y grupos.\",\"breadcrumb\":{\"@id\":\"https:\\\/\\\/ultimatebuggiesandquadsdubai.com\\\/es\\\/2-horas-can-am-4-plazas\\\/#breadcrumb\"},\"inLanguage\":\"es\",\"potentialAction\":[{\"@type\":\"ReadAction\",\"target\":[\"https:\\\/\\\/ultimatebuggiesandquadsdubai.com\\\/es\\\/2-horas-can-am-4-plazas\\\/\"]}]},{\"@type\":\"ImageObject\",\"inLanguage\":\"es\",\"@id\":\"https:\\\/\\\/ultimatebuggiesandquadsdubai.com\\\/es\\\/2-horas-can-am-4-plazas\\\/#primaryimage\",\"url\":\"https:\\\/\\\/ultimatebuggiesandquadsdubai.com\\\/wp-content\\\/uploads\\\/2025\\\/04\\\/DSC02542-opt-1024x682.jpg\",\"contentUrl\":\"https:\\\/\\\/ultimatebuggiesandquadsdubai.com\\\/wp-content\\\/uploads\\\/2025\\\/04\\\/DSC02542-opt-1024x682.jpg\"},{\"@type\":\"BreadcrumbList\",\"@id\":\"https:\\\/\\\/ultimatebuggiesandquadsdubai.com\\\/es\\\/2-horas-can-am-4-plazas\\\/#breadcrumb\",\"itemListElement\":[{\"@type\":\"ListItem\",\"position\":1,\"name\":\"Home\",\"item\":\"https:\\\/\\\/ultimatebuggiesandquadsdubai.com\\\/es\\\/\"},{\"@type\":\"ListItem\",\"position\":2,\"name\":\"2 Horas Can-Am 4 Plazas\"}]},{\"@type\":\"WebSite\",\"@id\":\"https:\\\/\\\/ultimatebuggiesandquadsdubai.com\\\/es\\\/#website\",\"url\":\"https:\\\/\\\/ultimatebuggiesandquadsdubai.com\\\/es\\\/\",\"name\":\"Ultimate Buggies and Quads Dubai\",\"description\":\"\",\"publisher\":{\"@id\":\"https:\\\/\\\/ultimatebuggiesandquadsdubai.com\\\/es\\\/#organization\"},\"potentialAction\":[{\"@type\":\"SearchAction\",\"target\":{\"@type\":\"EntryPoint\",\"urlTemplate\":\"https:\\\/\\\/ultimatebuggiesandquadsdubai.com\\\/es\\\/?s={search_term_string}\"},\"query-input\":{\"@type\":\"PropertyValueSpecification\",\"valueRequired\":true,\"valueName\":\"search_term_string\"}}],\"inLanguage\":\"es\"},{\"@type\":\"Organization\",\"@id\":\"https:\\\/\\\/ultimatebuggiesandquadsdubai.com\\\/es\\\/#organization\",\"name\":\"Ultimate Buggies and Quads Dubai\",\"url\":\"https:\\\/\\\/ultimatebuggiesandquadsdubai.com\\\/es\\\/\",\"logo\":{\"@type\":\"ImageObject\",\"inLanguage\":\"es\",\"@id\":\"https:\\\/\\\/ultimatebuggiesandquadsdubai.com\\\/es\\\/#\\\/schema\\\/logo\\\/image\\\/\",\"url\":\"https:\\\/\\\/ultimatebuggiesandquadsdubai.com\\\/wp-content\\\/uploads\\\/2025\\\/02\\\/logo-final-white-dubai.png\",\"contentUrl\":\"https:\\\/\\\/ultimatebuggiesandquadsdubai.com\\\/wp-content\\\/uploads\\\/2025\\\/02\\\/logo-final-white-dubai.png\",\"width\":745,\"height\":366,\"caption\":\"Ultimate Buggies and Quads Dubai\"},\"image\":{\"@id\":\"https:\\\/\\\/ultimatebuggiesandquadsdubai.com\\\/es\\\/#\\\/schema\\\/logo\\\/image\\\/\"}}]}<\/script>\n<!-- \/ Yoast SEO plugin. -->","yoast_head_json":{"title":"Buggy Can-Am 4 Plazas 2 Horas en Dub\u00e1i | Aventura Extendida","description":"Vive 2 horas en un buggy Can-Am 4 plazas por el desierto de Dub\u00e1i. M\u00e1s tiempo en las dunas rojas para familias y grupos.","robots":{"index":"index","follow":"follow","max-snippet":"max-snippet:-1","max-image-preview":"max-image-preview:large","max-video-preview":"max-video-preview:-1"},"canonical":"https:\/\/ultimatebuggiesandquadsdubai.com\/es\/2-horas-can-am-4-plazas\/","og_locale":"es_ES","og_type":"article","og_title":"Buggy Can-Am 4 Plazas 2 Horas en Dub\u00e1i | Aventura Extendida","og_description":"Vive 2 horas en un buggy Can-Am 4 plazas por el desierto de Dub\u00e1i. M\u00e1s tiempo en las dunas rojas para familias y grupos.","og_url":"https:\/\/ultimatebuggiesandquadsdubai.com\/es\/2-horas-can-am-4-plazas\/","og_site_name":"Ultimate Buggies and Quads Dubai","article_modified_time":"2026-03-24T11:54:50+00:00","og_image":[{"url":"https:\/\/ultimatebuggiesandquadsdubai.com\/wp-content\/uploads\/2025\/04\/DSC02542-opt-1024x682.jpg","type":"","width":"","height":""}],"twitter_card":"summary_large_image","twitter_misc":{"Tiempo de lectura":"1 minuto"},"schema":{"@context":"https:\/\/schema.org","@graph":[{"@type":"WebPage","@id":"https:\/\/ultimatebuggiesandquadsdubai.com\/es\/2-horas-can-am-4-plazas\/","url":"https:\/\/ultimatebuggiesandquadsdubai.com\/es\/2-horas-can-am-4-plazas\/","name":"Buggy Can-Am 4 Plazas 2 Horas en Dub\u00e1i | Aventura Extendida","isPartOf":{"@id":"https:\/\/ultimatebuggiesandquadsdubai.com\/es\/#website"},"primaryImageOfPage":{"@id":"https:\/\/ultimatebuggiesandquadsdubai.com\/es\/2-horas-can-am-4-plazas\/#primaryimage"},"image":{"@id":"https:\/\/ultimatebuggiesandquadsdubai.com\/es\/2-horas-can-am-4-plazas\/#primaryimage"},"thumbnailUrl":"https:\/\/ultimatebuggiesandquadsdubai.com\/wp-content\/uploads\/2025\/04\/DSC02542-opt-1024x682.jpg","datePublished":"2026-01-19T11:55:24+00:00","dateModified":"2026-03-24T11:54:50+00:00","description":"Vive 2 horas en un buggy Can-Am 4 plazas por el desierto de Dub\u00e1i. M\u00e1s tiempo en las dunas rojas para familias y grupos.","breadcrumb":{"@id":"https:\/\/ultimatebuggiesandquadsdubai.com\/es\/2-horas-can-am-4-plazas\/#breadcrumb"},"inLanguage":"es","potentialAction":[{"@type":"ReadAction","target":["https:\/\/ultimatebuggiesandquadsdubai.com\/es\/2-horas-can-am-4-plazas\/"]}]},{"@type":"ImageObject","inLanguage":"es","@id":"https:\/\/ultimatebuggiesandquadsdubai.com\/es\/2-horas-can-am-4-plazas\/#primaryimage","url":"https:\/\/ultimatebuggiesandquadsdubai.com\/wp-content\/uploads\/2025\/04\/DSC02542-opt-1024x682.jpg","contentUrl":"https:\/\/ultimatebuggiesandquadsdubai.com\/wp-content\/uploads\/2025\/04\/DSC02542-opt-1024x682.jpg"},{"@type":"BreadcrumbList","@id":"https:\/\/ultimatebuggiesandquadsdubai.com\/es\/2-horas-can-am-4-plazas\/#breadcrumb","itemListElement":[{"@type":"ListItem","position":1,"name":"Home","item":"https:\/\/ultimatebuggiesandquadsdubai.com\/es\/"},{"@type":"ListItem","position":2,"name":"2 Horas Can-Am 4 Plazas"}]},{"@type":"WebSite","@id":"https:\/\/ultimatebuggiesandquadsdubai.com\/es\/#website","url":"https:\/\/ultimatebuggiesandquadsdubai.com\/es\/","name":"Ultimate Buggies and Quads Dubai","description":"","publisher":{"@id":"https:\/\/ultimatebuggiesandquadsdubai.com\/es\/#organization"},"potentialAction":[{"@type":"SearchAction","target":{"@type":"EntryPoint","urlTemplate":"https:\/\/ultimatebuggiesandquadsdubai.com\/es\/?s={search_term_string}"},"query-input":{"@type":"PropertyValueSpecification","valueRequired":true,"valueName":"search_term_string"}}],"inLanguage":"es"},{"@type":"Organization","@id":"https:\/\/ultimatebuggiesandquadsdubai.com\/es\/#organization","name":"Ultimate Buggies and Quads Dubai","url":"https:\/\/ultimatebuggiesandquadsdubai.com\/es\/","logo":{"@type":"ImageObject","inLanguage":"es","@id":"https:\/\/ultimatebuggiesandquadsdubai.com\/es\/#\/schema\/logo\/image\/","url":"https:\/\/ultimatebuggiesandquadsdubai.com\/wp-content\/uploads\/2025\/02\/logo-final-white-dubai.png","contentUrl":"https:\/\/ultimatebuggiesandquadsdubai.com\/wp-content\/uploads\/2025\/02\/logo-final-white-dubai.png","width":745,"height":366,"caption":"Ultimate Buggies and Quads Dubai"},"image":{"@id":"https:\/\/ultimatebuggiesandquadsdubai.com\/es\/#\/schema\/logo\/image\/"}}]}},"_links":{"self":[{"href":"https:\/\/ultimatebuggiesandquadsdubai.com\/es\/wp-json\/wp\/v2\/pages\/1595","targetHints":{"allow":["GET"]}}],"collection":[{"href":"https:\/\/ultimatebuggiesandquadsdubai.com\/es\/wp-json\/wp\/v2\/pages"}],"about":[{"href":"https:\/\/ultimatebuggiesandquadsdubai.com\/es\/wp-json\/wp\/v2\/types\/page"}],"author":[{"embeddable":true,"href":"https:\/\/ultimatebuggiesandquadsdubai.com\/es\/wp-json\/wp\/v2\/users\/2"}],"replies":[{"embeddable":true,"href":"https:\/\/ultimatebuggiesandquadsdubai.com\/es\/wp-json\/wp\/v2\/comments?post=1595"}],"version-history":[{"count":2,"href":"https:\/\/ultimatebuggiesandquadsdubai.com\/es\/wp-json\/wp\/v2\/pages\/1595\/revisions"}],"predecessor-version":[{"id":2271,"href":"https:\/\/ultimatebuggiesandquadsdubai.com\/es\/wp-json\/wp\/v2\/pages\/1595\/revisions\/2271"}],"wp:attachment":[{"href":"https:\/\/ultimatebuggiesandquadsdubai.com\/es\/wp-json\/wp\/v2\/media?parent=1595"}],"curies":[{"name":"wp","href":"https:\/\/api.w.org\/{rel}","templated":true}]}}