{"id":1585,"date":"2026-01-19T11:48:53","date_gmt":"2026-01-19T11:48:53","guid":{"rendered":"https:\/\/ultimatebuggiesandquadsdubai.com\/2-horas-can-am-2-plazas\/"},"modified":"2026-02-19T11:43:40","modified_gmt":"2026-02-19T11:43:40","slug":"2-horas-can-am-2-plazas","status":"publish","type":"page","link":"https:\/\/ultimatebuggiesandquadsdubai.com\/es\/2-horas-can-am-2-plazas\/","title":{"rendered":"2 Horas Can-Am 2 Plazas"},"content":{"rendered":"\t\t<div data-elementor-type=\"wp-page\" data-elementor-id=\"1585\" class=\"elementor elementor-1585 elementor-692\" data-elementor-post-type=\"page\">\n\t\t\t\t\t\t<section class=\"elementor-section elementor-top-section elementor-element elementor-element-6490b89c elementor-section-height-min-height elementor-section-boxed elementor-section-height-default elementor-section-items-middle\" data-id=\"6490b89c\" data-element_type=\"section\" data-e-type=\"section\" data-settings=\"{&quot;background_background&quot;:&quot;classic&quot;}\">\n\t\t\t\t\t\t\t<div class=\"elementor-background-overlay\"><\/div>\n\t\t\t\t\t\t\t<div class=\"elementor-container elementor-column-gap-no\">\n\t\t\t\t\t<div class=\"elementor-column elementor-col-100 elementor-top-column elementor-element elementor-element-1f39d2de\" data-id=\"1f39d2de\" data-element_type=\"column\" data-e-type=\"column\">\n\t\t\t<div class=\"elementor-widget-wrap elementor-element-populated\">\n\t\t\t\t\t\t<div class=\"elementor-element elementor-element-3babf96 elementor-invisible elementor-widget elementor-widget-heading\" data-id=\"3babf96\" data-element_type=\"widget\" data-e-type=\"widget\" data-settings=\"{&quot;_animation&quot;:&quot;slideInDown&quot;}\" data-widget_type=\"heading.default\">\n\t\t\t\t<div class=\"elementor-widget-container\">\n\t\t\t\t\t<h1 class=\"elementor-heading-title elementor-size-xl\">Tour en Buggy Can-Am 2 Plazas \u2013 2 Horas en el Desierto de Dub\u00e1i<\/h1>\t\t\t\t<\/div>\n\t\t\t\t<\/div>\n\t\t\t\t\t<\/div>\n\t\t<\/div>\n\t\t\t\t\t<\/div>\n\t\t<\/section>\n\t\t\t\t<section class=\"elementor-section elementor-top-section elementor-element elementor-element-7369009 elementor-section-boxed elementor-section-height-default elementor-section-height-default\" data-id=\"7369009\" data-element_type=\"section\" data-e-type=\"section\">\n\t\t\t\t\t\t<div class=\"elementor-container elementor-column-gap-no\">\n\t\t\t\t\t<div class=\"elementor-column elementor-col-50 elementor-top-column elementor-element elementor-element-c16e253\" data-id=\"c16e253\" data-element_type=\"column\" data-e-type=\"column\">\n\t\t\t<div class=\"elementor-widget-wrap elementor-element-populated\">\n\t\t\t\t\t\t<div class=\"elementor-element elementor-element-887ebcb elementor-widget elementor-widget-text-editor\" data-id=\"887ebcb\" data-element_type=\"widget\" data-e-type=\"widget\" data-widget_type=\"text-editor.default\">\n\t\t\t\t<div class=\"elementor-widget-container\">\n\t\t\t\t\t\t\t\t\t<p data-start=\"883\" data-end=\"1116\">Disfruta de una experiencia m\u00e1s intensa con nuestro<strong data-start=\"921\" data-end=\"958\"><a href=\"https:\/\/ultimatebuggiesandquadsdubai.com\/dune-buggy-dubai\/\"> tour en buggy Can-Am 2 plazas de 2 horas en Dub\u00e1i<\/a><\/strong>. M\u00e1s tiempo en las dunas rojas significa rutas m\u00e1s largas, <a href=\"https:\/\/ultimatebuggiesandquadsdubai.com\/buggy-quad-safari-dubai\/\">m\u00e1s adrenalina<\/a> y una aventura m\u00e1s completa en el <a href=\"https:\/\/ultimatebuggiesandquadsdubai.com\/quad-biking-dubai\/\">desierto de Lahbab<\/a>. <\/p><p data-start=\"1118\" data-end=\"1214\">Ideal para quienes quieren vivir el desierto sin prisas.<\/p>\t\t\t\t\t\t\t\t<\/div>\n\t\t\t\t<\/div>\n\t\t\t\t<div class=\"elementor-element elementor-element-2a048f2 elementor-widget elementor-widget-shortcode\" data-id=\"2a048f2\" data-element_type=\"widget\" data-e-type=\"widget\" data-widget_type=\"shortcode.default\">\n\t\t\t\t<div class=\"elementor-widget-container\">\n\t\t\t\t\t\t\t<div class=\"elementor-shortcode\">\n          <div class=\"turitop_bswp_button_box_wrap\">\n\n                  <div class=\"load-turitop loading-turitop turitop_booking_system_box_button\"  data-service=\"P34\"  data-embed=\"box\" data-buttoncolor=\"green\" ><\/div>\n\n          <\/div>\n\n          <\/div>\n\t\t\t\t\t\t<\/div>\n\t\t\t\t<\/div>\n\t\t\t\t\t<\/div>\n\t\t<\/div>\n\t\t\t\t<div class=\"elementor-column elementor-col-50 elementor-top-column elementor-element elementor-element-f9136e9\" data-id=\"f9136e9\" data-element_type=\"column\" data-e-type=\"column\">\n\t\t\t<div class=\"elementor-widget-wrap elementor-element-populated\">\n\t\t\t\t\t\t<div class=\"elementor-element elementor-element-1f53bd7 elementor-arrows-position-inside elementor-widget elementor-widget-image-carousel\" data-id=\"1f53bd7\" data-element_type=\"widget\" data-e-type=\"widget\" data-settings=\"{&quot;slides_to_show&quot;:&quot;1&quot;,&quot;navigation&quot;:&quot;arrows&quot;,&quot;autoplay&quot;:&quot;yes&quot;,&quot;pause_on_hover&quot;:&quot;yes&quot;,&quot;pause_on_interaction&quot;:&quot;yes&quot;,&quot;autoplay_speed&quot;:5000,&quot;infinite&quot;:&quot;yes&quot;,&quot;effect&quot;:&quot;slide&quot;,&quot;speed&quot;:500}\" data-widget_type=\"image-carousel.default\">\n\t\t\t\t<div class=\"elementor-widget-container\">\n\t\t\t\t\t\t\t<div class=\"elementor-image-carousel-wrapper swiper\" role=\"region\" aria-roledescription=\"carousel\" aria-label=\"Image Carousel\" dir=\"ltr\">\n\t\t\t<div class=\"elementor-image-carousel swiper-wrapper\" aria-live=\"off\">\n\t\t\t\t\t\t\t\t<div class=\"swiper-slide\" role=\"group\" aria-roledescription=\"slide\" aria-label=\"1 de 3\"><figure class=\"swiper-slide-inner\"><img decoding=\"async\" class=\"swiper-slide-image\" src=\"https:\/\/ultimatebuggiesandquadsdubai.com\/wp-content\/uploads\/2025\/04\/DSC02537-opt-1024x682.jpg\" alt=\"Conductor de buggy por las dunas navegando por las dunas rojas de Dub\u00e1i\" \/><\/figure><\/div><div class=\"swiper-slide\" role=\"group\" aria-roledescription=\"slide\" aria-label=\"2 de 3\"><figure class=\"swiper-slide-inner\"><img decoding=\"async\" class=\"swiper-slide-image\" src=\"https:\/\/ultimatebuggiesandquadsdubai.com\/wp-content\/uploads\/2025\/04\/DSC02538-opt-1024x682.jpg\" alt=\"Can-Am RS buggy acelerando sobre las dunas rojas en el desierto de Dub\u00e1i\" \/><\/figure><\/div><div class=\"swiper-slide\" role=\"group\" aria-roledescription=\"slide\" aria-label=\"3 de 3\"><figure class=\"swiper-slide-inner\"><img decoding=\"async\" class=\"swiper-slide-image\" src=\"https:\/\/ultimatebuggiesandquadsdubai.com\/wp-content\/uploads\/2025\/04\/DSC02539-opt-1024x682.jpg\" alt=\"Safari por el desierto guiado recorriendo las dunas de Lahbab\" \/><\/figure><\/div>\t\t\t<\/div>\n\t\t\t\t\t\t\t\t\t\t\t\t<div class=\"elementor-swiper-button elementor-swiper-button-prev\" role=\"button\" tabindex=\"0\">\n\t\t\t\t\t\t<svg aria-hidden=\"true\" class=\"e-font-icon-svg e-eicon-chevron-left\" viewBox=\"0 0 1000 1000\" xmlns=\"http:\/\/www.w3.org\/2000\/svg\"><path d=\"M646 125C629 125 613 133 604 142L308 442C296 454 292 471 292 487 292 504 296 521 308 533L604 854C617 867 629 875 646 875 663 875 679 871 692 858 704 846 713 829 713 812 713 796 708 779 692 767L438 487 692 225C700 217 708 204 708 187 708 171 704 154 692 142 675 129 663 125 646 125Z\"><\/path><\/svg>\t\t\t\t\t<\/div>\n\t\t\t\t\t<div class=\"elementor-swiper-button elementor-swiper-button-next\" role=\"button\" tabindex=\"0\">\n\t\t\t\t\t\t<svg aria-hidden=\"true\" class=\"e-font-icon-svg e-eicon-chevron-right\" viewBox=\"0 0 1000 1000\" xmlns=\"http:\/\/www.w3.org\/2000\/svg\"><path d=\"M696 533C708 521 713 504 713 487 713 471 708 454 696 446L400 146C388 133 375 125 354 125 338 125 325 129 313 142 300 154 292 171 292 187 292 204 296 221 308 233L563 492 304 771C292 783 288 800 288 817 288 833 296 850 308 863 321 871 338 875 354 875 371 875 388 867 400 854L696 533Z\"><\/path><\/svg>\t\t\t\t\t<\/div>\n\t\t\t\t\n\t\t\t\t\t\t\t\t\t<\/div>\n\t\t\t\t\t\t<\/div>\n\t\t\t\t<\/div>\n\t\t\t\t<div class=\"elementor-element elementor-element-7b5045c elementor-widget elementor-widget-heading\" data-id=\"7b5045c\" data-element_type=\"widget\" data-e-type=\"widget\" data-widget_type=\"heading.default\">\n\t\t\t\t<div class=\"elementor-widget-container\">\n\t\t\t\t\t<h2 class=\"elementor-heading-title elementor-size-xl\">El Buggy Can-Am<\/h2>\t\t\t\t<\/div>\n\t\t\t\t<\/div>\n\t\t\t\t<div class=\"elementor-element elementor-element-496a31a elementor-widget elementor-widget-text-editor\" data-id=\"496a31a\" data-element_type=\"widget\" data-e-type=\"widget\" data-widget_type=\"text-editor.default\">\n\t\t\t\t<div class=\"elementor-widget-container\">\n\t\t\t\t\t\t\t\t\t<p data-start=\"1261\" data-end=\"1466\">Nuestros <strong data-start=\"1300\" data-end=\"1348\">Can-Am X3 de 2 plazas <\/strong>combinan potencia, estabilidad y control en la arena. Dise\u00f1ados para un rendimiento superior en dunas, permiten disfrutar de subidas pronunciadas y descensos emocionantes con total seguridad. <\/p><p data-start=\"1468\" data-end=\"1667\">Una aut\u00e9ntica experiencia de conducci\u00f3n <a href=\"\/\">off-road en Dub\u00e1i<\/a>.<\/p>\t\t\t\t\t\t\t\t<\/div>\n\t\t\t\t<\/div>\n\t\t\t\t<div class=\"elementor-element elementor-element-3477e04 elementor-widget elementor-widget-heading\" data-id=\"3477e04\" data-element_type=\"widget\" data-e-type=\"widget\" data-widget_type=\"heading.default\">\n\t\t\t\t<div class=\"elementor-widget-container\">\n\t\t\t\t\t<h2 class=\"elementor-heading-title elementor-size-xl\">\u00bfListo para una aventura extendida en el desierto?<\/h2>\t\t\t\t<\/div>\n\t\t\t\t<\/div>\n\t\t\t\t<div class=\"elementor-element elementor-element-75deeaf elementor-widget elementor-widget-text-editor\" data-id=\"75deeaf\" data-element_type=\"widget\" data-e-type=\"widget\" data-widget_type=\"text-editor.default\">\n\t\t\t\t<div class=\"elementor-widget-container\">\n\t\t\t\t\t\t\t\t\t<p><a href=\"https:\/\/ultimatebuggiesandquadsdubai.com\/book-now\/\"><strong>Reserva tu Buggy Can-Am 2 Plazas de 2 Horas en Dub\u00e1i<\/strong><\/a><\/p>\t\t\t\t\t\t\t\t<\/div>\n\t\t\t\t<\/div>\n\t\t\t\t\t<\/div>\n\t\t<\/div>\n\t\t\t\t\t<\/div>\n\t\t<\/section>\n\t\t<div class=\"elementor-element elementor-element-2efb331 e-flex e-con-boxed e-con e-parent\" data-id=\"2efb331\" data-element_type=\"container\" data-e-type=\"container\">\n\t\t\t\t\t<div class=\"e-con-inner\">\n\t\t<div class=\"elementor-element elementor-element-bf5f590 e-con-full e-flex e-con e-child\" data-id=\"bf5f590\" data-element_type=\"container\" data-e-type=\"container\">\n\t\t\t\t<div class=\"elementor-element elementor-element-0195640 elementor-widget elementor-widget-heading\" data-id=\"0195640\" data-element_type=\"widget\" data-e-type=\"widget\" data-widget_type=\"heading.default\">\n\t\t\t\t<div class=\"elementor-widget-container\">\n\t\t\t\t\t<h2 class=\"elementor-heading-title elementor-size-default\">Qu\u00e9 Incluye<\/h2>\t\t\t\t<\/div>\n\t\t\t\t<\/div>\n\t\t\t\t<div class=\"elementor-element elementor-element-bf218d3 elementor-widget elementor-widget-text-editor\" data-id=\"bf218d3\" data-element_type=\"widget\" data-e-type=\"widget\" data-widget_type=\"text-editor.default\">\n\t\t\t\t<div class=\"elementor-widget-container\">\n\t\t\t\t\t\t\t\t\t<ul><li>Buggy Can-Am 2 plazas<\/li><li>2 horas de experiencia guiada<\/li><li>Casco y equipamiento de seguridad<\/li><li>Gu\u00eda experto en el desierto<\/li><li>Paradas fotogr\u00e1ficas panor\u00e1micas y vistas panor\u00e1micas<\/li><li>Recogida y regreso al hotel (si se selecciona)<\/li><\/ul><p>Esta aventura ampliada combina emoci\u00f3n y exploraci\u00f3n paisaj\u00edstica para una experiencia inolvidable en el desierto.<\/p>\t\t\t\t\t\t\t\t<\/div>\n\t\t\t\t<\/div>\n\t\t\t\t<\/div>\n\t\t<div class=\"elementor-element elementor-element-bc6fc1a e-con-full e-flex e-con e-child\" data-id=\"bc6fc1a\" data-element_type=\"container\" data-e-type=\"container\">\n\t\t\t\t<div class=\"elementor-element elementor-element-69803f5 elementor-widget elementor-widget-heading\" data-id=\"69803f5\" data-element_type=\"widget\" data-e-type=\"widget\" data-widget_type=\"heading.default\">\n\t\t\t\t<div class=\"elementor-widget-container\">\n\t\t\t\t\t<h2 class=\"elementor-heading-title elementor-size-default\">Para Qui\u00e9n Es Este Tour<\/h2>\t\t\t\t<\/div>\n\t\t\t\t<\/div>\n\t\t\t\t<div class=\"elementor-element elementor-element-fb71ea4 elementor-widget elementor-widget-text-editor\" data-id=\"fb71ea4\" data-element_type=\"widget\" data-e-type=\"widget\" data-widget_type=\"text-editor.default\">\n\t\t\t\t<div class=\"elementor-widget-container\">\n\t\t\t\t\t\t\t\t\t<p>Perfecto para::<\/p><ul><li>Parejas aventureras<\/li><li>Amigos que buscan m\u00e1s emoci\u00f3n<\/li><li>Amantes de la conducci\u00f3n off-road<\/li><li>Visitantes que desean una experiencia m\u00e1s completa<\/li><\/ul><p><a href=\"https:\/\/ultimatebuggiesandquadsdubai.com\/faqs\/\">No se requiere experiencia previa<\/a>.<\/p>\t\t\t\t\t\t\t\t<\/div>\n\t\t\t\t<\/div>\n\t\t\t\t<\/div>\n\t\t<div class=\"elementor-element elementor-element-def39ad e-con-full e-flex e-con e-child\" data-id=\"def39ad\" data-element_type=\"container\" data-e-type=\"container\">\n\t\t\t\t<div class=\"elementor-element elementor-element-0149099 elementor-widget elementor-widget-heading\" data-id=\"0149099\" data-element_type=\"widget\" data-e-type=\"widget\" data-widget_type=\"heading.default\">\n\t\t\t\t<div class=\"elementor-widget-container\">\n\t\t\t\t\t<h2 class=\"elementor-heading-title elementor-size-default\">Por Qu\u00e9 Elegir Este Tour<\/h2>\t\t\t\t<\/div>\n\t\t\t\t<\/div>\n\t\t\t\t<div class=\"elementor-element elementor-element-ac14dd6 elementor-widget elementor-widget-text-editor\" data-id=\"ac14dd6\" data-element_type=\"widget\" data-e-type=\"widget\" data-widget_type=\"text-editor.default\">\n\t\t\t\t<div class=\"elementor-widget-container\">\n\t\t\t\t\t\t\t\t\t<p data-start=\"2343\" data-end=\"2547\">Todo lo que necesitas est\u00e1 incluido:<\/p><ul><li>M\u00e1s tiempo en las dunas rojas<\/li><li>Veh\u00edculos de alto rendimiento<\/li><li>Experiencia premium en el desierto<\/li><li>Seguridad y gu\u00edas profesionales<\/li><li>Una de las actividades m\u00e1s emocionantes en Dub\u00e1i<\/li><\/ul><p data-start=\"2549\" data-end=\"2614\">Nos centramos en la <strong data-start=\"2590\" data-end=\"2625\">comodidad, la seguridad y la emoci\u00f3n<\/strong> para que puedas <a href=\"\/\">disfrutar cada momento<\/a>.<\/p>\t\t\t\t\t\t\t\t<\/div>\n\t\t\t\t<\/div>\n\t\t\t\t<\/div>\n\t\t\t\t\t<\/div>\n\t\t\t\t<\/div>\n\t\t\t\t<\/div>\n\t\t","protected":false},"excerpt":{"rendered":"<p>Tour en Buggy Can-Am 2 Plazas \u2013 2 Horas en el Desierto de Dub\u00e1i Disfruta de una experiencia m\u00e1s intensa con nuestro tour en buggy Can-Am 2 plazas de 2 horas en Dub\u00e1i. M\u00e1s tiempo en las dunas rojas significa rutas m\u00e1s largas, m\u00e1s adrenalina y una aventura m\u00e1s completa en el desierto de Lahbab. [&hellip;]<\/p>\n","protected":false},"author":2,"featured_media":0,"parent":0,"menu_order":0,"comment_status":"closed","ping_status":"closed","template":"","meta":{"footnotes":""},"class_list":["post-1585","page","type-page","status-publish","hentry"],"yoast_head":"<!-- This site is optimized with the Yoast SEO plugin v27.4 - https:\/\/yoast.com\/product\/yoast-seo-wordpress\/ -->\n<title>Buggy Can-Am 2 Plazas 2 Horas | Aventura Extendida en Dub\u00e1i<\/title>\n<meta name=\"description\" content=\"Disfruta de 2 horas en un buggy Can-Am 2 plazas por el desierto de Dub\u00e1i. M\u00e1s tiempo en las dunas rojas con gu\u00eda profesional. Reserva hoy.\" \/>\n<meta name=\"robots\" content=\"index, follow, max-snippet:-1, max-image-preview:large, max-video-preview:-1\" \/>\n<link rel=\"canonical\" href=\"https:\/\/ultimatebuggiesandquadsdubai.com\/es\/2-horas-can-am-2-plazas\/\" \/>\n<meta property=\"og:locale\" content=\"es_ES\" \/>\n<meta property=\"og:type\" content=\"article\" \/>\n<meta property=\"og:title\" content=\"Buggy Can-Am 2 Plazas 2 Horas | Aventura Extendida en Dub\u00e1i\" \/>\n<meta property=\"og:description\" content=\"Disfruta de 2 horas en un buggy Can-Am 2 plazas por el desierto de Dub\u00e1i. M\u00e1s tiempo en las dunas rojas con gu\u00eda profesional. Reserva hoy.\" \/>\n<meta property=\"og:url\" content=\"https:\/\/ultimatebuggiesandquadsdubai.com\/es\/2-horas-can-am-2-plazas\/\" \/>\n<meta property=\"og:site_name\" content=\"Ultimate Buggies and Quads Dubai\" \/>\n<meta property=\"article:modified_time\" content=\"2026-02-19T11:43:40+00:00\" \/>\n<meta property=\"og:image\" content=\"https:\/\/ultimatebuggiesandquadsdubai.com\/wp-content\/uploads\/2025\/04\/DSC02537-opt-1024x682.jpg\" \/>\n<meta name=\"twitter:card\" content=\"summary_large_image\" \/>\n<meta name=\"twitter:label1\" content=\"Tiempo de lectura\" \/>\n\t<meta name=\"twitter:data1\" content=\"1 minuto\" \/>\n<script type=\"application\/ld+json\" class=\"yoast-schema-graph\">{\"@context\":\"https:\\\/\\\/schema.org\",\"@graph\":[{\"@type\":\"WebPage\",\"@id\":\"https:\\\/\\\/ultimatebuggiesandquadsdubai.com\\\/es\\\/2-horas-can-am-2-plazas\\\/\",\"url\":\"https:\\\/\\\/ultimatebuggiesandquadsdubai.com\\\/es\\\/2-horas-can-am-2-plazas\\\/\",\"name\":\"Buggy Can-Am 2 Plazas 2 Horas | Aventura Extendida en Dub\u00e1i\",\"isPartOf\":{\"@id\":\"https:\\\/\\\/ultimatebuggiesandquadsdubai.com\\\/es\\\/#website\"},\"primaryImageOfPage\":{\"@id\":\"https:\\\/\\\/ultimatebuggiesandquadsdubai.com\\\/es\\\/2-horas-can-am-2-plazas\\\/#primaryimage\"},\"image\":{\"@id\":\"https:\\\/\\\/ultimatebuggiesandquadsdubai.com\\\/es\\\/2-horas-can-am-2-plazas\\\/#primaryimage\"},\"thumbnailUrl\":\"https:\\\/\\\/ultimatebuggiesandquadsdubai.com\\\/wp-content\\\/uploads\\\/2025\\\/04\\\/DSC02537-opt-1024x682.jpg\",\"datePublished\":\"2026-01-19T11:48:53+00:00\",\"dateModified\":\"2026-02-19T11:43:40+00:00\",\"description\":\"Disfruta de 2 horas en un buggy Can-Am 2 plazas por el desierto de Dub\u00e1i. M\u00e1s tiempo en las dunas rojas con gu\u00eda profesional. Reserva hoy.\",\"breadcrumb\":{\"@id\":\"https:\\\/\\\/ultimatebuggiesandquadsdubai.com\\\/es\\\/2-horas-can-am-2-plazas\\\/#breadcrumb\"},\"inLanguage\":\"es\",\"potentialAction\":[{\"@type\":\"ReadAction\",\"target\":[\"https:\\\/\\\/ultimatebuggiesandquadsdubai.com\\\/es\\\/2-horas-can-am-2-plazas\\\/\"]}]},{\"@type\":\"ImageObject\",\"inLanguage\":\"es\",\"@id\":\"https:\\\/\\\/ultimatebuggiesandquadsdubai.com\\\/es\\\/2-horas-can-am-2-plazas\\\/#primaryimage\",\"url\":\"https:\\\/\\\/ultimatebuggiesandquadsdubai.com\\\/wp-content\\\/uploads\\\/2025\\\/04\\\/DSC02537-opt-1024x682.jpg\",\"contentUrl\":\"https:\\\/\\\/ultimatebuggiesandquadsdubai.com\\\/wp-content\\\/uploads\\\/2025\\\/04\\\/DSC02537-opt-1024x682.jpg\"},{\"@type\":\"BreadcrumbList\",\"@id\":\"https:\\\/\\\/ultimatebuggiesandquadsdubai.com\\\/es\\\/2-horas-can-am-2-plazas\\\/#breadcrumb\",\"itemListElement\":[{\"@type\":\"ListItem\",\"position\":1,\"name\":\"Home\",\"item\":\"https:\\\/\\\/ultimatebuggiesandquadsdubai.com\\\/es\\\/\"},{\"@type\":\"ListItem\",\"position\":2,\"name\":\"2 Horas Can-Am 2 Plazas\"}]},{\"@type\":\"WebSite\",\"@id\":\"https:\\\/\\\/ultimatebuggiesandquadsdubai.com\\\/es\\\/#website\",\"url\":\"https:\\\/\\\/ultimatebuggiesandquadsdubai.com\\\/es\\\/\",\"name\":\"Ultimate Buggies and Quads Dubai\",\"description\":\"\",\"publisher\":{\"@id\":\"https:\\\/\\\/ultimatebuggiesandquadsdubai.com\\\/es\\\/#organization\"},\"potentialAction\":[{\"@type\":\"SearchAction\",\"target\":{\"@type\":\"EntryPoint\",\"urlTemplate\":\"https:\\\/\\\/ultimatebuggiesandquadsdubai.com\\\/es\\\/?s={search_term_string}\"},\"query-input\":{\"@type\":\"PropertyValueSpecification\",\"valueRequired\":true,\"valueName\":\"search_term_string\"}}],\"inLanguage\":\"es\"},{\"@type\":\"Organization\",\"@id\":\"https:\\\/\\\/ultimatebuggiesandquadsdubai.com\\\/es\\\/#organization\",\"name\":\"Ultimate Buggies and Quads Dubai\",\"url\":\"https:\\\/\\\/ultimatebuggiesandquadsdubai.com\\\/es\\\/\",\"logo\":{\"@type\":\"ImageObject\",\"inLanguage\":\"es\",\"@id\":\"https:\\\/\\\/ultimatebuggiesandquadsdubai.com\\\/es\\\/#\\\/schema\\\/logo\\\/image\\\/\",\"url\":\"https:\\\/\\\/ultimatebuggiesandquadsdubai.com\\\/wp-content\\\/uploads\\\/2025\\\/02\\\/logo-final-white-dubai.png\",\"contentUrl\":\"https:\\\/\\\/ultimatebuggiesandquadsdubai.com\\\/wp-content\\\/uploads\\\/2025\\\/02\\\/logo-final-white-dubai.png\",\"width\":745,\"height\":366,\"caption\":\"Ultimate Buggies and Quads Dubai\"},\"image\":{\"@id\":\"https:\\\/\\\/ultimatebuggiesandquadsdubai.com\\\/es\\\/#\\\/schema\\\/logo\\\/image\\\/\"}}]}<\/script>\n<!-- \/ Yoast SEO plugin. -->","yoast_head_json":{"title":"Buggy Can-Am 2 Plazas 2 Horas | Aventura Extendida en Dub\u00e1i","description":"Disfruta de 2 horas en un buggy Can-Am 2 plazas por el desierto de Dub\u00e1i. M\u00e1s tiempo en las dunas rojas con gu\u00eda profesional. Reserva hoy.","robots":{"index":"index","follow":"follow","max-snippet":"max-snippet:-1","max-image-preview":"max-image-preview:large","max-video-preview":"max-video-preview:-1"},"canonical":"https:\/\/ultimatebuggiesandquadsdubai.com\/es\/2-horas-can-am-2-plazas\/","og_locale":"es_ES","og_type":"article","og_title":"Buggy Can-Am 2 Plazas 2 Horas | Aventura Extendida en Dub\u00e1i","og_description":"Disfruta de 2 horas en un buggy Can-Am 2 plazas por el desierto de Dub\u00e1i. M\u00e1s tiempo en las dunas rojas con gu\u00eda profesional. Reserva hoy.","og_url":"https:\/\/ultimatebuggiesandquadsdubai.com\/es\/2-horas-can-am-2-plazas\/","og_site_name":"Ultimate Buggies and Quads Dubai","article_modified_time":"2026-02-19T11:43:40+00:00","og_image":[{"url":"https:\/\/ultimatebuggiesandquadsdubai.com\/wp-content\/uploads\/2025\/04\/DSC02537-opt-1024x682.jpg","type":"","width":"","height":""}],"twitter_card":"summary_large_image","twitter_misc":{"Tiempo de lectura":"1 minuto"},"schema":{"@context":"https:\/\/schema.org","@graph":[{"@type":"WebPage","@id":"https:\/\/ultimatebuggiesandquadsdubai.com\/es\/2-horas-can-am-2-plazas\/","url":"https:\/\/ultimatebuggiesandquadsdubai.com\/es\/2-horas-can-am-2-plazas\/","name":"Buggy Can-Am 2 Plazas 2 Horas | Aventura Extendida en Dub\u00e1i","isPartOf":{"@id":"https:\/\/ultimatebuggiesandquadsdubai.com\/es\/#website"},"primaryImageOfPage":{"@id":"https:\/\/ultimatebuggiesandquadsdubai.com\/es\/2-horas-can-am-2-plazas\/#primaryimage"},"image":{"@id":"https:\/\/ultimatebuggiesandquadsdubai.com\/es\/2-horas-can-am-2-plazas\/#primaryimage"},"thumbnailUrl":"https:\/\/ultimatebuggiesandquadsdubai.com\/wp-content\/uploads\/2025\/04\/DSC02537-opt-1024x682.jpg","datePublished":"2026-01-19T11:48:53+00:00","dateModified":"2026-02-19T11:43:40+00:00","description":"Disfruta de 2 horas en un buggy Can-Am 2 plazas por el desierto de Dub\u00e1i. M\u00e1s tiempo en las dunas rojas con gu\u00eda profesional. Reserva hoy.","breadcrumb":{"@id":"https:\/\/ultimatebuggiesandquadsdubai.com\/es\/2-horas-can-am-2-plazas\/#breadcrumb"},"inLanguage":"es","potentialAction":[{"@type":"ReadAction","target":["https:\/\/ultimatebuggiesandquadsdubai.com\/es\/2-horas-can-am-2-plazas\/"]}]},{"@type":"ImageObject","inLanguage":"es","@id":"https:\/\/ultimatebuggiesandquadsdubai.com\/es\/2-horas-can-am-2-plazas\/#primaryimage","url":"https:\/\/ultimatebuggiesandquadsdubai.com\/wp-content\/uploads\/2025\/04\/DSC02537-opt-1024x682.jpg","contentUrl":"https:\/\/ultimatebuggiesandquadsdubai.com\/wp-content\/uploads\/2025\/04\/DSC02537-opt-1024x682.jpg"},{"@type":"BreadcrumbList","@id":"https:\/\/ultimatebuggiesandquadsdubai.com\/es\/2-horas-can-am-2-plazas\/#breadcrumb","itemListElement":[{"@type":"ListItem","position":1,"name":"Home","item":"https:\/\/ultimatebuggiesandquadsdubai.com\/es\/"},{"@type":"ListItem","position":2,"name":"2 Horas Can-Am 2 Plazas"}]},{"@type":"WebSite","@id":"https:\/\/ultimatebuggiesandquadsdubai.com\/es\/#website","url":"https:\/\/ultimatebuggiesandquadsdubai.com\/es\/","name":"Ultimate Buggies and Quads Dubai","description":"","publisher":{"@id":"https:\/\/ultimatebuggiesandquadsdubai.com\/es\/#organization"},"potentialAction":[{"@type":"SearchAction","target":{"@type":"EntryPoint","urlTemplate":"https:\/\/ultimatebuggiesandquadsdubai.com\/es\/?s={search_term_string}"},"query-input":{"@type":"PropertyValueSpecification","valueRequired":true,"valueName":"search_term_string"}}],"inLanguage":"es"},{"@type":"Organization","@id":"https:\/\/ultimatebuggiesandquadsdubai.com\/es\/#organization","name":"Ultimate Buggies and Quads Dubai","url":"https:\/\/ultimatebuggiesandquadsdubai.com\/es\/","logo":{"@type":"ImageObject","inLanguage":"es","@id":"https:\/\/ultimatebuggiesandquadsdubai.com\/es\/#\/schema\/logo\/image\/","url":"https:\/\/ultimatebuggiesandquadsdubai.com\/wp-content\/uploads\/2025\/02\/logo-final-white-dubai.png","contentUrl":"https:\/\/ultimatebuggiesandquadsdubai.com\/wp-content\/uploads\/2025\/02\/logo-final-white-dubai.png","width":745,"height":366,"caption":"Ultimate Buggies and Quads Dubai"},"image":{"@id":"https:\/\/ultimatebuggiesandquadsdubai.com\/es\/#\/schema\/logo\/image\/"}}]}},"_links":{"self":[{"href":"https:\/\/ultimatebuggiesandquadsdubai.com\/es\/wp-json\/wp\/v2\/pages\/1585","targetHints":{"allow":["GET"]}}],"collection":[{"href":"https:\/\/ultimatebuggiesandquadsdubai.com\/es\/wp-json\/wp\/v2\/pages"}],"about":[{"href":"https:\/\/ultimatebuggiesandquadsdubai.com\/es\/wp-json\/wp\/v2\/types\/page"}],"author":[{"embeddable":true,"href":"https:\/\/ultimatebuggiesandquadsdubai.com\/es\/wp-json\/wp\/v2\/users\/2"}],"replies":[{"embeddable":true,"href":"https:\/\/ultimatebuggiesandquadsdubai.com\/es\/wp-json\/wp\/v2\/comments?post=1585"}],"version-history":[{"count":1,"href":"https:\/\/ultimatebuggiesandquadsdubai.com\/es\/wp-json\/wp\/v2\/pages\/1585\/revisions"}],"predecessor-version":[{"id":1586,"href":"https:\/\/ultimatebuggiesandquadsdubai.com\/es\/wp-json\/wp\/v2\/pages\/1585\/revisions\/1586"}],"wp:attachment":[{"href":"https:\/\/ultimatebuggiesandquadsdubai.com\/es\/wp-json\/wp\/v2\/media?parent=1585"}],"curies":[{"name":"wp","href":"https:\/\/api.w.org\/{rel}","templated":true}]}}