{"id":2191,"date":"2025-04-25T11:30:27","date_gmt":"2025-04-25T11:30:27","guid":{"rendered":"https:\/\/ultimatebuggiesandquadsdubai.com\/cookie-richtlinie\/"},"modified":"2026-02-27T13:39:31","modified_gmt":"2026-02-27T13:39:31","slug":"cookie-richtlinie","status":"publish","type":"page","link":"https:\/\/ultimatebuggiesandquadsdubai.com\/de\/cookie-richtlinie\/","title":{"rendered":"Cookie-Richtlinie"},"content":{"rendered":"\t\t<div data-elementor-type=\"wp-page\" data-elementor-id=\"2191\" class=\"elementor elementor-2191 elementor-371\" data-elementor-post-type=\"page\">\n\t\t\t\t\t\t<section class=\"elementor-section elementor-top-section elementor-element elementor-element-64e91e09 elementor-section-height-min-height elementor-section-boxed elementor-section-height-default elementor-section-items-middle\" data-id=\"64e91e09\" data-element_type=\"section\" data-e-type=\"section\" data-settings=\"{&quot;background_background&quot;:&quot;classic&quot;}\">\n\t\t\t\t\t\t\t<div class=\"elementor-background-overlay\"><\/div>\n\t\t\t\t\t\t\t<div class=\"elementor-container elementor-column-gap-no\">\n\t\t\t\t\t<div class=\"elementor-column elementor-col-100 elementor-top-column elementor-element elementor-element-5336c041\" data-id=\"5336c041\" data-element_type=\"column\" data-e-type=\"column\">\n\t\t\t<div class=\"elementor-widget-wrap elementor-element-populated\">\n\t\t\t\t\t\t<div class=\"elementor-element elementor-element-10777d19 elementor-invisible elementor-widget elementor-widget-heading\" data-id=\"10777d19\" data-element_type=\"widget\" data-e-type=\"widget\" data-settings=\"{&quot;_animation&quot;:&quot;slideInDown&quot;}\" data-widget_type=\"heading.default\">\n\t\t\t\t<div class=\"elementor-widget-container\">\n\t\t\t\t\t<h1 class=\"elementor-heading-title elementor-size-xxl\">Cookie-Richtlinie<\/h1>\t\t\t\t<\/div>\n\t\t\t\t<\/div>\n\t\t\t\t\t<\/div>\n\t\t<\/div>\n\t\t\t\t\t<\/div>\n\t\t<\/section>\n\t\t\t\t<section class=\"elementor-section elementor-top-section elementor-element elementor-element-5356057c elementor-section-boxed elementor-section-height-default elementor-section-height-default\" data-id=\"5356057c\" data-element_type=\"section\" data-e-type=\"section\">\n\t\t\t\t\t\t<div class=\"elementor-container elementor-column-gap-default\">\n\t\t\t\t\t<div class=\"elementor-column elementor-col-100 elementor-top-column elementor-element elementor-element-17d55566\" data-id=\"17d55566\" data-element_type=\"column\" data-e-type=\"column\">\n\t\t\t<div class=\"elementor-widget-wrap elementor-element-populated\">\n\t\t\t\t\t\t<div class=\"elementor-element elementor-element-53329ad7 elementor-widget elementor-widget-text-editor\" data-id=\"53329ad7\" data-element_type=\"widget\" data-e-type=\"widget\" data-widget_type=\"text-editor.default\">\n\t\t\t\t<div class=\"elementor-widget-container\">\n\t\t\t\t\t\t\t\t\t<p class=\"has-text-align-center\">\u201eAdministrator\u201c bezeichnet Global Digital Solutions.<\/p><p class=\"has-text-align-center\">Die Website des Administrators verwendet Cookies, um dich von anderen Nutzern der Website zu unterscheiden. Dies hilft dabei, dir eine gute Erfahrung beim Durchsuchen der Website zu bieten, und erm\u00f6glicht zudem die Verbesserung der Website. Durch die weitere Nutzung der Website stimmst du der Verwendung von Cookies zu.  <\/p><p class=\"has-text-align-center\">Ein Cookie ist eine kleine Datei aus Buchstaben und Zahlen, die in deinem Browser oder auf der Festplatte deines Computers gespeichert wird, sofern du zustimmst. Cookies enthalten Informationen, die auf die Festplatte deines Computers \u00fcbertragen werden. <\/p><p class=\"has-text-align-center\">Die Website des Administrators verwendet die folgenden Cookies: (a) Unbedingt erforderliche Cookies \u2013 Dies sind Cookies, die f\u00fcr den Betrieb der Website erforderlich sind. Dazu geh\u00f6ren zum Beispiel Cookies, die es dir erm\u00f6glichen, dich in sicheren Bereichen der Website anzumelden. (b) Analyse-\/Leistungs-Cookies \u2013 Diese erm\u00f6glichen es, die Anzahl der Besucher zu erkennen und zu z\u00e4hlen sowie zu sehen, wie sich Besucher auf der Website bewegen, wenn sie diese nutzen. Dies erleichtert die Verbesserung der Funktionsweise der Website, indem zum Beispiel sichergestellt wird, dass Nutzer das, was sie suchen, leicht finden. (c) Funktionalit\u00e4ts-Cookies \u2013 Diese werden verwendet, um dich wiederzuerkennen, wenn du auf die Website zur\u00fcckkehrst. Dies erm\u00f6glicht die Personalisierung von Inhalten f\u00fcr dich, die Begr\u00fc\u00dfung mit deinem Namen und das Merken deiner Einstellungen. (d) Targeting-Cookies \u2013 Diese Cookies zeichnen deinen Besuch auf der Website, die von dir besuchten Seiten und die von dir angeklickten Links auf. Dies tr\u00e4gt dazu bei, die Website und die darauf angezeigte Werbung relevanter f\u00fcr deine Interessen zu gestalten. Diese Informationen k\u00f6nnen zu diesem Zweck an Dritte weitergegeben werden.         <\/p><p class=\"has-text-align-center\">Bitte beachte, dass Dritte (einschlie\u00dflich zum Beispiel Werbenetzwerke und Anbieter externer Dienste wie Web-Traffic-Analysedienste) ebenfalls Cookies verwenden k\u00f6nnen, \u00fcber die der Administrator keine Kontrolle hat. Bei diesen Cookies handelt es sich wahrscheinlich um Analyse-\/Leistungs-Cookies oder Targeting-Cookies. <\/p><p class=\"has-text-align-center\">Du blockierst Cookies, indem du die Einstellung in deinem Browser aktivierst, die es dir erlaubt, das Setzen aller oder einiger Cookies abzulehnen. Wenn du jedoch deine Browsereinstellungen verwendest, um alle Cookies (einschlie\u00dflich essenzieller Cookies) zu blockieren, kannst du m\u00f6glicherweise nicht auf die gesamte Website des Administrators oder Teile davon zugreifen. <\/p><p> <\/p>\t\t\t\t\t\t\t\t<\/div>\n\t\t\t\t<\/div>\n\t\t\t\t\t<\/div>\n\t\t<\/div>\n\t\t\t\t\t<\/div>\n\t\t<\/section>\n\t\t\t\t<\/div>\n\t\t","protected":false},"excerpt":{"rendered":"<p>Cookie-Richtlinie \u201eAdministrator\u201c bezeichnet Global Digital Solutions. Die Website des Administrators verwendet Cookies, um dich von anderen Nutzern der Website zu unterscheiden. Dies hilft dabei, dir eine gute Erfahrung beim Durchsuchen der Website zu bieten, und erm\u00f6glicht zudem die Verbesserung der Website. Durch die weitere Nutzung der Website stimmst du der Verwendung von Cookies zu. Ein [&hellip;]<\/p>\n","protected":false},"author":2,"featured_media":0,"parent":0,"menu_order":0,"comment_status":"closed","ping_status":"closed","template":"","meta":{"footnotes":""},"class_list":["post-2191","page","type-page","status-publish","hentry"],"yoast_head":"<!-- This site is optimized with the Yoast SEO plugin v27.4 - https:\/\/yoast.com\/product\/yoast-seo-wordpress\/ -->\n<title>Cookie-Richtlinie - Ultimate Buggies and Quads Dubai<\/title>\n<meta name=\"robots\" content=\"index, follow, max-snippet:-1, max-image-preview:large, max-video-preview:-1\" \/>\n<link rel=\"canonical\" href=\"https:\/\/ultimatebuggiesandquadsdubai.com\/de\/cookie-richtlinie\/\" \/>\n<meta property=\"og:locale\" content=\"de_DE\" \/>\n<meta property=\"og:type\" content=\"article\" \/>\n<meta property=\"og:title\" content=\"Cookie-Richtlinie - Ultimate Buggies and Quads Dubai\" \/>\n<meta property=\"og:description\" content=\"Cookie-Richtlinie \u201eAdministrator\u201c bezeichnet Global Digital Solutions. Die Website des Administrators verwendet Cookies, um dich von anderen Nutzern der Website zu unterscheiden. Dies hilft dabei, dir eine gute Erfahrung beim Durchsuchen der Website zu bieten, und erm\u00f6glicht zudem die Verbesserung der Website. Durch die weitere Nutzung der Website stimmst du der Verwendung von Cookies zu. Ein [&hellip;]\" \/>\n<meta property=\"og:url\" content=\"https:\/\/ultimatebuggiesandquadsdubai.com\/de\/cookie-richtlinie\/\" \/>\n<meta property=\"og:site_name\" content=\"Ultimate Buggies and Quads Dubai\" \/>\n<meta property=\"article:modified_time\" content=\"2026-02-27T13:39:31+00:00\" \/>\n<meta name=\"twitter:card\" content=\"summary_large_image\" \/>\n<meta name=\"twitter:label1\" content=\"Gesch\u00e4tzte Lesezeit\" \/>\n\t<meta name=\"twitter:data1\" content=\"2\u00a0Minuten\" \/>\n<script type=\"application\/ld+json\" class=\"yoast-schema-graph\">{\"@context\":\"https:\\\/\\\/schema.org\",\"@graph\":[{\"@type\":\"WebPage\",\"@id\":\"https:\\\/\\\/ultimatebuggiesandquadsdubai.com\\\/de\\\/cookie-richtlinie\\\/\",\"url\":\"https:\\\/\\\/ultimatebuggiesandquadsdubai.com\\\/de\\\/cookie-richtlinie\\\/\",\"name\":\"Cookie-Richtlinie - Ultimate Buggies and Quads Dubai\",\"isPartOf\":{\"@id\":\"https:\\\/\\\/ultimatebuggiesandquadsdubai.com\\\/de\\\/#website\"},\"datePublished\":\"2025-04-25T11:30:27+00:00\",\"dateModified\":\"2026-02-27T13:39:31+00:00\",\"breadcrumb\":{\"@id\":\"https:\\\/\\\/ultimatebuggiesandquadsdubai.com\\\/de\\\/cookie-richtlinie\\\/#breadcrumb\"},\"inLanguage\":\"de\",\"potentialAction\":[{\"@type\":\"ReadAction\",\"target\":[\"https:\\\/\\\/ultimatebuggiesandquadsdubai.com\\\/de\\\/cookie-richtlinie\\\/\"]}]},{\"@type\":\"BreadcrumbList\",\"@id\":\"https:\\\/\\\/ultimatebuggiesandquadsdubai.com\\\/de\\\/cookie-richtlinie\\\/#breadcrumb\",\"itemListElement\":[{\"@type\":\"ListItem\",\"position\":1,\"name\":\"Home\",\"item\":\"https:\\\/\\\/ultimatebuggiesandquadsdubai.com\\\/de\\\/\"},{\"@type\":\"ListItem\",\"position\":2,\"name\":\"Cookie-Richtlinie\"}]},{\"@type\":\"WebSite\",\"@id\":\"https:\\\/\\\/ultimatebuggiesandquadsdubai.com\\\/de\\\/#website\",\"url\":\"https:\\\/\\\/ultimatebuggiesandquadsdubai.com\\\/de\\\/\",\"name\":\"Ultimate Buggies and Quads Dubai\",\"description\":\"\",\"publisher\":{\"@id\":\"https:\\\/\\\/ultimatebuggiesandquadsdubai.com\\\/de\\\/#organization\"},\"potentialAction\":[{\"@type\":\"SearchAction\",\"target\":{\"@type\":\"EntryPoint\",\"urlTemplate\":\"https:\\\/\\\/ultimatebuggiesandquadsdubai.com\\\/de\\\/?s={search_term_string}\"},\"query-input\":{\"@type\":\"PropertyValueSpecification\",\"valueRequired\":true,\"valueName\":\"search_term_string\"}}],\"inLanguage\":\"de\"},{\"@type\":\"Organization\",\"@id\":\"https:\\\/\\\/ultimatebuggiesandquadsdubai.com\\\/de\\\/#organization\",\"name\":\"Ultimate Buggies and Quads Dubai\",\"url\":\"https:\\\/\\\/ultimatebuggiesandquadsdubai.com\\\/de\\\/\",\"logo\":{\"@type\":\"ImageObject\",\"inLanguage\":\"de\",\"@id\":\"https:\\\/\\\/ultimatebuggiesandquadsdubai.com\\\/de\\\/#\\\/schema\\\/logo\\\/image\\\/\",\"url\":\"https:\\\/\\\/ultimatebuggiesandquadsdubai.com\\\/wp-content\\\/uploads\\\/2025\\\/02\\\/logo-final-white-dubai.png\",\"contentUrl\":\"https:\\\/\\\/ultimatebuggiesandquadsdubai.com\\\/wp-content\\\/uploads\\\/2025\\\/02\\\/logo-final-white-dubai.png\",\"width\":745,\"height\":366,\"caption\":\"Ultimate Buggies and Quads Dubai\"},\"image\":{\"@id\":\"https:\\\/\\\/ultimatebuggiesandquadsdubai.com\\\/de\\\/#\\\/schema\\\/logo\\\/image\\\/\"}}]}<\/script>\n<!-- \/ Yoast SEO plugin. -->","yoast_head_json":{"title":"Cookie-Richtlinie - Ultimate Buggies and Quads Dubai","robots":{"index":"index","follow":"follow","max-snippet":"max-snippet:-1","max-image-preview":"max-image-preview:large","max-video-preview":"max-video-preview:-1"},"canonical":"https:\/\/ultimatebuggiesandquadsdubai.com\/de\/cookie-richtlinie\/","og_locale":"de_DE","og_type":"article","og_title":"Cookie-Richtlinie - Ultimate Buggies and Quads Dubai","og_description":"Cookie-Richtlinie \u201eAdministrator\u201c bezeichnet Global Digital Solutions. Die Website des Administrators verwendet Cookies, um dich von anderen Nutzern der Website zu unterscheiden. Dies hilft dabei, dir eine gute Erfahrung beim Durchsuchen der Website zu bieten, und erm\u00f6glicht zudem die Verbesserung der Website. Durch die weitere Nutzung der Website stimmst du der Verwendung von Cookies zu. Ein [&hellip;]","og_url":"https:\/\/ultimatebuggiesandquadsdubai.com\/de\/cookie-richtlinie\/","og_site_name":"Ultimate Buggies and Quads Dubai","article_modified_time":"2026-02-27T13:39:31+00:00","twitter_card":"summary_large_image","twitter_misc":{"Gesch\u00e4tzte Lesezeit":"2\u00a0Minuten"},"schema":{"@context":"https:\/\/schema.org","@graph":[{"@type":"WebPage","@id":"https:\/\/ultimatebuggiesandquadsdubai.com\/de\/cookie-richtlinie\/","url":"https:\/\/ultimatebuggiesandquadsdubai.com\/de\/cookie-richtlinie\/","name":"Cookie-Richtlinie - Ultimate Buggies and Quads Dubai","isPartOf":{"@id":"https:\/\/ultimatebuggiesandquadsdubai.com\/de\/#website"},"datePublished":"2025-04-25T11:30:27+00:00","dateModified":"2026-02-27T13:39:31+00:00","breadcrumb":{"@id":"https:\/\/ultimatebuggiesandquadsdubai.com\/de\/cookie-richtlinie\/#breadcrumb"},"inLanguage":"de","potentialAction":[{"@type":"ReadAction","target":["https:\/\/ultimatebuggiesandquadsdubai.com\/de\/cookie-richtlinie\/"]}]},{"@type":"BreadcrumbList","@id":"https:\/\/ultimatebuggiesandquadsdubai.com\/de\/cookie-richtlinie\/#breadcrumb","itemListElement":[{"@type":"ListItem","position":1,"name":"Home","item":"https:\/\/ultimatebuggiesandquadsdubai.com\/de\/"},{"@type":"ListItem","position":2,"name":"Cookie-Richtlinie"}]},{"@type":"WebSite","@id":"https:\/\/ultimatebuggiesandquadsdubai.com\/de\/#website","url":"https:\/\/ultimatebuggiesandquadsdubai.com\/de\/","name":"Ultimate Buggies and Quads Dubai","description":"","publisher":{"@id":"https:\/\/ultimatebuggiesandquadsdubai.com\/de\/#organization"},"potentialAction":[{"@type":"SearchAction","target":{"@type":"EntryPoint","urlTemplate":"https:\/\/ultimatebuggiesandquadsdubai.com\/de\/?s={search_term_string}"},"query-input":{"@type":"PropertyValueSpecification","valueRequired":true,"valueName":"search_term_string"}}],"inLanguage":"de"},{"@type":"Organization","@id":"https:\/\/ultimatebuggiesandquadsdubai.com\/de\/#organization","name":"Ultimate Buggies and Quads Dubai","url":"https:\/\/ultimatebuggiesandquadsdubai.com\/de\/","logo":{"@type":"ImageObject","inLanguage":"de","@id":"https:\/\/ultimatebuggiesandquadsdubai.com\/de\/#\/schema\/logo\/image\/","url":"https:\/\/ultimatebuggiesandquadsdubai.com\/wp-content\/uploads\/2025\/02\/logo-final-white-dubai.png","contentUrl":"https:\/\/ultimatebuggiesandquadsdubai.com\/wp-content\/uploads\/2025\/02\/logo-final-white-dubai.png","width":745,"height":366,"caption":"Ultimate Buggies and Quads Dubai"},"image":{"@id":"https:\/\/ultimatebuggiesandquadsdubai.com\/de\/#\/schema\/logo\/image\/"}}]}},"_links":{"self":[{"href":"https:\/\/ultimatebuggiesandquadsdubai.com\/de\/wp-json\/wp\/v2\/pages\/2191","targetHints":{"allow":["GET"]}}],"collection":[{"href":"https:\/\/ultimatebuggiesandquadsdubai.com\/de\/wp-json\/wp\/v2\/pages"}],"about":[{"href":"https:\/\/ultimatebuggiesandquadsdubai.com\/de\/wp-json\/wp\/v2\/types\/page"}],"author":[{"embeddable":true,"href":"https:\/\/ultimatebuggiesandquadsdubai.com\/de\/wp-json\/wp\/v2\/users\/2"}],"replies":[{"embeddable":true,"href":"https:\/\/ultimatebuggiesandquadsdubai.com\/de\/wp-json\/wp\/v2\/comments?post=2191"}],"version-history":[{"count":1,"href":"https:\/\/ultimatebuggiesandquadsdubai.com\/de\/wp-json\/wp\/v2\/pages\/2191\/revisions"}],"predecessor-version":[{"id":2192,"href":"https:\/\/ultimatebuggiesandquadsdubai.com\/de\/wp-json\/wp\/v2\/pages\/2191\/revisions\/2192"}],"wp:attachment":[{"href":"https:\/\/ultimatebuggiesandquadsdubai.com\/de\/wp-json\/wp\/v2\/media?parent=2191"}],"curies":[{"name":"wp","href":"https:\/\/api.w.org\/{rel}","templated":true}]}}