{"id":2103,"date":"2026-01-19T11:48:53","date_gmt":"2026-01-19T11:48:53","guid":{"rendered":"https:\/\/ultimatebuggiesandquadsdubai.com\/2-stuendige-can-am-buggy-tour-dubai\/"},"modified":"2026-02-27T12:54:26","modified_gmt":"2026-02-27T12:54:26","slug":"2-stuendige-can-am-buggy-tour-dubai","status":"publish","type":"page","link":"https:\/\/ultimatebuggiesandquadsdubai.com\/de\/2-stuendige-can-am-buggy-tour-dubai\/","title":{"rendered":"2-st\u00fcndige Can-Am Buggy-Tour Dubai"},"content":{"rendered":"\t\t<div data-elementor-type=\"wp-page\" data-elementor-id=\"2103\" class=\"elementor elementor-2103 elementor-692\" data-elementor-post-type=\"page\">\n\t\t\t\t\t\t<section class=\"elementor-section elementor-top-section elementor-element elementor-element-6490b89c elementor-section-height-min-height elementor-section-boxed elementor-section-height-default elementor-section-items-middle\" data-id=\"6490b89c\" data-element_type=\"section\" data-e-type=\"section\" data-settings=\"{&quot;background_background&quot;:&quot;classic&quot;}\">\n\t\t\t\t\t\t\t<div class=\"elementor-background-overlay\"><\/div>\n\t\t\t\t\t\t\t<div class=\"elementor-container elementor-column-gap-no\">\n\t\t\t\t\t<div class=\"elementor-column elementor-col-100 elementor-top-column elementor-element elementor-element-1f39d2de\" data-id=\"1f39d2de\" data-element_type=\"column\" data-e-type=\"column\">\n\t\t\t<div class=\"elementor-widget-wrap elementor-element-populated\">\n\t\t\t\t\t\t<div class=\"elementor-element elementor-element-3babf96 elementor-invisible elementor-widget elementor-widget-heading\" data-id=\"3babf96\" data-element_type=\"widget\" data-e-type=\"widget\" data-settings=\"{&quot;_animation&quot;:&quot;slideInDown&quot;}\" data-widget_type=\"heading.default\">\n\t\t\t\t<div class=\"elementor-widget-container\">\n\t\t\t\t\t<h1 class=\"elementor-heading-title elementor-size-xl\">2-st\u00fcndige Can-Am 2-Sitzer-Buggy-Tour \u2013 Erweitertes W\u00fcstenabenteuer in Dubai<\/h1>\t\t\t\t<\/div>\n\t\t\t\t<\/div>\n\t\t\t\t\t<\/div>\n\t\t<\/div>\n\t\t\t\t\t<\/div>\n\t\t<\/section>\n\t\t\t\t<section class=\"elementor-section elementor-top-section elementor-element elementor-element-7369009 elementor-section-boxed elementor-section-height-default elementor-section-height-default\" data-id=\"7369009\" data-element_type=\"section\" data-e-type=\"section\">\n\t\t\t\t\t\t<div class=\"elementor-container elementor-column-gap-no\">\n\t\t\t\t\t<div class=\"elementor-column elementor-col-50 elementor-top-column elementor-element elementor-element-c16e253\" data-id=\"c16e253\" data-element_type=\"column\" data-e-type=\"column\">\n\t\t\t<div class=\"elementor-widget-wrap elementor-element-populated\">\n\t\t\t\t\t\t<div class=\"elementor-element elementor-element-887ebcb elementor-widget elementor-widget-text-editor\" data-id=\"887ebcb\" data-element_type=\"widget\" data-e-type=\"widget\" data-widget_type=\"text-editor.default\">\n\t\t\t\t<div class=\"elementor-widget-container\">\n\t\t\t\t\t\t\t\t\t<p data-start=\"883\" data-end=\"1116\">Erweitere dein W\u00fcstenabenteuer mit unserer <a href=\"https:\/\/ultimatebuggiesandquadsdubai.com\/de\/dune-buggy-dubai\/\"><strong data-start=\"921\" data-end=\"958\">2-st\u00fcndigen Can-Am 2-Sitzer-Buggy-Tour<\/strong><\/a> \u2014 doppelter Spa\u00df, doppelt so viele D\u00fcnen und doppelt so viele Erinnerungen. Fahre einen <a href=\"https:\/\/ultimatebuggiesandquadsdubai.com\/de\/buggy-quad-safari-dubai\/\">leistungsstarken Can-Am Buggy<\/a> durch <a href=\"https:\/\/ultimatebuggiesandquadsdubai.com\/de\/quadfahren-in-dubai\/\">Dubais ikonische rote D\u00fcnen<\/a>, w\u00e4hrend erfahrene Guides den Weg weisen. <\/p><p data-start=\"1118\" data-end=\"1214\">Perfekt f\u00fcr Paare, Freunde oder Abenteurer, die mehr Zeit in der W\u00fcste und gr\u00f6\u00dferen Nervenkitzel suchen.<\/p>\t\t\t\t\t\t\t\t<\/div>\n\t\t\t\t<\/div>\n\t\t\t\t<div class=\"elementor-element elementor-element-2a048f2 elementor-widget elementor-widget-shortcode\" data-id=\"2a048f2\" data-element_type=\"widget\" data-e-type=\"widget\" data-widget_type=\"shortcode.default\">\n\t\t\t\t<div class=\"elementor-widget-container\">\n\t\t\t\t\t\t\t<div class=\"elementor-shortcode\">\n          <div class=\"turitop_bswp_button_box_wrap\">\n\n                  <div class=\"load-turitop loading-turitop turitop_booking_system_box_button\"  data-service=\"P34\"  data-embed=\"box\" data-buttoncolor=\"green\" ><\/div>\n\n          <\/div>\n\n          <\/div>\n\t\t\t\t\t\t<\/div>\n\t\t\t\t<\/div>\n\t\t\t\t\t<\/div>\n\t\t<\/div>\n\t\t\t\t<div class=\"elementor-column elementor-col-50 elementor-top-column elementor-element elementor-element-f9136e9\" data-id=\"f9136e9\" data-element_type=\"column\" data-e-type=\"column\">\n\t\t\t<div class=\"elementor-widget-wrap elementor-element-populated\">\n\t\t\t\t\t\t<div class=\"elementor-element elementor-element-1f53bd7 elementor-arrows-position-inside elementor-widget elementor-widget-image-carousel\" data-id=\"1f53bd7\" data-element_type=\"widget\" data-e-type=\"widget\" data-settings=\"{&quot;slides_to_show&quot;:&quot;1&quot;,&quot;navigation&quot;:&quot;arrows&quot;,&quot;autoplay&quot;:&quot;yes&quot;,&quot;pause_on_hover&quot;:&quot;yes&quot;,&quot;pause_on_interaction&quot;:&quot;yes&quot;,&quot;autoplay_speed&quot;:5000,&quot;infinite&quot;:&quot;yes&quot;,&quot;effect&quot;:&quot;slide&quot;,&quot;speed&quot;:500}\" data-widget_type=\"image-carousel.default\">\n\t\t\t\t<div class=\"elementor-widget-container\">\n\t\t\t\t\t\t\t<div class=\"elementor-image-carousel-wrapper swiper\" role=\"region\" aria-roledescription=\"carousel\" aria-label=\"Image Carousel\" dir=\"ltr\">\n\t\t\t<div class=\"elementor-image-carousel swiper-wrapper\" aria-live=\"off\">\n\t\t\t\t\t\t\t\t<div class=\"swiper-slide\" role=\"group\" aria-roledescription=\"slide\" aria-label=\"1 von 3\"><figure class=\"swiper-slide-inner\"><img decoding=\"async\" class=\"swiper-slide-image\" src=\"https:\/\/ultimatebuggiesandquadsdubai.com\/wp-content\/uploads\/2025\/04\/DSC02537-opt-1024x682.jpg\" alt=\"Dune Buggy Fahrer navigiert durch Dubais rote Sandd\u00fcnen\" \/><\/figure><\/div><div class=\"swiper-slide\" role=\"group\" aria-roledescription=\"slide\" aria-label=\"2 von 3\"><figure class=\"swiper-slide-inner\"><img decoding=\"async\" class=\"swiper-slide-image\" src=\"https:\/\/ultimatebuggiesandquadsdubai.com\/wp-content\/uploads\/2025\/04\/DSC02538-opt-1024x682.jpg\" alt=\"Can-Am RS Buggy beschleunigt \u00fcber rote D\u00fcnen in der W\u00fcste Dubais\" \/><\/figure><\/div><div class=\"swiper-slide\" role=\"group\" aria-roledescription=\"slide\" aria-label=\"3 von 3\"><figure class=\"swiper-slide-inner\"><img decoding=\"async\" class=\"swiper-slide-image\" src=\"https:\/\/ultimatebuggiesandquadsdubai.com\/wp-content\/uploads\/2025\/04\/DSC02539-opt-1024x682.jpg\" alt=\"Gef\u00fchrte W\u00fcstensafari-Fahrt durch die Lahbab-D\u00fcnen\" \/><\/figure><\/div>\t\t\t<\/div>\n\t\t\t\t\t\t\t\t\t\t\t\t<div class=\"elementor-swiper-button elementor-swiper-button-prev\" role=\"button\" tabindex=\"0\">\n\t\t\t\t\t\t<svg aria-hidden=\"true\" class=\"e-font-icon-svg e-eicon-chevron-left\" viewBox=\"0 0 1000 1000\" xmlns=\"http:\/\/www.w3.org\/2000\/svg\"><path d=\"M646 125C629 125 613 133 604 142L308 442C296 454 292 471 292 487 292 504 296 521 308 533L604 854C617 867 629 875 646 875 663 875 679 871 692 858 704 846 713 829 713 812 713 796 708 779 692 767L438 487 692 225C700 217 708 204 708 187 708 171 704 154 692 142 675 129 663 125 646 125Z\"><\/path><\/svg>\t\t\t\t\t<\/div>\n\t\t\t\t\t<div class=\"elementor-swiper-button elementor-swiper-button-next\" role=\"button\" tabindex=\"0\">\n\t\t\t\t\t\t<svg aria-hidden=\"true\" class=\"e-font-icon-svg e-eicon-chevron-right\" viewBox=\"0 0 1000 1000\" xmlns=\"http:\/\/www.w3.org\/2000\/svg\"><path d=\"M696 533C708 521 713 504 713 487 713 471 708 454 696 446L400 146C388 133 375 125 354 125 338 125 325 129 313 142 300 154 292 171 292 187 292 204 296 221 308 233L563 492 304 771C292 783 288 800 288 817 288 833 296 850 308 863 321 871 338 875 354 875 371 875 388 867 400 854L696 533Z\"><\/path><\/svg>\t\t\t\t\t<\/div>\n\t\t\t\t\n\t\t\t\t\t\t\t\t\t<\/div>\n\t\t\t\t\t\t<\/div>\n\t\t\t\t<\/div>\n\t\t\t\t<div class=\"elementor-element elementor-element-7b5045c elementor-widget elementor-widget-heading\" data-id=\"7b5045c\" data-element_type=\"widget\" data-e-type=\"widget\" data-widget_type=\"heading.default\">\n\t\t\t\t<div class=\"elementor-widget-container\">\n\t\t\t\t\t<h2 class=\"elementor-heading-title elementor-size-xl\">\u00dcber den Can-Am 2-Sitzer-Buggy<\/h2>\t\t\t\t<\/div>\n\t\t\t\t<\/div>\n\t\t\t\t<div class=\"elementor-element elementor-element-496a31a elementor-widget elementor-widget-text-editor\" data-id=\"496a31a\" data-element_type=\"widget\" data-e-type=\"widget\" data-widget_type=\"text-editor.default\">\n\t\t\t\t<div class=\"elementor-widget-container\">\n\t\t\t\t\t\t\t\t\t<p data-start=\"1261\" data-end=\"1466\">Unsere Can-Am X3 2-Sitzer-Buggys bieten <strong data-start=\"1300\" data-end=\"1348\">starke Leistung und pr\u00e4zises Handling<\/strong> im W\u00fcstengel\u00e4nde. Gebaut f\u00fcr Geschwindigkeit und Stabilit\u00e4t, machen diese Buggys jede D\u00fcnenauffahrt und -abfahrt unvergesslich. <\/p><p data-start=\"1468\" data-end=\"1667\">Diese verl\u00e4ngerte Fahrt gibt dir mehr Zeit, weitl\u00e4ufige Routen und <a href=\"\/\">malerische W\u00fcstenlandschaften<\/a> zu erkunden.<\/p>\t\t\t\t\t\t\t\t<\/div>\n\t\t\t\t<\/div>\n\t\t\t\t<div class=\"elementor-element elementor-element-3477e04 elementor-widget elementor-widget-heading\" data-id=\"3477e04\" data-element_type=\"widget\" data-e-type=\"widget\" data-widget_type=\"heading.default\">\n\t\t\t\t<div class=\"elementor-widget-container\">\n\t\t\t\t\t<h2 class=\"elementor-heading-title elementor-size-xl\">Bereit f\u00fcr eine ausgedehnte W\u00fcstenfahrt?<\/h2>\t\t\t\t<\/div>\n\t\t\t\t<\/div>\n\t\t\t\t<div class=\"elementor-element elementor-element-75deeaf elementor-widget elementor-widget-text-editor\" data-id=\"75deeaf\" data-element_type=\"widget\" data-e-type=\"widget\" data-widget_type=\"text-editor.default\">\n\t\t\t\t<div class=\"elementor-widget-container\">\n\t\t\t\t\t\t\t\t\t<p><a href=\"https:\/\/ultimatebuggiesandquadsdubai.com\/de\/buche-dune-buggy-quad-touren-dubai\/\"><strong>Buche noch heute deine 2-st\u00fcndige Can-Am Buggy-Tour<\/strong><\/a><\/p>\t\t\t\t\t\t\t\t<\/div>\n\t\t\t\t<\/div>\n\t\t\t\t\t<\/div>\n\t\t<\/div>\n\t\t\t\t\t<\/div>\n\t\t<\/section>\n\t\t<div class=\"elementor-element elementor-element-2efb331 e-flex e-con-boxed e-con e-parent\" data-id=\"2efb331\" data-element_type=\"container\" data-e-type=\"container\">\n\t\t\t\t\t<div class=\"e-con-inner\">\n\t\t<div class=\"elementor-element elementor-element-bf5f590 e-con-full e-flex e-con e-child\" data-id=\"bf5f590\" data-element_type=\"container\" data-e-type=\"container\">\n\t\t\t\t<div class=\"elementor-element elementor-element-0195640 elementor-widget elementor-widget-heading\" data-id=\"0195640\" data-element_type=\"widget\" data-e-type=\"widget\" data-widget_type=\"heading.default\">\n\t\t\t\t<div class=\"elementor-widget-container\">\n\t\t\t\t\t<h2 class=\"elementor-heading-title elementor-size-default\">Was dich erwartet<\/h2>\t\t\t\t<\/div>\n\t\t\t\t<\/div>\n\t\t\t\t<div class=\"elementor-element elementor-element-bf218d3 elementor-widget elementor-widget-text-editor\" data-id=\"bf218d3\" data-element_type=\"widget\" data-e-type=\"widget\" data-widget_type=\"text-editor.default\">\n\t\t\t\t<div class=\"elementor-widget-container\">\n\t\t\t\t\t\t\t\t\t<ul><li>Umfassende Sicherheitseinweisung und Ausr\u00fcstung<\/li><li>Professionelle W\u00fcsten-Guides w\u00e4hrend der gesamten Tour<\/li><li>2 Stunden gef\u00fchrte W\u00fcstenfahrt<\/li><li>Abwechslungsreiche Routen \u00fcber rote D\u00fcnen und offenen Sand<\/li><li>Malerische Fotostopps und Panoramablicke<\/li><li>Kostenlose Abholung vom Hotel &amp; R\u00fcckbringung<\/li><\/ul><p>Dieses erweiterte Abenteuer verbindet Nervenkitzel und landschaftliche Erkundung f\u00fcr ein unvergessliches W\u00fcstenerlebnis.<\/p>\t\t\t\t\t\t\t\t<\/div>\n\t\t\t\t<\/div>\n\t\t\t\t<\/div>\n\t\t<div class=\"elementor-element elementor-element-bc6fc1a e-con-full e-flex e-con e-child\" data-id=\"bc6fc1a\" data-element_type=\"container\" data-e-type=\"container\">\n\t\t\t\t<div class=\"elementor-element elementor-element-69803f5 elementor-widget elementor-widget-heading\" data-id=\"69803f5\" data-element_type=\"widget\" data-e-type=\"widget\" data-widget_type=\"heading.default\">\n\t\t\t\t<div class=\"elementor-widget-container\">\n\t\t\t\t\t<h2 class=\"elementor-heading-title elementor-size-default\">F\u00fcr wen diese Tour geeignet ist<\/h2>\t\t\t\t<\/div>\n\t\t\t\t<\/div>\n\t\t\t\t<div class=\"elementor-element elementor-element-fb71ea4 elementor-widget elementor-widget-text-editor\" data-id=\"fb71ea4\" data-element_type=\"widget\" data-e-type=\"widget\" data-widget_type=\"text-editor.default\">\n\t\t\t\t<div class=\"elementor-widget-container\">\n\t\t\t\t\t\t\t\t\t<p>Ideal f\u00fcr:<\/p><ul><li>Alle, die ein l\u00e4ngeres W\u00fcstenabenteuer suchen<\/li><li>Paare &amp; Freunde<\/li><li>Anf\u00e4nger und erfahrene Fahrer<\/li><li>Besucher, die ein intensiveres Erlebnis suchen<\/li><\/ul><p>Keine Vorkenntnisse erforderlich \u2014 <a href=\"https:\/\/ultimatebuggiesandquadsdubai.com\/de\/faq\/\">wir f\u00fchren dich Schritt f\u00fcr Schritt ein<\/a>.<\/p>\t\t\t\t\t\t\t\t<\/div>\n\t\t\t\t<\/div>\n\t\t\t\t<\/div>\n\t\t<div class=\"elementor-element elementor-element-def39ad e-con-full e-flex e-con e-child\" data-id=\"def39ad\" data-element_type=\"container\" data-e-type=\"container\">\n\t\t\t\t<div class=\"elementor-element elementor-element-0149099 elementor-widget elementor-widget-heading\" data-id=\"0149099\" data-element_type=\"widget\" data-e-type=\"widget\" data-widget_type=\"heading.default\">\n\t\t\t\t<div class=\"elementor-widget-container\">\n\t\t\t\t\t<h2 class=\"elementor-heading-title elementor-size-default\">Bequemlichkeit &amp; Komfort<\/h2>\t\t\t\t<\/div>\n\t\t\t\t<\/div>\n\t\t\t\t<div class=\"elementor-element elementor-element-ac14dd6 elementor-widget elementor-widget-text-editor\" data-id=\"ac14dd6\" data-element_type=\"widget\" data-e-type=\"widget\" data-widget_type=\"text-editor.default\">\n\t\t\t\t<div class=\"elementor-widget-container\">\n\t\t\t\t\t\t\t\t\t<p data-start=\"2343\" data-end=\"2547\">Alles, was du brauchst, ist inklusive:<\/p><ul><li>Abhol- &amp; R\u00fcckbringservice von deinem Hotel in Dubai<\/li><li>Sicherheitseinweisung und Helme<\/li><li>Professionelle W\u00fcstenguides<\/li><li>Flexible Startzeiten (Vormittag\/Nachmittag)<\/li><li>Bestens gewarteter Can-Am Buggy<\/li><\/ul><p data-start=\"2549\" data-end=\"2614\">Wir konzentrieren uns auf <strong data-start=\"2590\" data-end=\"2625\">Komfort, Sicherheit und Spannung<\/strong>, damit du <a href=\"\/\">jeden Moment genie\u00dfen<\/a> kannst.<\/p>\t\t\t\t\t\t\t\t<\/div>\n\t\t\t\t<\/div>\n\t\t\t\t<\/div>\n\t\t\t\t\t<\/div>\n\t\t\t\t<\/div>\n\t\t\t\t<\/div>\n\t\t","protected":false},"excerpt":{"rendered":"<p>2-st\u00fcndige Can-Am 2-Sitzer-Buggy-Tour \u2013 Erweitertes W\u00fcstenabenteuer in Dubai Erweitere dein W\u00fcstenabenteuer mit unserer 2-st\u00fcndigen Can-Am 2-Sitzer-Buggy-Tour \u2014 doppelter Spa\u00df, doppelt so viele D\u00fcnen und doppelt so viele Erinnerungen. Fahre einen leistungsstarken Can-Am Buggy durch Dubais ikonische rote D\u00fcnen, w\u00e4hrend erfahrene Guides den Weg weisen. Perfekt f\u00fcr Paare, Freunde oder Abenteurer, die mehr Zeit in der [&hellip;]<\/p>\n","protected":false},"author":2,"featured_media":0,"parent":0,"menu_order":0,"comment_status":"closed","ping_status":"closed","template":"","meta":{"footnotes":""},"class_list":["post-2103","page","type-page","status-publish","hentry"],"yoast_head":"<!-- This site is optimized with the Yoast SEO plugin v27.4 - https:\/\/yoast.com\/product\/yoast-seo-wordpress\/ -->\n<title>2-st\u00fcndige Can-Am Buggy-Tour Dubai | Erweitertes W\u00fcstenabenteuer<\/title>\n<meta name=\"description\" content=\"Genie\u00dfe eine 2-st\u00fcndige Tour im Can-Am 2-Sitzer-Buggy durch Dubais rote D\u00fcnen. Erweitertes gef\u00fchrtes W\u00fcstenabenteuer mit Abholung, Sicherheitsausr\u00fcstung &amp; Experten-Guides. Jetzt buchen.\" \/>\n<meta name=\"robots\" content=\"index, follow, max-snippet:-1, max-image-preview:large, max-video-preview:-1\" \/>\n<link rel=\"canonical\" href=\"https:\/\/ultimatebuggiesandquadsdubai.com\/de\/2-stuendige-can-am-buggy-tour-dubai\/\" \/>\n<meta property=\"og:locale\" content=\"de_DE\" \/>\n<meta property=\"og:type\" content=\"article\" \/>\n<meta property=\"og:title\" content=\"2-st\u00fcndige Can-Am Buggy-Tour Dubai | Erweitertes W\u00fcstenabenteuer\" \/>\n<meta property=\"og:description\" content=\"Genie\u00dfe eine 2-st\u00fcndige Tour im Can-Am 2-Sitzer-Buggy durch Dubais rote D\u00fcnen. Erweitertes gef\u00fchrtes W\u00fcstenabenteuer mit Abholung, Sicherheitsausr\u00fcstung &amp; Experten-Guides. Jetzt buchen.\" \/>\n<meta property=\"og:url\" content=\"https:\/\/ultimatebuggiesandquadsdubai.com\/de\/2-stuendige-can-am-buggy-tour-dubai\/\" \/>\n<meta property=\"og:site_name\" content=\"Ultimate Buggies and Quads Dubai\" \/>\n<meta property=\"article:modified_time\" content=\"2026-02-27T12:54:26+00:00\" \/>\n<meta property=\"og:image\" content=\"https:\/\/ultimatebuggiesandquadsdubai.com\/wp-content\/uploads\/2025\/04\/DSC02537-opt-1024x682.jpg\" \/>\n<meta name=\"twitter:card\" content=\"summary_large_image\" \/>\n<meta name=\"twitter:label1\" content=\"Gesch\u00e4tzte Lesezeit\" \/>\n\t<meta name=\"twitter:data1\" content=\"1\u00a0Minute\" \/>\n<script type=\"application\/ld+json\" class=\"yoast-schema-graph\">{\"@context\":\"https:\\\/\\\/schema.org\",\"@graph\":[{\"@type\":\"WebPage\",\"@id\":\"https:\\\/\\\/ultimatebuggiesandquadsdubai.com\\\/de\\\/2-stuendige-can-am-buggy-tour-dubai\\\/\",\"url\":\"https:\\\/\\\/ultimatebuggiesandquadsdubai.com\\\/de\\\/2-stuendige-can-am-buggy-tour-dubai\\\/\",\"name\":\"2-st\u00fcndige Can-Am Buggy-Tour Dubai | Erweitertes W\u00fcstenabenteuer\",\"isPartOf\":{\"@id\":\"https:\\\/\\\/ultimatebuggiesandquadsdubai.com\\\/de\\\/#website\"},\"primaryImageOfPage\":{\"@id\":\"https:\\\/\\\/ultimatebuggiesandquadsdubai.com\\\/de\\\/2-stuendige-can-am-buggy-tour-dubai\\\/#primaryimage\"},\"image\":{\"@id\":\"https:\\\/\\\/ultimatebuggiesandquadsdubai.com\\\/de\\\/2-stuendige-can-am-buggy-tour-dubai\\\/#primaryimage\"},\"thumbnailUrl\":\"https:\\\/\\\/ultimatebuggiesandquadsdubai.com\\\/wp-content\\\/uploads\\\/2025\\\/04\\\/DSC02537-opt-1024x682.jpg\",\"datePublished\":\"2026-01-19T11:48:53+00:00\",\"dateModified\":\"2026-02-27T12:54:26+00:00\",\"description\":\"Genie\u00dfe eine 2-st\u00fcndige Tour im Can-Am 2-Sitzer-Buggy durch Dubais rote D\u00fcnen. Erweitertes gef\u00fchrtes W\u00fcstenabenteuer mit Abholung, Sicherheitsausr\u00fcstung & Experten-Guides. Jetzt buchen.\",\"breadcrumb\":{\"@id\":\"https:\\\/\\\/ultimatebuggiesandquadsdubai.com\\\/de\\\/2-stuendige-can-am-buggy-tour-dubai\\\/#breadcrumb\"},\"inLanguage\":\"de\",\"potentialAction\":[{\"@type\":\"ReadAction\",\"target\":[\"https:\\\/\\\/ultimatebuggiesandquadsdubai.com\\\/de\\\/2-stuendige-can-am-buggy-tour-dubai\\\/\"]}]},{\"@type\":\"ImageObject\",\"inLanguage\":\"de\",\"@id\":\"https:\\\/\\\/ultimatebuggiesandquadsdubai.com\\\/de\\\/2-stuendige-can-am-buggy-tour-dubai\\\/#primaryimage\",\"url\":\"https:\\\/\\\/ultimatebuggiesandquadsdubai.com\\\/wp-content\\\/uploads\\\/2025\\\/04\\\/DSC02537-opt-1024x682.jpg\",\"contentUrl\":\"https:\\\/\\\/ultimatebuggiesandquadsdubai.com\\\/wp-content\\\/uploads\\\/2025\\\/04\\\/DSC02537-opt-1024x682.jpg\"},{\"@type\":\"BreadcrumbList\",\"@id\":\"https:\\\/\\\/ultimatebuggiesandquadsdubai.com\\\/de\\\/2-stuendige-can-am-buggy-tour-dubai\\\/#breadcrumb\",\"itemListElement\":[{\"@type\":\"ListItem\",\"position\":1,\"name\":\"Home\",\"item\":\"https:\\\/\\\/ultimatebuggiesandquadsdubai.com\\\/de\\\/\"},{\"@type\":\"ListItem\",\"position\":2,\"name\":\"2-st\u00fcndige Can-Am Buggy-Tour Dubai\"}]},{\"@type\":\"WebSite\",\"@id\":\"https:\\\/\\\/ultimatebuggiesandquadsdubai.com\\\/de\\\/#website\",\"url\":\"https:\\\/\\\/ultimatebuggiesandquadsdubai.com\\\/de\\\/\",\"name\":\"Ultimate Buggies and Quads Dubai\",\"description\":\"\",\"publisher\":{\"@id\":\"https:\\\/\\\/ultimatebuggiesandquadsdubai.com\\\/de\\\/#organization\"},\"potentialAction\":[{\"@type\":\"SearchAction\",\"target\":{\"@type\":\"EntryPoint\",\"urlTemplate\":\"https:\\\/\\\/ultimatebuggiesandquadsdubai.com\\\/de\\\/?s={search_term_string}\"},\"query-input\":{\"@type\":\"PropertyValueSpecification\",\"valueRequired\":true,\"valueName\":\"search_term_string\"}}],\"inLanguage\":\"de\"},{\"@type\":\"Organization\",\"@id\":\"https:\\\/\\\/ultimatebuggiesandquadsdubai.com\\\/de\\\/#organization\",\"name\":\"Ultimate Buggies and Quads Dubai\",\"url\":\"https:\\\/\\\/ultimatebuggiesandquadsdubai.com\\\/de\\\/\",\"logo\":{\"@type\":\"ImageObject\",\"inLanguage\":\"de\",\"@id\":\"https:\\\/\\\/ultimatebuggiesandquadsdubai.com\\\/de\\\/#\\\/schema\\\/logo\\\/image\\\/\",\"url\":\"https:\\\/\\\/ultimatebuggiesandquadsdubai.com\\\/wp-content\\\/uploads\\\/2025\\\/02\\\/logo-final-white-dubai.png\",\"contentUrl\":\"https:\\\/\\\/ultimatebuggiesandquadsdubai.com\\\/wp-content\\\/uploads\\\/2025\\\/02\\\/logo-final-white-dubai.png\",\"width\":745,\"height\":366,\"caption\":\"Ultimate Buggies and Quads Dubai\"},\"image\":{\"@id\":\"https:\\\/\\\/ultimatebuggiesandquadsdubai.com\\\/de\\\/#\\\/schema\\\/logo\\\/image\\\/\"}}]}<\/script>\n<!-- \/ Yoast SEO plugin. -->","yoast_head_json":{"title":"2-st\u00fcndige Can-Am Buggy-Tour Dubai | Erweitertes W\u00fcstenabenteuer","description":"Genie\u00dfe eine 2-st\u00fcndige Tour im Can-Am 2-Sitzer-Buggy durch Dubais rote D\u00fcnen. Erweitertes gef\u00fchrtes W\u00fcstenabenteuer mit Abholung, Sicherheitsausr\u00fcstung & Experten-Guides. Jetzt buchen.","robots":{"index":"index","follow":"follow","max-snippet":"max-snippet:-1","max-image-preview":"max-image-preview:large","max-video-preview":"max-video-preview:-1"},"canonical":"https:\/\/ultimatebuggiesandquadsdubai.com\/de\/2-stuendige-can-am-buggy-tour-dubai\/","og_locale":"de_DE","og_type":"article","og_title":"2-st\u00fcndige Can-Am Buggy-Tour Dubai | Erweitertes W\u00fcstenabenteuer","og_description":"Genie\u00dfe eine 2-st\u00fcndige Tour im Can-Am 2-Sitzer-Buggy durch Dubais rote D\u00fcnen. Erweitertes gef\u00fchrtes W\u00fcstenabenteuer mit Abholung, Sicherheitsausr\u00fcstung & Experten-Guides. Jetzt buchen.","og_url":"https:\/\/ultimatebuggiesandquadsdubai.com\/de\/2-stuendige-can-am-buggy-tour-dubai\/","og_site_name":"Ultimate Buggies and Quads Dubai","article_modified_time":"2026-02-27T12:54:26+00:00","og_image":[{"url":"https:\/\/ultimatebuggiesandquadsdubai.com\/wp-content\/uploads\/2025\/04\/DSC02537-opt-1024x682.jpg","type":"","width":"","height":""}],"twitter_card":"summary_large_image","twitter_misc":{"Gesch\u00e4tzte Lesezeit":"1\u00a0Minute"},"schema":{"@context":"https:\/\/schema.org","@graph":[{"@type":"WebPage","@id":"https:\/\/ultimatebuggiesandquadsdubai.com\/de\/2-stuendige-can-am-buggy-tour-dubai\/","url":"https:\/\/ultimatebuggiesandquadsdubai.com\/de\/2-stuendige-can-am-buggy-tour-dubai\/","name":"2-st\u00fcndige Can-Am Buggy-Tour Dubai | Erweitertes W\u00fcstenabenteuer","isPartOf":{"@id":"https:\/\/ultimatebuggiesandquadsdubai.com\/de\/#website"},"primaryImageOfPage":{"@id":"https:\/\/ultimatebuggiesandquadsdubai.com\/de\/2-stuendige-can-am-buggy-tour-dubai\/#primaryimage"},"image":{"@id":"https:\/\/ultimatebuggiesandquadsdubai.com\/de\/2-stuendige-can-am-buggy-tour-dubai\/#primaryimage"},"thumbnailUrl":"https:\/\/ultimatebuggiesandquadsdubai.com\/wp-content\/uploads\/2025\/04\/DSC02537-opt-1024x682.jpg","datePublished":"2026-01-19T11:48:53+00:00","dateModified":"2026-02-27T12:54:26+00:00","description":"Genie\u00dfe eine 2-st\u00fcndige Tour im Can-Am 2-Sitzer-Buggy durch Dubais rote D\u00fcnen. Erweitertes gef\u00fchrtes W\u00fcstenabenteuer mit Abholung, Sicherheitsausr\u00fcstung & Experten-Guides. Jetzt buchen.","breadcrumb":{"@id":"https:\/\/ultimatebuggiesandquadsdubai.com\/de\/2-stuendige-can-am-buggy-tour-dubai\/#breadcrumb"},"inLanguage":"de","potentialAction":[{"@type":"ReadAction","target":["https:\/\/ultimatebuggiesandquadsdubai.com\/de\/2-stuendige-can-am-buggy-tour-dubai\/"]}]},{"@type":"ImageObject","inLanguage":"de","@id":"https:\/\/ultimatebuggiesandquadsdubai.com\/de\/2-stuendige-can-am-buggy-tour-dubai\/#primaryimage","url":"https:\/\/ultimatebuggiesandquadsdubai.com\/wp-content\/uploads\/2025\/04\/DSC02537-opt-1024x682.jpg","contentUrl":"https:\/\/ultimatebuggiesandquadsdubai.com\/wp-content\/uploads\/2025\/04\/DSC02537-opt-1024x682.jpg"},{"@type":"BreadcrumbList","@id":"https:\/\/ultimatebuggiesandquadsdubai.com\/de\/2-stuendige-can-am-buggy-tour-dubai\/#breadcrumb","itemListElement":[{"@type":"ListItem","position":1,"name":"Home","item":"https:\/\/ultimatebuggiesandquadsdubai.com\/de\/"},{"@type":"ListItem","position":2,"name":"2-st\u00fcndige Can-Am Buggy-Tour Dubai"}]},{"@type":"WebSite","@id":"https:\/\/ultimatebuggiesandquadsdubai.com\/de\/#website","url":"https:\/\/ultimatebuggiesandquadsdubai.com\/de\/","name":"Ultimate Buggies and Quads Dubai","description":"","publisher":{"@id":"https:\/\/ultimatebuggiesandquadsdubai.com\/de\/#organization"},"potentialAction":[{"@type":"SearchAction","target":{"@type":"EntryPoint","urlTemplate":"https:\/\/ultimatebuggiesandquadsdubai.com\/de\/?s={search_term_string}"},"query-input":{"@type":"PropertyValueSpecification","valueRequired":true,"valueName":"search_term_string"}}],"inLanguage":"de"},{"@type":"Organization","@id":"https:\/\/ultimatebuggiesandquadsdubai.com\/de\/#organization","name":"Ultimate Buggies and Quads Dubai","url":"https:\/\/ultimatebuggiesandquadsdubai.com\/de\/","logo":{"@type":"ImageObject","inLanguage":"de","@id":"https:\/\/ultimatebuggiesandquadsdubai.com\/de\/#\/schema\/logo\/image\/","url":"https:\/\/ultimatebuggiesandquadsdubai.com\/wp-content\/uploads\/2025\/02\/logo-final-white-dubai.png","contentUrl":"https:\/\/ultimatebuggiesandquadsdubai.com\/wp-content\/uploads\/2025\/02\/logo-final-white-dubai.png","width":745,"height":366,"caption":"Ultimate Buggies and Quads Dubai"},"image":{"@id":"https:\/\/ultimatebuggiesandquadsdubai.com\/de\/#\/schema\/logo\/image\/"}}]}},"_links":{"self":[{"href":"https:\/\/ultimatebuggiesandquadsdubai.com\/de\/wp-json\/wp\/v2\/pages\/2103","targetHints":{"allow":["GET"]}}],"collection":[{"href":"https:\/\/ultimatebuggiesandquadsdubai.com\/de\/wp-json\/wp\/v2\/pages"}],"about":[{"href":"https:\/\/ultimatebuggiesandquadsdubai.com\/de\/wp-json\/wp\/v2\/types\/page"}],"author":[{"embeddable":true,"href":"https:\/\/ultimatebuggiesandquadsdubai.com\/de\/wp-json\/wp\/v2\/users\/2"}],"replies":[{"embeddable":true,"href":"https:\/\/ultimatebuggiesandquadsdubai.com\/de\/wp-json\/wp\/v2\/comments?post=2103"}],"version-history":[{"count":1,"href":"https:\/\/ultimatebuggiesandquadsdubai.com\/de\/wp-json\/wp\/v2\/pages\/2103\/revisions"}],"predecessor-version":[{"id":2104,"href":"https:\/\/ultimatebuggiesandquadsdubai.com\/de\/wp-json\/wp\/v2\/pages\/2103\/revisions\/2104"}],"wp:attachment":[{"href":"https:\/\/ultimatebuggiesandquadsdubai.com\/de\/wp-json\/wp\/v2\/media?parent=2103"}],"curies":[{"name":"wp","href":"https:\/\/api.w.org\/{rel}","templated":true}]}}