{"id":2043,"date":"2025-04-15T09:21:26","date_gmt":"2025-04-15T09:21:26","guid":{"rendered":"https:\/\/ultimatebuggiesandquadsdubai.com\/ueber-uns\/"},"modified":"2026-02-27T12:49:51","modified_gmt":"2026-02-27T12:49:51","slug":"ueber-uns","status":"publish","type":"page","link":"https:\/\/ultimatebuggiesandquadsdubai.com\/de\/ueber-uns\/","title":{"rendered":"\u00dcber uns"},"content":{"rendered":"\t\t<div data-elementor-type=\"wp-page\" data-elementor-id=\"2043\" class=\"elementor elementor-2043 elementor-100\" data-elementor-post-type=\"page\">\n\t\t\t\t\t\t<section class=\"elementor-section elementor-top-section elementor-element elementor-element-64e91e09 elementor-section-height-min-height elementor-section-boxed elementor-section-height-default elementor-section-items-middle\" data-id=\"64e91e09\" data-element_type=\"section\" data-e-type=\"section\" data-settings=\"{&quot;background_background&quot;:&quot;classic&quot;}\">\n\t\t\t\t\t\t\t<div class=\"elementor-background-overlay\"><\/div>\n\t\t\t\t\t\t\t<div class=\"elementor-container elementor-column-gap-no\">\n\t\t\t\t\t<div class=\"elementor-column elementor-col-100 elementor-top-column elementor-element elementor-element-5336c041\" data-id=\"5336c041\" data-element_type=\"column\" data-e-type=\"column\">\n\t\t\t<div class=\"elementor-widget-wrap elementor-element-populated\">\n\t\t\t\t\t\t<div class=\"elementor-element elementor-element-10777d19 elementor-invisible elementor-widget elementor-widget-heading\" data-id=\"10777d19\" data-element_type=\"widget\" data-e-type=\"widget\" data-settings=\"{&quot;_animation&quot;:&quot;slideInDown&quot;}\" data-widget_type=\"heading.default\">\n\t\t\t\t<div class=\"elementor-widget-container\">\n\t\t\t\t\t<h1 class=\"elementor-heading-title elementor-size-xxl\">\u00dcber Ultimate Buggies &amp; Quads Dubai<\/h1>\t\t\t\t<\/div>\n\t\t\t\t<\/div>\n\t\t\t\t\t<\/div>\n\t\t<\/div>\n\t\t\t\t\t<\/div>\n\t\t<\/section>\n\t\t<div class=\"elementor-element elementor-element-5e233c4 e-flex e-con-boxed e-con e-parent\" data-id=\"5e233c4\" data-element_type=\"container\" data-e-type=\"container\">\n\t\t\t\t\t<div class=\"e-con-inner\">\n\t\t\t\t<div class=\"elementor-element elementor-element-c79bf8b elementor-widget elementor-widget-text-editor\" data-id=\"c79bf8b\" data-element_type=\"widget\" data-e-type=\"widget\" data-widget_type=\"text-editor.default\">\n\t\t\t\t<div class=\"elementor-widget-container\">\n\t\t\t\t\t\t\t\t\t<p data-start=\"884\" data-end=\"1038\">Ultimate Buggies &amp; Quads Dubai ist ein zuverl\u00e4ssiges W\u00fcsten-Abenteuerunternehmen, das sich auf Premium-<a href=\"https:\/\/ultimatebuggiesandquadsdubai.com\/de\/dune-buggy-dubai\/\">Dune-Buggy<\/a>&#8211; und <a href=\"https:\/\/ultimatebuggiesandquadsdubai.com\/de\/quadfahren-in-dubai\/\">Quad-Touren<\/a> in Dubais ikonischen roten D\u00fcnen spezialisiert hat.<\/p><p data-start=\"1040\" data-end=\"1184\">Unsere Mission ist einfach: sichere, aufregende und unvergessliche Offroad-Erlebnisse in einer der spektakul\u00e4rsten W\u00fcstenlandschaften der Welt zu bieten.<\/p><p>Mit \u00fcber 20 Jahren Erfahrung, dem Besitz und Betrieb erfolgreicher Freizeitunternehmen sowohl in Gro\u00dfbritannien als auch in Spanien, war es ein nat\u00fcrlicher Schritt, in Dubai einen luxuri\u00f6sen und exklusiven Service anzubieten.<\/p>\t\t\t\t\t\t\t\t<\/div>\n\t\t\t\t<\/div>\n\t\t\t\t\t<\/div>\n\t\t\t\t<\/div>\n\t\t<div class=\"elementor-element elementor-element-0cc8a7a elementor-hidden-mobile e-flex e-con-boxed e-con e-parent\" data-id=\"0cc8a7a\" data-element_type=\"container\" data-e-type=\"container\">\n\t\t\t\t\t<div class=\"e-con-inner\">\n\t\t<div class=\"elementor-element elementor-element-36a6c96 e-con-full e-flex e-con e-child\" data-id=\"36a6c96\" data-element_type=\"container\" data-e-type=\"container\">\n\t\t\t\t<div class=\"elementor-element elementor-element-37c7871 elementor-widget elementor-widget-heading\" data-id=\"37c7871\" data-element_type=\"widget\" data-e-type=\"widget\" data-widget_type=\"heading.default\">\n\t\t\t\t<div class=\"elementor-widget-container\">\n\t\t\t\t\t<h2 class=\"elementor-heading-title elementor-size-default\">Was wir machen<\/h2>\t\t\t\t<\/div>\n\t\t\t\t<\/div>\n\t\t\t\t<div class=\"elementor-element elementor-element-ae3db48 elementor-widget elementor-widget-text-editor\" data-id=\"ae3db48\" data-element_type=\"widget\" data-e-type=\"widget\" data-widget_type=\"text-editor.default\">\n\t\t\t\t<div class=\"elementor-widget-container\">\n\t\t\t\t\t\t\t\t\t<p data-start=\"1210\" data-end=\"1427\">Wir bieten gef\u00fchrte Dune-Buggy- und Quad-Touren an, die f\u00fcr alle Erfahrungsstufen konzipiert sind. Von Erstfahrern bis zu Adrenalinjunkies: Unsere Touren verbinden leistungsstarke Fahrzeuge, professionelle Anleitung und atemberaubende W\u00fcstenlandschaften. <\/p><p data-start=\"1429\" data-end=\"1523\">Jedes Erlebnis wird sorgf\u00e4ltig geplant, um maximalen Spa\u00df zu gew\u00e4hrleisten, ohne bei der Sicherheit Kompromisse einzugehen.<\/p>\t\t\t\t\t\t\t\t<\/div>\n\t\t\t\t<\/div>\n\t\t\t\t<\/div>\n\t\t<div class=\"elementor-element elementor-element-364bcc9 e-con-full e-flex e-con e-child\" data-id=\"364bcc9\" data-element_type=\"container\" data-e-type=\"container\">\n\t\t\t\t<div class=\"elementor-element elementor-element-6ec4286 elementor-widget elementor-widget-heading\" data-id=\"6ec4286\" data-element_type=\"widget\" data-e-type=\"widget\" data-widget_type=\"heading.default\">\n\t\t\t\t<div class=\"elementor-widget-container\">\n\t\t\t\t\t<h2 class=\"elementor-heading-title elementor-size-default\">Warum du uns w\u00e4hlen solltest<\/h2>\t\t\t\t<\/div>\n\t\t\t\t<\/div>\n\t\t\t\t<div class=\"elementor-element elementor-element-06aff12 elementor-widget elementor-widget-text-editor\" data-id=\"06aff12\" data-element_type=\"widget\" data-e-type=\"widget\" data-widget_type=\"text-editor.default\">\n\t\t\t\t<div class=\"elementor-widget-container\">\n\t\t\t\t\t\t\t\t\t<ul><li>Hochleistungs-Dune-Buggys &amp; Quads<\/li><li>Professionelle, erfahrene W\u00fcstenguides<\/li><li>Routen durch die roten D\u00fcnen (Region Lahbab)<\/li><li>Kleine Gruppen &amp; private Touren verf\u00fcgbar<\/li><li>Sicherheitsorientierter Ansatz inkl. kompletter Ausr\u00fcstung<\/li><\/ul>\t\t\t\t\t\t\t\t<\/div>\n\t\t\t\t<\/div>\n\t\t\t\t<\/div>\n\t\t<div class=\"elementor-element elementor-element-3b4f358 e-con-full e-flex e-con e-child\" data-id=\"3b4f358\" data-element_type=\"container\" data-e-type=\"container\">\n\t\t\t\t<div class=\"elementor-element elementor-element-83456b7 elementor-widget elementor-widget-heading\" data-id=\"83456b7\" data-element_type=\"widget\" data-e-type=\"widget\" data-widget_type=\"heading.default\">\n\t\t\t\t<div class=\"elementor-widget-container\">\n\t\t\t\t\t<h2 class=\"elementor-heading-title elementor-size-default\">Unsere Erfahrung<\/h2>\t\t\t\t<\/div>\n\t\t\t\t<\/div>\n\t\t\t\t<div class=\"elementor-element elementor-element-8e6a177 elementor-widget elementor-widget-text-editor\" data-id=\"8e6a177\" data-element_type=\"widget\" data-e-type=\"widget\" data-widget_type=\"text-editor.default\">\n\t\t\t\t<div class=\"elementor-widget-container\">\n\t\t\t\t\t\t\t\t\t<p>Unser Team bringt jahrelange Erfahrung im Betrieb von W\u00fcstentouren in Dubai mit. Wir kennen die D\u00fcnen, das Terrain und wissen, wie wir die perfekte Balance zwischen Nervenkitzel und Sicherheit schaffen. <\/p><p>Wenn du <a href=\"https:\/\/ultimatebuggiesandquadsdubai.com\/de\/kontakt\/\">mit uns f\u00e4hrst<\/a>, bist du in Expertenh\u00e4nden.<\/p>\t\t\t\t\t\t\t\t<\/div>\n\t\t\t\t<\/div>\n\t\t\t\t<\/div>\n\t\t\t\t\t<\/div>\n\t\t\t\t<\/div>\n\t\t<div class=\"elementor-element elementor-element-9421fbd e-flex e-con-boxed e-con e-parent\" data-id=\"9421fbd\" data-element_type=\"container\" data-e-type=\"container\">\n\t\t\t\t\t<div class=\"e-con-inner\">\n\t\t\t\t<div class=\"elementor-element elementor-element-d252fdb elementor-widget elementor-widget-heading\" data-id=\"d252fdb\" data-element_type=\"widget\" data-e-type=\"widget\" data-widget_type=\"heading.default\">\n\t\t\t\t<div class=\"elementor-widget-container\">\n\t\t\t\t\t<h2 class=\"elementor-heading-title elementor-size-default\">G\u00e4steerlebnisse<\/h2>\t\t\t\t<\/div>\n\t\t\t\t<\/div>\n\t\t\t\t<div class=\"elementor-element elementor-element-2b6aff7 elementor-testimonial--skin-default elementor-testimonial--layout-image_inline elementor-testimonial--align-center elementor-arrows-yes elementor-widget elementor-widget-testimonial-carousel\" data-id=\"2b6aff7\" data-element_type=\"widget\" data-e-type=\"widget\" data-settings=\"{&quot;slides_per_view&quot;:&quot;3&quot;,&quot;show_arrows&quot;:&quot;yes&quot;,&quot;speed&quot;:500,&quot;autoplay&quot;:&quot;yes&quot;,&quot;autoplay_speed&quot;:5000,&quot;loop&quot;:&quot;yes&quot;,&quot;pause_on_hover&quot;:&quot;yes&quot;,&quot;pause_on_interaction&quot;:&quot;yes&quot;,&quot;space_between&quot;:{&quot;unit&quot;:&quot;px&quot;,&quot;size&quot;:10,&quot;sizes&quot;:[]},&quot;space_between_tablet&quot;:{&quot;unit&quot;:&quot;px&quot;,&quot;size&quot;:10,&quot;sizes&quot;:[]},&quot;space_between_mobile&quot;:{&quot;unit&quot;:&quot;px&quot;,&quot;size&quot;:10,&quot;sizes&quot;:[]}}\" data-widget_type=\"testimonial-carousel.default\">\n\t\t\t\t<div class=\"elementor-widget-container\">\n\t\t\t\t\t\t\t\t\t<div class=\"elementor-swiper\">\n\t\t\t\t\t<div class=\"elementor-main-swiper swiper\" role=\"region\" aria-roledescription=\"carousel\" aria-label=\"Slides\">\n\t\t\t\t<div class=\"swiper-wrapper\">\n\t\t\t\t\t\t\t\t\t\t\t<div class=\"swiper-slide\" role=\"group\" aria-roledescription=\"slide\">\n\t\t\t\t\t\t\t\t\t<div class=\"elementor-testimonial\">\n\t\t\t\t\t\t\t<div class=\"elementor-testimonial__content\">\n\t\t\t\t\t<div class=\"elementor-testimonial__text\">\n\t\t\t\t\t\t<p>\u201eWir haben eine Can-Am-Tour f\u00fcr 2 Personen gebucht und sie war gro\u00dfartig. Das Team war professionell, Helme und Ausr\u00fcstung waren perfekt, und die Route war landschaftlich sch\u00f6n \u2013 mit viel offenem Sand zum Austoben. Ein wirklich reibungsloses, gut organisiertes Erlebnis.\u201c<\/p>\n\t\t\t\t\t<\/div>\n\t\t\t\t\t\t\t\t\t<\/div>\n\t\t\t\t\t\t<div class=\"elementor-testimonial__footer\">\n\t\t\t\t\t\t\t\t<cite class=\"elementor-testimonial__cite\"><span class=\"elementor-testimonial__name\">Olivia H<\/span><span class=\"elementor-testimonial__title\">London<\/span><\/cite>\t\t\t<\/div>\n\t\t<\/div>\n\t\t\t\t\t\t\t\t<\/div>\n\t\t\t\t\t\t\t\t\t\t\t<div class=\"swiper-slide\" role=\"group\" aria-roledescription=\"slide\">\n\t\t\t\t\t\t\t\t\t<div class=\"elementor-testimonial\">\n\t\t\t\t\t\t\t<div class=\"elementor-testimonial__content\">\n\t\t\t\t\t<div class=\"elementor-testimonial__text\">\n\t\t\t\t\t\t<p>\u201eTolles Quad-Erlebnis in Dubai! Die Einweisung war klar, die Guides waren erfahren, und alles f\u00fchlte sich auf Sicherheit und Spa\u00df ausgerichtet an. Mein Partner und ich hatten eine fantastische Zeit \u2013 wirklich sehr gut organisiert.\u201c<\/p>\n\t\t\t\t\t<\/div>\n\t\t\t\t\t\t\t\t\t<\/div>\n\t\t\t\t\t\t<div class=\"elementor-testimonial__footer\">\n\t\t\t\t\t\t\t\t<cite class=\"elementor-testimonial__cite\"><span class=\"elementor-testimonial__name\">Luca B<\/span><span class=\"elementor-testimonial__title\">Mailand<\/span><\/cite>\t\t\t<\/div>\n\t\t<\/div>\n\t\t\t\t\t\t\t\t<\/div>\n\t\t\t\t\t\t\t\t\t\t\t<div class=\"swiper-slide\" role=\"group\" aria-roledescription=\"slide\">\n\t\t\t\t\t\t\t\t\t<div class=\"elementor-testimonial\">\n\t\t\t\t\t\t\t<div class=\"elementor-testimonial__content\">\n\t\t\t\t\t<div class=\"elementor-testimonial__text\">\n\t\t\t\t\t\t<p>\u201eIch habe die Quad-Safari mit meiner Familie gemacht und wir haben es alle geliebt. Das Team war freundlich, die Fahrzeuge waren in ausgezeichnetem Zustand, und die ganze Fahrt war aufregend, ohne dass man sich unsicher f\u00fchlte. W\u00fcrde ich wieder machen.\u201c<\/p>\n\t\t\t\t\t<\/div>\n\t\t\t\t\t\t\t\t\t<\/div>\n\t\t\t\t\t\t<div class=\"elementor-testimonial__footer\">\n\t\t\t\t\t\t\t\t<cite class=\"elementor-testimonial__cite\"><span class=\"elementor-testimonial__name\">Ayesha K<\/span><span class=\"elementor-testimonial__title\">Dubai<\/span><\/cite>\t\t\t<\/div>\n\t\t<\/div>\n\t\t\t\t\t\t\t\t<\/div>\n\t\t\t\t\t\t\t\t\t\t\t<div class=\"swiper-slide\" role=\"group\" aria-roledescription=\"slide\">\n\t\t\t\t\t\t\t\t\t<div class=\"elementor-testimonial\">\n\t\t\t\t\t\t\t<div class=\"elementor-testimonial__content\">\n\t\t\t\t\t<div class=\"elementor-testimonial__text\">\n\t\t\t\t\t\t<p>\u201eDie 4\u00d74-Buggy-Fahrt hat unsere Erwartungen \u00fcbertroffen. Tolle Balance aus Adrenalin und malerischen W\u00fcstenblicken. Mal etwas anderes in Dubai und absolut lohnenswert. Klare Anweisungen und gute Betreuung durch das Team.\u201c<\/p>\n\t\t\t\t\t<\/div>\n\t\t\t\t\t\t\t\t\t<\/div>\n\t\t\t\t\t\t<div class=\"elementor-testimonial__footer\">\n\t\t\t\t\t\t\t\t<cite class=\"elementor-testimonial__cite\"><span class=\"elementor-testimonial__name\">Tyler S<\/span><span class=\"elementor-testimonial__title\">Toronto<\/span><\/cite>\t\t\t<\/div>\n\t\t<\/div>\n\t\t\t\t\t\t\t\t<\/div>\n\t\t\t\t\t\t\t\t\t\t\t<div class=\"swiper-slide\" role=\"group\" aria-roledescription=\"slide\">\n\t\t\t\t\t\t\t\t\t<div class=\"elementor-testimonial\">\n\t\t\t\t\t\t\t<div class=\"elementor-testimonial__content\">\n\t\t\t\t\t<div class=\"elementor-testimonial__text\">\n\t\t\t\t\t\t<p>\u201eWir haben eine private Quad-Tour gebucht und sie war fantastisch \u2013 individuelles Tempo, tolle Unterst\u00fctzung vom Team und unglaubliche Sandd\u00fcnen. Perfekt f\u00fcr Abenteuerfans und super einfach zu buchen und zu organisieren.\u201c<\/p>\n\t\t\t\t\t<\/div>\n\t\t\t\t\t\t\t\t\t<\/div>\n\t\t\t\t\t\t<div class=\"elementor-testimonial__footer\">\n\t\t\t\t\t\t\t\t<cite class=\"elementor-testimonial__cite\"><span class=\"elementor-testimonial__name\">Emma &amp; James P<\/span><span class=\"elementor-testimonial__title\">Sydney<\/span><\/cite>\t\t\t<\/div>\n\t\t<\/div>\n\t\t\t\t\t\t\t\t<\/div>\n\t\t\t\t\t\t\t\t\t<\/div>\n\t\t\t\t\t\t\t\t\t\t\t\t\t\t\t<div class=\"elementor-swiper-button elementor-swiper-button-prev\" role=\"button\" tabindex=\"0\" aria-label=\"Previous\">\n\t\t\t\t\t\t\t<svg aria-hidden=\"true\" class=\"e-font-icon-svg e-eicon-chevron-left\" viewBox=\"0 0 1000 1000\" xmlns=\"http:\/\/www.w3.org\/2000\/svg\"><path d=\"M646 125C629 125 613 133 604 142L308 442C296 454 292 471 292 487 292 504 296 521 308 533L604 854C617 867 629 875 646 875 663 875 679 871 692 858 704 846 713 829 713 812 713 796 708 779 692 767L438 487 692 225C700 217 708 204 708 187 708 171 704 154 692 142 675 129 663 125 646 125Z\"><\/path><\/svg>\t\t\t\t\t\t<\/div>\n\t\t\t\t\t\t<div class=\"elementor-swiper-button elementor-swiper-button-next\" role=\"button\" tabindex=\"0\" aria-label=\"Next\">\n\t\t\t\t\t\t\t<svg aria-hidden=\"true\" class=\"e-font-icon-svg e-eicon-chevron-right\" viewBox=\"0 0 1000 1000\" xmlns=\"http:\/\/www.w3.org\/2000\/svg\"><path d=\"M696 533C708 521 713 504 713 487 713 471 708 454 696 446L400 146C388 133 375 125 354 125 338 125 325 129 313 142 300 154 292 171 292 187 292 204 296 221 308 233L563 492 304 771C292 783 288 800 288 817 288 833 296 850 308 863 321 871 338 875 354 875 371 875 388 867 400 854L696 533Z\"><\/path><\/svg>\t\t\t\t\t\t<\/div>\n\t\t\t\t\t\t\t\t\t\t\t\t\t\t\t\t\t<\/div>\n\t\t\t\t<\/div>\n\t\t\t\t\t\t\t\t<\/div>\n\t\t\t\t<\/div>\n\t\t\t\t\t<\/div>\n\t\t\t\t<\/div>\n\t\t<div class=\"elementor-element elementor-element-ce1726f e-flex e-con-boxed e-con e-parent\" data-id=\"ce1726f\" data-element_type=\"container\" data-e-type=\"container\">\n\t\t\t\t\t<div class=\"e-con-inner\">\n\t\t\t\t<div class=\"elementor-element elementor-element-8fcaddf elementor-widget elementor-widget-text-editor\" data-id=\"8fcaddf\" data-element_type=\"widget\" data-e-type=\"widget\" data-widget_type=\"text-editor.default\">\n\t\t\t\t<div class=\"elementor-widget-container\">\n\t\t\t\t\t\t\t\t\t<p data-start=\"2056\" data-end=\"2109\">Bereit, Dubais W\u00fcste zu erleben wie nie zuvor?<\/p><p data-start=\"2111\" data-end=\"2154\"><strong data-start=\"2111\" data-end=\"2154\">Buche noch heute deine Dune-Buggy- oder Quad-Tour<\/strong><\/p>\t\t\t\t\t\t\t\t<\/div>\n\t\t\t\t<\/div>\n\t\t\t\t<div class=\"elementor-element elementor-element-0b13a0a elementor-mobile-align-center elementor-align-center elementor-widget elementor-widget-button\" data-id=\"0b13a0a\" data-element_type=\"widget\" data-e-type=\"widget\" data-widget_type=\"button.default\">\n\t\t\t\t<div class=\"elementor-widget-container\">\n\t\t\t\t\t\t\t\t\t<div class=\"elementor-button-wrapper\">\n\t\t\t\t\t<a class=\"elementor-button elementor-button-link elementor-size-sm elementor-animation-grow\" href=\"https:\/\/ultimatebuggiesandquadsdubai.com\/de\/buche-dune-buggy-quad-touren-dubai\/\">\n\t\t\t\t\t\t<span class=\"elementor-button-content-wrapper\">\n\t\t\t\t\t\t\t\t\t<span class=\"elementor-button-text\">Buche dein W\u00fcstenabenteuer<\/span>\n\t\t\t\t\t<\/span>\n\t\t\t\t\t<\/a>\n\t\t\t\t<\/div>\n\t\t\t\t\t\t\t\t<\/div>\n\t\t\t\t<\/div>\n\t\t\t\t\t<\/div>\n\t\t\t\t<\/div>\n\t\t\t\t<\/div>\n\t\t","protected":false},"excerpt":{"rendered":"<p>\u00dcber Ultimate Buggies &amp; Quads Dubai Ultimate Buggies &amp; Quads Dubai ist ein zuverl\u00e4ssiges W\u00fcsten-Abenteuerunternehmen, das sich auf Premium-Dune-Buggy&#8211; und Quad-Touren in Dubais ikonischen roten D\u00fcnen spezialisiert hat. Unsere Mission ist einfach: sichere, aufregende und unvergessliche Offroad-Erlebnisse in einer der spektakul\u00e4rsten W\u00fcstenlandschaften der Welt zu bieten. Mit \u00fcber 20 Jahren Erfahrung, dem Besitz und Betrieb [&hellip;]<\/p>\n","protected":false},"author":2,"featured_media":0,"parent":0,"menu_order":0,"comment_status":"closed","ping_status":"closed","template":"","meta":{"footnotes":""},"class_list":["post-2043","page","type-page","status-publish","hentry"],"yoast_head":"<!-- This site is optimized with the Yoast SEO plugin v27.4 - https:\/\/yoast.com\/product\/yoast-seo-wordpress\/ -->\n<title>\u00dcber uns | Ultimate Buggies &amp; Quads Dubai<\/title>\n<meta name=\"description\" content=\"Lerne Ultimate Buggies &amp; Quads Dubai kennen \u2013 ein zuverl\u00e4ssiges W\u00fcsten-Abenteuerunternehmen, das Premium-Dune-Buggy- und Quad-Touren in Dubais roten D\u00fcnen anbietet.\" \/>\n<meta name=\"robots\" content=\"index, follow, max-snippet:-1, max-image-preview:large, max-video-preview:-1\" \/>\n<link rel=\"canonical\" href=\"https:\/\/ultimatebuggiesandquadsdubai.com\/de\/ueber-uns\/\" \/>\n<meta property=\"og:locale\" content=\"de_DE\" \/>\n<meta property=\"og:type\" content=\"article\" \/>\n<meta property=\"og:title\" content=\"\u00dcber uns | Ultimate Buggies &amp; Quads Dubai\" \/>\n<meta property=\"og:description\" content=\"Lerne Ultimate Buggies &amp; Quads Dubai kennen \u2013 ein zuverl\u00e4ssiges W\u00fcsten-Abenteuerunternehmen, das Premium-Dune-Buggy- und Quad-Touren in Dubais roten D\u00fcnen anbietet.\" \/>\n<meta property=\"og:url\" content=\"https:\/\/ultimatebuggiesandquadsdubai.com\/de\/ueber-uns\/\" \/>\n<meta property=\"og:site_name\" content=\"Ultimate Buggies and Quads Dubai\" \/>\n<meta property=\"article:modified_time\" content=\"2026-02-27T12:49:51+00:00\" \/>\n<meta name=\"twitter:card\" content=\"summary_large_image\" \/>\n<meta name=\"twitter:label1\" content=\"Gesch\u00e4tzte Lesezeit\" \/>\n\t<meta name=\"twitter:data1\" content=\"2\u00a0Minuten\" \/>\n<script type=\"application\/ld+json\" class=\"yoast-schema-graph\">{\"@context\":\"https:\\\/\\\/schema.org\",\"@graph\":[{\"@type\":\"WebPage\",\"@id\":\"https:\\\/\\\/ultimatebuggiesandquadsdubai.com\\\/de\\\/ueber-uns\\\/\",\"url\":\"https:\\\/\\\/ultimatebuggiesandquadsdubai.com\\\/de\\\/ueber-uns\\\/\",\"name\":\"\u00dcber uns | Ultimate Buggies & Quads Dubai\",\"isPartOf\":{\"@id\":\"https:\\\/\\\/ultimatebuggiesandquadsdubai.com\\\/de\\\/#website\"},\"datePublished\":\"2025-04-15T09:21:26+00:00\",\"dateModified\":\"2026-02-27T12:49:51+00:00\",\"description\":\"Lerne Ultimate Buggies & Quads Dubai kennen \u2013 ein zuverl\u00e4ssiges W\u00fcsten-Abenteuerunternehmen, das Premium-Dune-Buggy- und Quad-Touren in Dubais roten D\u00fcnen anbietet.\",\"breadcrumb\":{\"@id\":\"https:\\\/\\\/ultimatebuggiesandquadsdubai.com\\\/de\\\/ueber-uns\\\/#breadcrumb\"},\"inLanguage\":\"de\",\"potentialAction\":[{\"@type\":\"ReadAction\",\"target\":[\"https:\\\/\\\/ultimatebuggiesandquadsdubai.com\\\/de\\\/ueber-uns\\\/\"]}]},{\"@type\":\"BreadcrumbList\",\"@id\":\"https:\\\/\\\/ultimatebuggiesandquadsdubai.com\\\/de\\\/ueber-uns\\\/#breadcrumb\",\"itemListElement\":[{\"@type\":\"ListItem\",\"position\":1,\"name\":\"Home\",\"item\":\"https:\\\/\\\/ultimatebuggiesandquadsdubai.com\\\/de\\\/\"},{\"@type\":\"ListItem\",\"position\":2,\"name\":\"\u00dcber uns\"}]},{\"@type\":\"WebSite\",\"@id\":\"https:\\\/\\\/ultimatebuggiesandquadsdubai.com\\\/de\\\/#website\",\"url\":\"https:\\\/\\\/ultimatebuggiesandquadsdubai.com\\\/de\\\/\",\"name\":\"Ultimate Buggies and Quads Dubai\",\"description\":\"\",\"publisher\":{\"@id\":\"https:\\\/\\\/ultimatebuggiesandquadsdubai.com\\\/de\\\/#organization\"},\"potentialAction\":[{\"@type\":\"SearchAction\",\"target\":{\"@type\":\"EntryPoint\",\"urlTemplate\":\"https:\\\/\\\/ultimatebuggiesandquadsdubai.com\\\/de\\\/?s={search_term_string}\"},\"query-input\":{\"@type\":\"PropertyValueSpecification\",\"valueRequired\":true,\"valueName\":\"search_term_string\"}}],\"inLanguage\":\"de\"},{\"@type\":\"Organization\",\"@id\":\"https:\\\/\\\/ultimatebuggiesandquadsdubai.com\\\/de\\\/#organization\",\"name\":\"Ultimate Buggies and Quads Dubai\",\"url\":\"https:\\\/\\\/ultimatebuggiesandquadsdubai.com\\\/de\\\/\",\"logo\":{\"@type\":\"ImageObject\",\"inLanguage\":\"de\",\"@id\":\"https:\\\/\\\/ultimatebuggiesandquadsdubai.com\\\/de\\\/#\\\/schema\\\/logo\\\/image\\\/\",\"url\":\"https:\\\/\\\/ultimatebuggiesandquadsdubai.com\\\/wp-content\\\/uploads\\\/2025\\\/02\\\/logo-final-white-dubai.png\",\"contentUrl\":\"https:\\\/\\\/ultimatebuggiesandquadsdubai.com\\\/wp-content\\\/uploads\\\/2025\\\/02\\\/logo-final-white-dubai.png\",\"width\":745,\"height\":366,\"caption\":\"Ultimate Buggies and Quads Dubai\"},\"image\":{\"@id\":\"https:\\\/\\\/ultimatebuggiesandquadsdubai.com\\\/de\\\/#\\\/schema\\\/logo\\\/image\\\/\"}}]}<\/script>\n<!-- \/ Yoast SEO plugin. -->","yoast_head_json":{"title":"\u00dcber uns | Ultimate Buggies & Quads Dubai","description":"Lerne Ultimate Buggies & Quads Dubai kennen \u2013 ein zuverl\u00e4ssiges W\u00fcsten-Abenteuerunternehmen, das Premium-Dune-Buggy- und Quad-Touren in Dubais roten D\u00fcnen anbietet.","robots":{"index":"index","follow":"follow","max-snippet":"max-snippet:-1","max-image-preview":"max-image-preview:large","max-video-preview":"max-video-preview:-1"},"canonical":"https:\/\/ultimatebuggiesandquadsdubai.com\/de\/ueber-uns\/","og_locale":"de_DE","og_type":"article","og_title":"\u00dcber uns | Ultimate Buggies & Quads Dubai","og_description":"Lerne Ultimate Buggies & Quads Dubai kennen \u2013 ein zuverl\u00e4ssiges W\u00fcsten-Abenteuerunternehmen, das Premium-Dune-Buggy- und Quad-Touren in Dubais roten D\u00fcnen anbietet.","og_url":"https:\/\/ultimatebuggiesandquadsdubai.com\/de\/ueber-uns\/","og_site_name":"Ultimate Buggies and Quads Dubai","article_modified_time":"2026-02-27T12:49:51+00:00","twitter_card":"summary_large_image","twitter_misc":{"Gesch\u00e4tzte Lesezeit":"2\u00a0Minuten"},"schema":{"@context":"https:\/\/schema.org","@graph":[{"@type":"WebPage","@id":"https:\/\/ultimatebuggiesandquadsdubai.com\/de\/ueber-uns\/","url":"https:\/\/ultimatebuggiesandquadsdubai.com\/de\/ueber-uns\/","name":"\u00dcber uns | Ultimate Buggies & Quads Dubai","isPartOf":{"@id":"https:\/\/ultimatebuggiesandquadsdubai.com\/de\/#website"},"datePublished":"2025-04-15T09:21:26+00:00","dateModified":"2026-02-27T12:49:51+00:00","description":"Lerne Ultimate Buggies & Quads Dubai kennen \u2013 ein zuverl\u00e4ssiges W\u00fcsten-Abenteuerunternehmen, das Premium-Dune-Buggy- und Quad-Touren in Dubais roten D\u00fcnen anbietet.","breadcrumb":{"@id":"https:\/\/ultimatebuggiesandquadsdubai.com\/de\/ueber-uns\/#breadcrumb"},"inLanguage":"de","potentialAction":[{"@type":"ReadAction","target":["https:\/\/ultimatebuggiesandquadsdubai.com\/de\/ueber-uns\/"]}]},{"@type":"BreadcrumbList","@id":"https:\/\/ultimatebuggiesandquadsdubai.com\/de\/ueber-uns\/#breadcrumb","itemListElement":[{"@type":"ListItem","position":1,"name":"Home","item":"https:\/\/ultimatebuggiesandquadsdubai.com\/de\/"},{"@type":"ListItem","position":2,"name":"\u00dcber uns"}]},{"@type":"WebSite","@id":"https:\/\/ultimatebuggiesandquadsdubai.com\/de\/#website","url":"https:\/\/ultimatebuggiesandquadsdubai.com\/de\/","name":"Ultimate Buggies and Quads Dubai","description":"","publisher":{"@id":"https:\/\/ultimatebuggiesandquadsdubai.com\/de\/#organization"},"potentialAction":[{"@type":"SearchAction","target":{"@type":"EntryPoint","urlTemplate":"https:\/\/ultimatebuggiesandquadsdubai.com\/de\/?s={search_term_string}"},"query-input":{"@type":"PropertyValueSpecification","valueRequired":true,"valueName":"search_term_string"}}],"inLanguage":"de"},{"@type":"Organization","@id":"https:\/\/ultimatebuggiesandquadsdubai.com\/de\/#organization","name":"Ultimate Buggies and Quads Dubai","url":"https:\/\/ultimatebuggiesandquadsdubai.com\/de\/","logo":{"@type":"ImageObject","inLanguage":"de","@id":"https:\/\/ultimatebuggiesandquadsdubai.com\/de\/#\/schema\/logo\/image\/","url":"https:\/\/ultimatebuggiesandquadsdubai.com\/wp-content\/uploads\/2025\/02\/logo-final-white-dubai.png","contentUrl":"https:\/\/ultimatebuggiesandquadsdubai.com\/wp-content\/uploads\/2025\/02\/logo-final-white-dubai.png","width":745,"height":366,"caption":"Ultimate Buggies and Quads Dubai"},"image":{"@id":"https:\/\/ultimatebuggiesandquadsdubai.com\/de\/#\/schema\/logo\/image\/"}}]}},"_links":{"self":[{"href":"https:\/\/ultimatebuggiesandquadsdubai.com\/de\/wp-json\/wp\/v2\/pages\/2043","targetHints":{"allow":["GET"]}}],"collection":[{"href":"https:\/\/ultimatebuggiesandquadsdubai.com\/de\/wp-json\/wp\/v2\/pages"}],"about":[{"href":"https:\/\/ultimatebuggiesandquadsdubai.com\/de\/wp-json\/wp\/v2\/types\/page"}],"author":[{"embeddable":true,"href":"https:\/\/ultimatebuggiesandquadsdubai.com\/de\/wp-json\/wp\/v2\/users\/2"}],"replies":[{"embeddable":true,"href":"https:\/\/ultimatebuggiesandquadsdubai.com\/de\/wp-json\/wp\/v2\/comments?post=2043"}],"version-history":[{"count":1,"href":"https:\/\/ultimatebuggiesandquadsdubai.com\/de\/wp-json\/wp\/v2\/pages\/2043\/revisions"}],"predecessor-version":[{"id":2044,"href":"https:\/\/ultimatebuggiesandquadsdubai.com\/de\/wp-json\/wp\/v2\/pages\/2043\/revisions\/2044"}],"wp:attachment":[{"href":"https:\/\/ultimatebuggiesandquadsdubai.com\/de\/wp-json\/wp\/v2\/media?parent=2043"}],"curies":[{"name":"wp","href":"https:\/\/api.w.org\/{rel}","templated":true}]}}