{"id":2024,"date":"2025-11-19T10:56:15","date_gmt":"2025-11-19T10:56:15","guid":{"rendered":"https:\/\/ultimatebuggiesandquadsdubai.com\/2-stuendige-quad-wuestensafari-dubai\/"},"modified":"2026-03-27T12:25:49","modified_gmt":"2026-03-27T12:25:49","slug":"2-stuendige-quad-wuestensafari-dubai","status":"publish","type":"page","link":"https:\/\/ultimatebuggiesandquadsdubai.com\/de\/2-stuendige-quad-wuestensafari-dubai\/","title":{"rendered":"2-st\u00fcndige Quad-W\u00fcstensafari Dubai"},"content":{"rendered":"\t\t<div data-elementor-type=\"wp-page\" data-elementor-id=\"2024\" class=\"elementor elementor-2024 elementor-538\" data-elementor-post-type=\"page\">\n\t\t\t\t\t\t<section class=\"elementor-section elementor-top-section elementor-element elementor-element-5f7307a elementor-section-height-min-height elementor-section-boxed elementor-section-height-default elementor-section-items-middle\" data-id=\"5f7307a\" data-element_type=\"section\" data-e-type=\"section\" data-settings=\"{&quot;background_background&quot;:&quot;classic&quot;}\">\n\t\t\t\t\t\t\t<div class=\"elementor-background-overlay\"><\/div>\n\t\t\t\t\t\t\t<div class=\"elementor-container elementor-column-gap-no\">\n\t\t\t\t\t<div class=\"elementor-column elementor-col-100 elementor-top-column elementor-element elementor-element-b07949b\" data-id=\"b07949b\" data-element_type=\"column\" data-e-type=\"column\">\n\t\t\t<div class=\"elementor-widget-wrap elementor-element-populated\">\n\t\t\t\t\t\t<div class=\"elementor-element elementor-element-959db92 elementor-invisible elementor-widget elementor-widget-heading\" data-id=\"959db92\" data-element_type=\"widget\" data-e-type=\"widget\" data-settings=\"{&quot;_animation&quot;:&quot;slideInDown&quot;}\" data-widget_type=\"heading.default\">\n\t\t\t\t<div class=\"elementor-widget-container\">\n\t\t\t\t\t<h1 class=\"elementor-heading-title elementor-size-xl\">2-st\u00fcndige Quad-W\u00fcstensafari \u2013 Abenteuer in Dubais roten D\u00fcnen<\/h1>\t\t\t\t<\/div>\n\t\t\t\t<\/div>\n\t\t\t\t\t<\/div>\n\t\t<\/div>\n\t\t\t\t\t<\/div>\n\t\t<\/section>\n\t\t\t\t<section class=\"elementor-section elementor-top-section elementor-element elementor-element-e79673d elementor-section-boxed elementor-section-height-default elementor-section-height-default\" data-id=\"e79673d\" data-element_type=\"section\" data-e-type=\"section\">\n\t\t\t\t\t\t<div class=\"elementor-container elementor-column-gap-no\">\n\t\t\t\t\t<div class=\"elementor-column elementor-col-50 elementor-top-column elementor-element elementor-element-5c1b801\" data-id=\"5c1b801\" data-element_type=\"column\" data-e-type=\"column\">\n\t\t\t<div class=\"elementor-widget-wrap elementor-element-populated\">\n\t\t\t\t\t\t<div class=\"elementor-element elementor-element-9a2d6a2 elementor-widget elementor-widget-text-editor\" data-id=\"9a2d6a2\" data-element_type=\"widget\" data-e-type=\"widget\" data-widget_type=\"text-editor.default\">\n\t\t\t\t<div class=\"elementor-widget-container\">\n\t\t\t\t\t\t\t\t\t<p data-start=\"847\" data-end=\"1090\">Erlebe dein <a href=\"https:\/\/ultimatebuggiesandquadsdubai.com\/de\/dune-buggy-dubai\/\">W\u00fcstenabenteuer<\/a> noch intensiver mit unserer <strong data-start=\"891\" data-end=\"929\">2-st\u00fcndigen<a href=\"https:\/\/ultimatebuggiesandquadsdubai.com\/de\/1-stuendige-quad-wuestensafari-dubai\/\"> Quad-W\u00fcstensafari in Dubai<\/a><\/strong>. Dieses ausgedehnte Quad-Biking-Erlebnis gibt dir mehr Zeit, die roten D\u00fcnen von Lahbab zu erkunden, tiefer in die W\u00fcste vorzudringen und l\u00e4ngere, landschaftlich reizvollere Routen zu genie\u00dfen. <\/p><p data-start=\"1092\" data-end=\"1173\">Perfekt f\u00fcr Fahrer, die <strong data-start=\"1120\" data-end=\"1172\">maximale Zeit in den D\u00fcnen und ein <a href=\"https:\/\/ultimatebuggiesandquadsdubai.com\/de\/buggy-quad-safari-dubai\/\">echtes Offroad-Erlebnis<\/a><\/strong> wollen.<\/p>\t\t\t\t\t\t\t\t<\/div>\n\t\t\t\t<\/div>\n\t\t\t\t<div class=\"elementor-element elementor-element-4f5ffdd elementor-widget elementor-widget-shortcode\" data-id=\"4f5ffdd\" data-element_type=\"widget\" data-e-type=\"widget\" data-widget_type=\"shortcode.default\">\n\t\t\t\t<div class=\"elementor-widget-container\">\n\t\t\t\t\t\t\t<div class=\"elementor-shortcode\">\n          <div class=\"turitop_bswp_button_box_wrap\">\n\n                  <div class=\"load-turitop loading-turitop turitop_booking_system_box_button\"  data-service=\"P44\"  data-embed=\"box\" data-buttoncolor=\"green\" ><\/div>\n\n          <\/div>\n\n          <\/div>\n\t\t\t\t\t\t<\/div>\n\t\t\t\t<\/div>\n\t\t\t\t\t<\/div>\n\t\t<\/div>\n\t\t\t\t<div class=\"elementor-column elementor-col-50 elementor-top-column elementor-element elementor-element-a08df4c\" data-id=\"a08df4c\" data-element_type=\"column\" data-e-type=\"column\">\n\t\t\t<div class=\"elementor-widget-wrap elementor-element-populated\">\n\t\t\t\t\t\t<div class=\"elementor-element elementor-element-65934c7 elementor-arrows-position-inside elementor-widget elementor-widget-image-carousel\" data-id=\"65934c7\" data-element_type=\"widget\" data-e-type=\"widget\" data-settings=\"{&quot;slides_to_show&quot;:&quot;1&quot;,&quot;navigation&quot;:&quot;arrows&quot;,&quot;autoplay&quot;:&quot;yes&quot;,&quot;pause_on_hover&quot;:&quot;yes&quot;,&quot;pause_on_interaction&quot;:&quot;yes&quot;,&quot;autoplay_speed&quot;:5000,&quot;infinite&quot;:&quot;yes&quot;,&quot;effect&quot;:&quot;slide&quot;,&quot;speed&quot;:500}\" data-widget_type=\"image-carousel.default\">\n\t\t\t\t<div class=\"elementor-widget-container\">\n\t\t\t\t\t\t\t<div class=\"elementor-image-carousel-wrapper swiper\" role=\"region\" aria-roledescription=\"carousel\" aria-label=\"Image Carousel\" dir=\"ltr\">\n\t\t\t<div class=\"elementor-image-carousel swiper-wrapper\" aria-live=\"off\">\n\t\t\t\t\t\t\t\t<div class=\"swiper-slide\" role=\"group\" aria-roledescription=\"slide\" aria-label=\"1 von 5\"><figure class=\"swiper-slide-inner\"><img decoding=\"async\" class=\"swiper-slide-image\" src=\"https:\/\/ultimatebuggiesandquadsdubai.com\/wp-content\/uploads\/2025\/04\/DSC02554-opt-1024x682.jpg\" alt=\"Quad-Abenteuer mit Panoramablick auf die W\u00fcste Dubai\" \/><\/figure><\/div><div class=\"swiper-slide\" role=\"group\" aria-roledescription=\"slide\" aria-label=\"2 von 5\"><figure class=\"swiper-slide-inner\"><img decoding=\"async\" class=\"swiper-slide-image\" src=\"https:\/\/ultimatebuggiesandquadsdubai.com\/wp-content\/uploads\/2025\/04\/DSC02555-opt-1024x682.jpg\" alt=\"Gef\u00fchrte Quad-Safari-Route durch die roten D\u00fcnen von Lahbab\" \/><\/figure><\/div><div class=\"swiper-slide\" role=\"group\" aria-roledescription=\"slide\" aria-label=\"3 von 5\"><figure class=\"swiper-slide-inner\"><img decoding=\"async\" class=\"swiper-slide-image\" src=\"https:\/\/ultimatebuggiesandquadsdubai.com\/wp-content\/uploads\/2025\/04\/DSC02556-opt-1024x682.jpg\" alt=\"Fahrer h\u00e4lt Quad f\u00fcr W\u00fcsten-Fotogelegenheit in Dubai an\" \/><\/figure><\/div><div class=\"swiper-slide\" role=\"group\" aria-roledescription=\"slide\" aria-label=\"4 von 5\"><figure class=\"swiper-slide-inner\"><img decoding=\"async\" class=\"swiper-slide-image\" src=\"https:\/\/ultimatebuggiesandquadsdubai.com\/wp-content\/uploads\/2025\/04\/DSC02557-opt-1024x682.jpg\" alt=\"Quad-Strecke durch weite offene rote D\u00fcnen in Dubai\" \/><\/figure><\/div><div class=\"swiper-slide\" role=\"group\" aria-roledescription=\"slide\" aria-label=\"5 von 5\"><figure class=\"swiper-slide-inner\"><img decoding=\"async\" class=\"swiper-slide-image\" src=\"https:\/\/ultimatebuggiesandquadsdubai.com\/wp-content\/uploads\/2025\/04\/DSC02558-opt-1024x682.jpg\" alt=\"Quads vor der W\u00fcstensafari in Dubai aufgereiht\" \/><\/figure><\/div>\t\t\t<\/div>\n\t\t\t\t\t\t\t\t\t\t\t\t<div class=\"elementor-swiper-button elementor-swiper-button-prev\" role=\"button\" tabindex=\"0\">\n\t\t\t\t\t\t<svg aria-hidden=\"true\" class=\"e-font-icon-svg e-eicon-chevron-left\" viewBox=\"0 0 1000 1000\" xmlns=\"http:\/\/www.w3.org\/2000\/svg\"><path d=\"M646 125C629 125 613 133 604 142L308 442C296 454 292 471 292 487 292 504 296 521 308 533L604 854C617 867 629 875 646 875 663 875 679 871 692 858 704 846 713 829 713 812 713 796 708 779 692 767L438 487 692 225C700 217 708 204 708 187 708 171 704 154 692 142 675 129 663 125 646 125Z\"><\/path><\/svg>\t\t\t\t\t<\/div>\n\t\t\t\t\t<div class=\"elementor-swiper-button elementor-swiper-button-next\" role=\"button\" tabindex=\"0\">\n\t\t\t\t\t\t<svg aria-hidden=\"true\" class=\"e-font-icon-svg e-eicon-chevron-right\" viewBox=\"0 0 1000 1000\" xmlns=\"http:\/\/www.w3.org\/2000\/svg\"><path d=\"M696 533C708 521 713 504 713 487 713 471 708 454 696 446L400 146C388 133 375 125 354 125 338 125 325 129 313 142 300 154 292 171 292 187 292 204 296 221 308 233L563 492 304 771C292 783 288 800 288 817 288 833 296 850 308 863 321 871 338 875 354 875 371 875 388 867 400 854L696 533Z\"><\/path><\/svg>\t\t\t\t\t<\/div>\n\t\t\t\t\n\t\t\t\t\t\t\t\t\t<\/div>\n\t\t\t\t\t\t<\/div>\n\t\t\t\t<\/div>\n\t\t\t\t<div class=\"elementor-element elementor-element-1b2fc94 elementor-widget elementor-widget-heading\" data-id=\"1b2fc94\" data-element_type=\"widget\" data-e-type=\"widget\" data-widget_type=\"heading.default\">\n\t\t\t\t<div class=\"elementor-widget-container\">\n\t\t\t\t\t<h2 class=\"elementor-heading-title elementor-size-xl\">Das Quad-Safari-Erlebnis<\/h2>\t\t\t\t<\/div>\n\t\t\t\t<\/div>\n\t\t\t\t<div class=\"elementor-element elementor-element-d0b9739 elementor-widget elementor-widget-text-editor\" data-id=\"d0b9739\" data-element_type=\"widget\" data-e-type=\"widget\" data-widget_type=\"text-editor.default\">\n\t\t\t\t<div class=\"elementor-widget-container\">\n\t\t\t\t\t\t\t\t\t<p data-start=\"1215\" data-end=\"1457\">Nach einer ausf\u00fchrlichen Sicherheitseinweisung und Ausr\u00fcstung schwingst du dich auf ein <a href=\"https:\/\/ultimatebuggiesandquadsdubai.com\/de\/quadfahren-in-dubai\/\">leistungsstarkes Quad-Bike<\/a> und f\u00e4hrst mit einem erfahrenen Guide in die D\u00fcnen. Fahre \u00fcber sanfte Sandh\u00fcgel, offene W\u00fcstenpfade und Aussichtspunkte mit Panoramablick, w\u00e4hrend du ein weitl\u00e4ufigeres W\u00fcstengebiet erkundest. <\/p><p data-start=\"1459\" data-end=\"1531\">Bei dieser Tour geht es um <strong data-start=\"1482\" data-end=\"1530\">Freiheit, Abenteuer und ausgedehnte Fahrzeit<\/strong>.<\/p>\t\t\t\t\t\t\t\t<\/div>\n\t\t\t\t<\/div>\n\t\t\t\t<div class=\"elementor-element elementor-element-d9ef9dd elementor-widget elementor-widget-heading\" data-id=\"d9ef9dd\" data-element_type=\"widget\" data-e-type=\"widget\" data-widget_type=\"heading.default\">\n\t\t\t\t<div class=\"elementor-widget-container\">\n\t\t\t\t\t<h2 class=\"elementor-heading-title elementor-size-xl\">Bereit f\u00fcr eine l\u00e4ngere Fahrt?<\/h2>\t\t\t\t<\/div>\n\t\t\t\t<\/div>\n\t\t\t\t<div class=\"elementor-element elementor-element-cf8c6c0 elementor-widget elementor-widget-text-editor\" data-id=\"cf8c6c0\" data-element_type=\"widget\" data-e-type=\"widget\" data-widget_type=\"text-editor.default\">\n\t\t\t\t<div class=\"elementor-widget-container\">\n\t\t\t\t\t\t\t\t\t<p><strong data-start=\"2255\" data-end=\"2309\">Buche deine 2-st\u00fcndige Quad-W\u00fcstensafari in Dubai noch heute<\/strong><\/p>\t\t\t\t\t\t\t\t<\/div>\n\t\t\t\t<\/div>\n\t\t\t\t\t<\/div>\n\t\t<\/div>\n\t\t\t\t\t<\/div>\n\t\t<\/section>\n\t\t<div class=\"elementor-element elementor-element-1dccea2 e-flex e-con-boxed e-con e-parent\" data-id=\"1dccea2\" data-element_type=\"container\" data-e-type=\"container\">\n\t\t\t\t\t<div class=\"e-con-inner\">\n\t\t<div class=\"elementor-element elementor-element-7aad363 e-con-full e-flex e-con e-child\" data-id=\"7aad363\" data-element_type=\"container\" data-e-type=\"container\">\n\t\t\t\t<div class=\"elementor-element elementor-element-4c6d117 elementor-widget elementor-widget-heading\" data-id=\"4c6d117\" data-element_type=\"widget\" data-e-type=\"widget\" data-widget_type=\"heading.default\">\n\t\t\t\t<div class=\"elementor-widget-container\">\n\t\t\t\t\t<h2 class=\"elementor-heading-title elementor-size-default\">Was dich erwartet<\/h2>\t\t\t\t<\/div>\n\t\t\t\t<\/div>\n\t\t\t\t<div class=\"elementor-element elementor-element-ef0788f elementor-widget elementor-widget-text-editor\" data-id=\"ef0788f\" data-element_type=\"widget\" data-e-type=\"widget\" data-widget_type=\"text-editor.default\">\n\t\t\t\t<div class=\"elementor-widget-container\">\n\t\t\t\t\t\t\t\t\t<ul><li>2 Stunden gef\u00fchrtes Quad-Biking<\/li><li>Sicherheitseinweisung &amp; Schutzausr\u00fcstung<\/li><li>Leistungsstarke Quad-Bikes<\/li><li>Routen durch die roten D\u00fcnen<\/li><li>Malerische Fotostopps<\/li><li>Hotelabholung &amp; R\u00fccktransport (falls gew\u00e4hlt)<\/li><\/ul>\t\t\t\t\t\t\t\t<\/div>\n\t\t\t\t<\/div>\n\t\t\t\t<\/div>\n\t\t<div class=\"elementor-element elementor-element-ddd2af2 e-con-full e-flex e-con e-child\" data-id=\"ddd2af2\" data-element_type=\"container\" data-e-type=\"container\">\n\t\t\t\t<div class=\"elementor-element elementor-element-79e8bb7 elementor-widget elementor-widget-heading\" data-id=\"79e8bb7\" data-element_type=\"widget\" data-e-type=\"widget\" data-widget_type=\"heading.default\">\n\t\t\t\t<div class=\"elementor-widget-container\">\n\t\t\t\t\t<h2 class=\"elementor-heading-title elementor-size-default\">F\u00fcr wen diese Tour geeignet ist<\/h2>\t\t\t\t<\/div>\n\t\t\t\t<\/div>\n\t\t\t\t<div class=\"elementor-element elementor-element-29d4a72 elementor-widget elementor-widget-text-editor\" data-id=\"29d4a72\" data-element_type=\"widget\" data-e-type=\"widget\" data-widget_type=\"text-editor.default\">\n\t\t\t\t<div class=\"elementor-widget-container\">\n\t\t\t\t\t\t\t\t\t<p>Ideal f\u00fcr:<\/p><ul><li>Abenteuerlustige<\/li><li>Fahrer, die mehr Zeit in den D\u00fcnen verbringen m\u00f6chten<\/li><li>Paare, Freunde &amp; kleine Gruppen<\/li><li>G\u00e4ste, die ein intensiveres W\u00fcstenerlebnis suchen<\/li><\/ul><p><a href=\"https:\/\/ultimatebuggiesandquadsdubai.com\/de\/faq\/\">Keine Vorkenntnisse erforderlich<\/a> \u2013 unsere Guides unterst\u00fctzen dich durchgehend.<\/p>\t\t\t\t\t\t\t\t<\/div>\n\t\t\t\t<\/div>\n\t\t\t\t<\/div>\n\t\t<div class=\"elementor-element elementor-element-0602230 e-con-full e-flex e-con e-child\" data-id=\"0602230\" data-element_type=\"container\" data-e-type=\"container\">\n\t\t\t\t<div class=\"elementor-element elementor-element-592e309 elementor-widget elementor-widget-heading\" data-id=\"592e309\" data-element_type=\"widget\" data-e-type=\"widget\" data-widget_type=\"heading.default\">\n\t\t\t\t<div class=\"elementor-widget-container\">\n\t\t\t\t\t<h2 class=\"elementor-heading-title elementor-size-default\">Komfort &amp; Bequemlichkeit<\/h2>\t\t\t\t<\/div>\n\t\t\t\t<\/div>\n\t\t\t\t<div class=\"elementor-element elementor-element-d65b2df elementor-widget elementor-widget-text-editor\" data-id=\"d65b2df\" data-element_type=\"widget\" data-e-type=\"widget\" data-widget_type=\"text-editor.default\">\n\t\t\t\t<div class=\"elementor-widget-container\">\n\t\t\t\t\t\t\t\t\t<ul><li>Ausgedehnte Fahrzeit<\/li><li>Fahre tiefer in die roten D\u00fcnen<\/li><li>Professionelle W\u00fcstenguides<\/li><li>Leistungsstarke Quad-Bikes<\/li><li>Flexible Vormittags- &amp; Nachmittagszeiten<\/li><\/ul>\t\t\t\t\t\t\t\t<\/div>\n\t\t\t\t<\/div>\n\t\t\t\t<\/div>\n\t\t\t\t\t<\/div>\n\t\t\t\t<\/div>\n\t\t\t\t<\/div>\n\t\t","protected":false},"excerpt":{"rendered":"<p>2-st\u00fcndige Quad-W\u00fcstensafari \u2013 Abenteuer in Dubais roten D\u00fcnen Erlebe dein W\u00fcstenabenteuer noch intensiver mit unserer 2-st\u00fcndigen Quad-W\u00fcstensafari in Dubai. Dieses ausgedehnte Quad-Biking-Erlebnis gibt dir mehr Zeit, die roten D\u00fcnen von Lahbab zu erkunden, tiefer in die W\u00fcste vorzudringen und l\u00e4ngere, landschaftlich reizvollere Routen zu genie\u00dfen. Perfekt f\u00fcr Fahrer, die maximale Zeit in den D\u00fcnen und [&hellip;]<\/p>\n","protected":false},"author":2,"featured_media":0,"parent":0,"menu_order":0,"comment_status":"closed","ping_status":"closed","template":"","meta":{"footnotes":""},"class_list":["post-2024","page","type-page","status-publish","hentry"],"yoast_head":"<!-- This site is optimized with the Yoast SEO plugin v27.4 - https:\/\/yoast.com\/product\/yoast-seo-wordpress\/ -->\n<title>2-st\u00fcndige Quad-W\u00fcstensafari Dubai | Ausgedehntes Abenteuer in den roten D\u00fcnen<\/title>\n<meta name=\"description\" content=\"Erlebe eine ausgedehnte 2-st\u00fcndige Quad-W\u00fcstensafari in Dubais roten D\u00fcnen. Gef\u00fchrtes Quad-Biking mit Sicherheitsausr\u00fcstung und optionalem Abholservice. Jetzt buchen.\" \/>\n<meta name=\"robots\" content=\"index, follow, max-snippet:-1, max-image-preview:large, max-video-preview:-1\" \/>\n<link rel=\"canonical\" href=\"https:\/\/ultimatebuggiesandquadsdubai.com\/de\/2-stuendige-quad-wuestensafari-dubai\/\" \/>\n<meta property=\"og:locale\" content=\"de_DE\" \/>\n<meta property=\"og:type\" content=\"article\" \/>\n<meta property=\"og:title\" content=\"2-st\u00fcndige Quad-W\u00fcstensafari Dubai | Ausgedehntes Abenteuer in den roten D\u00fcnen\" \/>\n<meta property=\"og:description\" content=\"Erlebe eine ausgedehnte 2-st\u00fcndige Quad-W\u00fcstensafari in Dubais roten D\u00fcnen. Gef\u00fchrtes Quad-Biking mit Sicherheitsausr\u00fcstung und optionalem Abholservice. Jetzt buchen.\" \/>\n<meta property=\"og:url\" content=\"https:\/\/ultimatebuggiesandquadsdubai.com\/de\/2-stuendige-quad-wuestensafari-dubai\/\" \/>\n<meta property=\"og:site_name\" content=\"Ultimate Buggies and Quads Dubai\" \/>\n<meta property=\"article:modified_time\" content=\"2026-03-27T12:25:49+00:00\" \/>\n<meta property=\"og:image\" content=\"https:\/\/ultimatebuggiesandquadsdubai.com\/wp-content\/uploads\/2025\/04\/DSC02554-opt-1024x682.jpg\" \/>\n<meta name=\"twitter:card\" content=\"summary_large_image\" \/>\n<meta name=\"twitter:label1\" content=\"Gesch\u00e4tzte Lesezeit\" \/>\n\t<meta name=\"twitter:data1\" content=\"1\u00a0Minute\" \/>\n<script type=\"application\/ld+json\" class=\"yoast-schema-graph\">{\"@context\":\"https:\\\/\\\/schema.org\",\"@graph\":[{\"@type\":\"WebPage\",\"@id\":\"https:\\\/\\\/ultimatebuggiesandquadsdubai.com\\\/de\\\/2-stuendige-quad-wuestensafari-dubai\\\/\",\"url\":\"https:\\\/\\\/ultimatebuggiesandquadsdubai.com\\\/de\\\/2-stuendige-quad-wuestensafari-dubai\\\/\",\"name\":\"2-st\u00fcndige Quad-W\u00fcstensafari Dubai | Ausgedehntes Abenteuer in den roten D\u00fcnen\",\"isPartOf\":{\"@id\":\"https:\\\/\\\/ultimatebuggiesandquadsdubai.com\\\/de\\\/#website\"},\"primaryImageOfPage\":{\"@id\":\"https:\\\/\\\/ultimatebuggiesandquadsdubai.com\\\/de\\\/2-stuendige-quad-wuestensafari-dubai\\\/#primaryimage\"},\"image\":{\"@id\":\"https:\\\/\\\/ultimatebuggiesandquadsdubai.com\\\/de\\\/2-stuendige-quad-wuestensafari-dubai\\\/#primaryimage\"},\"thumbnailUrl\":\"https:\\\/\\\/ultimatebuggiesandquadsdubai.com\\\/wp-content\\\/uploads\\\/2025\\\/04\\\/DSC02554-opt-1024x682.jpg\",\"datePublished\":\"2025-11-19T10:56:15+00:00\",\"dateModified\":\"2026-03-27T12:25:49+00:00\",\"description\":\"Erlebe eine ausgedehnte 2-st\u00fcndige Quad-W\u00fcstensafari in Dubais roten D\u00fcnen. Gef\u00fchrtes Quad-Biking mit Sicherheitsausr\u00fcstung und optionalem Abholservice. Jetzt buchen.\",\"breadcrumb\":{\"@id\":\"https:\\\/\\\/ultimatebuggiesandquadsdubai.com\\\/de\\\/2-stuendige-quad-wuestensafari-dubai\\\/#breadcrumb\"},\"inLanguage\":\"de\",\"potentialAction\":[{\"@type\":\"ReadAction\",\"target\":[\"https:\\\/\\\/ultimatebuggiesandquadsdubai.com\\\/de\\\/2-stuendige-quad-wuestensafari-dubai\\\/\"]}]},{\"@type\":\"ImageObject\",\"inLanguage\":\"de\",\"@id\":\"https:\\\/\\\/ultimatebuggiesandquadsdubai.com\\\/de\\\/2-stuendige-quad-wuestensafari-dubai\\\/#primaryimage\",\"url\":\"https:\\\/\\\/ultimatebuggiesandquadsdubai.com\\\/wp-content\\\/uploads\\\/2025\\\/04\\\/DSC02554-opt-1024x682.jpg\",\"contentUrl\":\"https:\\\/\\\/ultimatebuggiesandquadsdubai.com\\\/wp-content\\\/uploads\\\/2025\\\/04\\\/DSC02554-opt-1024x682.jpg\"},{\"@type\":\"BreadcrumbList\",\"@id\":\"https:\\\/\\\/ultimatebuggiesandquadsdubai.com\\\/de\\\/2-stuendige-quad-wuestensafari-dubai\\\/#breadcrumb\",\"itemListElement\":[{\"@type\":\"ListItem\",\"position\":1,\"name\":\"Home\",\"item\":\"https:\\\/\\\/ultimatebuggiesandquadsdubai.com\\\/de\\\/\"},{\"@type\":\"ListItem\",\"position\":2,\"name\":\"2-st\u00fcndige Quad-W\u00fcstensafari Dubai\"}]},{\"@type\":\"WebSite\",\"@id\":\"https:\\\/\\\/ultimatebuggiesandquadsdubai.com\\\/de\\\/#website\",\"url\":\"https:\\\/\\\/ultimatebuggiesandquadsdubai.com\\\/de\\\/\",\"name\":\"Ultimate Buggies and Quads Dubai\",\"description\":\"\",\"publisher\":{\"@id\":\"https:\\\/\\\/ultimatebuggiesandquadsdubai.com\\\/de\\\/#organization\"},\"potentialAction\":[{\"@type\":\"SearchAction\",\"target\":{\"@type\":\"EntryPoint\",\"urlTemplate\":\"https:\\\/\\\/ultimatebuggiesandquadsdubai.com\\\/de\\\/?s={search_term_string}\"},\"query-input\":{\"@type\":\"PropertyValueSpecification\",\"valueRequired\":true,\"valueName\":\"search_term_string\"}}],\"inLanguage\":\"de\"},{\"@type\":\"Organization\",\"@id\":\"https:\\\/\\\/ultimatebuggiesandquadsdubai.com\\\/de\\\/#organization\",\"name\":\"Ultimate Buggies and Quads Dubai\",\"url\":\"https:\\\/\\\/ultimatebuggiesandquadsdubai.com\\\/de\\\/\",\"logo\":{\"@type\":\"ImageObject\",\"inLanguage\":\"de\",\"@id\":\"https:\\\/\\\/ultimatebuggiesandquadsdubai.com\\\/de\\\/#\\\/schema\\\/logo\\\/image\\\/\",\"url\":\"https:\\\/\\\/ultimatebuggiesandquadsdubai.com\\\/wp-content\\\/uploads\\\/2025\\\/02\\\/logo-final-white-dubai.png\",\"contentUrl\":\"https:\\\/\\\/ultimatebuggiesandquadsdubai.com\\\/wp-content\\\/uploads\\\/2025\\\/02\\\/logo-final-white-dubai.png\",\"width\":745,\"height\":366,\"caption\":\"Ultimate Buggies and Quads Dubai\"},\"image\":{\"@id\":\"https:\\\/\\\/ultimatebuggiesandquadsdubai.com\\\/de\\\/#\\\/schema\\\/logo\\\/image\\\/\"}}]}<\/script>\n<!-- \/ Yoast SEO plugin. -->","yoast_head_json":{"title":"2-st\u00fcndige Quad-W\u00fcstensafari Dubai | Ausgedehntes Abenteuer in den roten D\u00fcnen","description":"Erlebe eine ausgedehnte 2-st\u00fcndige Quad-W\u00fcstensafari in Dubais roten D\u00fcnen. Gef\u00fchrtes Quad-Biking mit Sicherheitsausr\u00fcstung und optionalem Abholservice. Jetzt buchen.","robots":{"index":"index","follow":"follow","max-snippet":"max-snippet:-1","max-image-preview":"max-image-preview:large","max-video-preview":"max-video-preview:-1"},"canonical":"https:\/\/ultimatebuggiesandquadsdubai.com\/de\/2-stuendige-quad-wuestensafari-dubai\/","og_locale":"de_DE","og_type":"article","og_title":"2-st\u00fcndige Quad-W\u00fcstensafari Dubai | Ausgedehntes Abenteuer in den roten D\u00fcnen","og_description":"Erlebe eine ausgedehnte 2-st\u00fcndige Quad-W\u00fcstensafari in Dubais roten D\u00fcnen. Gef\u00fchrtes Quad-Biking mit Sicherheitsausr\u00fcstung und optionalem Abholservice. Jetzt buchen.","og_url":"https:\/\/ultimatebuggiesandquadsdubai.com\/de\/2-stuendige-quad-wuestensafari-dubai\/","og_site_name":"Ultimate Buggies and Quads Dubai","article_modified_time":"2026-03-27T12:25:49+00:00","og_image":[{"url":"https:\/\/ultimatebuggiesandquadsdubai.com\/wp-content\/uploads\/2025\/04\/DSC02554-opt-1024x682.jpg","type":"","width":"","height":""}],"twitter_card":"summary_large_image","twitter_misc":{"Gesch\u00e4tzte Lesezeit":"1\u00a0Minute"},"schema":{"@context":"https:\/\/schema.org","@graph":[{"@type":"WebPage","@id":"https:\/\/ultimatebuggiesandquadsdubai.com\/de\/2-stuendige-quad-wuestensafari-dubai\/","url":"https:\/\/ultimatebuggiesandquadsdubai.com\/de\/2-stuendige-quad-wuestensafari-dubai\/","name":"2-st\u00fcndige Quad-W\u00fcstensafari Dubai | Ausgedehntes Abenteuer in den roten D\u00fcnen","isPartOf":{"@id":"https:\/\/ultimatebuggiesandquadsdubai.com\/de\/#website"},"primaryImageOfPage":{"@id":"https:\/\/ultimatebuggiesandquadsdubai.com\/de\/2-stuendige-quad-wuestensafari-dubai\/#primaryimage"},"image":{"@id":"https:\/\/ultimatebuggiesandquadsdubai.com\/de\/2-stuendige-quad-wuestensafari-dubai\/#primaryimage"},"thumbnailUrl":"https:\/\/ultimatebuggiesandquadsdubai.com\/wp-content\/uploads\/2025\/04\/DSC02554-opt-1024x682.jpg","datePublished":"2025-11-19T10:56:15+00:00","dateModified":"2026-03-27T12:25:49+00:00","description":"Erlebe eine ausgedehnte 2-st\u00fcndige Quad-W\u00fcstensafari in Dubais roten D\u00fcnen. Gef\u00fchrtes Quad-Biking mit Sicherheitsausr\u00fcstung und optionalem Abholservice. Jetzt buchen.","breadcrumb":{"@id":"https:\/\/ultimatebuggiesandquadsdubai.com\/de\/2-stuendige-quad-wuestensafari-dubai\/#breadcrumb"},"inLanguage":"de","potentialAction":[{"@type":"ReadAction","target":["https:\/\/ultimatebuggiesandquadsdubai.com\/de\/2-stuendige-quad-wuestensafari-dubai\/"]}]},{"@type":"ImageObject","inLanguage":"de","@id":"https:\/\/ultimatebuggiesandquadsdubai.com\/de\/2-stuendige-quad-wuestensafari-dubai\/#primaryimage","url":"https:\/\/ultimatebuggiesandquadsdubai.com\/wp-content\/uploads\/2025\/04\/DSC02554-opt-1024x682.jpg","contentUrl":"https:\/\/ultimatebuggiesandquadsdubai.com\/wp-content\/uploads\/2025\/04\/DSC02554-opt-1024x682.jpg"},{"@type":"BreadcrumbList","@id":"https:\/\/ultimatebuggiesandquadsdubai.com\/de\/2-stuendige-quad-wuestensafari-dubai\/#breadcrumb","itemListElement":[{"@type":"ListItem","position":1,"name":"Home","item":"https:\/\/ultimatebuggiesandquadsdubai.com\/de\/"},{"@type":"ListItem","position":2,"name":"2-st\u00fcndige Quad-W\u00fcstensafari Dubai"}]},{"@type":"WebSite","@id":"https:\/\/ultimatebuggiesandquadsdubai.com\/de\/#website","url":"https:\/\/ultimatebuggiesandquadsdubai.com\/de\/","name":"Ultimate Buggies and Quads Dubai","description":"","publisher":{"@id":"https:\/\/ultimatebuggiesandquadsdubai.com\/de\/#organization"},"potentialAction":[{"@type":"SearchAction","target":{"@type":"EntryPoint","urlTemplate":"https:\/\/ultimatebuggiesandquadsdubai.com\/de\/?s={search_term_string}"},"query-input":{"@type":"PropertyValueSpecification","valueRequired":true,"valueName":"search_term_string"}}],"inLanguage":"de"},{"@type":"Organization","@id":"https:\/\/ultimatebuggiesandquadsdubai.com\/de\/#organization","name":"Ultimate Buggies and Quads Dubai","url":"https:\/\/ultimatebuggiesandquadsdubai.com\/de\/","logo":{"@type":"ImageObject","inLanguage":"de","@id":"https:\/\/ultimatebuggiesandquadsdubai.com\/de\/#\/schema\/logo\/image\/","url":"https:\/\/ultimatebuggiesandquadsdubai.com\/wp-content\/uploads\/2025\/02\/logo-final-white-dubai.png","contentUrl":"https:\/\/ultimatebuggiesandquadsdubai.com\/wp-content\/uploads\/2025\/02\/logo-final-white-dubai.png","width":745,"height":366,"caption":"Ultimate Buggies and Quads Dubai"},"image":{"@id":"https:\/\/ultimatebuggiesandquadsdubai.com\/de\/#\/schema\/logo\/image\/"}}]}},"_links":{"self":[{"href":"https:\/\/ultimatebuggiesandquadsdubai.com\/de\/wp-json\/wp\/v2\/pages\/2024","targetHints":{"allow":["GET"]}}],"collection":[{"href":"https:\/\/ultimatebuggiesandquadsdubai.com\/de\/wp-json\/wp\/v2\/pages"}],"about":[{"href":"https:\/\/ultimatebuggiesandquadsdubai.com\/de\/wp-json\/wp\/v2\/types\/page"}],"author":[{"embeddable":true,"href":"https:\/\/ultimatebuggiesandquadsdubai.com\/de\/wp-json\/wp\/v2\/users\/2"}],"replies":[{"embeddable":true,"href":"https:\/\/ultimatebuggiesandquadsdubai.com\/de\/wp-json\/wp\/v2\/comments?post=2024"}],"version-history":[{"count":2,"href":"https:\/\/ultimatebuggiesandquadsdubai.com\/de\/wp-json\/wp\/v2\/pages\/2024\/revisions"}],"predecessor-version":[{"id":2315,"href":"https:\/\/ultimatebuggiesandquadsdubai.com\/de\/wp-json\/wp\/v2\/pages\/2024\/revisions\/2315"}],"wp:attachment":[{"href":"https:\/\/ultimatebuggiesandquadsdubai.com\/de\/wp-json\/wp\/v2\/media?parent=2024"}],"curies":[{"name":"wp","href":"https:\/\/api.w.org\/{rel}","templated":true}]}}