{"id":2017,"date":"2025-11-19T10:55:58","date_gmt":"2025-11-19T10:55:58","guid":{"rendered":"https:\/\/ultimatebuggiesandquadsdubai.com\/polaris-2-sitzer-buggy-dubai\/"},"modified":"2026-02-27T12:48:37","modified_gmt":"2026-02-27T12:48:37","slug":"polaris-2-sitzer-buggy-dubai","status":"publish","type":"page","link":"https:\/\/ultimatebuggiesandquadsdubai.com\/de\/polaris-2-sitzer-buggy-dubai\/","title":{"rendered":"Polaris 2-Sitzer Buggy Dubai"},"content":{"rendered":"\t\t<div data-elementor-type=\"wp-page\" data-elementor-id=\"2017\" class=\"elementor elementor-2017 elementor-536\" data-elementor-post-type=\"page\">\n\t\t\t\t\t\t<section class=\"elementor-section elementor-top-section elementor-element elementor-element-6490b89c elementor-section-height-min-height elementor-section-boxed elementor-section-height-default elementor-section-items-middle\" data-id=\"6490b89c\" data-element_type=\"section\" data-e-type=\"section\" data-settings=\"{&quot;background_background&quot;:&quot;classic&quot;}\">\n\t\t\t\t\t\t\t<div class=\"elementor-background-overlay\"><\/div>\n\t\t\t\t\t\t\t<div class=\"elementor-container elementor-column-gap-no\">\n\t\t\t\t\t<div class=\"elementor-column elementor-col-100 elementor-top-column elementor-element elementor-element-1f39d2de\" data-id=\"1f39d2de\" data-element_type=\"column\" data-e-type=\"column\">\n\t\t\t<div class=\"elementor-widget-wrap elementor-element-populated\">\n\t\t\t\t\t\t<div class=\"elementor-element elementor-element-979a8e5 elementor-invisible elementor-widget elementor-widget-heading\" data-id=\"979a8e5\" data-element_type=\"widget\" data-e-type=\"widget\" data-settings=\"{&quot;_animation&quot;:&quot;slideInDown&quot;}\" data-widget_type=\"heading.default\">\n\t\t\t\t<div class=\"elementor-widget-container\">\n\t\t\t\t\t<h1 class=\"elementor-heading-title elementor-size-xl\">1-st\u00fcndige Polaris 2-Sitzer Buggy-Tour \u2013 Dubai W\u00fcstenabenteuer<\/h1>\t\t\t\t<\/div>\n\t\t\t\t<\/div>\n\t\t\t\t\t<\/div>\n\t\t<\/div>\n\t\t\t\t\t<\/div>\n\t\t<\/section>\n\t\t\t\t<section class=\"elementor-section elementor-top-section elementor-element elementor-element-90da9e3 elementor-section-boxed elementor-section-height-default elementor-section-height-default\" data-id=\"90da9e3\" data-element_type=\"section\" data-e-type=\"section\">\n\t\t\t\t\t\t<div class=\"elementor-container elementor-column-gap-no\">\n\t\t\t\t\t<div class=\"elementor-column elementor-col-50 elementor-top-column elementor-element elementor-element-146c540\" data-id=\"146c540\" data-element_type=\"column\" data-e-type=\"column\">\n\t\t\t<div class=\"elementor-widget-wrap elementor-element-populated\">\n\t\t\t\t\t\t<div class=\"elementor-element elementor-element-bf7e19e elementor-widget elementor-widget-text-editor\" data-id=\"bf7e19e\" data-element_type=\"widget\" data-e-type=\"widget\" data-widget_type=\"text-editor.default\">\n\t\t\t\t<div class=\"elementor-widget-container\">\n\t\t\t\t\t\t\t\t\t<p class=\"p1\">Bezwinge die legend\u00e4ren roten D\u00fcnen Dubais am Steuer eines <strong data-start=\"979\" data-end=\"1005\">Polaris 2-Sitzer Buggys<\/strong>. Dieses <a href=\"https:\/\/ultimatebuggiesandquadsdubai.com\/de\/quadfahren-in-dubai\/\">1-st\u00fcndige gef\u00fchrte W\u00fcstenerlebnis<\/a> verbindet leistungsstarkes Fahren mit atemberaubender Landschaft \u2013 perfekt f\u00fcr Paare, Freunde und Abenteuerlustige. <\/p>\t\t\t\t\t\t\t\t<\/div>\n\t\t\t\t<\/div>\n\t\t\t\t<div class=\"elementor-element elementor-element-a7d3111 elementor-widget elementor-widget-shortcode\" data-id=\"a7d3111\" data-element_type=\"widget\" data-e-type=\"widget\" data-widget_type=\"shortcode.default\">\n\t\t\t\t<div class=\"elementor-widget-container\">\n\t\t\t\t\t\t\t<div class=\"elementor-shortcode\">\n          <div class=\"turitop_bswp_button_box_wrap\">\n\n                  <div class=\"load-turitop loading-turitop turitop_booking_system_box_button\"  data-service=\"P24\"  data-embed=\"box\" data-buttoncolor=\"green\" ><\/div>\n\n          <\/div>\n\n          <\/div>\n\t\t\t\t\t\t<\/div>\n\t\t\t\t<\/div>\n\t\t\t\t\t<\/div>\n\t\t<\/div>\n\t\t\t\t<div class=\"elementor-column elementor-col-50 elementor-top-column elementor-element elementor-element-ba57066\" data-id=\"ba57066\" data-element_type=\"column\" data-e-type=\"column\">\n\t\t\t<div class=\"elementor-widget-wrap elementor-element-populated\">\n\t\t\t\t\t\t<div class=\"elementor-element elementor-element-3d6ee70 elementor-arrows-position-inside elementor-widget elementor-widget-image-carousel\" data-id=\"3d6ee70\" data-element_type=\"widget\" data-e-type=\"widget\" data-settings=\"{&quot;slides_to_show&quot;:&quot;1&quot;,&quot;navigation&quot;:&quot;arrows&quot;,&quot;autoplay&quot;:&quot;yes&quot;,&quot;pause_on_hover&quot;:&quot;yes&quot;,&quot;pause_on_interaction&quot;:&quot;yes&quot;,&quot;autoplay_speed&quot;:5000,&quot;infinite&quot;:&quot;yes&quot;,&quot;effect&quot;:&quot;slide&quot;,&quot;speed&quot;:500}\" data-widget_type=\"image-carousel.default\">\n\t\t\t\t<div class=\"elementor-widget-container\">\n\t\t\t\t\t\t\t<div class=\"elementor-image-carousel-wrapper swiper\" role=\"region\" aria-roledescription=\"carousel\" aria-label=\"Image Carousel\" dir=\"ltr\">\n\t\t\t<div class=\"elementor-image-carousel swiper-wrapper\" aria-live=\"off\">\n\t\t\t\t\t\t\t\t<div class=\"swiper-slide\" role=\"group\" aria-roledescription=\"slide\" aria-label=\"1 von 4\"><figure class=\"swiper-slide-inner\"><img decoding=\"async\" class=\"swiper-slide-image\" src=\"https:\/\/ultimatebuggiesandquadsdubai.com\/wp-content\/uploads\/2025\/04\/DSC02579-opt-1024x682.jpg\" alt=\"Einzelfahrer-Polaris-Buggy-Fahrt in Dubais Sandd\u00fcnen\" \/><\/figure><\/div><div class=\"swiper-slide\" role=\"group\" aria-roledescription=\"slide\" aria-label=\"2 von 4\"><figure class=\"swiper-slide-inner\"><img decoding=\"async\" class=\"swiper-slide-image\" src=\"https:\/\/ultimatebuggiesandquadsdubai.com\/wp-content\/uploads\/2025\/04\/DSC02580-opt-1024x682.jpg\" alt=\"Polaris 2-Sitzer-Buggy geparkt in Dubais Sandd\u00fcnen\" \/><\/figure><\/div><div class=\"swiper-slide\" role=\"group\" aria-roledescription=\"slide\" aria-label=\"3 von 4\"><figure class=\"swiper-slide-inner\"><img decoding=\"async\" class=\"swiper-slide-image\" src=\"https:\/\/ultimatebuggiesandquadsdubai.com\/wp-content\/uploads\/2025\/04\/DSC02581-opt-1024x682.jpg\" alt=\"Polaris Dune Buggy im roten Sand von Dubai\" \/><\/figure><\/div><div class=\"swiper-slide\" role=\"group\" aria-roledescription=\"slide\" aria-label=\"4 von 4\"><figure class=\"swiper-slide-inner\"><img decoding=\"async\" class=\"swiper-slide-image\" src=\"https:\/\/ultimatebuggiesandquadsdubai.com\/wp-content\/uploads\/2025\/04\/DSC02582-opt-1024x682.jpg\" alt=\"Gef\u00fchrte Tour mit Polaris 2-Sitzer-D\u00fcnenbuggy\" \/><\/figure><\/div>\t\t\t<\/div>\n\t\t\t\t\t\t\t\t\t\t\t\t<div class=\"elementor-swiper-button elementor-swiper-button-prev\" role=\"button\" tabindex=\"0\">\n\t\t\t\t\t\t<svg aria-hidden=\"true\" class=\"e-font-icon-svg e-eicon-chevron-left\" viewBox=\"0 0 1000 1000\" xmlns=\"http:\/\/www.w3.org\/2000\/svg\"><path d=\"M646 125C629 125 613 133 604 142L308 442C296 454 292 471 292 487 292 504 296 521 308 533L604 854C617 867 629 875 646 875 663 875 679 871 692 858 704 846 713 829 713 812 713 796 708 779 692 767L438 487 692 225C700 217 708 204 708 187 708 171 704 154 692 142 675 129 663 125 646 125Z\"><\/path><\/svg>\t\t\t\t\t<\/div>\n\t\t\t\t\t<div class=\"elementor-swiper-button elementor-swiper-button-next\" role=\"button\" tabindex=\"0\">\n\t\t\t\t\t\t<svg aria-hidden=\"true\" class=\"e-font-icon-svg e-eicon-chevron-right\" viewBox=\"0 0 1000 1000\" xmlns=\"http:\/\/www.w3.org\/2000\/svg\"><path d=\"M696 533C708 521 713 504 713 487 713 471 708 454 696 446L400 146C388 133 375 125 354 125 338 125 325 129 313 142 300 154 292 171 292 187 292 204 296 221 308 233L563 492 304 771C292 783 288 800 288 817 288 833 296 850 308 863 321 871 338 875 354 875 371 875 388 867 400 854L696 533Z\"><\/path><\/svg>\t\t\t\t\t<\/div>\n\t\t\t\t\n\t\t\t\t\t\t\t\t\t<\/div>\n\t\t\t\t\t\t<\/div>\n\t\t\t\t<\/div>\n\t\t\t\t<div class=\"elementor-element elementor-element-0a05d79 elementor-widget elementor-widget-heading\" data-id=\"0a05d79\" data-element_type=\"widget\" data-e-type=\"widget\" data-widget_type=\"heading.default\">\n\t\t\t\t<div class=\"elementor-widget-container\">\n\t\t\t\t\t<h2 class=\"elementor-heading-title elementor-size-xl\">\u00dcber den Polaris 2-Sitzer Buggy<\/h2>\t\t\t\t<\/div>\n\t\t\t\t<\/div>\n\t\t\t\t<div class=\"elementor-element elementor-element-3c1aa1b elementor-widget elementor-widget-text-editor\" data-id=\"3c1aa1b\" data-element_type=\"widget\" data-e-type=\"widget\" data-widget_type=\"text-editor.default\">\n\t\t\t\t<div class=\"elementor-widget-container\">\n\t\t\t\t\t\t\t\t\t<p data-start=\"1199\" data-end=\"1396\">Unsere Polaris 2-Sitzer Buggys sind f\u00fcr Spa\u00df, Kraft und Kontrolle konzipiert. Komfortabel und robust sind diese Maschinen ideal, um den Nervenkitzel mit einem Partner oder Freund \u00fcber die D\u00fcnen von Lahbab zu teilen. <\/p><p data-start=\"1398\" data-end=\"1591\">Mit reaktionsschneller Handhabung und modernem Design erweckt dieser Buggy das W\u00fcstenfahren zum Leben.<\/p>\t\t\t\t\t\t\t\t<\/div>\n\t\t\t\t<\/div>\n\t\t\t\t<div class=\"elementor-element elementor-element-e54dc4c elementor-widget elementor-widget-heading\" data-id=\"e54dc4c\" data-element_type=\"widget\" data-e-type=\"widget\" data-widget_type=\"heading.default\">\n\t\t\t\t<div class=\"elementor-widget-container\">\n\t\t\t\t\t<h2 class=\"elementor-heading-title elementor-size-xl\">Bereit f\u00fcr die Fahrt deines Lebens?<\/h2>\t\t\t\t<\/div>\n\t\t\t\t<\/div>\n\t\t\t\t<div class=\"elementor-element elementor-element-7c49a66 elementor-widget elementor-widget-text-editor\" data-id=\"7c49a66\" data-element_type=\"widget\" data-e-type=\"widget\" data-widget_type=\"text-editor.default\">\n\t\t\t\t<div class=\"elementor-widget-container\">\n\t\t\t\t\t\t\t\t\t<p><a href=\"https:\/\/ultimatebuggiesandquadsdubai.com\/de\/buche-dune-buggy-quad-touren-dubai\/\"><strong>Buche heute deine 1-st\u00fcndige Polaris 2-Sitzer Buggy-Tour<\/strong><\/a><\/p>\t\t\t\t\t\t\t\t<\/div>\n\t\t\t\t<\/div>\n\t\t\t\t\t<\/div>\n\t\t<\/div>\n\t\t\t\t\t<\/div>\n\t\t<\/section>\n\t\t<div class=\"elementor-element elementor-element-f7ce06e e-flex e-con-boxed e-con e-parent\" data-id=\"f7ce06e\" data-element_type=\"container\" data-e-type=\"container\">\n\t\t\t\t\t<div class=\"e-con-inner\">\n\t\t<div class=\"elementor-element elementor-element-063901e e-con-full e-flex e-con e-child\" data-id=\"063901e\" data-element_type=\"container\" data-e-type=\"container\">\n\t\t\t\t<div class=\"elementor-element elementor-element-a2f6aab elementor-widget elementor-widget-heading\" data-id=\"a2f6aab\" data-element_type=\"widget\" data-e-type=\"widget\" data-widget_type=\"heading.default\">\n\t\t\t\t<div class=\"elementor-widget-container\">\n\t\t\t\t\t<h2 class=\"elementor-heading-title elementor-size-default\">Was dich erwartet<\/h2>\t\t\t\t<\/div>\n\t\t\t\t<\/div>\n\t\t\t\t<div class=\"elementor-element elementor-element-b3230e3 elementor-widget elementor-widget-text-editor\" data-id=\"b3230e3\" data-element_type=\"widget\" data-e-type=\"widget\" data-widget_type=\"text-editor.default\">\n\t\t\t\t<div class=\"elementor-widget-container\">\n\t\t\t\t\t\t\t\t\t<ul><li>Willkommensbriefing und Sicherheitseinweisung<\/li><li>1-st\u00fcndige gef\u00fchrte Polaris <a href=\"https:\/\/ultimatebuggiesandquadsdubai.com\/de\/buggy-quad-safari-dubai\/\">Buggy-Tour<\/a><\/li><li>Hei\u00dfe W\u00fcstenrouten mit malerischen Aussichtspunkten<\/li><li>Kostenlose Abholung vom Hotel &amp; R\u00fcckfahrt<\/li><li><a href=\"\/\">Geplante Fotostopps f\u00fcr Erinnerungen<\/a><\/li><\/ul><p>Ob du nach einem Adrenalinkick oder einem gemeinsamen Spa\u00dferlebnis suchst, diese Polaris <a href=\"https:\/\/ultimatebuggiesandquadsdubai.com\/de\/dune-buggy-dubai\/\">Buggy-Tour<\/a> bietet beides.<\/p>\t\t\t\t\t\t\t\t<\/div>\n\t\t\t\t<\/div>\n\t\t\t\t<\/div>\n\t\t<div class=\"elementor-element elementor-element-f22ef00 e-con-full e-flex e-con e-child\" data-id=\"f22ef00\" data-element_type=\"container\" data-e-type=\"container\">\n\t\t\t\t<div class=\"elementor-element elementor-element-6358034 elementor-widget elementor-widget-heading\" data-id=\"6358034\" data-element_type=\"widget\" data-e-type=\"widget\" data-widget_type=\"heading.default\">\n\t\t\t\t<div class=\"elementor-widget-container\">\n\t\t\t\t\t<h2 class=\"elementor-heading-title elementor-size-default\">F\u00fcr wen diese Tour geeignet ist<\/h2>\t\t\t\t<\/div>\n\t\t\t\t<\/div>\n\t\t\t\t<div class=\"elementor-element elementor-element-700e97b elementor-widget elementor-widget-text-editor\" data-id=\"700e97b\" data-element_type=\"widget\" data-e-type=\"widget\" data-widget_type=\"text-editor.default\">\n\t\t\t\t<div class=\"elementor-widget-container\">\n\t\t\t\t\t\t\t\t\t<p>Perfekt f\u00fcr:<\/p><ul><li>Erstmalige Dune-Buggy-Fahrer<\/li><li>Abenteuerlustige<\/li><li>Paare &amp; Freunde<\/li><li>Kleine Gruppen auf der Suche nach gemeinsamem Nervenkitzel<\/li><\/ul><p><a href=\"https:\/\/ultimatebuggiesandquadsdubai.com\/de\/faq\/\">Keine Vorkenntnisse erforderlich<\/a> \u2013 nur Abenteuerlust.<\/p>\t\t\t\t\t\t\t\t<\/div>\n\t\t\t\t<\/div>\n\t\t\t\t<\/div>\n\t\t<div class=\"elementor-element elementor-element-6fae5b3 e-con-full e-flex e-con e-child\" data-id=\"6fae5b3\" data-element_type=\"container\" data-e-type=\"container\">\n\t\t\t\t<div class=\"elementor-element elementor-element-23a2c46 elementor-widget elementor-widget-heading\" data-id=\"23a2c46\" data-element_type=\"widget\" data-e-type=\"widget\" data-widget_type=\"heading.default\">\n\t\t\t\t<div class=\"elementor-widget-container\">\n\t\t\t\t\t<h2 class=\"elementor-heading-title elementor-size-default\">Bequemlichkeit &amp; Komfort<\/h2>\t\t\t\t<\/div>\n\t\t\t\t<\/div>\n\t\t\t\t<div class=\"elementor-element elementor-element-cfc6d7c elementor-widget elementor-widget-text-editor\" data-id=\"cfc6d7c\" data-element_type=\"widget\" data-e-type=\"widget\" data-widget_type=\"text-editor.default\">\n\t\t\t\t<div class=\"elementor-widget-container\">\n\t\t\t\t\t\t\t\t\t<p>Diese Tour beinhaltet:<\/p><ul><li>Kostenlose Abholung und R\u00fcckfahrt<\/li><li>Professionelle W\u00fcstenguides<\/li><li>Sicherheitseinweisung und Ausr\u00fcstung<\/li><li>Flexible Vormittags- und Nachmittagszeiten<\/li><li><a href=\"\/\">Gut gewartete Polaris Buggys<\/a><\/li><\/ul><p>Wir machen es einfach, sicher und unvergesslich.<\/p>\t\t\t\t\t\t\t\t<\/div>\n\t\t\t\t<\/div>\n\t\t\t\t<\/div>\n\t\t\t\t\t<\/div>\n\t\t\t\t<\/div>\n\t\t\t\t<\/div>\n\t\t","protected":false},"excerpt":{"rendered":"<p>1-st\u00fcndige Polaris 2-Sitzer Buggy-Tour \u2013 Dubai W\u00fcstenabenteuer Bezwinge die legend\u00e4ren roten D\u00fcnen Dubais am Steuer eines Polaris 2-Sitzer Buggys. Dieses 1-st\u00fcndige gef\u00fchrte W\u00fcstenerlebnis verbindet leistungsstarkes Fahren mit atemberaubender Landschaft \u2013 perfekt f\u00fcr Paare, Freunde und Abenteuerlustige. \u00dcber den Polaris 2-Sitzer Buggy Unsere Polaris 2-Sitzer Buggys sind f\u00fcr Spa\u00df, Kraft und Kontrolle konzipiert. Komfortabel und robust [&hellip;]<\/p>\n","protected":false},"author":2,"featured_media":0,"parent":0,"menu_order":0,"comment_status":"closed","ping_status":"closed","template":"","meta":{"footnotes":""},"class_list":["post-2017","page","type-page","status-publish","hentry"],"yoast_head":"<!-- This site is optimized with the Yoast SEO plugin v27.4 - https:\/\/yoast.com\/product\/yoast-seo-wordpress\/ -->\n<title>Polaris 2-Sitzer Buggy Dubai | 1-st\u00fcndiges W\u00fcstenabenteuer<\/title>\n<meta name=\"description\" content=\"Fahre einen leistungsstarken Polaris 2-Sitzer Buggy \u00fcber Dubais rote D\u00fcnen. Gef\u00fchrte W\u00fcstentour mit Abholung, Sicherheitsausr\u00fcstung &amp; erfahrenen Guides. Buche jetzt deine Polaris Buggy-Fahrt.\" \/>\n<meta name=\"robots\" content=\"index, follow, max-snippet:-1, max-image-preview:large, max-video-preview:-1\" \/>\n<link rel=\"canonical\" href=\"https:\/\/ultimatebuggiesandquadsdubai.com\/de\/polaris-2-sitzer-buggy-dubai\/\" \/>\n<meta property=\"og:locale\" content=\"de_DE\" \/>\n<meta property=\"og:type\" content=\"article\" \/>\n<meta property=\"og:title\" content=\"Polaris 2-Sitzer Buggy Dubai | 1-st\u00fcndiges W\u00fcstenabenteuer\" \/>\n<meta property=\"og:description\" content=\"Fahre einen leistungsstarken Polaris 2-Sitzer Buggy \u00fcber Dubais rote D\u00fcnen. Gef\u00fchrte W\u00fcstentour mit Abholung, Sicherheitsausr\u00fcstung &amp; erfahrenen Guides. Buche jetzt deine Polaris Buggy-Fahrt.\" \/>\n<meta property=\"og:url\" content=\"https:\/\/ultimatebuggiesandquadsdubai.com\/de\/polaris-2-sitzer-buggy-dubai\/\" \/>\n<meta property=\"og:site_name\" content=\"Ultimate Buggies and Quads Dubai\" \/>\n<meta property=\"article:modified_time\" content=\"2026-02-27T12:48:37+00:00\" \/>\n<meta property=\"og:image\" content=\"https:\/\/ultimatebuggiesandquadsdubai.com\/wp-content\/uploads\/2025\/04\/DSC02579-opt-1024x682.jpg\" \/>\n<meta name=\"twitter:card\" content=\"summary_large_image\" \/>\n<meta name=\"twitter:label1\" content=\"Gesch\u00e4tzte Lesezeit\" \/>\n\t<meta name=\"twitter:data1\" content=\"1\u00a0Minute\" \/>\n<script type=\"application\/ld+json\" class=\"yoast-schema-graph\">{\"@context\":\"https:\\\/\\\/schema.org\",\"@graph\":[{\"@type\":\"WebPage\",\"@id\":\"https:\\\/\\\/ultimatebuggiesandquadsdubai.com\\\/de\\\/polaris-2-sitzer-buggy-dubai\\\/\",\"url\":\"https:\\\/\\\/ultimatebuggiesandquadsdubai.com\\\/de\\\/polaris-2-sitzer-buggy-dubai\\\/\",\"name\":\"Polaris 2-Sitzer Buggy Dubai | 1-st\u00fcndiges W\u00fcstenabenteuer\",\"isPartOf\":{\"@id\":\"https:\\\/\\\/ultimatebuggiesandquadsdubai.com\\\/de\\\/#website\"},\"primaryImageOfPage\":{\"@id\":\"https:\\\/\\\/ultimatebuggiesandquadsdubai.com\\\/de\\\/polaris-2-sitzer-buggy-dubai\\\/#primaryimage\"},\"image\":{\"@id\":\"https:\\\/\\\/ultimatebuggiesandquadsdubai.com\\\/de\\\/polaris-2-sitzer-buggy-dubai\\\/#primaryimage\"},\"thumbnailUrl\":\"https:\\\/\\\/ultimatebuggiesandquadsdubai.com\\\/wp-content\\\/uploads\\\/2025\\\/04\\\/DSC02579-opt-1024x682.jpg\",\"datePublished\":\"2025-11-19T10:55:58+00:00\",\"dateModified\":\"2026-02-27T12:48:37+00:00\",\"description\":\"Fahre einen leistungsstarken Polaris 2-Sitzer Buggy \u00fcber Dubais rote D\u00fcnen. Gef\u00fchrte W\u00fcstentour mit Abholung, Sicherheitsausr\u00fcstung & erfahrenen Guides. Buche jetzt deine Polaris Buggy-Fahrt.\",\"breadcrumb\":{\"@id\":\"https:\\\/\\\/ultimatebuggiesandquadsdubai.com\\\/de\\\/polaris-2-sitzer-buggy-dubai\\\/#breadcrumb\"},\"inLanguage\":\"de\",\"potentialAction\":[{\"@type\":\"ReadAction\",\"target\":[\"https:\\\/\\\/ultimatebuggiesandquadsdubai.com\\\/de\\\/polaris-2-sitzer-buggy-dubai\\\/\"]}]},{\"@type\":\"ImageObject\",\"inLanguage\":\"de\",\"@id\":\"https:\\\/\\\/ultimatebuggiesandquadsdubai.com\\\/de\\\/polaris-2-sitzer-buggy-dubai\\\/#primaryimage\",\"url\":\"https:\\\/\\\/ultimatebuggiesandquadsdubai.com\\\/wp-content\\\/uploads\\\/2025\\\/04\\\/DSC02579-opt-1024x682.jpg\",\"contentUrl\":\"https:\\\/\\\/ultimatebuggiesandquadsdubai.com\\\/wp-content\\\/uploads\\\/2025\\\/04\\\/DSC02579-opt-1024x682.jpg\"},{\"@type\":\"BreadcrumbList\",\"@id\":\"https:\\\/\\\/ultimatebuggiesandquadsdubai.com\\\/de\\\/polaris-2-sitzer-buggy-dubai\\\/#breadcrumb\",\"itemListElement\":[{\"@type\":\"ListItem\",\"position\":1,\"name\":\"Home\",\"item\":\"https:\\\/\\\/ultimatebuggiesandquadsdubai.com\\\/de\\\/\"},{\"@type\":\"ListItem\",\"position\":2,\"name\":\"Polaris 2-Sitzer Buggy Dubai\"}]},{\"@type\":\"WebSite\",\"@id\":\"https:\\\/\\\/ultimatebuggiesandquadsdubai.com\\\/de\\\/#website\",\"url\":\"https:\\\/\\\/ultimatebuggiesandquadsdubai.com\\\/de\\\/\",\"name\":\"Ultimate Buggies and Quads Dubai\",\"description\":\"\",\"publisher\":{\"@id\":\"https:\\\/\\\/ultimatebuggiesandquadsdubai.com\\\/de\\\/#organization\"},\"potentialAction\":[{\"@type\":\"SearchAction\",\"target\":{\"@type\":\"EntryPoint\",\"urlTemplate\":\"https:\\\/\\\/ultimatebuggiesandquadsdubai.com\\\/de\\\/?s={search_term_string}\"},\"query-input\":{\"@type\":\"PropertyValueSpecification\",\"valueRequired\":true,\"valueName\":\"search_term_string\"}}],\"inLanguage\":\"de\"},{\"@type\":\"Organization\",\"@id\":\"https:\\\/\\\/ultimatebuggiesandquadsdubai.com\\\/de\\\/#organization\",\"name\":\"Ultimate Buggies and Quads Dubai\",\"url\":\"https:\\\/\\\/ultimatebuggiesandquadsdubai.com\\\/de\\\/\",\"logo\":{\"@type\":\"ImageObject\",\"inLanguage\":\"de\",\"@id\":\"https:\\\/\\\/ultimatebuggiesandquadsdubai.com\\\/de\\\/#\\\/schema\\\/logo\\\/image\\\/\",\"url\":\"https:\\\/\\\/ultimatebuggiesandquadsdubai.com\\\/wp-content\\\/uploads\\\/2025\\\/02\\\/logo-final-white-dubai.png\",\"contentUrl\":\"https:\\\/\\\/ultimatebuggiesandquadsdubai.com\\\/wp-content\\\/uploads\\\/2025\\\/02\\\/logo-final-white-dubai.png\",\"width\":745,\"height\":366,\"caption\":\"Ultimate Buggies and Quads Dubai\"},\"image\":{\"@id\":\"https:\\\/\\\/ultimatebuggiesandquadsdubai.com\\\/de\\\/#\\\/schema\\\/logo\\\/image\\\/\"}}]}<\/script>\n<!-- \/ Yoast SEO plugin. -->","yoast_head_json":{"title":"Polaris 2-Sitzer Buggy Dubai | 1-st\u00fcndiges W\u00fcstenabenteuer","description":"Fahre einen leistungsstarken Polaris 2-Sitzer Buggy \u00fcber Dubais rote D\u00fcnen. Gef\u00fchrte W\u00fcstentour mit Abholung, Sicherheitsausr\u00fcstung & erfahrenen Guides. Buche jetzt deine Polaris Buggy-Fahrt.","robots":{"index":"index","follow":"follow","max-snippet":"max-snippet:-1","max-image-preview":"max-image-preview:large","max-video-preview":"max-video-preview:-1"},"canonical":"https:\/\/ultimatebuggiesandquadsdubai.com\/de\/polaris-2-sitzer-buggy-dubai\/","og_locale":"de_DE","og_type":"article","og_title":"Polaris 2-Sitzer Buggy Dubai | 1-st\u00fcndiges W\u00fcstenabenteuer","og_description":"Fahre einen leistungsstarken Polaris 2-Sitzer Buggy \u00fcber Dubais rote D\u00fcnen. Gef\u00fchrte W\u00fcstentour mit Abholung, Sicherheitsausr\u00fcstung & erfahrenen Guides. Buche jetzt deine Polaris Buggy-Fahrt.","og_url":"https:\/\/ultimatebuggiesandquadsdubai.com\/de\/polaris-2-sitzer-buggy-dubai\/","og_site_name":"Ultimate Buggies and Quads Dubai","article_modified_time":"2026-02-27T12:48:37+00:00","og_image":[{"url":"https:\/\/ultimatebuggiesandquadsdubai.com\/wp-content\/uploads\/2025\/04\/DSC02579-opt-1024x682.jpg","type":"","width":"","height":""}],"twitter_card":"summary_large_image","twitter_misc":{"Gesch\u00e4tzte Lesezeit":"1\u00a0Minute"},"schema":{"@context":"https:\/\/schema.org","@graph":[{"@type":"WebPage","@id":"https:\/\/ultimatebuggiesandquadsdubai.com\/de\/polaris-2-sitzer-buggy-dubai\/","url":"https:\/\/ultimatebuggiesandquadsdubai.com\/de\/polaris-2-sitzer-buggy-dubai\/","name":"Polaris 2-Sitzer Buggy Dubai | 1-st\u00fcndiges W\u00fcstenabenteuer","isPartOf":{"@id":"https:\/\/ultimatebuggiesandquadsdubai.com\/de\/#website"},"primaryImageOfPage":{"@id":"https:\/\/ultimatebuggiesandquadsdubai.com\/de\/polaris-2-sitzer-buggy-dubai\/#primaryimage"},"image":{"@id":"https:\/\/ultimatebuggiesandquadsdubai.com\/de\/polaris-2-sitzer-buggy-dubai\/#primaryimage"},"thumbnailUrl":"https:\/\/ultimatebuggiesandquadsdubai.com\/wp-content\/uploads\/2025\/04\/DSC02579-opt-1024x682.jpg","datePublished":"2025-11-19T10:55:58+00:00","dateModified":"2026-02-27T12:48:37+00:00","description":"Fahre einen leistungsstarken Polaris 2-Sitzer Buggy \u00fcber Dubais rote D\u00fcnen. Gef\u00fchrte W\u00fcstentour mit Abholung, Sicherheitsausr\u00fcstung & erfahrenen Guides. Buche jetzt deine Polaris Buggy-Fahrt.","breadcrumb":{"@id":"https:\/\/ultimatebuggiesandquadsdubai.com\/de\/polaris-2-sitzer-buggy-dubai\/#breadcrumb"},"inLanguage":"de","potentialAction":[{"@type":"ReadAction","target":["https:\/\/ultimatebuggiesandquadsdubai.com\/de\/polaris-2-sitzer-buggy-dubai\/"]}]},{"@type":"ImageObject","inLanguage":"de","@id":"https:\/\/ultimatebuggiesandquadsdubai.com\/de\/polaris-2-sitzer-buggy-dubai\/#primaryimage","url":"https:\/\/ultimatebuggiesandquadsdubai.com\/wp-content\/uploads\/2025\/04\/DSC02579-opt-1024x682.jpg","contentUrl":"https:\/\/ultimatebuggiesandquadsdubai.com\/wp-content\/uploads\/2025\/04\/DSC02579-opt-1024x682.jpg"},{"@type":"BreadcrumbList","@id":"https:\/\/ultimatebuggiesandquadsdubai.com\/de\/polaris-2-sitzer-buggy-dubai\/#breadcrumb","itemListElement":[{"@type":"ListItem","position":1,"name":"Home","item":"https:\/\/ultimatebuggiesandquadsdubai.com\/de\/"},{"@type":"ListItem","position":2,"name":"Polaris 2-Sitzer Buggy Dubai"}]},{"@type":"WebSite","@id":"https:\/\/ultimatebuggiesandquadsdubai.com\/de\/#website","url":"https:\/\/ultimatebuggiesandquadsdubai.com\/de\/","name":"Ultimate Buggies and Quads Dubai","description":"","publisher":{"@id":"https:\/\/ultimatebuggiesandquadsdubai.com\/de\/#organization"},"potentialAction":[{"@type":"SearchAction","target":{"@type":"EntryPoint","urlTemplate":"https:\/\/ultimatebuggiesandquadsdubai.com\/de\/?s={search_term_string}"},"query-input":{"@type":"PropertyValueSpecification","valueRequired":true,"valueName":"search_term_string"}}],"inLanguage":"de"},{"@type":"Organization","@id":"https:\/\/ultimatebuggiesandquadsdubai.com\/de\/#organization","name":"Ultimate Buggies and Quads Dubai","url":"https:\/\/ultimatebuggiesandquadsdubai.com\/de\/","logo":{"@type":"ImageObject","inLanguage":"de","@id":"https:\/\/ultimatebuggiesandquadsdubai.com\/de\/#\/schema\/logo\/image\/","url":"https:\/\/ultimatebuggiesandquadsdubai.com\/wp-content\/uploads\/2025\/02\/logo-final-white-dubai.png","contentUrl":"https:\/\/ultimatebuggiesandquadsdubai.com\/wp-content\/uploads\/2025\/02\/logo-final-white-dubai.png","width":745,"height":366,"caption":"Ultimate Buggies and Quads Dubai"},"image":{"@id":"https:\/\/ultimatebuggiesandquadsdubai.com\/de\/#\/schema\/logo\/image\/"}}]}},"_links":{"self":[{"href":"https:\/\/ultimatebuggiesandquadsdubai.com\/de\/wp-json\/wp\/v2\/pages\/2017","targetHints":{"allow":["GET"]}}],"collection":[{"href":"https:\/\/ultimatebuggiesandquadsdubai.com\/de\/wp-json\/wp\/v2\/pages"}],"about":[{"href":"https:\/\/ultimatebuggiesandquadsdubai.com\/de\/wp-json\/wp\/v2\/types\/page"}],"author":[{"embeddable":true,"href":"https:\/\/ultimatebuggiesandquadsdubai.com\/de\/wp-json\/wp\/v2\/users\/2"}],"replies":[{"embeddable":true,"href":"https:\/\/ultimatebuggiesandquadsdubai.com\/de\/wp-json\/wp\/v2\/comments?post=2017"}],"version-history":[{"count":1,"href":"https:\/\/ultimatebuggiesandquadsdubai.com\/de\/wp-json\/wp\/v2\/pages\/2017\/revisions"}],"predecessor-version":[{"id":2018,"href":"https:\/\/ultimatebuggiesandquadsdubai.com\/de\/wp-json\/wp\/v2\/pages\/2017\/revisions\/2018"}],"wp:attachment":[{"href":"https:\/\/ultimatebuggiesandquadsdubai.com\/de\/wp-json\/wp\/v2\/media?parent=2017"}],"curies":[{"name":"wp","href":"https:\/\/api.w.org\/{rel}","templated":true}]}}