{"id":1975,"date":"2026-01-19T11:53:35","date_gmt":"2026-01-19T11:53:35","guid":{"rendered":"https:\/\/ultimatebuggiesandquadsdubai.com\/2-stunden-polaris-buggy-dubai\/"},"modified":"2026-02-27T12:46:45","modified_gmt":"2026-02-27T12:46:45","slug":"2-stunden-polaris-buggy-dubai","status":"publish","type":"page","link":"https:\/\/ultimatebuggiesandquadsdubai.com\/de\/2-stunden-polaris-buggy-dubai\/","title":{"rendered":"2 Stunden Polaris Buggy Dubai"},"content":{"rendered":"\t\t<div data-elementor-type=\"wp-page\" data-elementor-id=\"1975\" class=\"elementor elementor-1975 elementor-693\" data-elementor-post-type=\"page\">\n\t\t\t\t\t\t<section class=\"elementor-section elementor-top-section elementor-element elementor-element-6490b89c elementor-section-height-min-height elementor-section-boxed elementor-section-height-default elementor-section-items-middle\" data-id=\"6490b89c\" data-element_type=\"section\" data-e-type=\"section\" data-settings=\"{&quot;background_background&quot;:&quot;classic&quot;}\">\n\t\t\t\t\t\t\t<div class=\"elementor-background-overlay\"><\/div>\n\t\t\t\t\t\t\t<div class=\"elementor-container elementor-column-gap-no\">\n\t\t\t\t\t<div class=\"elementor-column elementor-col-100 elementor-top-column elementor-element elementor-element-1f39d2de\" data-id=\"1f39d2de\" data-element_type=\"column\" data-e-type=\"column\">\n\t\t\t<div class=\"elementor-widget-wrap elementor-element-populated\">\n\t\t\t\t\t\t<div class=\"elementor-element elementor-element-979a8e5 elementor-invisible elementor-widget elementor-widget-heading\" data-id=\"979a8e5\" data-element_type=\"widget\" data-e-type=\"widget\" data-settings=\"{&quot;_animation&quot;:&quot;slideInDown&quot;}\" data-widget_type=\"heading.default\">\n\t\t\t\t<div class=\"elementor-widget-container\">\n\t\t\t\t\t<h1 class=\"elementor-heading-title elementor-size-xl\">2-Stunden Polaris 2-Sitzer Buggy Tour \u2013 Dubai W\u00fcstenabenteuer<\/h1>\t\t\t\t<\/div>\n\t\t\t\t<\/div>\n\t\t\t\t\t<\/div>\n\t\t<\/div>\n\t\t\t\t\t<\/div>\n\t\t<\/section>\n\t\t\t\t<section class=\"elementor-section elementor-top-section elementor-element elementor-element-b91fcdb elementor-section-boxed elementor-section-height-default elementor-section-height-default\" data-id=\"b91fcdb\" data-element_type=\"section\" data-e-type=\"section\">\n\t\t\t\t\t\t<div class=\"elementor-container elementor-column-gap-no\">\n\t\t\t\t\t<div class=\"elementor-column elementor-col-50 elementor-top-column elementor-element elementor-element-e0588d5\" data-id=\"e0588d5\" data-element_type=\"column\" data-e-type=\"column\">\n\t\t\t<div class=\"elementor-widget-wrap elementor-element-populated\">\n\t\t\t\t\t\t<div class=\"elementor-element elementor-element-ca46571 elementor-widget elementor-widget-text-editor\" data-id=\"ca46571\" data-element_type=\"widget\" data-e-type=\"widget\" data-widget_type=\"text-editor.default\">\n\t\t\t\t<div class=\"elementor-widget-container\">\n\t\t\t\t\t\t\t\t\t<p data-start=\"930\" data-end=\"1209\">Erweitere dein <a href=\"https:\/\/ultimatebuggiesandquadsdubai.com\/de\/quadfahren-in-dubai\/\">W\u00fcstenerlebnis<\/a> mit unserer <strong data-start=\"975\" data-end=\"1013\">2-Stunden Polaris 2-Sitzer <a href=\"https:\/\/ultimatebuggiesandquadsdubai.com\/de\/dune-buggy-dubai\/\">Buggy Tour<\/a><\/strong>. Fahre einen leistungsstarken Polaris Buggy durch die ikonischen roten D\u00fcnen der Lahbab-W\u00fcste Dubais. Dieses erweiterte Abenteuer verbindet aufregendes Offroad-Fahren mit malerischer Erkundung f\u00fcr eine unvergessliche Fahrt.  <\/p><p data-start=\"1211\" data-end=\"1299\">Perfekt f\u00fcr Paare, Freunde und Abenteuerliebhaber, die <strong data-start=\"1271\" data-end=\"1298\">mehr Zeit in der W\u00fcste<\/strong> verbringen m\u00f6chten.<\/p>\t\t\t\t\t\t\t\t<\/div>\n\t\t\t\t<\/div>\n\t\t\t\t<div class=\"elementor-element elementor-element-8713180 elementor-widget elementor-widget-shortcode\" data-id=\"8713180\" data-element_type=\"widget\" data-e-type=\"widget\" data-widget_type=\"shortcode.default\">\n\t\t\t\t<div class=\"elementor-widget-container\">\n\t\t\t\t\t\t\t<div class=\"elementor-shortcode\">\n          <div class=\"turitop_bswp_button_box_wrap\">\n\n                  <div class=\"load-turitop loading-turitop turitop_booking_system_box_button\"  data-service=\"P32\"  data-embed=\"box\" data-buttoncolor=\"green\" ><\/div>\n\n          <\/div>\n\n          <\/div>\n\t\t\t\t\t\t<\/div>\n\t\t\t\t<\/div>\n\t\t\t\t\t<\/div>\n\t\t<\/div>\n\t\t\t\t<div class=\"elementor-column elementor-col-50 elementor-top-column elementor-element elementor-element-42ed5c4\" data-id=\"42ed5c4\" data-element_type=\"column\" data-e-type=\"column\">\n\t\t\t<div class=\"elementor-widget-wrap elementor-element-populated\">\n\t\t\t\t\t\t<div class=\"elementor-element elementor-element-af730b6 elementor-arrows-position-inside elementor-widget elementor-widget-image-carousel\" data-id=\"af730b6\" data-element_type=\"widget\" data-e-type=\"widget\" data-settings=\"{&quot;slides_to_show&quot;:&quot;1&quot;,&quot;navigation&quot;:&quot;arrows&quot;,&quot;autoplay&quot;:&quot;yes&quot;,&quot;pause_on_hover&quot;:&quot;yes&quot;,&quot;pause_on_interaction&quot;:&quot;yes&quot;,&quot;autoplay_speed&quot;:5000,&quot;infinite&quot;:&quot;yes&quot;,&quot;effect&quot;:&quot;slide&quot;,&quot;speed&quot;:500}\" data-widget_type=\"image-carousel.default\">\n\t\t\t\t<div class=\"elementor-widget-container\">\n\t\t\t\t\t\t\t<div class=\"elementor-image-carousel-wrapper swiper\" role=\"region\" aria-roledescription=\"carousel\" aria-label=\"Image Carousel\" dir=\"ltr\">\n\t\t\t<div class=\"elementor-image-carousel swiper-wrapper\" aria-live=\"off\">\n\t\t\t\t\t\t\t\t<div class=\"swiper-slide\" role=\"group\" aria-roledescription=\"slide\" aria-label=\"1 von 4\"><figure class=\"swiper-slide-inner\"><img decoding=\"async\" class=\"swiper-slide-image\" src=\"https:\/\/ultimatebuggiesandquadsdubai.com\/wp-content\/uploads\/2025\/04\/DSC02579-opt-1024x682.jpg\" alt=\"Einzelfahrer-Polaris-Buggy-Fahrt in Dubais Sandd\u00fcnen\" \/><\/figure><\/div><div class=\"swiper-slide\" role=\"group\" aria-roledescription=\"slide\" aria-label=\"2 von 4\"><figure class=\"swiper-slide-inner\"><img decoding=\"async\" class=\"swiper-slide-image\" src=\"https:\/\/ultimatebuggiesandquadsdubai.com\/wp-content\/uploads\/2025\/04\/DSC02580-opt-1024x682.jpg\" alt=\"Polaris 2-Sitzer-Buggy geparkt in Dubais Sandd\u00fcnen\" \/><\/figure><\/div><div class=\"swiper-slide\" role=\"group\" aria-roledescription=\"slide\" aria-label=\"3 von 4\"><figure class=\"swiper-slide-inner\"><img decoding=\"async\" class=\"swiper-slide-image\" src=\"https:\/\/ultimatebuggiesandquadsdubai.com\/wp-content\/uploads\/2025\/04\/DSC02581-opt-1024x682.jpg\" alt=\"Polaris Dune Buggy im roten Sand von Dubai\" \/><\/figure><\/div><div class=\"swiper-slide\" role=\"group\" aria-roledescription=\"slide\" aria-label=\"4 von 4\"><figure class=\"swiper-slide-inner\"><img decoding=\"async\" class=\"swiper-slide-image\" src=\"https:\/\/ultimatebuggiesandquadsdubai.com\/wp-content\/uploads\/2025\/04\/DSC02582-opt-1024x682.jpg\" alt=\"Gef\u00fchrte Tour mit Polaris 2-Sitzer-D\u00fcnenbuggy\" \/><\/figure><\/div>\t\t\t<\/div>\n\t\t\t\t\t\t\t\t\t\t\t\t<div class=\"elementor-swiper-button elementor-swiper-button-prev\" role=\"button\" tabindex=\"0\">\n\t\t\t\t\t\t<svg aria-hidden=\"true\" class=\"e-font-icon-svg e-eicon-chevron-left\" viewBox=\"0 0 1000 1000\" xmlns=\"http:\/\/www.w3.org\/2000\/svg\"><path d=\"M646 125C629 125 613 133 604 142L308 442C296 454 292 471 292 487 292 504 296 521 308 533L604 854C617 867 629 875 646 875 663 875 679 871 692 858 704 846 713 829 713 812 713 796 708 779 692 767L438 487 692 225C700 217 708 204 708 187 708 171 704 154 692 142 675 129 663 125 646 125Z\"><\/path><\/svg>\t\t\t\t\t<\/div>\n\t\t\t\t\t<div class=\"elementor-swiper-button elementor-swiper-button-next\" role=\"button\" tabindex=\"0\">\n\t\t\t\t\t\t<svg aria-hidden=\"true\" class=\"e-font-icon-svg e-eicon-chevron-right\" viewBox=\"0 0 1000 1000\" xmlns=\"http:\/\/www.w3.org\/2000\/svg\"><path d=\"M696 533C708 521 713 504 713 487 713 471 708 454 696 446L400 146C388 133 375 125 354 125 338 125 325 129 313 142 300 154 292 171 292 187 292 204 296 221 308 233L563 492 304 771C292 783 288 800 288 817 288 833 296 850 308 863 321 871 338 875 354 875 371 875 388 867 400 854L696 533Z\"><\/path><\/svg>\t\t\t\t\t<\/div>\n\t\t\t\t\n\t\t\t\t\t\t\t\t\t<\/div>\n\t\t\t\t\t\t<\/div>\n\t\t\t\t<\/div>\n\t\t\t\t<div class=\"elementor-element elementor-element-8b69ce2 elementor-widget elementor-widget-heading\" data-id=\"8b69ce2\" data-element_type=\"widget\" data-e-type=\"widget\" data-widget_type=\"heading.default\">\n\t\t\t\t<div class=\"elementor-widget-container\">\n\t\t\t\t\t<h2 class=\"elementor-heading-title elementor-size-xl\">\u00dcber den Polaris 2-Sitzer Buggy<\/h2>\t\t\t\t<\/div>\n\t\t\t\t<\/div>\n\t\t\t\t<div class=\"elementor-element elementor-element-4f47a69 elementor-widget elementor-widget-text-editor\" data-id=\"4f47a69\" data-element_type=\"widget\" data-e-type=\"widget\" data-widget_type=\"text-editor.default\">\n\t\t\t\t<div class=\"elementor-widget-container\">\n\t\t\t\t\t\t\t\t\t<p data-start=\"1347\" data-end=\"1582\">Unsere Polaris 2-Sitzer Buggys sind sowohl auf Leistung als auch auf Fahrspa\u00df ausgelegt. Mit ihrer geschmeidigen Handhabung und reaktionsschnellen Steuerung sind diese Fahrzeuge ideal f\u00fcr ausgedehnte W\u00fcstenrouten. Genie\u00dfe tieferes W\u00fcstengel\u00e4nde, weitl\u00e4ufigere D\u00fcnen und malerische Ausblicke.  <\/p><p data-start=\"1584\" data-end=\"1741\">Teile die Fahrt und die Aufregung mit deinem Beifahrer.<\/p>\t\t\t\t\t\t\t\t<\/div>\n\t\t\t\t<\/div>\n\t\t\t\t<div class=\"elementor-element elementor-element-d08b2c1 elementor-widget elementor-widget-heading\" data-id=\"d08b2c1\" data-element_type=\"widget\" data-e-type=\"widget\" data-widget_type=\"heading.default\">\n\t\t\t\t<div class=\"elementor-widget-container\">\n\t\t\t\t\t<h2 class=\"elementor-heading-title elementor-size-xl\">Bereit, tiefer in die D\u00fcnen einzutauchen?<\/h2>\t\t\t\t<\/div>\n\t\t\t\t<\/div>\n\t\t\t\t<div class=\"elementor-element elementor-element-d2a4c0b elementor-widget elementor-widget-text-editor\" data-id=\"d2a4c0b\" data-element_type=\"widget\" data-e-type=\"widget\" data-widget_type=\"text-editor.default\">\n\t\t\t\t<div class=\"elementor-widget-container\">\n\t\t\t\t\t\t\t\t\t<p><a href=\"https:\/\/ultimatebuggiesandquadsdubai.com\/de\/buche-dune-buggy-quad-touren-dubai\/\"><strong>Buche deine 2-Stunden Polaris 2-Sitzer Buggy Tour noch heute<\/strong><\/a><\/p>\t\t\t\t\t\t\t\t<\/div>\n\t\t\t\t<\/div>\n\t\t\t\t\t<\/div>\n\t\t<\/div>\n\t\t\t\t\t<\/div>\n\t\t<\/section>\n\t\t<div class=\"elementor-element elementor-element-dfdb7d3 e-flex e-con-boxed e-con e-parent\" data-id=\"dfdb7d3\" data-element_type=\"container\" data-e-type=\"container\">\n\t\t\t\t\t<div class=\"e-con-inner\">\n\t\t<div class=\"elementor-element elementor-element-e69d59a e-con-full e-flex e-con e-child\" data-id=\"e69d59a\" data-element_type=\"container\" data-e-type=\"container\">\n\t\t\t\t<div class=\"elementor-element elementor-element-a06cd9e elementor-widget elementor-widget-heading\" data-id=\"a06cd9e\" data-element_type=\"widget\" data-e-type=\"widget\" data-widget_type=\"heading.default\">\n\t\t\t\t<div class=\"elementor-widget-container\">\n\t\t\t\t\t<h2 class=\"elementor-heading-title elementor-size-default\">Was dich erwartet<\/h2>\t\t\t\t<\/div>\n\t\t\t\t<\/div>\n\t\t\t\t<div class=\"elementor-element elementor-element-e6e237e elementor-widget elementor-widget-text-editor\" data-id=\"e6e237e\" data-element_type=\"widget\" data-e-type=\"widget\" data-widget_type=\"text-editor.default\">\n\t\t\t\t<div class=\"elementor-widget-container\">\n\t\t\t\t\t\t\t\t\t<ul><li>Umfassende Sicherheitseinweisung und professionelle Anleitung<\/li><li>2 Stunden gef\u00fchrte W\u00fcstenfahrt<\/li><li>Malerische Routen durch rote D\u00fcnen<\/li><li>Fotostopps an Panorama-Aussichtspunkten<\/li><li>Kostenlose Abholung &amp; R\u00fccktransfer vom Hotel<\/li><\/ul><p>Diese ausgedehnte Fahrt ist f\u00fcr Erkundung, Nervenkitzel und bleibende Erinnerungen konzipiert.<\/p>\t\t\t\t\t\t\t\t<\/div>\n\t\t\t\t<\/div>\n\t\t\t\t<\/div>\n\t\t<div class=\"elementor-element elementor-element-84ea457 e-con-full e-flex e-con e-child\" data-id=\"84ea457\" data-element_type=\"container\" data-e-type=\"container\">\n\t\t\t\t<div class=\"elementor-element elementor-element-a13de75 elementor-widget elementor-widget-heading\" data-id=\"a13de75\" data-element_type=\"widget\" data-e-type=\"widget\" data-widget_type=\"heading.default\">\n\t\t\t\t<div class=\"elementor-widget-container\">\n\t\t\t\t\t<h2 class=\"elementor-heading-title elementor-size-default\">F\u00fcr wen diese Tour geeignet ist<\/h2>\t\t\t\t<\/div>\n\t\t\t\t<\/div>\n\t\t\t\t<div class=\"elementor-element elementor-element-2512e4f elementor-widget elementor-widget-text-editor\" data-id=\"2512e4f\" data-element_type=\"widget\" data-e-type=\"widget\" data-widget_type=\"text-editor.default\">\n\t\t\t\t<div class=\"elementor-widget-container\">\n\t\t\t\t\t\t\t\t\t<p>Perfekt f\u00fcr:<\/p><ul><li>Besucher, die ein l\u00e4ngeres W\u00fcstenerlebnis w\u00fcnschen<\/li><li>Paare &amp; Freunde<\/li><li>Erstfahrer und erfahrene Fahrer<\/li><li>Jeder, der ein unvergessliches <a href=\"https:\/\/ultimatebuggiesandquadsdubai.com\/de\/buggy-quad-safari-dubai\/\">W\u00fcstenabenteuer<\/a> sucht<\/li><\/ul><p><a href=\"https:\/\/ultimatebuggiesandquadsdubai.com\/faqs\/\">Keine Vorkenntnisse erforderlich<\/a> \u2013 wir unterst\u00fctzen dich bei jedem Schritt.<\/p>\t\t\t\t\t\t\t\t<\/div>\n\t\t\t\t<\/div>\n\t\t\t\t<\/div>\n\t\t<div class=\"elementor-element elementor-element-729d290 e-con-full e-flex e-con e-child\" data-id=\"729d290\" data-element_type=\"container\" data-e-type=\"container\">\n\t\t\t\t<div class=\"elementor-element elementor-element-c6899fc elementor-widget elementor-widget-heading\" data-id=\"c6899fc\" data-element_type=\"widget\" data-e-type=\"widget\" data-widget_type=\"heading.default\">\n\t\t\t\t<div class=\"elementor-widget-container\">\n\t\t\t\t\t<h2 class=\"elementor-heading-title elementor-size-default\">Komfort &amp; Bequemlichkeit<\/h2>\t\t\t\t<\/div>\n\t\t\t\t<\/div>\n\t\t\t\t<div class=\"elementor-element elementor-element-9d2be10 elementor-widget elementor-widget-text-editor\" data-id=\"9d2be10\" data-element_type=\"widget\" data-e-type=\"widget\" data-widget_type=\"text-editor.default\">\n\t\t\t\t<div class=\"elementor-widget-container\">\n\t\t\t\t\t\t\t\t\t<p>Deine Buchung beinhaltet:<\/p><ul><li>Abholung &amp; R\u00fccktransfer vom Hotel<\/li><li>Professionelle Guides<\/li><li>Sicherheitseinweisung mit Helmen<\/li><li>Flexible Zeitfenster (morgens\/nachmittags)<\/li><li>Komfortabler Polaris 2-Sitzer Buggy<\/li><\/ul><p>Genie\u00dfe eine nahtlose, aufregende und sichere W\u00fcstenreise.<\/p>\t\t\t\t\t\t\t\t<\/div>\n\t\t\t\t<\/div>\n\t\t\t\t<\/div>\n\t\t\t\t\t<\/div>\n\t\t\t\t<\/div>\n\t\t\t\t<\/div>\n\t\t","protected":false},"excerpt":{"rendered":"<p>2-Stunden Polaris 2-Sitzer Buggy Tour \u2013 Dubai W\u00fcstenabenteuer Erweitere dein W\u00fcstenerlebnis mit unserer 2-Stunden Polaris 2-Sitzer Buggy Tour. Fahre einen leistungsstarken Polaris Buggy durch die ikonischen roten D\u00fcnen der Lahbab-W\u00fcste Dubais. Dieses erweiterte Abenteuer verbindet aufregendes Offroad-Fahren mit malerischer Erkundung f\u00fcr eine unvergessliche Fahrt. Perfekt f\u00fcr Paare, Freunde und Abenteuerliebhaber, die mehr Zeit in der [&hellip;]<\/p>\n","protected":false},"author":2,"featured_media":0,"parent":0,"menu_order":0,"comment_status":"closed","ping_status":"closed","template":"","meta":{"footnotes":""},"class_list":["post-1975","page","type-page","status-publish","hentry"],"yoast_head":"<!-- This site is optimized with the Yoast SEO plugin v27.4 - https:\/\/yoast.com\/product\/yoast-seo-wordpress\/ -->\n<title>2-Stunden Polaris Buggy Dubai | Erweitertes W\u00fcstenabenteuer<\/title>\n<meta name=\"description\" content=\"Genie\u00dfe eine 2-st\u00fcndige Polaris 2-Sitzer Buggy Tour durch Dubais rote D\u00fcnen. Erweitertes gef\u00fchrtes W\u00fcstenabenteuer mit Abholung, Sicherheitsausr\u00fcstung &amp; erfahrenen Guides. Jetzt buchen.\" \/>\n<meta name=\"robots\" content=\"index, follow, max-snippet:-1, max-image-preview:large, max-video-preview:-1\" \/>\n<link rel=\"canonical\" href=\"https:\/\/ultimatebuggiesandquadsdubai.com\/de\/2-stunden-polaris-buggy-dubai\/\" \/>\n<meta property=\"og:locale\" content=\"de_DE\" \/>\n<meta property=\"og:type\" content=\"article\" \/>\n<meta property=\"og:title\" content=\"2-Stunden Polaris Buggy Dubai | Erweitertes W\u00fcstenabenteuer\" \/>\n<meta property=\"og:description\" content=\"Genie\u00dfe eine 2-st\u00fcndige Polaris 2-Sitzer Buggy Tour durch Dubais rote D\u00fcnen. Erweitertes gef\u00fchrtes W\u00fcstenabenteuer mit Abholung, Sicherheitsausr\u00fcstung &amp; erfahrenen Guides. Jetzt buchen.\" \/>\n<meta property=\"og:url\" content=\"https:\/\/ultimatebuggiesandquadsdubai.com\/de\/2-stunden-polaris-buggy-dubai\/\" \/>\n<meta property=\"og:site_name\" content=\"Ultimate Buggies and Quads Dubai\" \/>\n<meta property=\"article:modified_time\" content=\"2026-02-27T12:46:45+00:00\" \/>\n<meta property=\"og:image\" content=\"https:\/\/ultimatebuggiesandquadsdubai.com\/wp-content\/uploads\/2025\/04\/DSC02579-opt-1024x682.jpg\" \/>\n<meta name=\"twitter:card\" content=\"summary_large_image\" \/>\n<meta name=\"twitter:label1\" content=\"Gesch\u00e4tzte Lesezeit\" \/>\n\t<meta name=\"twitter:data1\" content=\"1\u00a0Minute\" \/>\n<script type=\"application\/ld+json\" class=\"yoast-schema-graph\">{\"@context\":\"https:\\\/\\\/schema.org\",\"@graph\":[{\"@type\":\"WebPage\",\"@id\":\"https:\\\/\\\/ultimatebuggiesandquadsdubai.com\\\/de\\\/2-stunden-polaris-buggy-dubai\\\/\",\"url\":\"https:\\\/\\\/ultimatebuggiesandquadsdubai.com\\\/de\\\/2-stunden-polaris-buggy-dubai\\\/\",\"name\":\"2-Stunden Polaris Buggy Dubai | Erweitertes W\u00fcstenabenteuer\",\"isPartOf\":{\"@id\":\"https:\\\/\\\/ultimatebuggiesandquadsdubai.com\\\/de\\\/#website\"},\"primaryImageOfPage\":{\"@id\":\"https:\\\/\\\/ultimatebuggiesandquadsdubai.com\\\/de\\\/2-stunden-polaris-buggy-dubai\\\/#primaryimage\"},\"image\":{\"@id\":\"https:\\\/\\\/ultimatebuggiesandquadsdubai.com\\\/de\\\/2-stunden-polaris-buggy-dubai\\\/#primaryimage\"},\"thumbnailUrl\":\"https:\\\/\\\/ultimatebuggiesandquadsdubai.com\\\/wp-content\\\/uploads\\\/2025\\\/04\\\/DSC02579-opt-1024x682.jpg\",\"datePublished\":\"2026-01-19T11:53:35+00:00\",\"dateModified\":\"2026-02-27T12:46:45+00:00\",\"description\":\"Genie\u00dfe eine 2-st\u00fcndige Polaris 2-Sitzer Buggy Tour durch Dubais rote D\u00fcnen. Erweitertes gef\u00fchrtes W\u00fcstenabenteuer mit Abholung, Sicherheitsausr\u00fcstung & erfahrenen Guides. Jetzt buchen.\",\"breadcrumb\":{\"@id\":\"https:\\\/\\\/ultimatebuggiesandquadsdubai.com\\\/de\\\/2-stunden-polaris-buggy-dubai\\\/#breadcrumb\"},\"inLanguage\":\"de\",\"potentialAction\":[{\"@type\":\"ReadAction\",\"target\":[\"https:\\\/\\\/ultimatebuggiesandquadsdubai.com\\\/de\\\/2-stunden-polaris-buggy-dubai\\\/\"]}]},{\"@type\":\"ImageObject\",\"inLanguage\":\"de\",\"@id\":\"https:\\\/\\\/ultimatebuggiesandquadsdubai.com\\\/de\\\/2-stunden-polaris-buggy-dubai\\\/#primaryimage\",\"url\":\"https:\\\/\\\/ultimatebuggiesandquadsdubai.com\\\/wp-content\\\/uploads\\\/2025\\\/04\\\/DSC02579-opt-1024x682.jpg\",\"contentUrl\":\"https:\\\/\\\/ultimatebuggiesandquadsdubai.com\\\/wp-content\\\/uploads\\\/2025\\\/04\\\/DSC02579-opt-1024x682.jpg\"},{\"@type\":\"BreadcrumbList\",\"@id\":\"https:\\\/\\\/ultimatebuggiesandquadsdubai.com\\\/de\\\/2-stunden-polaris-buggy-dubai\\\/#breadcrumb\",\"itemListElement\":[{\"@type\":\"ListItem\",\"position\":1,\"name\":\"Home\",\"item\":\"https:\\\/\\\/ultimatebuggiesandquadsdubai.com\\\/de\\\/\"},{\"@type\":\"ListItem\",\"position\":2,\"name\":\"2 Stunden Polaris Buggy Dubai\"}]},{\"@type\":\"WebSite\",\"@id\":\"https:\\\/\\\/ultimatebuggiesandquadsdubai.com\\\/de\\\/#website\",\"url\":\"https:\\\/\\\/ultimatebuggiesandquadsdubai.com\\\/de\\\/\",\"name\":\"Ultimate Buggies and Quads Dubai\",\"description\":\"\",\"publisher\":{\"@id\":\"https:\\\/\\\/ultimatebuggiesandquadsdubai.com\\\/de\\\/#organization\"},\"potentialAction\":[{\"@type\":\"SearchAction\",\"target\":{\"@type\":\"EntryPoint\",\"urlTemplate\":\"https:\\\/\\\/ultimatebuggiesandquadsdubai.com\\\/de\\\/?s={search_term_string}\"},\"query-input\":{\"@type\":\"PropertyValueSpecification\",\"valueRequired\":true,\"valueName\":\"search_term_string\"}}],\"inLanguage\":\"de\"},{\"@type\":\"Organization\",\"@id\":\"https:\\\/\\\/ultimatebuggiesandquadsdubai.com\\\/de\\\/#organization\",\"name\":\"Ultimate Buggies and Quads Dubai\",\"url\":\"https:\\\/\\\/ultimatebuggiesandquadsdubai.com\\\/de\\\/\",\"logo\":{\"@type\":\"ImageObject\",\"inLanguage\":\"de\",\"@id\":\"https:\\\/\\\/ultimatebuggiesandquadsdubai.com\\\/de\\\/#\\\/schema\\\/logo\\\/image\\\/\",\"url\":\"https:\\\/\\\/ultimatebuggiesandquadsdubai.com\\\/wp-content\\\/uploads\\\/2025\\\/02\\\/logo-final-white-dubai.png\",\"contentUrl\":\"https:\\\/\\\/ultimatebuggiesandquadsdubai.com\\\/wp-content\\\/uploads\\\/2025\\\/02\\\/logo-final-white-dubai.png\",\"width\":745,\"height\":366,\"caption\":\"Ultimate Buggies and Quads Dubai\"},\"image\":{\"@id\":\"https:\\\/\\\/ultimatebuggiesandquadsdubai.com\\\/de\\\/#\\\/schema\\\/logo\\\/image\\\/\"}}]}<\/script>\n<!-- \/ Yoast SEO plugin. -->","yoast_head_json":{"title":"2-Stunden Polaris Buggy Dubai | Erweitertes W\u00fcstenabenteuer","description":"Genie\u00dfe eine 2-st\u00fcndige Polaris 2-Sitzer Buggy Tour durch Dubais rote D\u00fcnen. Erweitertes gef\u00fchrtes W\u00fcstenabenteuer mit Abholung, Sicherheitsausr\u00fcstung & erfahrenen Guides. Jetzt buchen.","robots":{"index":"index","follow":"follow","max-snippet":"max-snippet:-1","max-image-preview":"max-image-preview:large","max-video-preview":"max-video-preview:-1"},"canonical":"https:\/\/ultimatebuggiesandquadsdubai.com\/de\/2-stunden-polaris-buggy-dubai\/","og_locale":"de_DE","og_type":"article","og_title":"2-Stunden Polaris Buggy Dubai | Erweitertes W\u00fcstenabenteuer","og_description":"Genie\u00dfe eine 2-st\u00fcndige Polaris 2-Sitzer Buggy Tour durch Dubais rote D\u00fcnen. Erweitertes gef\u00fchrtes W\u00fcstenabenteuer mit Abholung, Sicherheitsausr\u00fcstung & erfahrenen Guides. Jetzt buchen.","og_url":"https:\/\/ultimatebuggiesandquadsdubai.com\/de\/2-stunden-polaris-buggy-dubai\/","og_site_name":"Ultimate Buggies and Quads Dubai","article_modified_time":"2026-02-27T12:46:45+00:00","og_image":[{"url":"https:\/\/ultimatebuggiesandquadsdubai.com\/wp-content\/uploads\/2025\/04\/DSC02579-opt-1024x682.jpg","type":"","width":"","height":""}],"twitter_card":"summary_large_image","twitter_misc":{"Gesch\u00e4tzte Lesezeit":"1\u00a0Minute"},"schema":{"@context":"https:\/\/schema.org","@graph":[{"@type":"WebPage","@id":"https:\/\/ultimatebuggiesandquadsdubai.com\/de\/2-stunden-polaris-buggy-dubai\/","url":"https:\/\/ultimatebuggiesandquadsdubai.com\/de\/2-stunden-polaris-buggy-dubai\/","name":"2-Stunden Polaris Buggy Dubai | Erweitertes W\u00fcstenabenteuer","isPartOf":{"@id":"https:\/\/ultimatebuggiesandquadsdubai.com\/de\/#website"},"primaryImageOfPage":{"@id":"https:\/\/ultimatebuggiesandquadsdubai.com\/de\/2-stunden-polaris-buggy-dubai\/#primaryimage"},"image":{"@id":"https:\/\/ultimatebuggiesandquadsdubai.com\/de\/2-stunden-polaris-buggy-dubai\/#primaryimage"},"thumbnailUrl":"https:\/\/ultimatebuggiesandquadsdubai.com\/wp-content\/uploads\/2025\/04\/DSC02579-opt-1024x682.jpg","datePublished":"2026-01-19T11:53:35+00:00","dateModified":"2026-02-27T12:46:45+00:00","description":"Genie\u00dfe eine 2-st\u00fcndige Polaris 2-Sitzer Buggy Tour durch Dubais rote D\u00fcnen. Erweitertes gef\u00fchrtes W\u00fcstenabenteuer mit Abholung, Sicherheitsausr\u00fcstung & erfahrenen Guides. Jetzt buchen.","breadcrumb":{"@id":"https:\/\/ultimatebuggiesandquadsdubai.com\/de\/2-stunden-polaris-buggy-dubai\/#breadcrumb"},"inLanguage":"de","potentialAction":[{"@type":"ReadAction","target":["https:\/\/ultimatebuggiesandquadsdubai.com\/de\/2-stunden-polaris-buggy-dubai\/"]}]},{"@type":"ImageObject","inLanguage":"de","@id":"https:\/\/ultimatebuggiesandquadsdubai.com\/de\/2-stunden-polaris-buggy-dubai\/#primaryimage","url":"https:\/\/ultimatebuggiesandquadsdubai.com\/wp-content\/uploads\/2025\/04\/DSC02579-opt-1024x682.jpg","contentUrl":"https:\/\/ultimatebuggiesandquadsdubai.com\/wp-content\/uploads\/2025\/04\/DSC02579-opt-1024x682.jpg"},{"@type":"BreadcrumbList","@id":"https:\/\/ultimatebuggiesandquadsdubai.com\/de\/2-stunden-polaris-buggy-dubai\/#breadcrumb","itemListElement":[{"@type":"ListItem","position":1,"name":"Home","item":"https:\/\/ultimatebuggiesandquadsdubai.com\/de\/"},{"@type":"ListItem","position":2,"name":"2 Stunden Polaris Buggy Dubai"}]},{"@type":"WebSite","@id":"https:\/\/ultimatebuggiesandquadsdubai.com\/de\/#website","url":"https:\/\/ultimatebuggiesandquadsdubai.com\/de\/","name":"Ultimate Buggies and Quads Dubai","description":"","publisher":{"@id":"https:\/\/ultimatebuggiesandquadsdubai.com\/de\/#organization"},"potentialAction":[{"@type":"SearchAction","target":{"@type":"EntryPoint","urlTemplate":"https:\/\/ultimatebuggiesandquadsdubai.com\/de\/?s={search_term_string}"},"query-input":{"@type":"PropertyValueSpecification","valueRequired":true,"valueName":"search_term_string"}}],"inLanguage":"de"},{"@type":"Organization","@id":"https:\/\/ultimatebuggiesandquadsdubai.com\/de\/#organization","name":"Ultimate Buggies and Quads Dubai","url":"https:\/\/ultimatebuggiesandquadsdubai.com\/de\/","logo":{"@type":"ImageObject","inLanguage":"de","@id":"https:\/\/ultimatebuggiesandquadsdubai.com\/de\/#\/schema\/logo\/image\/","url":"https:\/\/ultimatebuggiesandquadsdubai.com\/wp-content\/uploads\/2025\/02\/logo-final-white-dubai.png","contentUrl":"https:\/\/ultimatebuggiesandquadsdubai.com\/wp-content\/uploads\/2025\/02\/logo-final-white-dubai.png","width":745,"height":366,"caption":"Ultimate Buggies and Quads Dubai"},"image":{"@id":"https:\/\/ultimatebuggiesandquadsdubai.com\/de\/#\/schema\/logo\/image\/"}}]}},"_links":{"self":[{"href":"https:\/\/ultimatebuggiesandquadsdubai.com\/de\/wp-json\/wp\/v2\/pages\/1975","targetHints":{"allow":["GET"]}}],"collection":[{"href":"https:\/\/ultimatebuggiesandquadsdubai.com\/de\/wp-json\/wp\/v2\/pages"}],"about":[{"href":"https:\/\/ultimatebuggiesandquadsdubai.com\/de\/wp-json\/wp\/v2\/types\/page"}],"author":[{"embeddable":true,"href":"https:\/\/ultimatebuggiesandquadsdubai.com\/de\/wp-json\/wp\/v2\/users\/2"}],"replies":[{"embeddable":true,"href":"https:\/\/ultimatebuggiesandquadsdubai.com\/de\/wp-json\/wp\/v2\/comments?post=1975"}],"version-history":[{"count":1,"href":"https:\/\/ultimatebuggiesandquadsdubai.com\/de\/wp-json\/wp\/v2\/pages\/1975\/revisions"}],"predecessor-version":[{"id":1977,"href":"https:\/\/ultimatebuggiesandquadsdubai.com\/de\/wp-json\/wp\/v2\/pages\/1975\/revisions\/1977"}],"wp:attachment":[{"href":"https:\/\/ultimatebuggiesandquadsdubai.com\/de\/wp-json\/wp\/v2\/media?parent=1975"}],"curies":[{"name":"wp","href":"https:\/\/api.w.org\/{rel}","templated":true}]}}