{"id":1917,"date":"2026-01-19T11:57:16","date_gmt":"2026-01-19T11:57:16","guid":{"rendered":"https:\/\/ultimatebuggiesandquadsdubai.com\/2-stuendige-polaris-4-sitzer-buggy-dubai\/"},"modified":"2026-03-24T11:55:49","modified_gmt":"2026-03-24T11:55:49","slug":"2-stuendige-polaris-4-sitzer-buggy-dubai","status":"publish","type":"page","link":"https:\/\/ultimatebuggiesandquadsdubai.com\/de\/2-stuendige-polaris-4-sitzer-buggy-dubai\/","title":{"rendered":"2-st\u00fcndige Polaris 4-Sitzer Buggy Dubai"},"content":{"rendered":"\t\t<div data-elementor-type=\"wp-page\" data-elementor-id=\"1917\" class=\"elementor elementor-1917 elementor-695\" data-elementor-post-type=\"page\">\n\t\t\t\t\t\t<section class=\"elementor-section elementor-top-section elementor-element elementor-element-6490b89c elementor-section-height-min-height elementor-section-boxed elementor-section-height-default elementor-section-items-middle\" data-id=\"6490b89c\" data-element_type=\"section\" data-e-type=\"section\" data-settings=\"{&quot;background_background&quot;:&quot;classic&quot;}\">\n\t\t\t\t\t\t\t<div class=\"elementor-background-overlay\"><\/div>\n\t\t\t\t\t\t\t<div class=\"elementor-container elementor-column-gap-no\">\n\t\t\t\t\t<div class=\"elementor-column elementor-col-100 elementor-top-column elementor-element elementor-element-1f39d2de\" data-id=\"1f39d2de\" data-element_type=\"column\" data-e-type=\"column\">\n\t\t\t<div class=\"elementor-widget-wrap elementor-element-populated\">\n\t\t\t\t\t\t<div class=\"elementor-element elementor-element-0a6f0b2 elementor-invisible elementor-widget elementor-widget-heading\" data-id=\"0a6f0b2\" data-element_type=\"widget\" data-e-type=\"widget\" data-settings=\"{&quot;_animation&quot;:&quot;slideInDown&quot;}\" data-widget_type=\"heading.default\">\n\t\t\t\t<div class=\"elementor-widget-container\">\n\t\t\t\t\t<h1 class=\"elementor-heading-title elementor-size-xl\">2-st\u00fcndige Polaris 4-Sitzer Buggy-Tour \u2013 Dubai W\u00fcstenabenteuer<\/h1>\t\t\t\t<\/div>\n\t\t\t\t<\/div>\n\t\t\t\t\t<\/div>\n\t\t<\/div>\n\t\t\t\t\t<\/div>\n\t\t<\/section>\n\t\t\t\t<section class=\"elementor-section elementor-top-section elementor-element elementor-element-e41c611 elementor-section-boxed elementor-section-height-default elementor-section-height-default\" data-id=\"e41c611\" data-element_type=\"section\" data-e-type=\"section\">\n\t\t\t\t\t\t<div class=\"elementor-container elementor-column-gap-no\">\n\t\t\t\t\t<div class=\"elementor-column elementor-col-50 elementor-top-column elementor-element elementor-element-08dd1db\" data-id=\"08dd1db\" data-element_type=\"column\" data-e-type=\"column\">\n\t\t\t<div class=\"elementor-widget-wrap elementor-element-populated\">\n\t\t\t\t\t\t<div class=\"elementor-element elementor-element-74dcfb1 elementor-widget elementor-widget-text-editor\" data-id=\"74dcfb1\" data-element_type=\"widget\" data-e-type=\"widget\" data-widget_type=\"text-editor.default\">\n\t\t\t\t<div class=\"elementor-widget-container\">\n\t\t\t\t\t\t\t\t\t<p class=\"p1\">Doppelter W\u00fcstenspa\u00df mit unserer <strong data-start=\"1078\" data-end=\"1116\">2-st\u00fcndigen Polaris 4-Sitzer Buggy-Tour<\/strong> \u2013 perfekt f\u00fcr Familien, Freunde und Gruppen, die ein spannendes ausgedehntes Abenteuer in Dubais roten D\u00fcnen suchen. Fahrt gemeinsam in einem kraftvollen Polaris Buggy durch malerisches W\u00fcstengel\u00e4nde f\u00fcr ein unvergessliches Erlebnis. <\/p>\t\t\t\t\t\t\t\t<\/div>\n\t\t\t\t<\/div>\n\t\t\t\t<div class=\"elementor-element elementor-element-88125d6 elementor-widget elementor-widget-shortcode\" data-id=\"88125d6\" data-element_type=\"widget\" data-e-type=\"widget\" data-widget_type=\"shortcode.default\">\n\t\t\t\t<div class=\"elementor-widget-container\">\n\t\t\t\t\t\t\t<div class=\"elementor-shortcode\">\n          <div class=\"turitop_bswp_button_box_wrap\">\n\n                  <div class=\"load-turitop loading-turitop turitop_booking_system_box_button\"  data-service=\"P38\"  data-embed=\"box\" data-buttoncolor=\"green\" ><\/div>\n\n          <\/div>\n\n          <\/div>\n\t\t\t\t\t\t<\/div>\n\t\t\t\t<\/div>\n\t\t\t\t\t<\/div>\n\t\t<\/div>\n\t\t\t\t<div class=\"elementor-column elementor-col-50 elementor-top-column elementor-element elementor-element-994e20b\" data-id=\"994e20b\" data-element_type=\"column\" data-e-type=\"column\">\n\t\t\t<div class=\"elementor-widget-wrap elementor-element-populated\">\n\t\t\t\t\t\t<div class=\"elementor-element elementor-element-9de4752 elementor-arrows-position-inside elementor-widget elementor-widget-image-carousel\" data-id=\"9de4752\" data-element_type=\"widget\" data-e-type=\"widget\" data-settings=\"{&quot;slides_to_show&quot;:&quot;1&quot;,&quot;navigation&quot;:&quot;arrows&quot;,&quot;autoplay&quot;:&quot;yes&quot;,&quot;pause_on_hover&quot;:&quot;yes&quot;,&quot;pause_on_interaction&quot;:&quot;yes&quot;,&quot;autoplay_speed&quot;:5000,&quot;infinite&quot;:&quot;yes&quot;,&quot;effect&quot;:&quot;slide&quot;,&quot;speed&quot;:500}\" data-widget_type=\"image-carousel.default\">\n\t\t\t\t<div class=\"elementor-widget-container\">\n\t\t\t\t\t\t\t<div class=\"elementor-image-carousel-wrapper swiper\" role=\"region\" aria-roledescription=\"carousel\" aria-label=\"Image Carousel\" dir=\"ltr\">\n\t\t\t<div class=\"elementor-image-carousel swiper-wrapper\" aria-live=\"off\">\n\t\t\t\t\t\t\t\t<div class=\"swiper-slide\" role=\"group\" aria-roledescription=\"slide\" aria-label=\"1 von 5\"><figure class=\"swiper-slide-inner\"><img decoding=\"async\" class=\"swiper-slide-image\" src=\"https:\/\/ultimatebuggiesandquadsdubai.com\/wp-content\/uploads\/2025\/04\/DSC02567-opt-1024x682.jpg\" alt=\"Polaris Buggy erklimmt Sandd\u00fcne unter klarem Himmel Dubais\" \/><\/figure><\/div><div class=\"swiper-slide\" role=\"group\" aria-roledescription=\"slide\" aria-label=\"2 von 5\"><figure class=\"swiper-slide-inner\"><img decoding=\"async\" class=\"swiper-slide-image\" src=\"https:\/\/ultimatebuggiesandquadsdubai.com\/wp-content\/uploads\/2025\/04\/DSC02568-opt-1024x682.jpg\" alt=\"Polaris Buggy Abenteuer mit weiter W\u00fcstenlandschaft Dubai\" \/><\/figure><\/div><div class=\"swiper-slide\" role=\"group\" aria-roledescription=\"slide\" aria-label=\"3 von 5\"><figure class=\"swiper-slide-inner\"><img decoding=\"async\" class=\"swiper-slide-image\" src=\"https:\/\/ultimatebuggiesandquadsdubai.com\/wp-content\/uploads\/2025\/04\/DSC02569-opt-1024x682.jpg\" alt=\"Sonnenuntergangs-Buggyfahrt durch Dubais rote D\u00fcnen\" \/><\/figure><\/div><div class=\"swiper-slide\" role=\"group\" aria-roledescription=\"slide\" aria-label=\"4 von 5\"><figure class=\"swiper-slide-inner\"><img decoding=\"async\" class=\"swiper-slide-image\" src=\"https:\/\/ultimatebuggiesandquadsdubai.com\/wp-content\/uploads\/2025\/04\/DSC02570-opt-1024x682.jpg\" alt=\"Buggy-Tour bei Sonnenuntergang in den W\u00fcstend\u00fcnen Dubais\" \/><\/figure><\/div><div class=\"swiper-slide\" role=\"group\" aria-roledescription=\"slide\" aria-label=\"5 von 5\"><figure class=\"swiper-slide-inner\"><img decoding=\"async\" class=\"swiper-slide-image\" src=\"https:\/\/ultimatebuggiesandquadsdubai.com\/wp-content\/uploads\/2025\/04\/DSC02571-opt-1024x682.jpg\" alt=\"Buggyfahrt in der goldenen Stunde durch rote Sandd\u00fcnen Dubai\" \/><\/figure><\/div>\t\t\t<\/div>\n\t\t\t\t\t\t\t\t\t\t\t\t<div class=\"elementor-swiper-button elementor-swiper-button-prev\" role=\"button\" tabindex=\"0\">\n\t\t\t\t\t\t<svg aria-hidden=\"true\" class=\"e-font-icon-svg e-eicon-chevron-left\" viewBox=\"0 0 1000 1000\" xmlns=\"http:\/\/www.w3.org\/2000\/svg\"><path d=\"M646 125C629 125 613 133 604 142L308 442C296 454 292 471 292 487 292 504 296 521 308 533L604 854C617 867 629 875 646 875 663 875 679 871 692 858 704 846 713 829 713 812 713 796 708 779 692 767L438 487 692 225C700 217 708 204 708 187 708 171 704 154 692 142 675 129 663 125 646 125Z\"><\/path><\/svg>\t\t\t\t\t<\/div>\n\t\t\t\t\t<div class=\"elementor-swiper-button elementor-swiper-button-next\" role=\"button\" tabindex=\"0\">\n\t\t\t\t\t\t<svg aria-hidden=\"true\" class=\"e-font-icon-svg e-eicon-chevron-right\" viewBox=\"0 0 1000 1000\" xmlns=\"http:\/\/www.w3.org\/2000\/svg\"><path d=\"M696 533C708 521 713 504 713 487 713 471 708 454 696 446L400 146C388 133 375 125 354 125 338 125 325 129 313 142 300 154 292 171 292 187 292 204 296 221 308 233L563 492 304 771C292 783 288 800 288 817 288 833 296 850 308 863 321 871 338 875 354 875 371 875 388 867 400 854L696 533Z\"><\/path><\/svg>\t\t\t\t\t<\/div>\n\t\t\t\t\n\t\t\t\t\t\t\t\t\t<\/div>\n\t\t\t\t\t\t<\/div>\n\t\t\t\t<\/div>\n\t\t\t\t<div class=\"elementor-element elementor-element-b31ae6b elementor-widget elementor-widget-heading\" data-id=\"b31ae6b\" data-element_type=\"widget\" data-e-type=\"widget\" data-widget_type=\"heading.default\">\n\t\t\t\t<div class=\"elementor-widget-container\">\n\t\t\t\t\t<h2 class=\"elementor-heading-title elementor-size-xl\">\u00dcber den Polaris 4-Sitzer Buggy<\/h2>\t\t\t\t<\/div>\n\t\t\t\t<\/div>\n\t\t\t\t<div class=\"elementor-element elementor-element-9c95f33 elementor-widget elementor-widget-text-editor\" data-id=\"9c95f33\" data-element_type=\"widget\" data-e-type=\"widget\" data-widget_type=\"text-editor.default\">\n\t\t\t\t<div class=\"elementor-widget-container\">\n\t\t\t\t\t\t\t\t\t<p>Doppelter W\u00fcstenspa\u00df mit unserer <strong data-start=\"1078\" data-end=\"1116\">2-st\u00fcndigen Polaris 4-Sitzer Buggy-Tour<\/strong> \u2013 perfekt f\u00fcr Familien, Freunde und Gruppen, die ein spannendes ausgedehntes Abenteuer in Dubais roten D\u00fcnen suchen. Fahrt gemeinsam in einem kraftvollen Polaris Buggy durch malerisches W\u00fcstengel\u00e4nde f\u00fcr ein unvergessliches Erlebnis. <\/p>\t\t\t\t\t\t\t\t<\/div>\n\t\t\t\t<\/div>\n\t\t\t\t<div class=\"elementor-element elementor-element-4c6bba4 elementor-widget elementor-widget-heading\" data-id=\"4c6bba4\" data-element_type=\"widget\" data-e-type=\"widget\" data-widget_type=\"heading.default\">\n\t\t\t\t<div class=\"elementor-widget-container\">\n\t\t\t\t\t<h2 class=\"elementor-heading-title elementor-size-xl\">Bereit f\u00fcr eine ausgedehnte Fahrt mit deiner Gruppe?<\/h2>\t\t\t\t<\/div>\n\t\t\t\t<\/div>\n\t\t\t\t<div class=\"elementor-element elementor-element-0d6c394 elementor-widget elementor-widget-text-editor\" data-id=\"0d6c394\" data-element_type=\"widget\" data-e-type=\"widget\" data-widget_type=\"text-editor.default\">\n\t\t\t\t<div class=\"elementor-widget-container\">\n\t\t\t\t\t\t\t\t\t<p><a href=\"https:\/\/ultimatebuggiesandquadsdubai.com\/de\/buche-dune-buggy-quad-touren-dubai\/\"><strong>Buche jetzt deine 2-st\u00fcndige Polaris 4-Sitzer Buggy-Tour<\/strong><\/a><\/p>\t\t\t\t\t\t\t\t<\/div>\n\t\t\t\t<\/div>\n\t\t\t\t\t<\/div>\n\t\t<\/div>\n\t\t\t\t\t<\/div>\n\t\t<\/section>\n\t\t<div class=\"elementor-element elementor-element-490b474 e-flex e-con-boxed e-con e-parent\" data-id=\"490b474\" data-element_type=\"container\" data-e-type=\"container\">\n\t\t\t\t\t<div class=\"e-con-inner\">\n\t\t<div class=\"elementor-element elementor-element-63d8c06 e-con-full e-flex e-con e-child\" data-id=\"63d8c06\" data-element_type=\"container\" data-e-type=\"container\">\n\t\t\t\t<div class=\"elementor-element elementor-element-b13e828 elementor-widget elementor-widget-heading\" data-id=\"b13e828\" data-element_type=\"widget\" data-e-type=\"widget\" data-widget_type=\"heading.default\">\n\t\t\t\t<div class=\"elementor-widget-container\">\n\t\t\t\t\t<h2 class=\"elementor-heading-title elementor-size-default\">Was dich erwartet<\/h2>\t\t\t\t<\/div>\n\t\t\t\t<\/div>\n\t\t\t\t<div class=\"elementor-element elementor-element-b711fc8 elementor-widget elementor-widget-text-editor\" data-id=\"b711fc8\" data-element_type=\"widget\" data-e-type=\"widget\" data-widget_type=\"text-editor.default\">\n\t\t\t\t<div class=\"elementor-widget-container\">\n\t\t\t\t\t\t\t\t\t<ul><li>Vollst\u00e4ndige Sicherheitseinweisung mit Ausr\u00fcstung inklusive<\/li><li>2 Stunden gef\u00fchrtes W\u00fcstenfahren<\/li><li>Malerische Routen durch Dubais rote D\u00fcnen<\/li><li>Kostenlose Abholung &amp; R\u00fcckfahrt vom Hotel<\/li><li>Fotostopps und Panorama-Aussichtspunkte<\/li><\/ul><p>Diese ausgedehnte Tour gibt dir die M\u00f6glichkeit, tiefer in die W\u00fcste vorzudringen und unvergessliche Erinnerungen zu schaffen.<\/p>\t\t\t\t\t\t\t\t<\/div>\n\t\t\t\t<\/div>\n\t\t\t\t<\/div>\n\t\t<div class=\"elementor-element elementor-element-5127255 e-con-full e-flex e-con e-child\" data-id=\"5127255\" data-element_type=\"container\" data-e-type=\"container\">\n\t\t\t\t<div class=\"elementor-element elementor-element-cfd80bc elementor-widget elementor-widget-heading\" data-id=\"cfd80bc\" data-element_type=\"widget\" data-e-type=\"widget\" data-widget_type=\"heading.default\">\n\t\t\t\t<div class=\"elementor-widget-container\">\n\t\t\t\t\t<h2 class=\"elementor-heading-title elementor-size-default\">F\u00fcr wen diese Tour geeignet ist<\/h2>\t\t\t\t<\/div>\n\t\t\t\t<\/div>\n\t\t\t\t<div class=\"elementor-element elementor-element-71e04d9 elementor-widget elementor-widget-text-editor\" data-id=\"71e04d9\" data-element_type=\"widget\" data-e-type=\"widget\" data-widget_type=\"text-editor.default\">\n\t\t\t\t<div class=\"elementor-widget-container\">\n\t\t\t\t\t\t\t\t\t<p>Empfohlen f\u00fcr:<\/p><ul><li>Familien mit Kindern (Altersregeln gelten)<\/li><li>Gruppen von Freunden<\/li><li>Besucher, die ein l\u00e4ngeres W\u00fcstenerlebnis suchen<\/li><li>Abenteuerlustige, die gemeinsame Spannung wollen<\/li><\/ul><p>Keine Vorkenntnisse erforderlich \u2013 wir begleiten dich bei jedem Schritt.<\/p>\t\t\t\t\t\t\t\t<\/div>\n\t\t\t\t<\/div>\n\t\t\t\t<\/div>\n\t\t<div class=\"elementor-element elementor-element-9e9916d e-con-full e-flex e-con e-child\" data-id=\"9e9916d\" data-element_type=\"container\" data-e-type=\"container\">\n\t\t\t\t<div class=\"elementor-element elementor-element-7614fb8 elementor-widget elementor-widget-heading\" data-id=\"7614fb8\" data-element_type=\"widget\" data-e-type=\"widget\" data-widget_type=\"heading.default\">\n\t\t\t\t<div class=\"elementor-widget-container\">\n\t\t\t\t\t<h2 class=\"elementor-heading-title elementor-size-default\">Bequemlichkeit &amp; Komfort<\/h2>\t\t\t\t<\/div>\n\t\t\t\t<\/div>\n\t\t\t\t<div class=\"elementor-element elementor-element-d229f38 elementor-widget elementor-widget-text-editor\" data-id=\"d229f38\" data-element_type=\"widget\" data-e-type=\"widget\" data-widget_type=\"text-editor.default\">\n\t\t\t\t<div class=\"elementor-widget-container\">\n\t\t\t\t\t\t\t\t\t<p>Deine Buchung beinhaltet:<\/p><ul><li>Abholung &amp; R\u00fcckfahrt vom Hotel<\/li><li>Professionelle W\u00fcstenguides<\/li><li>Sicherheitseinweisung &amp; Schutzausr\u00fcstung<\/li><li>Ger\u00e4umiger Polaris 4-Sitzer Buggy<\/li><li>Flexible Buchungszeiten (morgens &amp; nachmittags)<\/li><\/ul><p>Wir machen dein Abenteuer von Anfang bis Ende komfortabel, sicher und aufregend.<\/p>\t\t\t\t\t\t\t\t<\/div>\n\t\t\t\t<\/div>\n\t\t\t\t<\/div>\n\t\t\t\t\t<\/div>\n\t\t\t\t<\/div>\n\t\t\t\t<\/div>\n\t\t","protected":false},"excerpt":{"rendered":"<p>2-st\u00fcndige Polaris 4-Sitzer Buggy-Tour \u2013 Dubai W\u00fcstenabenteuer Doppelter W\u00fcstenspa\u00df mit unserer 2-st\u00fcndigen Polaris 4-Sitzer Buggy-Tour \u2013 perfekt f\u00fcr Familien, Freunde und Gruppen, die ein spannendes ausgedehntes Abenteuer in Dubais roten D\u00fcnen suchen. Fahrt gemeinsam in einem kraftvollen Polaris Buggy durch malerisches W\u00fcstengel\u00e4nde f\u00fcr ein unvergessliches Erlebnis. \u00dcber den Polaris 4-Sitzer Buggy Doppelter W\u00fcstenspa\u00df mit unserer [&hellip;]<\/p>\n","protected":false},"author":2,"featured_media":0,"parent":0,"menu_order":0,"comment_status":"closed","ping_status":"closed","template":"","meta":{"footnotes":""},"class_list":["post-1917","page","type-page","status-publish","hentry"],"yoast_head":"<!-- This site is optimized with the Yoast SEO plugin v27.4 - https:\/\/yoast.com\/product\/yoast-seo-wordpress\/ -->\n<title>2-st\u00fcndige Polaris 4-Sitzer Buggy Dubai | Ausgedehntes W\u00fcstenabenteuer<\/title>\n<meta name=\"description\" content=\"Erlebe eine 2-st\u00fcndige Polaris 4-Sitzer Buggy-Tour durch Dubais rote D\u00fcnen. Ausgedehnte gef\u00fchrte W\u00fcstentour mit Abholung, Sicherheitsausr\u00fcstung &amp; erfahrenen Guides. Buche jetzt deine Fahrt.\" \/>\n<meta name=\"robots\" content=\"index, follow, max-snippet:-1, max-image-preview:large, max-video-preview:-1\" \/>\n<link rel=\"canonical\" href=\"https:\/\/ultimatebuggiesandquadsdubai.com\/de\/2-stuendige-polaris-4-sitzer-buggy-dubai\/\" \/>\n<meta property=\"og:locale\" content=\"de_DE\" \/>\n<meta property=\"og:type\" content=\"article\" \/>\n<meta property=\"og:title\" content=\"2-st\u00fcndige Polaris 4-Sitzer Buggy Dubai | Ausgedehntes W\u00fcstenabenteuer\" \/>\n<meta property=\"og:description\" content=\"Erlebe eine 2-st\u00fcndige Polaris 4-Sitzer Buggy-Tour durch Dubais rote D\u00fcnen. Ausgedehnte gef\u00fchrte W\u00fcstentour mit Abholung, Sicherheitsausr\u00fcstung &amp; erfahrenen Guides. Buche jetzt deine Fahrt.\" \/>\n<meta property=\"og:url\" content=\"https:\/\/ultimatebuggiesandquadsdubai.com\/de\/2-stuendige-polaris-4-sitzer-buggy-dubai\/\" \/>\n<meta property=\"og:site_name\" content=\"Ultimate Buggies and Quads Dubai\" \/>\n<meta property=\"article:modified_time\" content=\"2026-03-24T11:55:49+00:00\" \/>\n<meta property=\"og:image\" content=\"https:\/\/ultimatebuggiesandquadsdubai.com\/wp-content\/uploads\/2025\/04\/DSC02567-opt-1024x682.jpg\" \/>\n<meta name=\"twitter:card\" content=\"summary_large_image\" \/>\n<meta name=\"twitter:label1\" content=\"Gesch\u00e4tzte Lesezeit\" \/>\n\t<meta name=\"twitter:data1\" content=\"1\u00a0Minute\" \/>\n<script type=\"application\/ld+json\" class=\"yoast-schema-graph\">{\"@context\":\"https:\\\/\\\/schema.org\",\"@graph\":[{\"@type\":\"WebPage\",\"@id\":\"https:\\\/\\\/ultimatebuggiesandquadsdubai.com\\\/de\\\/2-stuendige-polaris-4-sitzer-buggy-dubai\\\/\",\"url\":\"https:\\\/\\\/ultimatebuggiesandquadsdubai.com\\\/de\\\/2-stuendige-polaris-4-sitzer-buggy-dubai\\\/\",\"name\":\"2-st\u00fcndige Polaris 4-Sitzer Buggy Dubai | Ausgedehntes W\u00fcstenabenteuer\",\"isPartOf\":{\"@id\":\"https:\\\/\\\/ultimatebuggiesandquadsdubai.com\\\/de\\\/#website\"},\"primaryImageOfPage\":{\"@id\":\"https:\\\/\\\/ultimatebuggiesandquadsdubai.com\\\/de\\\/2-stuendige-polaris-4-sitzer-buggy-dubai\\\/#primaryimage\"},\"image\":{\"@id\":\"https:\\\/\\\/ultimatebuggiesandquadsdubai.com\\\/de\\\/2-stuendige-polaris-4-sitzer-buggy-dubai\\\/#primaryimage\"},\"thumbnailUrl\":\"https:\\\/\\\/ultimatebuggiesandquadsdubai.com\\\/wp-content\\\/uploads\\\/2025\\\/04\\\/DSC02567-opt-1024x682.jpg\",\"datePublished\":\"2026-01-19T11:57:16+00:00\",\"dateModified\":\"2026-03-24T11:55:49+00:00\",\"description\":\"Erlebe eine 2-st\u00fcndige Polaris 4-Sitzer Buggy-Tour durch Dubais rote D\u00fcnen. Ausgedehnte gef\u00fchrte W\u00fcstentour mit Abholung, Sicherheitsausr\u00fcstung & erfahrenen Guides. Buche jetzt deine Fahrt.\",\"breadcrumb\":{\"@id\":\"https:\\\/\\\/ultimatebuggiesandquadsdubai.com\\\/de\\\/2-stuendige-polaris-4-sitzer-buggy-dubai\\\/#breadcrumb\"},\"inLanguage\":\"de\",\"potentialAction\":[{\"@type\":\"ReadAction\",\"target\":[\"https:\\\/\\\/ultimatebuggiesandquadsdubai.com\\\/de\\\/2-stuendige-polaris-4-sitzer-buggy-dubai\\\/\"]}]},{\"@type\":\"ImageObject\",\"inLanguage\":\"de\",\"@id\":\"https:\\\/\\\/ultimatebuggiesandquadsdubai.com\\\/de\\\/2-stuendige-polaris-4-sitzer-buggy-dubai\\\/#primaryimage\",\"url\":\"https:\\\/\\\/ultimatebuggiesandquadsdubai.com\\\/wp-content\\\/uploads\\\/2025\\\/04\\\/DSC02567-opt-1024x682.jpg\",\"contentUrl\":\"https:\\\/\\\/ultimatebuggiesandquadsdubai.com\\\/wp-content\\\/uploads\\\/2025\\\/04\\\/DSC02567-opt-1024x682.jpg\"},{\"@type\":\"BreadcrumbList\",\"@id\":\"https:\\\/\\\/ultimatebuggiesandquadsdubai.com\\\/de\\\/2-stuendige-polaris-4-sitzer-buggy-dubai\\\/#breadcrumb\",\"itemListElement\":[{\"@type\":\"ListItem\",\"position\":1,\"name\":\"Home\",\"item\":\"https:\\\/\\\/ultimatebuggiesandquadsdubai.com\\\/de\\\/\"},{\"@type\":\"ListItem\",\"position\":2,\"name\":\"2-st\u00fcndige Polaris 4-Sitzer Buggy Dubai\"}]},{\"@type\":\"WebSite\",\"@id\":\"https:\\\/\\\/ultimatebuggiesandquadsdubai.com\\\/de\\\/#website\",\"url\":\"https:\\\/\\\/ultimatebuggiesandquadsdubai.com\\\/de\\\/\",\"name\":\"Ultimate Buggies and Quads Dubai\",\"description\":\"\",\"publisher\":{\"@id\":\"https:\\\/\\\/ultimatebuggiesandquadsdubai.com\\\/de\\\/#organization\"},\"potentialAction\":[{\"@type\":\"SearchAction\",\"target\":{\"@type\":\"EntryPoint\",\"urlTemplate\":\"https:\\\/\\\/ultimatebuggiesandquadsdubai.com\\\/de\\\/?s={search_term_string}\"},\"query-input\":{\"@type\":\"PropertyValueSpecification\",\"valueRequired\":true,\"valueName\":\"search_term_string\"}}],\"inLanguage\":\"de\"},{\"@type\":\"Organization\",\"@id\":\"https:\\\/\\\/ultimatebuggiesandquadsdubai.com\\\/de\\\/#organization\",\"name\":\"Ultimate Buggies and Quads Dubai\",\"url\":\"https:\\\/\\\/ultimatebuggiesandquadsdubai.com\\\/de\\\/\",\"logo\":{\"@type\":\"ImageObject\",\"inLanguage\":\"de\",\"@id\":\"https:\\\/\\\/ultimatebuggiesandquadsdubai.com\\\/de\\\/#\\\/schema\\\/logo\\\/image\\\/\",\"url\":\"https:\\\/\\\/ultimatebuggiesandquadsdubai.com\\\/wp-content\\\/uploads\\\/2025\\\/02\\\/logo-final-white-dubai.png\",\"contentUrl\":\"https:\\\/\\\/ultimatebuggiesandquadsdubai.com\\\/wp-content\\\/uploads\\\/2025\\\/02\\\/logo-final-white-dubai.png\",\"width\":745,\"height\":366,\"caption\":\"Ultimate Buggies and Quads Dubai\"},\"image\":{\"@id\":\"https:\\\/\\\/ultimatebuggiesandquadsdubai.com\\\/de\\\/#\\\/schema\\\/logo\\\/image\\\/\"}}]}<\/script>\n<!-- \/ Yoast SEO plugin. -->","yoast_head_json":{"title":"2-st\u00fcndige Polaris 4-Sitzer Buggy Dubai | Ausgedehntes W\u00fcstenabenteuer","description":"Erlebe eine 2-st\u00fcndige Polaris 4-Sitzer Buggy-Tour durch Dubais rote D\u00fcnen. Ausgedehnte gef\u00fchrte W\u00fcstentour mit Abholung, Sicherheitsausr\u00fcstung & erfahrenen Guides. Buche jetzt deine Fahrt.","robots":{"index":"index","follow":"follow","max-snippet":"max-snippet:-1","max-image-preview":"max-image-preview:large","max-video-preview":"max-video-preview:-1"},"canonical":"https:\/\/ultimatebuggiesandquadsdubai.com\/de\/2-stuendige-polaris-4-sitzer-buggy-dubai\/","og_locale":"de_DE","og_type":"article","og_title":"2-st\u00fcndige Polaris 4-Sitzer Buggy Dubai | Ausgedehntes W\u00fcstenabenteuer","og_description":"Erlebe eine 2-st\u00fcndige Polaris 4-Sitzer Buggy-Tour durch Dubais rote D\u00fcnen. Ausgedehnte gef\u00fchrte W\u00fcstentour mit Abholung, Sicherheitsausr\u00fcstung & erfahrenen Guides. Buche jetzt deine Fahrt.","og_url":"https:\/\/ultimatebuggiesandquadsdubai.com\/de\/2-stuendige-polaris-4-sitzer-buggy-dubai\/","og_site_name":"Ultimate Buggies and Quads Dubai","article_modified_time":"2026-03-24T11:55:49+00:00","og_image":[{"url":"https:\/\/ultimatebuggiesandquadsdubai.com\/wp-content\/uploads\/2025\/04\/DSC02567-opt-1024x682.jpg","type":"","width":"","height":""}],"twitter_card":"summary_large_image","twitter_misc":{"Gesch\u00e4tzte Lesezeit":"1\u00a0Minute"},"schema":{"@context":"https:\/\/schema.org","@graph":[{"@type":"WebPage","@id":"https:\/\/ultimatebuggiesandquadsdubai.com\/de\/2-stuendige-polaris-4-sitzer-buggy-dubai\/","url":"https:\/\/ultimatebuggiesandquadsdubai.com\/de\/2-stuendige-polaris-4-sitzer-buggy-dubai\/","name":"2-st\u00fcndige Polaris 4-Sitzer Buggy Dubai | Ausgedehntes W\u00fcstenabenteuer","isPartOf":{"@id":"https:\/\/ultimatebuggiesandquadsdubai.com\/de\/#website"},"primaryImageOfPage":{"@id":"https:\/\/ultimatebuggiesandquadsdubai.com\/de\/2-stuendige-polaris-4-sitzer-buggy-dubai\/#primaryimage"},"image":{"@id":"https:\/\/ultimatebuggiesandquadsdubai.com\/de\/2-stuendige-polaris-4-sitzer-buggy-dubai\/#primaryimage"},"thumbnailUrl":"https:\/\/ultimatebuggiesandquadsdubai.com\/wp-content\/uploads\/2025\/04\/DSC02567-opt-1024x682.jpg","datePublished":"2026-01-19T11:57:16+00:00","dateModified":"2026-03-24T11:55:49+00:00","description":"Erlebe eine 2-st\u00fcndige Polaris 4-Sitzer Buggy-Tour durch Dubais rote D\u00fcnen. Ausgedehnte gef\u00fchrte W\u00fcstentour mit Abholung, Sicherheitsausr\u00fcstung & erfahrenen Guides. Buche jetzt deine Fahrt.","breadcrumb":{"@id":"https:\/\/ultimatebuggiesandquadsdubai.com\/de\/2-stuendige-polaris-4-sitzer-buggy-dubai\/#breadcrumb"},"inLanguage":"de","potentialAction":[{"@type":"ReadAction","target":["https:\/\/ultimatebuggiesandquadsdubai.com\/de\/2-stuendige-polaris-4-sitzer-buggy-dubai\/"]}]},{"@type":"ImageObject","inLanguage":"de","@id":"https:\/\/ultimatebuggiesandquadsdubai.com\/de\/2-stuendige-polaris-4-sitzer-buggy-dubai\/#primaryimage","url":"https:\/\/ultimatebuggiesandquadsdubai.com\/wp-content\/uploads\/2025\/04\/DSC02567-opt-1024x682.jpg","contentUrl":"https:\/\/ultimatebuggiesandquadsdubai.com\/wp-content\/uploads\/2025\/04\/DSC02567-opt-1024x682.jpg"},{"@type":"BreadcrumbList","@id":"https:\/\/ultimatebuggiesandquadsdubai.com\/de\/2-stuendige-polaris-4-sitzer-buggy-dubai\/#breadcrumb","itemListElement":[{"@type":"ListItem","position":1,"name":"Home","item":"https:\/\/ultimatebuggiesandquadsdubai.com\/de\/"},{"@type":"ListItem","position":2,"name":"2-st\u00fcndige Polaris 4-Sitzer Buggy Dubai"}]},{"@type":"WebSite","@id":"https:\/\/ultimatebuggiesandquadsdubai.com\/de\/#website","url":"https:\/\/ultimatebuggiesandquadsdubai.com\/de\/","name":"Ultimate Buggies and Quads Dubai","description":"","publisher":{"@id":"https:\/\/ultimatebuggiesandquadsdubai.com\/de\/#organization"},"potentialAction":[{"@type":"SearchAction","target":{"@type":"EntryPoint","urlTemplate":"https:\/\/ultimatebuggiesandquadsdubai.com\/de\/?s={search_term_string}"},"query-input":{"@type":"PropertyValueSpecification","valueRequired":true,"valueName":"search_term_string"}}],"inLanguage":"de"},{"@type":"Organization","@id":"https:\/\/ultimatebuggiesandquadsdubai.com\/de\/#organization","name":"Ultimate Buggies and Quads Dubai","url":"https:\/\/ultimatebuggiesandquadsdubai.com\/de\/","logo":{"@type":"ImageObject","inLanguage":"de","@id":"https:\/\/ultimatebuggiesandquadsdubai.com\/de\/#\/schema\/logo\/image\/","url":"https:\/\/ultimatebuggiesandquadsdubai.com\/wp-content\/uploads\/2025\/02\/logo-final-white-dubai.png","contentUrl":"https:\/\/ultimatebuggiesandquadsdubai.com\/wp-content\/uploads\/2025\/02\/logo-final-white-dubai.png","width":745,"height":366,"caption":"Ultimate Buggies and Quads Dubai"},"image":{"@id":"https:\/\/ultimatebuggiesandquadsdubai.com\/de\/#\/schema\/logo\/image\/"}}]}},"_links":{"self":[{"href":"https:\/\/ultimatebuggiesandquadsdubai.com\/de\/wp-json\/wp\/v2\/pages\/1917","targetHints":{"allow":["GET"]}}],"collection":[{"href":"https:\/\/ultimatebuggiesandquadsdubai.com\/de\/wp-json\/wp\/v2\/pages"}],"about":[{"href":"https:\/\/ultimatebuggiesandquadsdubai.com\/de\/wp-json\/wp\/v2\/types\/page"}],"author":[{"embeddable":true,"href":"https:\/\/ultimatebuggiesandquadsdubai.com\/de\/wp-json\/wp\/v2\/users\/2"}],"replies":[{"embeddable":true,"href":"https:\/\/ultimatebuggiesandquadsdubai.com\/de\/wp-json\/wp\/v2\/comments?post=1917"}],"version-history":[{"count":2,"href":"https:\/\/ultimatebuggiesandquadsdubai.com\/de\/wp-json\/wp\/v2\/pages\/1917\/revisions"}],"predecessor-version":[{"id":2282,"href":"https:\/\/ultimatebuggiesandquadsdubai.com\/de\/wp-json\/wp\/v2\/pages\/1917\/revisions\/2282"}],"wp:attachment":[{"href":"https:\/\/ultimatebuggiesandquadsdubai.com\/de\/wp-json\/wp\/v2\/media?parent=1917"}],"curies":[{"name":"wp","href":"https:\/\/api.w.org\/{rel}","templated":true}]}}